{"id":3757,"date":"2020-08-31T14:14:23","date_gmt":"2020-08-31T12:14:23","guid":{"rendered":"https:\/\/bryk.com.pl\/?page_id=3757"},"modified":"2025-08-26T13:57:59","modified_gmt":"2025-08-26T11:57:59","slug":"katalogi_we","status":"publish","type":"page","link":"https:\/\/bryk.com.pl?page_id=3757","title":{"rendered":"Katalogi WE"},"content":{"rendered":"\t\t<div data-elementor-type=\"wp-page\" data-elementor-id=\"3757\" class=\"elementor elementor-3757\">\n\t\t\t\t\t\t<section class=\"elementor-section elementor-top-section elementor-element elementor-element-444a7427 elementor-section-boxed elementor-section-height-default elementor-section-height-default\" data-id=\"444a7427\" data-element_type=\"section\">\n\t\t\t\t\t\t<div class=\"elementor-container elementor-column-gap-default\">\n\t\t\t\t\t<div class=\"elementor-column elementor-col-100 elementor-top-column elementor-element elementor-element-668db7f1\" data-id=\"668db7f1\" data-element_type=\"column\">\n\t\t\t<div class=\"elementor-widget-wrap elementor-element-populated\">\n\t\t\t\t\t\t<div class=\"elementor-element elementor-element-2a173973 elementor-widget elementor-widget-text-editor\" data-id=\"2a173973\" data-element_type=\"widget\" data-widget_type=\"text-editor.default\">\n\t\t\t\t<div class=\"elementor-widget-container\">\n\t\t\t\t\t\t\t\t\t<div class=\"row imagescalebg danetech-we-1-bg\"  id=\"row-1565896190\"><\/p>\n<div class=\"col imagepageonlyformobile logomobileattwood nobgformobile small-12 large-12\"  ><div class=\"col-inner text-right\"  >\n<p><img decoding=\"async\" class=\"size-full wp-image-2218 alignright\" src=\"http:\/\/bryk.com.pl\/wp-content\/uploads\/2018\/05\/woodworking_logo_w-1.svg\" alt=\"\" \/><\/p>\n<\/div><\/div><div class=\"col nobgformobile imagepageonlyformobile small-12 large-12\"  ><div class=\"col-inner\"  >\n  <div id=\"page-header-1714336364\" class=\"page-header-wrapper\">\n  <div class=\"page-title light simple-title\">\n\n    \n    <div class=\"page-title-inner container align-center flex-row medium-flex-wrap row-reverse\" >\n              <div class=\"title-wrapper flex-col text-right medium-text-center\">\n          <h1 class=\"entry-title mb-0\">\n            Katalogi WE          <\/h1>\n        <\/div>\n                    <div class=\"title-content flex-col flex-left text-left medium-text-center\">\n        <div class=\"title-breadcrumbs pb-half pt-half\"><\/div>      <\/div>\n    <\/div><!-- flex-row -->\n\n     \n<style scope=\"scope\">\n\n<\/style>\n  <\/div><!-- .page-title -->\n    <\/div><!-- .page-header-wrapper -->\n  \n<\/div><\/div><div class=\"col contentmobile small-12 large-12\"  ><div class=\"col-inner\"  >\n<div class=\"row\"  id=\"row-673715071\">\n<div class=\"col next-to-absolute-right medium-6 small-12 large-6\"  ><div class=\"col-inner\"  >\n  <div id=\"page-header-1250395333\" class=\"page-header-wrapper\">\n  <div class=\"page-title light simple-title\">\n\n    \n    <div class=\"page-title-inner container align-center flex-row medium-flex-wrap row-reverse\" >\n              <div class=\"title-wrapper flex-col text-right medium-text-center\">\n          <h1 class=\"entry-title mb-0\">\n            Katalogi dost\u0119pne do pobrania:          <\/h1>\n        <\/div>\n                    <div class=\"title-content flex-col flex-left text-left medium-text-center\">\n        <div class=\"title-breadcrumbs pb-half pt-half\"><\/div>      <\/div>\n    <\/div><!-- flex-row -->\n\n     \n<style scope=\"scope\">\n\n<\/style>\n  <\/div><!-- .page-title -->\n    <\/div><!-- .page-header-wrapper -->\n  \n<p style=\"text-align: right;\"><a href=\"https:\/\/bryk.com.pl\/wp-content\/uploads\/2025\/08\/Katalog-2025-PL-EN-low.pdf\">Katalog rozwi\u0105za\u0144 narz\u0119dziowych PL_EN<\/a><\/p>\n<p style=\"text-align: right;\"><\/div><\/div><div class=\"col absolute-col absolute-col-left medium-6 small-12 large-6\"  ><div class=\"col-inner\"  >\n\t<div class=\"img has-hover x md-x lg-x y md-y lg-y\" id=\"image_1492391550\">\n\t\t<a class=\"image-lightbox lightbox-gallery\" href=\"https:\/\/bryk.com.pl\/wp-content\/uploads\/2018\/03\/wwe_dobor_2-572x800.jpg\" title=\"\">\t\t\t\t\t\t<div class=\"img-inner dark\" >\n\t\t\t<img fetchpriority=\"high\" decoding=\"async\" width=\"572\" height=\"800\" src=\"https:\/\/bryk.com.pl\/wp-content\/uploads\/2018\/03\/wwe_dobor_2-572x800.jpg\" class=\"attachment-large size-large\" alt=\"wwe_dobor_2\" srcset=\"https:\/\/bryk.com.pl\/wp-content\/uploads\/2018\/03\/wwe_dobor_2-572x800.jpg 572w, https:\/\/bryk.com.pl\/wp-content\/uploads\/2018\/03\/wwe_dobor_2-286x400.jpg 286w, https:\/\/bryk.com.pl\/wp-content\/uploads\/2018\/03\/wwe_dobor_2-768x1074.jpg 768w, https:\/\/bryk.com.pl\/wp-content\/uploads\/2018\/03\/wwe_dobor_2-510x713.jpg 510w, https:\/\/bryk.com.pl\/wp-content\/uploads\/2018\/03\/wwe_dobor_2.jpg 800w\" sizes=\"(max-width: 572px) 100vw, 572px\" \/>\t\t\t\t\t\t\n\t\t\t\t\t<\/div>\n\t\t\t\t\t\t<\/a>\t\t\n<style scope=\"scope\">\n\n#image_1492391550 {\n  width: 35%;\n}\n<\/style>\n\t<\/div>\n\t\n\t<div class=\"img has-hover x md-x lg-x y md-y lg-y\" id=\"image_763668912\">\n\t\t<a class=\"image-lightbox lightbox-gallery\" href=\"https:\/\/bryk.com.pl\/wp-content\/uploads\/2018\/03\/wwe_dobor_1-649x800.jpg\" title=\"\">\t\t\t\t\t\t<div class=\"img-inner dark\" >\n\t\t\t<img decoding=\"async\" width=\"649\" height=\"800\" src=\"https:\/\/bryk.com.pl\/wp-content\/uploads\/2018\/03\/wwe_dobor_1-649x800.jpg\" class=\"attachment-large size-large\" alt=\"wwe_dobor_1\" srcset=\"https:\/\/bryk.com.pl\/wp-content\/uploads\/2018\/03\/wwe_dobor_1-649x800.jpg 649w, https:\/\/bryk.com.pl\/wp-content\/uploads\/2018\/03\/wwe_dobor_1-325x400.jpg 325w, https:\/\/bryk.com.pl\/wp-content\/uploads\/2018\/03\/wwe_dobor_1-768x947.jpg 768w, https:\/\/bryk.com.pl\/wp-content\/uploads\/2018\/03\/wwe_dobor_1-510x629.jpg 510w, https:\/\/bryk.com.pl\/wp-content\/uploads\/2018\/03\/wwe_dobor_1.jpg 800w\" sizes=\"(max-width: 649px) 100vw, 649px\" \/>\t\t\t\t\t\t\n\t\t\t\t\t<\/div>\n\t\t\t\t\t\t<\/a>\t\t\n<style scope=\"scope\">\n\n#image_763668912 {\n  width: 35%;\n}\n<\/style>\n\t<\/div>\n\t\n<\/div><\/div><code><\/code><\/p>\n<\/div>\n<\/div><\/div>\n<p>\n<style scope=\"scope\">\n\n<\/style>\n<\/div><br \/><div class=\"row\"  id=\"row-1294714981\"><\/p>\n<div class=\"col small-12 large-12\"  ><div class=\"col-inner\"  ><code><\/code><\/p>\n<\/div><\/div>\n<p><\/div>\t\t\t\t\t\t\t\t<\/div>\n\t\t\t\t<\/div>\n\t\t\t\t\t<\/div>\n\t\t<\/div>\n\t\t\t\t\t<\/div>\n\t\t<\/section>\n\t\t\t\t<\/div>\n\t\t","protected":false},"excerpt":{"rendered":"","protected":false},"author":24783,"featured_media":0,"parent":0,"menu_order":0,"comment_status":"closed","ping_status":"closed","template":"","meta":{"footnotes":""},"class_list":["post-3757","page","type-page","status-publish","hentry"],"yoast_head":"<!-- This site is optimized with the Yoast SEO plugin v24.5 - https:\/\/yoast.com\/wordpress\/plugins\/seo\/ -->\n<title>Katalogi WE - BRYK - LEAVE A PRECISE MARK<\/title>\n<meta name=\"robots\" content=\"index, follow, max-snippet:-1, max-image-preview:large, max-video-preview:-1\" \/>\n<link rel=\"canonical\" href=\"https:\/\/bryk.com.pl\/?page_id=3757\" \/>\n<meta property=\"og:locale\" content=\"pl_PL\" \/>\n<meta property=\"og:type\" content=\"article\" \/>\n<meta property=\"og:title\" content=\"Katalogi WE - BRYK - LEAVE A PRECISE MARK\" \/>\n<meta property=\"og:url\" content=\"https:\/\/bryk.com.pl\/?page_id=3757\" \/>\n<meta property=\"og:site_name\" content=\"BRYK - LEAVE A PRECISE MARK\" \/>\n<meta property=\"article:publisher\" content=\"https:\/\/www.facebook.com\/ppuhbryk\/\" \/>\n<meta property=\"article:modified_time\" content=\"2025-08-26T11:57:59+00:00\" \/>\n<meta property=\"og:image\" content=\"http:\/\/bryk.com.pl\/wp-content\/uploads\/2018\/05\/woodworking_logo_w-1.svg\" \/>\n<meta name=\"twitter:card\" content=\"summary_large_image\" \/>\n<meta name=\"twitter:label1\" content=\"Szacowany czas czytania\" \/>\n\t<meta name=\"twitter:data1\" content=\"1 minuta\" \/>\n<script type=\"application\/ld+json\" class=\"yoast-schema-graph\">{\"@context\":\"https:\/\/schema.org\",\"@graph\":[{\"@type\":\"WebPage\",\"@id\":\"https:\/\/bryk.com.pl\/?page_id=3757\",\"url\":\"https:\/\/bryk.com.pl\/?page_id=3757\",\"name\":\"Katalogi WE - BRYK - LEAVE A PRECISE MARK\",\"isPartOf\":{\"@id\":\"https:\/\/bryk.com.pl\/#website\"},\"primaryImageOfPage\":{\"@id\":\"https:\/\/bryk.com.pl\/?page_id=3757#primaryimage\"},\"image\":{\"@id\":\"https:\/\/bryk.com.pl\/?page_id=3757#primaryimage\"},\"thumbnailUrl\":\"http:\/\/bryk.com.pl\/wp-content\/uploads\/2018\/05\/woodworking_logo_w-1.svg\",\"datePublished\":\"2020-08-31T12:14:23+00:00\",\"dateModified\":\"2025-08-26T11:57:59+00:00\",\"breadcrumb\":{\"@id\":\"https:\/\/bryk.com.pl\/?page_id=3757#breadcrumb\"},\"inLanguage\":\"pl-PL\",\"potentialAction\":[{\"@type\":\"ReadAction\",\"target\":[\"https:\/\/bryk.com.pl\/?page_id=3757\"]}]},{\"@type\":\"ImageObject\",\"inLanguage\":\"pl-PL\",\"@id\":\"https:\/\/bryk.com.pl\/?page_id=3757#primaryimage\",\"url\":\"http:\/\/bryk.com.pl\/wp-content\/uploads\/2018\/05\/woodworking_logo_w-1.svg\",\"contentUrl\":\"http:\/\/bryk.com.pl\/wp-content\/uploads\/2018\/05\/woodworking_logo_w-1.svg\"},{\"@type\":\"BreadcrumbList\",\"@id\":\"https:\/\/bryk.com.pl\/?page_id=3757#breadcrumb\",\"itemListElement\":[{\"@type\":\"ListItem\",\"position\":1,\"name\":\"Strona g\u0142\u00f3wna\",\"item\":\"https:\/\/bryk.com.pl\/\"},{\"@type\":\"ListItem\",\"position\":2,\"name\":\"Katalogi WE\"}]},{\"@type\":\"WebSite\",\"@id\":\"https:\/\/bryk.com.pl\/#website\",\"url\":\"https:\/\/bryk.com.pl\/\",\"name\":\"BRYK - LEAVE A PRECISE MARK\",\"description\":\"Polski producent narz\u0119dzi\",\"potentialAction\":[{\"@type\":\"SearchAction\",\"target\":{\"@type\":\"EntryPoint\",\"urlTemplate\":\"https:\/\/bryk.com.pl\/?s={search_term_string}\"},\"query-input\":{\"@type\":\"PropertyValueSpecification\",\"valueRequired\":true,\"valueName\":\"search_term_string\"}}],\"inLanguage\":\"pl-PL\"}]}<\/script>\n<!-- \/ Yoast SEO plugin. -->","yoast_head_json":{"title":"Katalogi WE - BRYK - LEAVE A PRECISE MARK","robots":{"index":"index","follow":"follow","max-snippet":"max-snippet:-1","max-image-preview":"max-image-preview:large","max-video-preview":"max-video-preview:-1"},"canonical":"https:\/\/bryk.com.pl\/?page_id=3757","og_locale":"pl_PL","og_type":"article","og_title":"Katalogi WE - BRYK - LEAVE A PRECISE MARK","og_url":"https:\/\/bryk.com.pl\/?page_id=3757","og_site_name":"BRYK - LEAVE A PRECISE MARK","article_publisher":"https:\/\/www.facebook.com\/ppuhbryk\/","article_modified_time":"2025-08-26T11:57:59+00:00","og_image":[{"url":"http:\/\/bryk.com.pl\/wp-content\/uploads\/2018\/05\/woodworking_logo_w-1.svg","type":"","width":"","height":""}],"twitter_card":"summary_large_image","twitter_misc":{"Szacowany czas czytania":"1 minuta"},"schema":{"@context":"https:\/\/schema.org","@graph":[{"@type":"WebPage","@id":"https:\/\/bryk.com.pl\/?page_id=3757","url":"https:\/\/bryk.com.pl\/?page_id=3757","name":"Katalogi WE - BRYK - LEAVE A PRECISE MARK","isPartOf":{"@id":"https:\/\/bryk.com.pl\/#website"},"primaryImageOfPage":{"@id":"https:\/\/bryk.com.pl\/?page_id=3757#primaryimage"},"image":{"@id":"https:\/\/bryk.com.pl\/?page_id=3757#primaryimage"},"thumbnailUrl":"http:\/\/bryk.com.pl\/wp-content\/uploads\/2018\/05\/woodworking_logo_w-1.svg","datePublished":"2020-08-31T12:14:23+00:00","dateModified":"2025-08-26T11:57:59+00:00","breadcrumb":{"@id":"https:\/\/bryk.com.pl\/?page_id=3757#breadcrumb"},"inLanguage":"pl-PL","potentialAction":[{"@type":"ReadAction","target":["https:\/\/bryk.com.pl\/?page_id=3757"]}]},{"@type":"ImageObject","inLanguage":"pl-PL","@id":"https:\/\/bryk.com.pl\/?page_id=3757#primaryimage","url":"http:\/\/bryk.com.pl\/wp-content\/uploads\/2018\/05\/woodworking_logo_w-1.svg","contentUrl":"http:\/\/bryk.com.pl\/wp-content\/uploads\/2018\/05\/woodworking_logo_w-1.svg"},{"@type":"BreadcrumbList","@id":"https:\/\/bryk.com.pl\/?page_id=3757#breadcrumb","itemListElement":[{"@type":"ListItem","position":1,"name":"Strona g\u0142\u00f3wna","item":"https:\/\/bryk.com.pl\/"},{"@type":"ListItem","position":2,"name":"Katalogi WE"}]},{"@type":"WebSite","@id":"https:\/\/bryk.com.pl\/#website","url":"https:\/\/bryk.com.pl\/","name":"BRYK - LEAVE A PRECISE MARK","description":"Polski producent narz\u0119dzi","potentialAction":[{"@type":"SearchAction","target":{"@type":"EntryPoint","urlTemplate":"https:\/\/bryk.com.pl\/?s={search_term_string}"},"query-input":{"@type":"PropertyValueSpecification","valueRequired":true,"valueName":"search_term_string"}}],"inLanguage":"pl-PL"}]}},"_links":{"self":[{"href":"https:\/\/bryk.com.pl\/index.php?rest_route=\/wp\/v2\/pages\/3757","targetHints":{"allow":["GET"]}}],"collection":[{"href":"https:\/\/bryk.com.pl\/index.php?rest_route=\/wp\/v2\/pages"}],"about":[{"href":"https:\/\/bryk.com.pl\/index.php?rest_route=\/wp\/v2\/types\/page"}],"author":[{"embeddable":true,"href":"https:\/\/bryk.com.pl\/index.php?rest_route=\/wp\/v2\/users\/24783"}],"replies":[{"embeddable":true,"href":"https:\/\/bryk.com.pl\/index.php?rest_route=%2Fwp%2Fv2%2Fcomments&post=3757"}],"version-history":[{"count":52,"href":"https:\/\/bryk.com.pl\/index.php?rest_route=\/wp\/v2\/pages\/3757\/revisions"}],"predecessor-version":[{"id":51639,"href":"https:\/\/bryk.com.pl\/index.php?rest_route=\/wp\/v2\/pages\/3757\/revisions\/51639"}],"wp:attachment":[{"href":"https:\/\/bryk.com.pl\/index.php?rest_route=%2Fwp%2Fv2%2Fmedia&parent=3757"}],"curies":[{"name":"wp","href":"https:\/\/api.w.org\/{rel}","templated":true}]}}