{"id":470,"date":"2017-12-28T15:18:00","date_gmt":"2017-12-28T14:18:00","guid":{"rendered":"http:\/\/bryk.com.pl\/?page_id=470"},"modified":"2024-11-22T15:11:48","modified_gmt":"2024-11-22T14:11:48","slug":"firma","status":"publish","type":"page","link":"https:\/\/bryk.com.pl?page_id=470","title":{"rendered":"O nas"},"content":{"rendered":"\t\t<div data-elementor-type=\"wp-page\" data-elementor-id=\"470\" class=\"elementor elementor-470\">\n\t\t\t\t\t\t<section class=\"elementor-section elementor-top-section elementor-element elementor-element-7147d9a1 elementor-section-boxed elementor-section-height-default elementor-section-height-default\" data-id=\"7147d9a1\" data-element_type=\"section\">\n\t\t\t\t\t\t<div class=\"elementor-container elementor-column-gap-default\">\n\t\t\t\t\t<div class=\"elementor-column elementor-col-100 elementor-top-column elementor-element elementor-element-7a4f9325\" data-id=\"7a4f9325\" data-element_type=\"column\">\n\t\t\t<div class=\"elementor-widget-wrap elementor-element-populated\">\n\t\t\t\t\t\t<div class=\"elementor-element elementor-element-3b3bac48 elementor-widget elementor-widget-text-editor\" data-id=\"3b3bac48\" data-element_type=\"widget\" data-widget_type=\"text-editor.default\">\n\t\t\t\t<div class=\"elementor-widget-container\">\n\t\t\t\t\t\t\t\t\t<div class=\"row\"  id=\"row-997433149\">\n\n<div class=\"col nobgformobile showonlyonmobile h1onlymobile small-12 large-12\"  ><div class=\"col-inner\"  >\n\n  <div id=\"page-header-378141626\" class=\"page-header-wrapper\">\n  <div class=\"page-title light simple-title\">\n\n    \n    <div class=\"page-title-inner container align-center flex-row medium-flex-wrap row-reverse\" >\n              <div class=\"title-wrapper flex-col text-right medium-text-center\">\n          <h1 class=\"entry-title mb-0\">\n            O FIRMIE          <\/h1>\n        <\/div>\n                    <div class=\"title-content flex-col flex-left text-left medium-text-center\">\n        <div class=\"title-breadcrumbs pb-half pt-half\"><\/div>      <\/div>\n    <\/div><!-- flex-row -->\n\n     \n<style scope=\"scope\">\n\n<\/style>\n  <\/div><!-- .page-title -->\n    <\/div><!-- .page-header-wrapper -->\n  \n\n<\/div><\/div>\n\n<\/div>\n<div class=\"row imagescalebg ofirmie-firma-bg\"  id=\"row-965141010\">\n\n<div class=\"col small-12 large-12\"  ><div class=\"col-inner\"  >\n\n<div class=\"row\"  id=\"row-940663093\">\n\n<div class=\"col nobgformobile small-12 large-12\"  ><div class=\"col-inner\"  >\n\n  <div id=\"page-header-42133704\" class=\"page-header-wrapper\">\n  <div class=\"page-title light simple-title\">\n\n    \n    <div class=\"page-title-inner container align-center flex-row medium-flex-wrap row-reverse\" >\n              <div class=\"title-wrapper flex-col text-right medium-text-center\">\n          <h1 class=\"entry-title mb-0\">\n            JAKO\u015a\u0106, KT\u00d3RA PROCENTUJE          <\/h1>\n        <\/div>\n                    <div class=\"title-content flex-col flex-left text-left medium-text-center\">\n        <div class=\"title-breadcrumbs pb-half pt-half\"><\/div>      <\/div>\n    <\/div><!-- flex-row -->\n\n     \n<style scope=\"scope\">\n\n<\/style>\n  <\/div><!-- .page-title -->\n    <\/div><!-- .page-header-wrapper -->\n  \n\n<\/div><\/div>\n<div class=\"col imagepageonlyformobile imagepageonlyformobileofirmie small-12 large-12\"  ><div class=\"col-inner\"  >\n\n<img fetchpriority=\"high\" decoding=\"async\" class=\"alignnone size-full wp-image-2151\" src=\"http:\/\/bryk.com.pl\/wp-content\/uploads\/2018\/05\/ofirmiefirmabg_full.jpg\" alt=\"\" width=\"1140\" height=\"677\" srcset=\"https:\/\/bryk.com.pl\/wp-content\/uploads\/2018\/05\/ofirmiefirmabg_full.jpg 1140w, https:\/\/bryk.com.pl\/wp-content\/uploads\/2018\/05\/ofirmiefirmabg_full-674x400.jpg 674w, https:\/\/bryk.com.pl\/wp-content\/uploads\/2018\/05\/ofirmiefirmabg_full-768x456.jpg 768w, https:\/\/bryk.com.pl\/wp-content\/uploads\/2018\/05\/ofirmiefirmabg_full-830x493.jpg 830w, https:\/\/bryk.com.pl\/wp-content\/uploads\/2018\/05\/ofirmiefirmabg_full-510x303.jpg 510w\" sizes=\"(max-width: 1140px) 100vw, 1140px\" \/>\n\n<\/div><\/div>\n<div class=\"col medium-3 small-12 large-3\"  ><div class=\"col-inner\"  >\n\n<\/div><\/div>\n<div class=\"col medium-9 small-12 large-9\"  ><div class=\"col-inner\"  >\n<p style=\"text-align: right;\"><strong>PROSTE ROZWI\u0104ZANIA DLA Z\u0141O\u017bONYCH WYZWA\u0143.<\/strong><\/p>\n<p style=\"text-align: right;\">Jeste\u015bmy firm\u0105, kt\u00f3ra od ponad 20 lat z pasj\u0105 wspiera rozw\u00f3j przemys\u0142u w Polsce i na \u015bwiecie.<\/p>\n<p style=\"text-align: right;\">Specjalizujemy si\u0119 w projektowaniu, produkcji oraz sprzeda\u017cy najwy\u017cszej jako\u015bci narz\u0119dzi dla przemys\u0142u meblarskiego, lotniczego i motoryzacyjnego pozostaj\u0105c firm\u0105 opart\u0105 w 100% na polskim kapitale.<\/p>\n<\/div><\/div>\n<div class=\"col medium-4 small-12 large-4\"  ><div class=\"col-inner\"  >\n\n<\/div><\/div>\n<div class=\"col medium-8 small-12 large-8\"  ><div class=\"col-inner\" style=\"padding:0px 0px 0 0px;margin:0px 0px 0 0px;\" >\n<p style=\"text-align: right;\"><b>Nasz\u0105 misj\u0105&#8230;\n<\/b>jest zapewnienie naszym partnerom kompleksowych rozwi\u0105za\u0144 narz\u0119dziowych, kt\u00f3re wspieraj\u0105 optymalizacj\u0119 proces\u00f3w produkcyjnych, gwarantuj\u0105c najwy\u017csz\u0105 jako\u015b\u0107, precyzj\u0119 i bezpiecze\u0144stwo.<\/p>\n<\/div><\/div>\n\n<\/div>\n<div class=\"row\"  id=\"row-323304649\">\n\n<div class=\"col medium-6 small-12 large-6\"  ><div class=\"col-inner\"  >\n\n<\/div><\/div>\n<div class=\"col medium-6 small-12 large-6\"  ><div class=\"col-inner\"  >\n<p style=\"text-align: right;\"><strong>Naszym celem&#8230;\n<\/strong> jest sta\u0107 si\u0119 firm\u0105 pierwszego wyboru w bran\u017cy narz\u0119dziowej, dostarczaj\u0105c rozwi\u0105zania, kt\u00f3re wyznaczaj\u0105 nowe standardy w globalnych procesach produkcyjnych.<\/p>\n<\/div><\/div>\n\n<\/div>\n<div class=\"row\"  id=\"row-219406780\">\n\n<div class=\"col medium-8 small-12 large-8\"  ><div class=\"col-inner\"  >\n\n<\/div><\/div>\n<div class=\"col medium-4 small-12 large-4\"  ><div class=\"col-inner\"  >\n<p style=\"text-align: right;\"><strong>Co nas wyr\u00f3\u017cnia?<\/strong><\/p>\n<p style=\"text-align: right;\"><strong>Technologia i jako\u015b\u0107: <\/strong>Zapewniamy najwy\u017csz\u0105 jako\u015b\u0107 dzi\u0119ki zaawansowanym technologiom i precyzji wykonania.\n<p style=\"text-align: right;\"><strong>Indywidualne podej\u015bcie: <\/strong>Tworzymy rozwi\u0105zania na miar\u0119, dopasowane do unikalnych potrzeb klient\u00f3w.\n<p style=\"text-align: right;\"><strong>Do\u015bwiadczenie i pasja: <\/strong>\u0141\u0105czymy wieloletnie do\u015bwiadczenie z pasj\u0105 do innowacji, stale podnosz\u0105c standardy.<\/p>\nBRYK sp. z o.o. \u2013 nowoczesne technologie, troska o klienta, zaufanie i d\u0142ugotrwa\u0142e partnerstwa.\n<\/div><\/div>\n\n<\/div>\n\n<\/div><\/div>\n\n\n<style scope=\"scope\">\n\n<\/style>\n<\/div>\t\t\t\t\t\t\t\t<\/div>\n\t\t\t\t<\/div>\n\t\t\t\t\t<\/div>\n\t\t<\/div>\n\t\t\t\t\t<\/div>\n\t\t<\/section>\n\t\t\t\t<\/div>\n\t\t","protected":false},"excerpt":{"rendered":"","protected":false},"author":24783,"featured_media":0,"parent":0,"menu_order":0,"comment_status":"closed","ping_status":"closed","template":"","meta":{"footnotes":""},"class_list":["post-470","page","type-page","status-publish","hentry"],"yoast_head":"<!-- This site is optimized with the Yoast SEO plugin v24.5 - https:\/\/yoast.com\/wordpress\/plugins\/seo\/ -->\n<title>O nas - BRYK - LEAVE A PRECISE MARK<\/title>\n<meta name=\"robots\" content=\"index, follow, max-snippet:-1, max-image-preview:large, max-video-preview:-1\" \/>\n<link rel=\"canonical\" href=\"https:\/\/bryk.com.pl\/?page_id=470\" \/>\n<meta property=\"og:locale\" content=\"pl_PL\" \/>\n<meta property=\"og:type\" content=\"article\" \/>\n<meta property=\"og:title\" content=\"O nas - BRYK - LEAVE A PRECISE MARK\" \/>\n<meta property=\"og:url\" content=\"https:\/\/bryk.com.pl\/?page_id=470\" \/>\n<meta property=\"og:site_name\" content=\"BRYK - LEAVE A PRECISE MARK\" \/>\n<meta property=\"article:publisher\" content=\"https:\/\/www.facebook.com\/ppuhbryk\/\" \/>\n<meta property=\"article:modified_time\" content=\"2024-11-22T14:11:48+00:00\" \/>\n<meta property=\"og:image\" content=\"http:\/\/bryk.com.pl\/wp-content\/uploads\/2018\/05\/ofirmiefirmabg_full.jpg\" \/>\n<meta name=\"twitter:card\" content=\"summary_large_image\" \/>\n<meta name=\"twitter:label1\" content=\"Szacowany czas czytania\" \/>\n\t<meta name=\"twitter:data1\" content=\"2 minuty\" \/>\n<script type=\"application\/ld+json\" class=\"yoast-schema-graph\">{\"@context\":\"https:\/\/schema.org\",\"@graph\":[{\"@type\":\"WebPage\",\"@id\":\"https:\/\/bryk.com.pl\/?page_id=470\",\"url\":\"https:\/\/bryk.com.pl\/?page_id=470\",\"name\":\"O nas - BRYK - LEAVE A PRECISE MARK\",\"isPartOf\":{\"@id\":\"https:\/\/bryk.com.pl\/#website\"},\"primaryImageOfPage\":{\"@id\":\"https:\/\/bryk.com.pl\/?page_id=470#primaryimage\"},\"image\":{\"@id\":\"https:\/\/bryk.com.pl\/?page_id=470#primaryimage\"},\"thumbnailUrl\":\"http:\/\/bryk.com.pl\/wp-content\/uploads\/2018\/05\/ofirmiefirmabg_full.jpg\",\"datePublished\":\"2017-12-28T14:18:00+00:00\",\"dateModified\":\"2024-11-22T14:11:48+00:00\",\"breadcrumb\":{\"@id\":\"https:\/\/bryk.com.pl\/?page_id=470#breadcrumb\"},\"inLanguage\":\"pl-PL\",\"potentialAction\":[{\"@type\":\"ReadAction\",\"target\":[\"https:\/\/bryk.com.pl\/?page_id=470\"]}]},{\"@type\":\"ImageObject\",\"inLanguage\":\"pl-PL\",\"@id\":\"https:\/\/bryk.com.pl\/?page_id=470#primaryimage\",\"url\":\"https:\/\/bryk.com.pl\/wp-content\/uploads\/2018\/05\/ofirmiefirmabg_full.jpg\",\"contentUrl\":\"https:\/\/bryk.com.pl\/wp-content\/uploads\/2018\/05\/ofirmiefirmabg_full.jpg\",\"width\":1140,\"height\":677,\"caption\":\"firma_projekt\"},{\"@type\":\"BreadcrumbList\",\"@id\":\"https:\/\/bryk.com.pl\/?page_id=470#breadcrumb\",\"itemListElement\":[{\"@type\":\"ListItem\",\"position\":1,\"name\":\"Strona g\u0142\u00f3wna\",\"item\":\"https:\/\/bryk.com.pl\/\"},{\"@type\":\"ListItem\",\"position\":2,\"name\":\"O nas\"}]},{\"@type\":\"WebSite\",\"@id\":\"https:\/\/bryk.com.pl\/#website\",\"url\":\"https:\/\/bryk.com.pl\/\",\"name\":\"BRYK - LEAVE A PRECISE MARK\",\"description\":\"Polski producent narz\u0119dzi\",\"potentialAction\":[{\"@type\":\"SearchAction\",\"target\":{\"@type\":\"EntryPoint\",\"urlTemplate\":\"https:\/\/bryk.com.pl\/?s={search_term_string}\"},\"query-input\":{\"@type\":\"PropertyValueSpecification\",\"valueRequired\":true,\"valueName\":\"search_term_string\"}}],\"inLanguage\":\"pl-PL\"}]}<\/script>\n<!-- \/ Yoast SEO plugin. -->","yoast_head_json":{"title":"O nas - BRYK - LEAVE A PRECISE MARK","robots":{"index":"index","follow":"follow","max-snippet":"max-snippet:-1","max-image-preview":"max-image-preview:large","max-video-preview":"max-video-preview:-1"},"canonical":"https:\/\/bryk.com.pl\/?page_id=470","og_locale":"pl_PL","og_type":"article","og_title":"O nas - BRYK - LEAVE A PRECISE MARK","og_url":"https:\/\/bryk.com.pl\/?page_id=470","og_site_name":"BRYK - LEAVE A PRECISE MARK","article_publisher":"https:\/\/www.facebook.com\/ppuhbryk\/","article_modified_time":"2024-11-22T14:11:48+00:00","og_image":[{"url":"http:\/\/bryk.com.pl\/wp-content\/uploads\/2018\/05\/ofirmiefirmabg_full.jpg","type":"","width":"","height":""}],"twitter_card":"summary_large_image","twitter_misc":{"Szacowany czas czytania":"2 minuty"},"schema":{"@context":"https:\/\/schema.org","@graph":[{"@type":"WebPage","@id":"https:\/\/bryk.com.pl\/?page_id=470","url":"https:\/\/bryk.com.pl\/?page_id=470","name":"O nas - BRYK - LEAVE A PRECISE MARK","isPartOf":{"@id":"https:\/\/bryk.com.pl\/#website"},"primaryImageOfPage":{"@id":"https:\/\/bryk.com.pl\/?page_id=470#primaryimage"},"image":{"@id":"https:\/\/bryk.com.pl\/?page_id=470#primaryimage"},"thumbnailUrl":"http:\/\/bryk.com.pl\/wp-content\/uploads\/2018\/05\/ofirmiefirmabg_full.jpg","datePublished":"2017-12-28T14:18:00+00:00","dateModified":"2024-11-22T14:11:48+00:00","breadcrumb":{"@id":"https:\/\/bryk.com.pl\/?page_id=470#breadcrumb"},"inLanguage":"pl-PL","potentialAction":[{"@type":"ReadAction","target":["https:\/\/bryk.com.pl\/?page_id=470"]}]},{"@type":"ImageObject","inLanguage":"pl-PL","@id":"https:\/\/bryk.com.pl\/?page_id=470#primaryimage","url":"https:\/\/bryk.com.pl\/wp-content\/uploads\/2018\/05\/ofirmiefirmabg_full.jpg","contentUrl":"https:\/\/bryk.com.pl\/wp-content\/uploads\/2018\/05\/ofirmiefirmabg_full.jpg","width":1140,"height":677,"caption":"firma_projekt"},{"@type":"BreadcrumbList","@id":"https:\/\/bryk.com.pl\/?page_id=470#breadcrumb","itemListElement":[{"@type":"ListItem","position":1,"name":"Strona g\u0142\u00f3wna","item":"https:\/\/bryk.com.pl\/"},{"@type":"ListItem","position":2,"name":"O nas"}]},{"@type":"WebSite","@id":"https:\/\/bryk.com.pl\/#website","url":"https:\/\/bryk.com.pl\/","name":"BRYK - LEAVE A PRECISE MARK","description":"Polski producent narz\u0119dzi","potentialAction":[{"@type":"SearchAction","target":{"@type":"EntryPoint","urlTemplate":"https:\/\/bryk.com.pl\/?s={search_term_string}"},"query-input":{"@type":"PropertyValueSpecification","valueRequired":true,"valueName":"search_term_string"}}],"inLanguage":"pl-PL"}]}},"_links":{"self":[{"href":"https:\/\/bryk.com.pl\/index.php?rest_route=\/wp\/v2\/pages\/470","targetHints":{"allow":["GET"]}}],"collection":[{"href":"https:\/\/bryk.com.pl\/index.php?rest_route=\/wp\/v2\/pages"}],"about":[{"href":"https:\/\/bryk.com.pl\/index.php?rest_route=\/wp\/v2\/types\/page"}],"author":[{"embeddable":true,"href":"https:\/\/bryk.com.pl\/index.php?rest_route=\/wp\/v2\/users\/24783"}],"replies":[{"embeddable":true,"href":"https:\/\/bryk.com.pl\/index.php?rest_route=%2Fwp%2Fv2%2Fcomments&post=470"}],"version-history":[{"count":49,"href":"https:\/\/bryk.com.pl\/index.php?rest_route=\/wp\/v2\/pages\/470\/revisions"}],"predecessor-version":[{"id":51394,"href":"https:\/\/bryk.com.pl\/index.php?rest_route=\/wp\/v2\/pages\/470\/revisions\/51394"}],"wp:attachment":[{"href":"https:\/\/bryk.com.pl\/index.php?rest_route=%2Fwp%2Fv2%2Fmedia&parent=470"}],"curies":[{"name":"wp","href":"https:\/\/api.w.org\/{rel}","templated":true}]}}