{"id":50966,"date":"2023-07-31T12:15:26","date_gmt":"2023-07-31T10:15:26","guid":{"rendered":"https:\/\/bryk.com.pl\/?page_id=50966"},"modified":"2025-09-18T14:01:03","modified_gmt":"2025-09-18T12:01:03","slug":"oferty-pracy","status":"publish","type":"page","link":"https:\/\/bryk.com.pl?page_id=50966","title":{"rendered":"Oferty Pracy"},"content":{"rendered":"<div class=\"wp-block-group is-nowrap is-layout-flex wp-container-core-group-is-layout-1 wp-block-group-is-layout-flex\"><figure class=\"wp-block-image size-full\"><img fetchpriority=\"high\" decoding=\"async\" width=\"1390\" height=\"347\" src=\"https:\/\/bryk.com.pl\/wp-content\/uploads\/2025\/09\/Oferta-pracy-Doradca-Techniczno-Handlowy.png\" alt=\"\" class=\"wp-image-51649\" srcset=\"https:\/\/bryk.com.pl\/wp-content\/uploads\/2025\/09\/Oferta-pracy-Doradca-Techniczno-Handlowy.png 1390w, https:\/\/bryk.com.pl\/wp-content\/uploads\/2025\/09\/Oferta-pracy-Doradca-Techniczno-Handlowy-800x200.png 800w, https:\/\/bryk.com.pl\/wp-content\/uploads\/2025\/09\/Oferta-pracy-Doradca-Techniczno-Handlowy-768x192.png 768w, https:\/\/bryk.com.pl\/wp-content\/uploads\/2025\/09\/Oferta-pracy-Doradca-Techniczno-Handlowy-830x207.png 830w, https:\/\/bryk.com.pl\/wp-content\/uploads\/2025\/09\/Oferta-pracy-Doradca-Techniczno-Handlowy-510x127.png 510w\" sizes=\"(max-width: 1390px) 100vw, 1390px\" \/><\/figure>\n\n<h3 class=\"wp-block-heading\"><\/h3><\/div><p>BRYK Sp. z o.o. jeste\u015bmy polsk\u0105 firm\u0105 z siedzib\u0105 w Jasionce, kt\u00f3ra od 2000 roku specjalizuje si\u0119 w produkcji wysokiej jako\u015bci narz\u0119dzi diamentowych i w\u0119glikowych dla bran\u017c meblowej, lotniczej i motoryzacyjnej<\/p><p>Dzi\u0119ki dynamicznemu rozwojowi i wsp\u00f3\u0142pracy z liderami bran\u017cy, zyskali\u015bmy reputacj\u0119 firmy, kt\u00f3ra stawia na innowacyjno\u015b\u0107, jako\u015b\u0107 oraz d\u0142ugotrwa\u0142e relacje z klientami. Nasz zesp\u00f3\u0142 tworz\u0105 ludzie z pasj\u0105, kt\u00f3rzy wsp\u00f3lnie realizuj\u0105 ambitne cele sprzeda\u017cowe i wspieraj\u0105 si\u0119 w d\u0105\u017ceniu do ci\u0105g\u0142ego doskonalenia.<\/p><p>Obecnie poszukujemy ambitnych os\u00f3b, kt\u00f3re swoj\u0105 energi\u0119 i determinacj\u0119 prze\u0142o\u017c\u0105 na realne wyniki sprzeda\u017cowe, jednocze\u015bnie umacniaj\u0105c nasz\u0105 pozycj\u0119 na rynku. Je\u015bli masz w sobie zapa\u0142 do dzia\u0142ania i chcesz rozwija\u0107 si\u0119 w \u015brodowisku, kt\u00f3re nagradza zaanga\u017cowanie i skuteczno\u015b\u0107, do\u0142\u0105cz do nas<\/p><p><strong>Poszukujemy os\u00f3b na stanowisko Doradca Techniczno\u2013Handlowy<\/strong> w nast\u0119puj\u0105cych regionach Polski: <br>\u0141\u00f3d\u017a i okolice (region centralny)<br>E\u0142k i okolice (region p\u00f3\u0142nocno-wschodni)<br>K\u0119pno i okolice (region po\u0142udniowej Wielkopolski)<br>Bydgoszcz i okolice (region kujawsko-pomorski)<br>Toru\u0144 i okolice (region kujawsko-pomorski)<\/p><p><strong>Tw\u00f3j zakres obowi\u0105zk\u00f3w<\/strong><\/p><p><\/p><ul class=\"wp-block-list\"><li>sprzeda\u017c produkt\u00f3w firmy zgodnie z za\u0142o\u017conym planem sprzeda\u017cy,<\/li>\n\n<li>pozyskiwanie nowych klient\u00f3w,<\/li>\n\n<li>poszerzanie oferty u aktualnych partner\u00f3w handlowych,<\/li>\n\n<li>realizowanie i raportowanie za\u0142o\u017conego planu sprzeda\u017cy,<\/li>\n\n<li>przygotowywanie ofert handlowych i prowadzenie negocjacji.<\/li><\/ul><p><strong>Nasze wymagania<\/strong><\/p><ul class=\"wp-block-list\"><li>Wykszta\u0142cenie min. \u015brednie<\/li>\n\n<li>Prawo jazdy kat. B,<\/li>\n\n<li>Ambicja i ch\u0119\u0107 poszerzania wiedzy,<\/li>\n\n<li>Wysoko rozwini\u0119te umiej\u0119tno\u015bci interpersonalne,<\/li>\n\n<li>Samodzielno\u015b\u0107 i bardzo dobra organizacja czasu pracy,<\/li>\n\n<li>Systematyczno\u015b\u0107 i konsekwencja w dzia\u0142aniu.<br>(do\u015bwiadczenie w bran\u017cy narz\u0119dziowej b\u0119dzie dodatkowym atutem).<\/li><\/ul><p><strong>To oferujemy<\/strong><\/p><ul class=\"wp-block-list\"><li>zatrudnienie w stabilnej, intensywnie rozwijaj\u0105cej si\u0119 firmie<\/li>\n\n<li>umowa zlecenie\/B2B<\/li>\n\n<li>niezb\u0119dne narz\u0119dzia pracy: samoch\u00f3d, tablet, telefon kom\u00f3rkowy<\/li>\n\n<li>wynagrodzenie podstawowe + system premii<\/li>\n\n<li>praca w zgranym zespole pasjonat\u00f3w sprzeda\u017cy<\/li><\/ul><p><strong>Informacja o przetwarzaniu danych osobowych (RODO)<\/strong><\/p><p>Administratorem danych osobowych jest BRYK sp. z o.o. z siedzib\u0105 w Jasionce. Dane kandydat\u00f3w b\u0119d\u0105 przetwarzane wy\u0142\u0105cznie na potrzeby prowadzonej rekrutacji na stanowisko Doradcy Techniczno\u2013Handlowego.<br>Podanie danych jest dobrowolne, ale niezb\u0119dne do udzia\u0142u w rekrutacji. Kandydat ma prawo dost\u0119pu do swoich danych, ich sprostowania, usuni\u0119cia, ograniczenia przetwarzania, przenoszenia danych, a tak\u017ce prawo wniesienia sprzeciwu wobec przetwarzania.<br>Dane b\u0119d\u0105 przechowywane do zako\u0144czenia procesu rekrutacji, a w przypadku wyra\u017cenia dodatkowej zgody \u2013 r\u00f3wnie\u017c na potrzeby przysz\u0142ych rekrutacji, do czasu jej cofni\u0119cia.<br>Kandydat ma prawo wniesienia skargi do Prezesa Urz\u0119du Ochrony Danych Osobowych (UODO).<\/p><p><em>W dokumentach aplikacyjnych prosimy o dopisanie klauzuli: \u201eWyra\u017cam zgod\u0119 na przetwarzanie moich danych osobowych przez BRYK sp. z o.o.z siedzib\u0105 w Jasionce na potrzeby rekrutacji na stanowisko Doradcy Techniczno\u2013Handlowego).\u201d<\/em><\/p>","protected":false},"excerpt":{"rendered":"<p>BRYK Sp. z o.o. jeste\u015bmy polsk\u0105 firm\u0105 z siedzib\u0105 w Jasionce, kt\u00f3ra od 2000 roku specjalizuje si\u0119 w produkcji wysokiej jako\u015bci narz\u0119dzi diamentowych i w\u0119glikowych dla bran\u017c meblowej, lotniczej i motoryzacyjnej Dzi\u0119ki dynamicznemu rozwojowi i wsp\u00f3\u0142pracy z liderami bran\u017cy, zyskali\u015bmy reputacj\u0119 firmy, kt\u00f3ra stawia na innowacyjno\u015b\u0107, jako\u015b\u0107 oraz d\u0142ugotrwa\u0142e relacje z klientami. Nasz zesp\u00f3\u0142 tworz\u0105 [&hellip;]\n","protected":false},"author":24785,"featured_media":0,"parent":734,"menu_order":0,"comment_status":"closed","ping_status":"closed","template":"","meta":{"footnotes":""},"class_list":["post-50966","page","type-page","status-publish","hentry"],"yoast_head":"<!-- This site is optimized with the Yoast SEO plugin v24.5 - https:\/\/yoast.com\/wordpress\/plugins\/seo\/ -->\n<title>Oferty Pracy - BRYK - LEAVE A PRECISE MARK<\/title>\n<meta name=\"robots\" content=\"index, follow, max-snippet:-1, max-image-preview:large, max-video-preview:-1\" \/>\n<link rel=\"canonical\" href=\"https:\/\/bryk.com.pl\/?page_id=50966\" \/>\n<meta property=\"og:locale\" content=\"pl_PL\" \/>\n<meta property=\"og:type\" content=\"article\" \/>\n<meta property=\"og:title\" content=\"Oferty Pracy - BRYK - LEAVE A PRECISE MARK\" \/>\n<meta property=\"og:description\" content=\"BRYK Sp. z o.o. jeste\u015bmy polsk\u0105 firm\u0105 z siedzib\u0105 w Jasionce, kt\u00f3ra od 2000 roku specjalizuje si\u0119 w produkcji wysokiej jako\u015bci narz\u0119dzi diamentowych i w\u0119glikowych dla bran\u017c meblowej, lotniczej i motoryzacyjnej Dzi\u0119ki dynamicznemu rozwojowi i wsp\u00f3\u0142pracy z liderami bran\u017cy, zyskali\u015bmy reputacj\u0119 firmy, kt\u00f3ra stawia na innowacyjno\u015b\u0107, jako\u015b\u0107 oraz d\u0142ugotrwa\u0142e relacje z klientami. Nasz zesp\u00f3\u0142 tworz\u0105 [&hellip;]\" \/>\n<meta property=\"og:url\" content=\"https:\/\/bryk.com.pl\/?page_id=50966\" \/>\n<meta property=\"og:site_name\" content=\"BRYK - LEAVE A PRECISE MARK\" \/>\n<meta property=\"article:publisher\" content=\"https:\/\/www.facebook.com\/ppuhbryk\/\" \/>\n<meta property=\"article:modified_time\" content=\"2025-09-18T12:01:03+00:00\" \/>\n<meta property=\"og:image\" content=\"https:\/\/bryk.com.pl\/wp-content\/uploads\/2025\/09\/Oferta-pracy-Doradca-Techniczno-Handlowy.png\" \/>\n<meta name=\"twitter:card\" content=\"summary_large_image\" \/>\n<meta name=\"twitter:label1\" content=\"Szacowany czas czytania\" \/>\n\t<meta name=\"twitter:data1\" content=\"3 minuty\" \/>\n<script type=\"application\/ld+json\" class=\"yoast-schema-graph\">{\"@context\":\"https:\/\/schema.org\",\"@graph\":[{\"@type\":\"WebPage\",\"@id\":\"https:\/\/bryk.com.pl\/?page_id=50966\",\"url\":\"https:\/\/bryk.com.pl\/?page_id=50966\",\"name\":\"Oferty Pracy - BRYK - LEAVE A PRECISE MARK\",\"isPartOf\":{\"@id\":\"https:\/\/bryk.com.pl\/#website\"},\"primaryImageOfPage\":{\"@id\":\"https:\/\/bryk.com.pl\/?page_id=50966#primaryimage\"},\"image\":{\"@id\":\"https:\/\/bryk.com.pl\/?page_id=50966#primaryimage\"},\"thumbnailUrl\":\"https:\/\/bryk.com.pl\/wp-content\/uploads\/2025\/09\/Oferta-pracy-Doradca-Techniczno-Handlowy.png\",\"datePublished\":\"2023-07-31T10:15:26+00:00\",\"dateModified\":\"2025-09-18T12:01:03+00:00\",\"breadcrumb\":{\"@id\":\"https:\/\/bryk.com.pl\/?page_id=50966#breadcrumb\"},\"inLanguage\":\"pl-PL\",\"potentialAction\":[{\"@type\":\"ReadAction\",\"target\":[\"https:\/\/bryk.com.pl\/?page_id=50966\"]}]},{\"@type\":\"ImageObject\",\"inLanguage\":\"pl-PL\",\"@id\":\"https:\/\/bryk.com.pl\/?page_id=50966#primaryimage\",\"url\":\"https:\/\/bryk.com.pl\/wp-content\/uploads\/2025\/09\/Oferta-pracy-Doradca-Techniczno-Handlowy.png\",\"contentUrl\":\"https:\/\/bryk.com.pl\/wp-content\/uploads\/2025\/09\/Oferta-pracy-Doradca-Techniczno-Handlowy.png\",\"width\":1390,\"height\":347},{\"@type\":\"BreadcrumbList\",\"@id\":\"https:\/\/bryk.com.pl\/?page_id=50966#breadcrumb\",\"itemListElement\":[{\"@type\":\"ListItem\",\"position\":1,\"name\":\"Strona g\u0142\u00f3wna\",\"item\":\"https:\/\/bryk.com.pl\/\"},{\"@type\":\"ListItem\",\"position\":2,\"name\":\"Wsp\u00f3\u0142praca\",\"item\":\"https:\/\/bryk.com.pl\/?page_id=734\"},{\"@type\":\"ListItem\",\"position\":3,\"name\":\"Oferty Pracy\"}]},{\"@type\":\"WebSite\",\"@id\":\"https:\/\/bryk.com.pl\/#website\",\"url\":\"https:\/\/bryk.com.pl\/\",\"name\":\"BRYK - LEAVE A PRECISE MARK\",\"description\":\"Polski producent narz\u0119dzi\",\"potentialAction\":[{\"@type\":\"SearchAction\",\"target\":{\"@type\":\"EntryPoint\",\"urlTemplate\":\"https:\/\/bryk.com.pl\/?s={search_term_string}\"},\"query-input\":{\"@type\":\"PropertyValueSpecification\",\"valueRequired\":true,\"valueName\":\"search_term_string\"}}],\"inLanguage\":\"pl-PL\"}]}<\/script>\n<!-- \/ Yoast SEO plugin. -->","yoast_head_json":{"title":"Oferty Pracy - BRYK - LEAVE A PRECISE MARK","robots":{"index":"index","follow":"follow","max-snippet":"max-snippet:-1","max-image-preview":"max-image-preview:large","max-video-preview":"max-video-preview:-1"},"canonical":"https:\/\/bryk.com.pl\/?page_id=50966","og_locale":"pl_PL","og_type":"article","og_title":"Oferty Pracy - BRYK - LEAVE A PRECISE MARK","og_description":"BRYK Sp. z o.o. jeste\u015bmy polsk\u0105 firm\u0105 z siedzib\u0105 w Jasionce, kt\u00f3ra od 2000 roku specjalizuje si\u0119 w produkcji wysokiej jako\u015bci narz\u0119dzi diamentowych i w\u0119glikowych dla bran\u017c meblowej, lotniczej i motoryzacyjnej Dzi\u0119ki dynamicznemu rozwojowi i wsp\u00f3\u0142pracy z liderami bran\u017cy, zyskali\u015bmy reputacj\u0119 firmy, kt\u00f3ra stawia na innowacyjno\u015b\u0107, jako\u015b\u0107 oraz d\u0142ugotrwa\u0142e relacje z klientami. Nasz zesp\u00f3\u0142 tworz\u0105 [&hellip;]","og_url":"https:\/\/bryk.com.pl\/?page_id=50966","og_site_name":"BRYK - LEAVE A PRECISE MARK","article_publisher":"https:\/\/www.facebook.com\/ppuhbryk\/","article_modified_time":"2025-09-18T12:01:03+00:00","og_image":[{"url":"https:\/\/bryk.com.pl\/wp-content\/uploads\/2025\/09\/Oferta-pracy-Doradca-Techniczno-Handlowy.png","type":"","width":"","height":""}],"twitter_card":"summary_large_image","twitter_misc":{"Szacowany czas czytania":"3 minuty"},"schema":{"@context":"https:\/\/schema.org","@graph":[{"@type":"WebPage","@id":"https:\/\/bryk.com.pl\/?page_id=50966","url":"https:\/\/bryk.com.pl\/?page_id=50966","name":"Oferty Pracy - BRYK - LEAVE A PRECISE MARK","isPartOf":{"@id":"https:\/\/bryk.com.pl\/#website"},"primaryImageOfPage":{"@id":"https:\/\/bryk.com.pl\/?page_id=50966#primaryimage"},"image":{"@id":"https:\/\/bryk.com.pl\/?page_id=50966#primaryimage"},"thumbnailUrl":"https:\/\/bryk.com.pl\/wp-content\/uploads\/2025\/09\/Oferta-pracy-Doradca-Techniczno-Handlowy.png","datePublished":"2023-07-31T10:15:26+00:00","dateModified":"2025-09-18T12:01:03+00:00","breadcrumb":{"@id":"https:\/\/bryk.com.pl\/?page_id=50966#breadcrumb"},"inLanguage":"pl-PL","potentialAction":[{"@type":"ReadAction","target":["https:\/\/bryk.com.pl\/?page_id=50966"]}]},{"@type":"ImageObject","inLanguage":"pl-PL","@id":"https:\/\/bryk.com.pl\/?page_id=50966#primaryimage","url":"https:\/\/bryk.com.pl\/wp-content\/uploads\/2025\/09\/Oferta-pracy-Doradca-Techniczno-Handlowy.png","contentUrl":"https:\/\/bryk.com.pl\/wp-content\/uploads\/2025\/09\/Oferta-pracy-Doradca-Techniczno-Handlowy.png","width":1390,"height":347},{"@type":"BreadcrumbList","@id":"https:\/\/bryk.com.pl\/?page_id=50966#breadcrumb","itemListElement":[{"@type":"ListItem","position":1,"name":"Strona g\u0142\u00f3wna","item":"https:\/\/bryk.com.pl\/"},{"@type":"ListItem","position":2,"name":"Wsp\u00f3\u0142praca","item":"https:\/\/bryk.com.pl\/?page_id=734"},{"@type":"ListItem","position":3,"name":"Oferty Pracy"}]},{"@type":"WebSite","@id":"https:\/\/bryk.com.pl\/#website","url":"https:\/\/bryk.com.pl\/","name":"BRYK - LEAVE A PRECISE MARK","description":"Polski producent narz\u0119dzi","potentialAction":[{"@type":"SearchAction","target":{"@type":"EntryPoint","urlTemplate":"https:\/\/bryk.com.pl\/?s={search_term_string}"},"query-input":{"@type":"PropertyValueSpecification","valueRequired":true,"valueName":"search_term_string"}}],"inLanguage":"pl-PL"}]}},"_links":{"self":[{"href":"https:\/\/bryk.com.pl\/index.php?rest_route=\/wp\/v2\/pages\/50966","targetHints":{"allow":["GET"]}}],"collection":[{"href":"https:\/\/bryk.com.pl\/index.php?rest_route=\/wp\/v2\/pages"}],"about":[{"href":"https:\/\/bryk.com.pl\/index.php?rest_route=\/wp\/v2\/types\/page"}],"author":[{"embeddable":true,"href":"https:\/\/bryk.com.pl\/index.php?rest_route=\/wp\/v2\/users\/24785"}],"replies":[{"embeddable":true,"href":"https:\/\/bryk.com.pl\/index.php?rest_route=%2Fwp%2Fv2%2Fcomments&post=50966"}],"version-history":[{"count":6,"href":"https:\/\/bryk.com.pl\/index.php?rest_route=\/wp\/v2\/pages\/50966\/revisions"}],"predecessor-version":[{"id":51651,"href":"https:\/\/bryk.com.pl\/index.php?rest_route=\/wp\/v2\/pages\/50966\/revisions\/51651"}],"up":[{"embeddable":true,"href":"https:\/\/bryk.com.pl\/index.php?rest_route=\/wp\/v2\/pages\/734"}],"wp:attachment":[{"href":"https:\/\/bryk.com.pl\/index.php?rest_route=%2Fwp%2Fv2%2Fmedia&parent=50966"}],"curies":[{"name":"wp","href":"https:\/\/api.w.org\/{rel}","templated":true}]}}