{"id":705,"date":"2018-02-17T21:30:18","date_gmt":"2018-02-17T20:30:18","guid":{"rendered":"http:\/\/bryk.com.pl\/?page_id=705"},"modified":"2020-02-19T12:21:54","modified_gmt":"2020-02-19T11:21:54","slug":"ogolne","status":"publish","type":"page","link":"https:\/\/bryk.com.pl?page_id=705","title":{"rendered":"Informacje og\u00f3lne"},"content":{"rendered":"<div class=\"row imagescalebg ogolne-bg ogolne-bg-wwe\"  id=\"row-1904116479\">\n<div class=\"col imagepageonlyformobile logomobileattwood nobgformobile small-12 large-12\"  ><div class=\"col-inner text-right\"  >\n<p><a href=\"http:\/\/bryk.com.pl\/wp-content\/uploads\/2018\/05\/woodworking_logo_w-1.svg\"><img decoding=\"async\" class=\"size-full wp-image-2218 alignright\" src=\"http:\/\/bryk.com.pl\/wp-content\/uploads\/2018\/05\/woodworking_logo_w-1.svg\" alt=\"\" \/><\/a><\/p>\n<\/div><\/div>\n<div class=\"col nobgformobile medium-4 small-12 large-4\"  ><div class=\"col-inner\"  >\n<\/div><\/div>\n<div class=\"col nobgformobile medium-8 small-12 large-8\"  ><div class=\"col-inner\"  >\n  <div id=\"page-header-286122035\" class=\"page-header-wrapper\">\n  <div class=\"page-title light simple-title\">\n\n    \n    <div class=\"page-title-inner container align-center flex-row medium-flex-wrap row-reverse\" >\n              <div class=\"title-wrapper flex-col text-right medium-text-center\">\n          <h1 class=\"entry-title mb-0\">\n            ZNAMY SI\u0118 na obr\u00f3bce drewna          <\/h1>\n        <\/div>\n                    <div class=\"title-content flex-col flex-left text-left medium-text-center\">\n        <div class=\"title-breadcrumbs pb-half pt-half\"><\/div>      <\/div>\n    <\/div><!-- flex-row -->\n\n     \n<style scope=\"scope\">\n\n<\/style>\n  <\/div><!-- .page-title -->\n    <\/div><!-- .page-header-wrapper -->\n  \n<\/div><\/div>\n<div class=\"col imagepageonlyformobile imagepageonlyformobileofirmie small-12 large-12\"  ><div class=\"col-inner\"  >\n<p><img fetchpriority=\"high\" decoding=\"async\" class=\"alignnone size-full wp-image-2214\" src=\"http:\/\/bryk.com.pl\/wp-content\/uploads\/2018\/05\/uslugi_ostrzenie_mobile_full-1.jpg\" alt=\"\" width=\"1140\" height=\"808\" srcset=\"https:\/\/bryk.com.pl\/wp-content\/uploads\/2018\/05\/uslugi_ostrzenie_mobile_full-1.jpg 1140w, https:\/\/bryk.com.pl\/wp-content\/uploads\/2018\/05\/uslugi_ostrzenie_mobile_full-1-564x400.jpg 564w, https:\/\/bryk.com.pl\/wp-content\/uploads\/2018\/05\/uslugi_ostrzenie_mobile_full-1-768x544.jpg 768w, https:\/\/bryk.com.pl\/wp-content\/uploads\/2018\/05\/uslugi_ostrzenie_mobile_full-1-1129x800.jpg 1129w, https:\/\/bryk.com.pl\/wp-content\/uploads\/2018\/05\/uslugi_ostrzenie_mobile_full-1-830x588.jpg 830w, https:\/\/bryk.com.pl\/wp-content\/uploads\/2018\/05\/uslugi_ostrzenie_mobile_full-1-510x361.jpg 510w\" sizes=\"(max-width: 1140px) 100vw, 1140px\" \/><\/p>\n<\/div><\/div>\n<div class=\"col medium-5 small-12 large-5\"  ><div class=\"col-inner\"  >\n<\/div><\/div>\n<div class=\"col medium-7 small-12 large-7\"  ><div class=\"col-inner\"  >\n<p style=\"text-align: right;\">Oferujemy profesjonalne narz\u0119dzia dedykowane do obr\u00f3bki drewna i materia\u0142\u00f3w stosowanych przy produkcji mebli.<\/p>\n<p style=\"text-align: right;\">Oferujemy r\u00f3wnie\u017c profesjonalna obs\u0142ug\u0119 posprzeda\u017cow\u0105 i wsparcie techniczne dla klient\u00f3w na ka\u017cdym etapie procesu zam\u00f3wienia.<\/p>\n<p style=\"text-align: right;\">Mamy wieloletnie do\u015bwiadczenie w dostarczaniu klientom wysoko<br \/>\nwyspecjalizowanych narz\u0119dzi, a nasz\u00a0pion technologiczny<br \/>\ni konstruktorzy\u00a0tworz\u0105\u00a0indywidualnie projektowane rozwi\u0105zania.<\/p>\n<\/div><\/div>\n\n<style scope=\"scope\">\n\n<\/style>\n<\/div>\n<div class=\"row dolnyblokjakogolne\"  id=\"row-1539733707\">\n<div class=\"col small-12 large-12\"  ><div class=\"col-inner\"  >\n<p><b>Specjalizujemy si\u0119 w kompleksowej obs\u0142udze linii produkcyjnych.<br \/>\n<\/b>Jeste\u015bmy producentem szerokiej gamy narz\u0119dzi diamentowych, jak r\u00f3wnie\u017c frez\u00f3w monolitycznych do maszyn typu CNC.<br \/>\nOferujemy tak\u017ce szeroki zakres wierte\u0142, pi\u0142 tarczowych, narz\u0119dzi specjalnych oraz uchwyt\u00f3w do maszyn.<br \/>\nInwestuj\u0105c w innowacyjne technologie, stale zwi\u0119kszamy potencja\u0142 produkcyjny i jako\u015b\u0107 oferowanych us\u0142ug .Dzi\u0119ki temu dysponujemy najnowocze\u015bniejszymi urz\u0105dzeniami produkcyjnymi oraz najnowocze\u015bniejszymi systemami do tworzenia nowoczesnych konstrukcji.<\/p>\n<\/div><\/div>\n\n<style scope=\"scope\">\n\n<\/style>\n<\/div>\n","protected":false},"excerpt":{"rendered":"","protected":false},"author":24783,"featured_media":687,"parent":0,"menu_order":0,"comment_status":"closed","ping_status":"closed","template":"","meta":{"footnotes":""},"class_list":["post-705","page","type-page","status-publish","has-post-thumbnail","hentry"],"yoast_head":"<!-- This site is optimized with the Yoast SEO plugin v24.5 - https:\/\/yoast.com\/wordpress\/plugins\/seo\/ -->\n<title>Informacje og\u00f3lne - BRYK - LEAVE A PRECISE MARK<\/title>\n<meta name=\"robots\" content=\"index, follow, max-snippet:-1, max-image-preview:large, max-video-preview:-1\" \/>\n<link rel=\"canonical\" href=\"https:\/\/bryk.com.pl\/?page_id=705\" \/>\n<meta property=\"og:locale\" content=\"pl_PL\" \/>\n<meta property=\"og:type\" content=\"article\" \/>\n<meta property=\"og:title\" content=\"Informacje og\u00f3lne - BRYK - LEAVE A PRECISE MARK\" \/>\n<meta property=\"og:url\" content=\"https:\/\/bryk.com.pl\/?page_id=705\" \/>\n<meta property=\"og:site_name\" content=\"BRYK - LEAVE A PRECISE MARK\" \/>\n<meta property=\"article:publisher\" content=\"https:\/\/www.facebook.com\/ppuhbryk\/\" \/>\n<meta property=\"article:modified_time\" content=\"2020-02-19T11:21:54+00:00\" \/>\n<meta property=\"og:image\" content=\"https:\/\/bryk.com.pl\/wp-content\/uploads\/2018\/02\/ofirmiefirmabg.jpg\" \/>\n\t<meta property=\"og:image:width\" content=\"1407\" \/>\n\t<meta property=\"og:image:height\" content=\"973\" \/>\n\t<meta property=\"og:image:type\" content=\"image\/jpeg\" \/>\n<meta name=\"twitter:card\" content=\"summary_large_image\" \/>\n<meta name=\"twitter:label1\" content=\"Szacowany czas czytania\" \/>\n\t<meta name=\"twitter:data1\" content=\"1 minuta\" \/>\n<script type=\"application\/ld+json\" class=\"yoast-schema-graph\">{\"@context\":\"https:\/\/schema.org\",\"@graph\":[{\"@type\":\"WebPage\",\"@id\":\"https:\/\/bryk.com.pl\/?page_id=705\",\"url\":\"https:\/\/bryk.com.pl\/?page_id=705\",\"name\":\"Informacje og\u00f3lne - BRYK - LEAVE A PRECISE MARK\",\"isPartOf\":{\"@id\":\"https:\/\/bryk.com.pl\/#website\"},\"primaryImageOfPage\":{\"@id\":\"https:\/\/bryk.com.pl\/?page_id=705#primaryimage\"},\"image\":{\"@id\":\"https:\/\/bryk.com.pl\/?page_id=705#primaryimage\"},\"thumbnailUrl\":\"https:\/\/bryk.com.pl\/wp-content\/uploads\/2018\/02\/ofirmiefirmabg.jpg\",\"datePublished\":\"2018-02-17T20:30:18+00:00\",\"dateModified\":\"2020-02-19T11:21:54+00:00\",\"breadcrumb\":{\"@id\":\"https:\/\/bryk.com.pl\/?page_id=705#breadcrumb\"},\"inLanguage\":\"pl-PL\",\"potentialAction\":[{\"@type\":\"ReadAction\",\"target\":[\"https:\/\/bryk.com.pl\/?page_id=705\"]}]},{\"@type\":\"ImageObject\",\"inLanguage\":\"pl-PL\",\"@id\":\"https:\/\/bryk.com.pl\/?page_id=705#primaryimage\",\"url\":\"https:\/\/bryk.com.pl\/wp-content\/uploads\/2018\/02\/ofirmiefirmabg.jpg\",\"contentUrl\":\"https:\/\/bryk.com.pl\/wp-content\/uploads\/2018\/02\/ofirmiefirmabg.jpg\",\"width\":1407,\"height\":973,\"caption\":\"ofirmiefirmabg\"},{\"@type\":\"BreadcrumbList\",\"@id\":\"https:\/\/bryk.com.pl\/?page_id=705#breadcrumb\",\"itemListElement\":[{\"@type\":\"ListItem\",\"position\":1,\"name\":\"Strona g\u0142\u00f3wna\",\"item\":\"https:\/\/bryk.com.pl\/\"},{\"@type\":\"ListItem\",\"position\":2,\"name\":\"Informacje og\u00f3lne\"}]},{\"@type\":\"WebSite\",\"@id\":\"https:\/\/bryk.com.pl\/#website\",\"url\":\"https:\/\/bryk.com.pl\/\",\"name\":\"BRYK - LEAVE A PRECISE MARK\",\"description\":\"Polski producent narz\u0119dzi\",\"potentialAction\":[{\"@type\":\"SearchAction\",\"target\":{\"@type\":\"EntryPoint\",\"urlTemplate\":\"https:\/\/bryk.com.pl\/?s={search_term_string}\"},\"query-input\":{\"@type\":\"PropertyValueSpecification\",\"valueRequired\":true,\"valueName\":\"search_term_string\"}}],\"inLanguage\":\"pl-PL\"}]}<\/script>\n<!-- \/ Yoast SEO plugin. -->","yoast_head_json":{"title":"Informacje og\u00f3lne - BRYK - LEAVE A PRECISE MARK","robots":{"index":"index","follow":"follow","max-snippet":"max-snippet:-1","max-image-preview":"max-image-preview:large","max-video-preview":"max-video-preview:-1"},"canonical":"https:\/\/bryk.com.pl\/?page_id=705","og_locale":"pl_PL","og_type":"article","og_title":"Informacje og\u00f3lne - BRYK - LEAVE A PRECISE MARK","og_url":"https:\/\/bryk.com.pl\/?page_id=705","og_site_name":"BRYK - LEAVE A PRECISE MARK","article_publisher":"https:\/\/www.facebook.com\/ppuhbryk\/","article_modified_time":"2020-02-19T11:21:54+00:00","og_image":[{"width":1407,"height":973,"url":"https:\/\/bryk.com.pl\/wp-content\/uploads\/2018\/02\/ofirmiefirmabg.jpg","type":"image\/jpeg"}],"twitter_card":"summary_large_image","twitter_misc":{"Szacowany czas czytania":"1 minuta"},"schema":{"@context":"https:\/\/schema.org","@graph":[{"@type":"WebPage","@id":"https:\/\/bryk.com.pl\/?page_id=705","url":"https:\/\/bryk.com.pl\/?page_id=705","name":"Informacje og\u00f3lne - BRYK - LEAVE A PRECISE MARK","isPartOf":{"@id":"https:\/\/bryk.com.pl\/#website"},"primaryImageOfPage":{"@id":"https:\/\/bryk.com.pl\/?page_id=705#primaryimage"},"image":{"@id":"https:\/\/bryk.com.pl\/?page_id=705#primaryimage"},"thumbnailUrl":"https:\/\/bryk.com.pl\/wp-content\/uploads\/2018\/02\/ofirmiefirmabg.jpg","datePublished":"2018-02-17T20:30:18+00:00","dateModified":"2020-02-19T11:21:54+00:00","breadcrumb":{"@id":"https:\/\/bryk.com.pl\/?page_id=705#breadcrumb"},"inLanguage":"pl-PL","potentialAction":[{"@type":"ReadAction","target":["https:\/\/bryk.com.pl\/?page_id=705"]}]},{"@type":"ImageObject","inLanguage":"pl-PL","@id":"https:\/\/bryk.com.pl\/?page_id=705#primaryimage","url":"https:\/\/bryk.com.pl\/wp-content\/uploads\/2018\/02\/ofirmiefirmabg.jpg","contentUrl":"https:\/\/bryk.com.pl\/wp-content\/uploads\/2018\/02\/ofirmiefirmabg.jpg","width":1407,"height":973,"caption":"ofirmiefirmabg"},{"@type":"BreadcrumbList","@id":"https:\/\/bryk.com.pl\/?page_id=705#breadcrumb","itemListElement":[{"@type":"ListItem","position":1,"name":"Strona g\u0142\u00f3wna","item":"https:\/\/bryk.com.pl\/"},{"@type":"ListItem","position":2,"name":"Informacje og\u00f3lne"}]},{"@type":"WebSite","@id":"https:\/\/bryk.com.pl\/#website","url":"https:\/\/bryk.com.pl\/","name":"BRYK - LEAVE A PRECISE MARK","description":"Polski producent narz\u0119dzi","potentialAction":[{"@type":"SearchAction","target":{"@type":"EntryPoint","urlTemplate":"https:\/\/bryk.com.pl\/?s={search_term_string}"},"query-input":{"@type":"PropertyValueSpecification","valueRequired":true,"valueName":"search_term_string"}}],"inLanguage":"pl-PL"}]}},"_links":{"self":[{"href":"https:\/\/bryk.com.pl\/index.php?rest_route=\/wp\/v2\/pages\/705","targetHints":{"allow":["GET"]}}],"collection":[{"href":"https:\/\/bryk.com.pl\/index.php?rest_route=\/wp\/v2\/pages"}],"about":[{"href":"https:\/\/bryk.com.pl\/index.php?rest_route=\/wp\/v2\/types\/page"}],"author":[{"embeddable":true,"href":"https:\/\/bryk.com.pl\/index.php?rest_route=\/wp\/v2\/users\/24783"}],"replies":[{"embeddable":true,"href":"https:\/\/bryk.com.pl\/index.php?rest_route=%2Fwp%2Fv2%2Fcomments&post=705"}],"version-history":[{"count":38,"href":"https:\/\/bryk.com.pl\/index.php?rest_route=\/wp\/v2\/pages\/705\/revisions"}],"predecessor-version":[{"id":3646,"href":"https:\/\/bryk.com.pl\/index.php?rest_route=\/wp\/v2\/pages\/705\/revisions\/3646"}],"wp:featuredmedia":[{"embeddable":true,"href":"https:\/\/bryk.com.pl\/index.php?rest_route=\/wp\/v2\/media\/687"}],"wp:attachment":[{"href":"https:\/\/bryk.com.pl\/index.php?rest_route=%2Fwp%2Fv2%2Fmedia&parent=705"}],"curies":[{"name":"wp","href":"https:\/\/api.w.org\/{rel}","templated":true}]}}