{"id":724,"date":"2018-02-18T13:40:59","date_gmt":"2018-02-18T12:40:59","guid":{"rendered":"http:\/\/bryk.com.pl\/?page_id=724"},"modified":"2018-07-09T18:40:46","modified_gmt":"2018-07-09T16:40:46","slug":"uslugi-ostrzenie-2","status":"publish","type":"page","link":"https:\/\/bryk.com.pl?page_id=724","title":{"rendered":"Us\u0142ugi \/ Ostrzenie"},"content":{"rendered":"<div class=\"row imagescalebg uslugi-ostrzenie-bg\"  id=\"row-2029131387\">\n<div class=\"col imagepageonlyformobile logomobileattwood nobgformobile small-12 large-12\"  ><div class=\"col-inner text-right\"  >\n<p><img decoding=\"async\" class=\"size-full wp-image-2220 alignright\" src=\"http:\/\/bryk.com.pl\/wp-content\/uploads\/2018\/05\/advtechtools_logo_w-1.svg\" alt=\"\" \/><\/p>\n<\/div><\/div>\n<div class=\"col nobgformobile small-12 large-12\"  ><div class=\"col-inner\"  >\n  <div id=\"page-header-2003741999\" class=\"page-header-wrapper\">\n  <div class=\"page-title light simple-title\">\n\n    \n    <div class=\"page-title-inner container align-center flex-row medium-flex-wrap row-reverse\" >\n              <div class=\"title-wrapper flex-col text-right medium-text-center\">\n          <h1 class=\"entry-title mb-0\">\n            REGENERACJA I OSTRZENIE          <\/h1>\n        <\/div>\n                    <div class=\"title-content flex-col flex-left text-left medium-text-center\">\n        <div class=\"title-breadcrumbs pb-half pt-half\"><\/div>      <\/div>\n    <\/div><!-- flex-row -->\n\n     \n<style scope=\"scope\">\n\n<\/style>\n  <\/div><!-- .page-title -->\n    <\/div><!-- .page-header-wrapper -->\n  \n<\/div><\/div>\n<div class=\"col imagepageonlyformobile imagepageonlyformobileofirmie small-12 large-12\"  ><div class=\"col-inner\"  >\n<p><img fetchpriority=\"high\" decoding=\"async\" class=\"alignnone wp-image-2788 size-full\" src=\"http:\/\/bryk.com.pl\/wp-content\/uploads\/2018\/07\/att_serwis_mobile_bg.jpg\" alt=\"\" width=\"1140\" height=\"853\" srcset=\"https:\/\/bryk.com.pl\/wp-content\/uploads\/2018\/07\/att_serwis_mobile_bg.jpg 1140w, https:\/\/bryk.com.pl\/wp-content\/uploads\/2018\/07\/att_serwis_mobile_bg-535x400.jpg 535w, https:\/\/bryk.com.pl\/wp-content\/uploads\/2018\/07\/att_serwis_mobile_bg-768x575.jpg 768w, https:\/\/bryk.com.pl\/wp-content\/uploads\/2018\/07\/att_serwis_mobile_bg-1069x800.jpg 1069w, https:\/\/bryk.com.pl\/wp-content\/uploads\/2018\/07\/att_serwis_mobile_bg-830x621.jpg 830w, https:\/\/bryk.com.pl\/wp-content\/uploads\/2018\/07\/att_serwis_mobile_bg-510x382.jpg 510w\" sizes=\"(max-width: 1140px) 100vw, 1140px\" \/><\/p>\n<\/div><\/div>\n<div class=\"col medium-6 small-12 large-6\"  ><div class=\"col-inner\"  >\n<\/div><\/div>\n<div class=\"col medium-6 small-12 large-6\"  ><div class=\"col-inner\"  >\n<p style=\"text-align: right;\">\u015awiadczymy pe\u0142en zakres us\u0142ug ostrzenia i regeneracji narz\u0119dzi PCD, PCBN i VHM zar\u00f3wno produkcji w\u0142asnej, jak i obcej.<\/p>\n<p style=\"text-align: right;\">Do\u015bwiadczenie pracownik\u00f3w i zaawansowany technologicznie park maszynowy gwarantuj\u0105 zachowanie oryginalnej geometrii narz\u0119dzi.<\/p>\n<p style=\"text-align: right;\">W zale\u017cno\u015bci od potrzeb klient\u00f3w \u015bwiadczymy us\u0142ugi doboru i powlekania narz\u0119dzi pow\u0142okami PVD, PAPVD i CVD.<\/p>\n<p style=\"text-align: right;\">Oferowane pow\u0142oki nanokompozytowe w zdecydowany\u00a0spos\u00f3b<br \/>wyd\u0142u\u017caj\u0105 ich \u017cywotno\u015b\u0107.<\/p>\n<\/div><\/div>\n\n<style scope=\"scope\">\n\n<\/style>\n<\/div>\n<div class=\"row\"  id=\"row-2109470848\">\n<div class=\"col medium-6 small-12 large-6\"  ><div class=\"col-inner\"  >\n<\/div><\/div>\n<div class=\"col medium-6 small-12 large-6\"  ><div class=\"col-inner\"  >\n<\/div><\/div>\n<\/div>\n","protected":false},"excerpt":{"rendered":"","protected":false},"author":24783,"featured_media":687,"parent":0,"menu_order":0,"comment_status":"closed","ping_status":"closed","template":"","meta":{"footnotes":""},"class_list":["post-724","page","type-page","status-publish","has-post-thumbnail","hentry"],"yoast_head":"<!-- This site is optimized with the Yoast SEO plugin v24.5 - https:\/\/yoast.com\/wordpress\/plugins\/seo\/ -->\n<title>Us\u0142ugi \/ Ostrzenie - BRYK - LEAVE A PRECISE MARK<\/title>\n<meta name=\"robots\" content=\"index, follow, max-snippet:-1, max-image-preview:large, max-video-preview:-1\" \/>\n<link rel=\"canonical\" href=\"https:\/\/bryk.com.pl\/?page_id=724\" \/>\n<meta property=\"og:locale\" content=\"pl_PL\" \/>\n<meta property=\"og:type\" content=\"article\" \/>\n<meta property=\"og:title\" content=\"Us\u0142ugi \/ Ostrzenie - BRYK - LEAVE A PRECISE MARK\" \/>\n<meta property=\"og:url\" content=\"https:\/\/bryk.com.pl\/?page_id=724\" \/>\n<meta property=\"og:site_name\" content=\"BRYK - LEAVE A PRECISE MARK\" \/>\n<meta property=\"article:publisher\" content=\"https:\/\/www.facebook.com\/ppuhbryk\/\" \/>\n<meta property=\"article:modified_time\" content=\"2018-07-09T16:40:46+00:00\" \/>\n<meta property=\"og:image\" content=\"https:\/\/bryk.com.pl\/wp-content\/uploads\/2018\/02\/ofirmiefirmabg.jpg\" \/>\n\t<meta property=\"og:image:width\" content=\"1407\" \/>\n\t<meta property=\"og:image:height\" content=\"973\" \/>\n\t<meta property=\"og:image:type\" content=\"image\/jpeg\" \/>\n<meta name=\"twitter:card\" content=\"summary_large_image\" \/>\n<meta name=\"twitter:label1\" content=\"Szacowany czas czytania\" \/>\n\t<meta name=\"twitter:data1\" content=\"1 minuta\" \/>\n<script type=\"application\/ld+json\" class=\"yoast-schema-graph\">{\"@context\":\"https:\/\/schema.org\",\"@graph\":[{\"@type\":\"WebPage\",\"@id\":\"https:\/\/bryk.com.pl\/?page_id=724\",\"url\":\"https:\/\/bryk.com.pl\/?page_id=724\",\"name\":\"Us\u0142ugi \/ Ostrzenie - BRYK - LEAVE A PRECISE MARK\",\"isPartOf\":{\"@id\":\"https:\/\/bryk.com.pl\/#website\"},\"primaryImageOfPage\":{\"@id\":\"https:\/\/bryk.com.pl\/?page_id=724#primaryimage\"},\"image\":{\"@id\":\"https:\/\/bryk.com.pl\/?page_id=724#primaryimage\"},\"thumbnailUrl\":\"https:\/\/bryk.com.pl\/wp-content\/uploads\/2018\/02\/ofirmiefirmabg.jpg\",\"datePublished\":\"2018-02-18T12:40:59+00:00\",\"dateModified\":\"2018-07-09T16:40:46+00:00\",\"breadcrumb\":{\"@id\":\"https:\/\/bryk.com.pl\/?page_id=724#breadcrumb\"},\"inLanguage\":\"pl-PL\",\"potentialAction\":[{\"@type\":\"ReadAction\",\"target\":[\"https:\/\/bryk.com.pl\/?page_id=724\"]}]},{\"@type\":\"ImageObject\",\"inLanguage\":\"pl-PL\",\"@id\":\"https:\/\/bryk.com.pl\/?page_id=724#primaryimage\",\"url\":\"https:\/\/bryk.com.pl\/wp-content\/uploads\/2018\/02\/ofirmiefirmabg.jpg\",\"contentUrl\":\"https:\/\/bryk.com.pl\/wp-content\/uploads\/2018\/02\/ofirmiefirmabg.jpg\",\"width\":1407,\"height\":973,\"caption\":\"ofirmiefirmabg\"},{\"@type\":\"BreadcrumbList\",\"@id\":\"https:\/\/bryk.com.pl\/?page_id=724#breadcrumb\",\"itemListElement\":[{\"@type\":\"ListItem\",\"position\":1,\"name\":\"Strona g\u0142\u00f3wna\",\"item\":\"https:\/\/bryk.com.pl\/\"},{\"@type\":\"ListItem\",\"position\":2,\"name\":\"Us\u0142ugi \/ Ostrzenie\"}]},{\"@type\":\"WebSite\",\"@id\":\"https:\/\/bryk.com.pl\/#website\",\"url\":\"https:\/\/bryk.com.pl\/\",\"name\":\"BRYK - LEAVE A PRECISE MARK\",\"description\":\"Polski producent narz\u0119dzi\",\"potentialAction\":[{\"@type\":\"SearchAction\",\"target\":{\"@type\":\"EntryPoint\",\"urlTemplate\":\"https:\/\/bryk.com.pl\/?s={search_term_string}\"},\"query-input\":{\"@type\":\"PropertyValueSpecification\",\"valueRequired\":true,\"valueName\":\"search_term_string\"}}],\"inLanguage\":\"pl-PL\"}]}<\/script>\n<!-- \/ Yoast SEO plugin. -->","yoast_head_json":{"title":"Us\u0142ugi \/ Ostrzenie - BRYK - LEAVE A PRECISE MARK","robots":{"index":"index","follow":"follow","max-snippet":"max-snippet:-1","max-image-preview":"max-image-preview:large","max-video-preview":"max-video-preview:-1"},"canonical":"https:\/\/bryk.com.pl\/?page_id=724","og_locale":"pl_PL","og_type":"article","og_title":"Us\u0142ugi \/ Ostrzenie - BRYK - LEAVE A PRECISE MARK","og_url":"https:\/\/bryk.com.pl\/?page_id=724","og_site_name":"BRYK - LEAVE A PRECISE MARK","article_publisher":"https:\/\/www.facebook.com\/ppuhbryk\/","article_modified_time":"2018-07-09T16:40:46+00:00","og_image":[{"width":1407,"height":973,"url":"https:\/\/bryk.com.pl\/wp-content\/uploads\/2018\/02\/ofirmiefirmabg.jpg","type":"image\/jpeg"}],"twitter_card":"summary_large_image","twitter_misc":{"Szacowany czas czytania":"1 minuta"},"schema":{"@context":"https:\/\/schema.org","@graph":[{"@type":"WebPage","@id":"https:\/\/bryk.com.pl\/?page_id=724","url":"https:\/\/bryk.com.pl\/?page_id=724","name":"Us\u0142ugi \/ Ostrzenie - BRYK - LEAVE A PRECISE MARK","isPartOf":{"@id":"https:\/\/bryk.com.pl\/#website"},"primaryImageOfPage":{"@id":"https:\/\/bryk.com.pl\/?page_id=724#primaryimage"},"image":{"@id":"https:\/\/bryk.com.pl\/?page_id=724#primaryimage"},"thumbnailUrl":"https:\/\/bryk.com.pl\/wp-content\/uploads\/2018\/02\/ofirmiefirmabg.jpg","datePublished":"2018-02-18T12:40:59+00:00","dateModified":"2018-07-09T16:40:46+00:00","breadcrumb":{"@id":"https:\/\/bryk.com.pl\/?page_id=724#breadcrumb"},"inLanguage":"pl-PL","potentialAction":[{"@type":"ReadAction","target":["https:\/\/bryk.com.pl\/?page_id=724"]}]},{"@type":"ImageObject","inLanguage":"pl-PL","@id":"https:\/\/bryk.com.pl\/?page_id=724#primaryimage","url":"https:\/\/bryk.com.pl\/wp-content\/uploads\/2018\/02\/ofirmiefirmabg.jpg","contentUrl":"https:\/\/bryk.com.pl\/wp-content\/uploads\/2018\/02\/ofirmiefirmabg.jpg","width":1407,"height":973,"caption":"ofirmiefirmabg"},{"@type":"BreadcrumbList","@id":"https:\/\/bryk.com.pl\/?page_id=724#breadcrumb","itemListElement":[{"@type":"ListItem","position":1,"name":"Strona g\u0142\u00f3wna","item":"https:\/\/bryk.com.pl\/"},{"@type":"ListItem","position":2,"name":"Us\u0142ugi \/ Ostrzenie"}]},{"@type":"WebSite","@id":"https:\/\/bryk.com.pl\/#website","url":"https:\/\/bryk.com.pl\/","name":"BRYK - LEAVE A PRECISE MARK","description":"Polski producent narz\u0119dzi","potentialAction":[{"@type":"SearchAction","target":{"@type":"EntryPoint","urlTemplate":"https:\/\/bryk.com.pl\/?s={search_term_string}"},"query-input":{"@type":"PropertyValueSpecification","valueRequired":true,"valueName":"search_term_string"}}],"inLanguage":"pl-PL"}]}},"_links":{"self":[{"href":"https:\/\/bryk.com.pl\/index.php?rest_route=\/wp\/v2\/pages\/724","targetHints":{"allow":["GET"]}}],"collection":[{"href":"https:\/\/bryk.com.pl\/index.php?rest_route=\/wp\/v2\/pages"}],"about":[{"href":"https:\/\/bryk.com.pl\/index.php?rest_route=\/wp\/v2\/types\/page"}],"author":[{"embeddable":true,"href":"https:\/\/bryk.com.pl\/index.php?rest_route=\/wp\/v2\/users\/24783"}],"replies":[{"embeddable":true,"href":"https:\/\/bryk.com.pl\/index.php?rest_route=%2Fwp%2Fv2%2Fcomments&post=724"}],"version-history":[{"count":16,"href":"https:\/\/bryk.com.pl\/index.php?rest_route=\/wp\/v2\/pages\/724\/revisions"}],"predecessor-version":[{"id":2790,"href":"https:\/\/bryk.com.pl\/index.php?rest_route=\/wp\/v2\/pages\/724\/revisions\/2790"}],"wp:featuredmedia":[{"embeddable":true,"href":"https:\/\/bryk.com.pl\/index.php?rest_route=\/wp\/v2\/media\/687"}],"wp:attachment":[{"href":"https:\/\/bryk.com.pl\/index.php?rest_route=%2Fwp%2Fv2%2Fmedia&parent=724"}],"curies":[{"name":"wp","href":"https:\/\/api.w.org\/{rel}","templated":true}]}}