{"id":725,"date":"2018-02-18T13:40:28","date_gmt":"2018-02-18T12:40:28","guid":{"rendered":"http:\/\/bryk.com.pl\/?page_id=725"},"modified":"2018-07-24T14:19:02","modified_gmt":"2018-07-24T12:19:02","slug":"ogolne-2","status":"publish","type":"page","link":"https:\/\/bryk.com.pl?page_id=725","title":{"rendered":"Informacje og\u00f3lne"},"content":{"rendered":"<div class=\"row imagescalebg ogolne-bg ogolne-bg-att\"  id=\"row-1716120080\">\n<div class=\"col imagepageonlyformobile logomobileattwood nobgformobile small-12 large-12\"  ><div class=\"col-inner text-right\"  >\n<p><img decoding=\"async\" class=\"size-full wp-image-2220 alignright\" src=\"http:\/\/bryk.com.pl\/wp-content\/uploads\/2018\/05\/advtechtools_logo_w-1.svg\" alt=\"\" \/><\/p>\n<\/div><\/div>\n<div class=\"col nobgformobile medium-5 small-12 large-5\"  ><div class=\"col-inner\" style=\"padding:0px 0px 0 0px;margin:0px 0px 0 0px;\" >\n<\/div><\/div>\n<div class=\"col nobgformobile medium-7 small-12 large-7\"  ><div class=\"col-inner\" style=\"padding:0px 0px 0 0px;margin:0px 0px 0 0px;\" >\n  <div id=\"page-header-382674333\" class=\"page-header-wrapper\">\n  <div class=\"page-title light simple-title\">\n\n    \n    <div class=\"page-title-inner container align-center flex-row medium-flex-wrap row-reverse\" >\n              <div class=\"title-wrapper flex-col text-right medium-text-center\">\n          <h1 class=\"entry-title mb-0\">\n            NOWE TECHNOLOGIE BEZ TAJEMNIC          <\/h1>\n        <\/div>\n                    <div class=\"title-content flex-col flex-left text-left medium-text-center\">\n        <div class=\"title-breadcrumbs pb-half pt-half\"><\/div>      <\/div>\n    <\/div><!-- flex-row -->\n\n     \n<style scope=\"scope\">\n\n#page-header-382674333 .page-title-inner {\n  min-height: 0px;\n}\n#page-header-382674333 {\n  margin-bottom: 0px;\n}\n<\/style>\n  <\/div><!-- .page-title -->\n    <\/div><!-- .page-header-wrapper -->\n  \n<\/div><\/div>\n<div class=\"col imagepageonlyformobile imagepageonlyformobileofirmie small-12 large-12\"  ><div class=\"col-inner\"  >\n<p><img fetchpriority=\"high\" decoding=\"async\" class=\"alignnone size-full wp-image-2229\" src=\"http:\/\/bryk.com.pl\/wp-content\/uploads\/2018\/05\/ogolne_bg_mobile_full.jpg\" alt=\"\" width=\"1140\" height=\"853\" srcset=\"https:\/\/bryk.com.pl\/wp-content\/uploads\/2018\/05\/ogolne_bg_mobile_full.jpg 1140w, https:\/\/bryk.com.pl\/wp-content\/uploads\/2018\/05\/ogolne_bg_mobile_full-535x400.jpg 535w, https:\/\/bryk.com.pl\/wp-content\/uploads\/2018\/05\/ogolne_bg_mobile_full-768x575.jpg 768w, https:\/\/bryk.com.pl\/wp-content\/uploads\/2018\/05\/ogolne_bg_mobile_full-1069x800.jpg 1069w, https:\/\/bryk.com.pl\/wp-content\/uploads\/2018\/05\/ogolne_bg_mobile_full-830x621.jpg 830w, https:\/\/bryk.com.pl\/wp-content\/uploads\/2018\/05\/ogolne_bg_mobile_full-510x382.jpg 510w\" sizes=\"(max-width: 1140px) 100vw, 1140px\" \/><\/p>\n<\/div><\/div>\n<div class=\"col medium-5 small-12 large-5\"  ><div class=\"col-inner\"  >\n<\/div><\/div>\n<div class=\"col medium-7 small-12 large-7\"  ><div class=\"col-inner\"  >\n<p style=\"text-align: right;\">Oferujemy wysoko wyspecjalizowane narz\u0119dzia diamentowe, borazonowe i w\u0119glikowe dla szeroko rozumianego przemys\u0142u metalowego\u00a0wykonywane w oparciu o zapytania klient\u00f3w<\/p>\n<p style=\"text-align: right;\">Nie tylko produkujemy narz\u0119dzia, ale r\u00f3wnie\u017c \u015bwiadczymy kompleksowe us\u0142ugi opracowywania<br \/>i wdra\u017cania technologii obr\u00f3bki.<\/p>\n<p style=\"text-align: right;\">Specjalizujemy si\u0119 w wielozadaniowych narz\u0119dziach\u00a0diamentowych <br \/>i w\u0119glikowych, skomplikowanych narz\u0119dziach profilowych, <br \/>pi\u0142ach i g\u0142owicach\u00a0 monolitycznych\u00a0i nasadzanych.<\/p>\n<\/div><\/div>\n\n<style scope=\"scope\">\n\n<\/style>\n<\/div>\n<div class=\"row dolnyblokjakogolne\"  id=\"row-796839637\">\n<div class=\"col small-12 large-12\"  ><div class=\"col-inner\"  >\n<p>Posiadamy w swej ofercie p\u0142ytki skrawaj\u0105ce PCD, PCBN i VHM w kodyfikacji ISO, jak r\u00f3wnie\u017c p\u0142ytki niestandardowe, wykonywane na specjalne zam\u00f3wienie.<br \/>Oferujemy tak\u017ce ca\u0142\u0105 gam\u0119 oprawek narz\u0119dzi. \u015awiadczymy us\u0142ug\u0119 regeneracji i ostrzenia.<\/p>\n<\/div><\/div>\n\n<style scope=\"scope\">\n\n<\/style>\n<\/div>\n","protected":false},"excerpt":{"rendered":"","protected":false},"author":24783,"featured_media":0,"parent":0,"menu_order":0,"comment_status":"closed","ping_status":"closed","template":"","meta":{"footnotes":""},"class_list":["post-725","page","type-page","status-publish","hentry"],"yoast_head":"<!-- This site is optimized with the Yoast SEO plugin v24.5 - https:\/\/yoast.com\/wordpress\/plugins\/seo\/ -->\n<title>Informacje og\u00f3lne - BRYK - LEAVE A PRECISE MARK<\/title>\n<meta name=\"robots\" content=\"index, follow, max-snippet:-1, max-image-preview:large, max-video-preview:-1\" \/>\n<link rel=\"canonical\" href=\"https:\/\/bryk.com.pl\/?page_id=725\" \/>\n<meta property=\"og:locale\" content=\"pl_PL\" \/>\n<meta property=\"og:type\" content=\"article\" \/>\n<meta property=\"og:title\" content=\"Informacje og\u00f3lne - BRYK - LEAVE A PRECISE MARK\" \/>\n<meta property=\"og:url\" content=\"https:\/\/bryk.com.pl\/?page_id=725\" \/>\n<meta property=\"og:site_name\" content=\"BRYK - LEAVE A PRECISE MARK\" \/>\n<meta property=\"article:publisher\" content=\"https:\/\/www.facebook.com\/ppuhbryk\/\" \/>\n<meta property=\"article:modified_time\" content=\"2018-07-24T12:19:02+00:00\" \/>\n<meta property=\"og:image\" content=\"http:\/\/bryk.com.pl\/wp-content\/uploads\/2018\/05\/advtechtools_logo_w-1.svg\" \/>\n<meta name=\"twitter:card\" content=\"summary_large_image\" \/>\n<meta name=\"twitter:label1\" content=\"Szacowany czas czytania\" \/>\n\t<meta name=\"twitter:data1\" content=\"1 minuta\" \/>\n<script type=\"application\/ld+json\" class=\"yoast-schema-graph\">{\"@context\":\"https:\/\/schema.org\",\"@graph\":[{\"@type\":\"WebPage\",\"@id\":\"https:\/\/bryk.com.pl\/?page_id=725\",\"url\":\"https:\/\/bryk.com.pl\/?page_id=725\",\"name\":\"Informacje og\u00f3lne - BRYK - LEAVE A PRECISE MARK\",\"isPartOf\":{\"@id\":\"https:\/\/bryk.com.pl\/#website\"},\"primaryImageOfPage\":{\"@id\":\"https:\/\/bryk.com.pl\/?page_id=725#primaryimage\"},\"image\":{\"@id\":\"https:\/\/bryk.com.pl\/?page_id=725#primaryimage\"},\"thumbnailUrl\":\"http:\/\/bryk.com.pl\/wp-content\/uploads\/2018\/05\/advtechtools_logo_w-1.svg\",\"datePublished\":\"2018-02-18T12:40:28+00:00\",\"dateModified\":\"2018-07-24T12:19:02+00:00\",\"breadcrumb\":{\"@id\":\"https:\/\/bryk.com.pl\/?page_id=725#breadcrumb\"},\"inLanguage\":\"pl-PL\",\"potentialAction\":[{\"@type\":\"ReadAction\",\"target\":[\"https:\/\/bryk.com.pl\/?page_id=725\"]}]},{\"@type\":\"ImageObject\",\"inLanguage\":\"pl-PL\",\"@id\":\"https:\/\/bryk.com.pl\/?page_id=725#primaryimage\",\"url\":\"http:\/\/bryk.com.pl\/wp-content\/uploads\/2018\/05\/advtechtools_logo_w-1.svg\",\"contentUrl\":\"http:\/\/bryk.com.pl\/wp-content\/uploads\/2018\/05\/advtechtools_logo_w-1.svg\"},{\"@type\":\"BreadcrumbList\",\"@id\":\"https:\/\/bryk.com.pl\/?page_id=725#breadcrumb\",\"itemListElement\":[{\"@type\":\"ListItem\",\"position\":1,\"name\":\"Strona g\u0142\u00f3wna\",\"item\":\"https:\/\/bryk.com.pl\/\"},{\"@type\":\"ListItem\",\"position\":2,\"name\":\"Informacje og\u00f3lne\"}]},{\"@type\":\"WebSite\",\"@id\":\"https:\/\/bryk.com.pl\/#website\",\"url\":\"https:\/\/bryk.com.pl\/\",\"name\":\"BRYK - LEAVE A PRECISE MARK\",\"description\":\"Polski producent narz\u0119dzi\",\"potentialAction\":[{\"@type\":\"SearchAction\",\"target\":{\"@type\":\"EntryPoint\",\"urlTemplate\":\"https:\/\/bryk.com.pl\/?s={search_term_string}\"},\"query-input\":{\"@type\":\"PropertyValueSpecification\",\"valueRequired\":true,\"valueName\":\"search_term_string\"}}],\"inLanguage\":\"pl-PL\"}]}<\/script>\n<!-- \/ Yoast SEO plugin. -->","yoast_head_json":{"title":"Informacje og\u00f3lne - BRYK - LEAVE A PRECISE MARK","robots":{"index":"index","follow":"follow","max-snippet":"max-snippet:-1","max-image-preview":"max-image-preview:large","max-video-preview":"max-video-preview:-1"},"canonical":"https:\/\/bryk.com.pl\/?page_id=725","og_locale":"pl_PL","og_type":"article","og_title":"Informacje og\u00f3lne - BRYK - LEAVE A PRECISE MARK","og_url":"https:\/\/bryk.com.pl\/?page_id=725","og_site_name":"BRYK - LEAVE A PRECISE MARK","article_publisher":"https:\/\/www.facebook.com\/ppuhbryk\/","article_modified_time":"2018-07-24T12:19:02+00:00","og_image":[{"url":"http:\/\/bryk.com.pl\/wp-content\/uploads\/2018\/05\/advtechtools_logo_w-1.svg","type":"","width":"","height":""}],"twitter_card":"summary_large_image","twitter_misc":{"Szacowany czas czytania":"1 minuta"},"schema":{"@context":"https:\/\/schema.org","@graph":[{"@type":"WebPage","@id":"https:\/\/bryk.com.pl\/?page_id=725","url":"https:\/\/bryk.com.pl\/?page_id=725","name":"Informacje og\u00f3lne - BRYK - LEAVE A PRECISE MARK","isPartOf":{"@id":"https:\/\/bryk.com.pl\/#website"},"primaryImageOfPage":{"@id":"https:\/\/bryk.com.pl\/?page_id=725#primaryimage"},"image":{"@id":"https:\/\/bryk.com.pl\/?page_id=725#primaryimage"},"thumbnailUrl":"http:\/\/bryk.com.pl\/wp-content\/uploads\/2018\/05\/advtechtools_logo_w-1.svg","datePublished":"2018-02-18T12:40:28+00:00","dateModified":"2018-07-24T12:19:02+00:00","breadcrumb":{"@id":"https:\/\/bryk.com.pl\/?page_id=725#breadcrumb"},"inLanguage":"pl-PL","potentialAction":[{"@type":"ReadAction","target":["https:\/\/bryk.com.pl\/?page_id=725"]}]},{"@type":"ImageObject","inLanguage":"pl-PL","@id":"https:\/\/bryk.com.pl\/?page_id=725#primaryimage","url":"http:\/\/bryk.com.pl\/wp-content\/uploads\/2018\/05\/advtechtools_logo_w-1.svg","contentUrl":"http:\/\/bryk.com.pl\/wp-content\/uploads\/2018\/05\/advtechtools_logo_w-1.svg"},{"@type":"BreadcrumbList","@id":"https:\/\/bryk.com.pl\/?page_id=725#breadcrumb","itemListElement":[{"@type":"ListItem","position":1,"name":"Strona g\u0142\u00f3wna","item":"https:\/\/bryk.com.pl\/"},{"@type":"ListItem","position":2,"name":"Informacje og\u00f3lne"}]},{"@type":"WebSite","@id":"https:\/\/bryk.com.pl\/#website","url":"https:\/\/bryk.com.pl\/","name":"BRYK - LEAVE A PRECISE MARK","description":"Polski producent narz\u0119dzi","potentialAction":[{"@type":"SearchAction","target":{"@type":"EntryPoint","urlTemplate":"https:\/\/bryk.com.pl\/?s={search_term_string}"},"query-input":{"@type":"PropertyValueSpecification","valueRequired":true,"valueName":"search_term_string"}}],"inLanguage":"pl-PL"}]}},"_links":{"self":[{"href":"https:\/\/bryk.com.pl\/index.php?rest_route=\/wp\/v2\/pages\/725","targetHints":{"allow":["GET"]}}],"collection":[{"href":"https:\/\/bryk.com.pl\/index.php?rest_route=\/wp\/v2\/pages"}],"about":[{"href":"https:\/\/bryk.com.pl\/index.php?rest_route=\/wp\/v2\/types\/page"}],"author":[{"embeddable":true,"href":"https:\/\/bryk.com.pl\/index.php?rest_route=\/wp\/v2\/users\/24783"}],"replies":[{"embeddable":true,"href":"https:\/\/bryk.com.pl\/index.php?rest_route=%2Fwp%2Fv2%2Fcomments&post=725"}],"version-history":[{"count":32,"href":"https:\/\/bryk.com.pl\/index.php?rest_route=\/wp\/v2\/pages\/725\/revisions"}],"predecessor-version":[{"id":2861,"href":"https:\/\/bryk.com.pl\/index.php?rest_route=\/wp\/v2\/pages\/725\/revisions\/2861"}],"wp:attachment":[{"href":"https:\/\/bryk.com.pl\/index.php?rest_route=%2Fwp%2Fv2%2Fmedia&parent=725"}],"curies":[{"name":"wp","href":"https:\/\/api.w.org\/{rel}","templated":true}]}}