{"id":734,"date":"2018-02-18T14:04:36","date_gmt":"2018-02-18T13:04:36","guid":{"rendered":"http:\/\/bryk.com.pl\/?page_id=734"},"modified":"2020-06-02T12:47:52","modified_gmt":"2020-06-02T10:47:52","slug":"wspolpraca-2","status":"publish","type":"page","link":"https:\/\/bryk.com.pl?page_id=734","title":{"rendered":"Wsp\u00f3\u0142praca"},"content":{"rendered":"<div class=\"row\"  id=\"row-7204607\">\n<div class=\"col nobgformobile showonlyonmobile h1onlymobile small-12 large-12\"  ><div class=\"col-inner\"  >\n  <div id=\"page-header-1322466932\" class=\"page-header-wrapper\">\n  <div class=\"page-title light simple-title\">\n\n    \n    <div class=\"page-title-inner container align-center flex-row medium-flex-wrap row-reverse\" >\n              <div class=\"title-wrapper flex-col text-right medium-text-center\">\n          <h1 class=\"entry-title mb-0\">\n            WSP\u00d3\u0141PRACA          <\/h1>\n        <\/div>\n                    <div class=\"title-content flex-col flex-left text-left medium-text-center\">\n        <div class=\"title-breadcrumbs pb-half pt-half\"><\/div>      <\/div>\n    <\/div><!-- flex-row -->\n\n     \n<style scope=\"scope\">\n\n<\/style>\n  <\/div><!-- .page-title -->\n    <\/div><!-- .page-header-wrapper -->\n  \n<\/div><\/div>\n<\/div>\n<div class=\"row imagescalebg wspolpraca-1-bg\"  id=\"row-1693880996\">\n<div class=\"col small-12 large-12\"  ><div class=\"col-inner\"  >\n<div class=\"row\"  id=\"row-1759492942\">\n<div class=\"col imagepageonlyformobile small-12 large-12\"  ><div class=\"col-inner\"  >\n<p><img decoding=\"async\" class=\"alignnone size-full wp-image-2151\" src=\"http:\/\/bryk.com.pl\/wp-content\/uploads\/2018\/05\/wspolpraca_1bg_mobile-1.jpg\" alt=\"\" width=\"1140\" height=624\" \/><\/p>\n<\/div><\/div>\n<div class=\"col small-12 large-12\"  ><div class=\"col-inner\"  >\n  <div id=\"page-header-1068115001\" class=\"page-header-wrapper\">\n  <div class=\"page-title light simple-title\">\n\n    \n    <div class=\"page-title-inner container align-center flex-row medium-flex-wrap row-reverse\" >\n              <div class=\"title-wrapper flex-col text-right medium-text-center\">\n          <h1 class=\"entry-title mb-0\">\n            Sektor drzewny          <\/h1>\n        <\/div>\n                    <div class=\"title-content flex-col flex-left text-left medium-text-center\">\n        <div class=\"title-breadcrumbs pb-half pt-half\"><\/div>      <\/div>\n    <\/div><!-- flex-row -->\n\n     \n<style scope=\"scope\">\n\n<\/style>\n  <\/div><!-- .page-title -->\n    <\/div><!-- .page-header-wrapper -->\n  \n<\/div><\/div>\n<div class=\"col medium-6 small-12 large-6\"  ><div class=\"col-inner\"  >\n<\/div><\/div>\n<div class=\"col medium-6 small-12 large-6\"  ><div class=\"col-inner\"  >\n<p style=\"text-align: right;\">Jeste\u015bmy wiod\u0105cym producentem narz\u0119dzi skrawaj\u0105cych z ostrzem PCD i HM <br \/>w Polsce dla przemys\u0142u drzewnego .<\/p>\n<p style=\"text-align: right;\">Wsp\u00f3\u0142praca z firmami bran\u017cy meblarskiej oraz producent\u00f3w element\u00f3w drewnopodobnych opiera si\u0119 g\u0142\u00f3wnie na doradztwie technicznym, realizacji indywidualnych rozwi\u0105za\u0144, szybkiej reakcji handlowej i serwisowej.<\/p>\n<p style=\"text-align: right;\">Oferowanie rozwi\u0105za\u0144 przydatnych dla naszych klient\u00f3w i jako\u015b\u0107 serwisu to g\u0142\u00f3wny cel budowania wsp\u00f3\u0142pracy i partnerstwa.<\/p>\n<\/div><\/div>\n<\/div>\n<\/div><\/div>\n\n<style scope=\"scope\">\n\n<\/style>\n<\/div>\n<div class=\"row imagescalebg wspolpraca-2-bg\"  id=\"row-1324826983\">\n<div class=\"col small-12 large-12\"  ><div class=\"col-inner\"  >\n<div class=\"row\"  id=\"row-659176599\">\n<div class=\"col imagepageonlyformobile small-12 large-12\"  ><div class=\"col-inner\"  >\n<p><img decoding=\"async\" class=\"alignnone size-full wp-image-2151\" src=\"http:\/\/bryk.com.pl\/wp-content\/uploads\/2018\/05\/wspolpraca_2bg_mobile.jpg\" alt=\"\" width=\"1140\" height=624\" \/><\/p>\n<\/div><\/div>\n<div class=\"col small-12 large-12\"  ><div class=\"col-inner\"  >\n  <div id=\"page-header-1689742707\" class=\"page-header-wrapper\">\n  <div class=\"page-title light simple-title\">\n\n    \n    <div class=\"page-title-inner container align-center flex-row medium-flex-wrap\" >\n              <div class=\"title-wrapper flex-col text-left medium-text-center\">\n          <h1 class=\"entry-title mb-0\">\n            Sektor METALOWY          <\/h1>\n        <\/div>\n                    <div class=\"title-content flex-col flex-right text-right medium-text-center\">\n        <div class=\"title-breadcrumbs pb-half pt-half\"><\/div>      <\/div>\n    <\/div><!-- flex-row -->\n\n     \n<style scope=\"scope\">\n\n<\/style>\n  <\/div><!-- .page-title -->\n    <\/div><!-- .page-header-wrapper -->\n  \n<\/div><\/div>\n<div class=\"col medium-6 small-12 large-6\"  ><div class=\"col-inner\"  >\n<p style=\"text-align: left;\">Dla szeroko rozumianego przemys\u0142u metalowego od podstaw tworzymy skomplikowane, wielozadaniowe narz\u0119dzia skrawaj\u0105ce w oparciu o polikrystaliczny diament PCD i azotek boru PCBN.<\/p>\n<p>Dodatkowo do dyspozycji naszych klient\u00f3w jest ca\u0142a gama narz\u0119dzi monolitycznych<br \/>z w\u0119glik\u00f3w spiekanych.<\/p>\n<p>Dla naszych klient\u00f3w, opr\u00f3cz produkcji narz\u0119dzi, oferujemy opracowywanie i wdra\u017canie kompletnej technologii obr\u00f3bki, a us\u0142uga regeneracji i ostrzenia narz\u0119dzi pozwala dope\u0142ni\u0107 i kompleksowo zrealizowa\u0107 wszystkie potrzeby naszych klient\u00f3w.<\/p>\n<\/div><\/div>\n<div class=\"col medium-6 small-12 large-6\"  ><div class=\"col-inner\"  >\n<\/div><\/div>\n<\/div>\n<\/div><\/div>\n\n<style scope=\"scope\">\n\n<\/style>\n<\/div>\n<div class=\"row imagescalebg wspolpraca-3-bg\"  id=\"row-2076872297\">\n<div class=\"col small-12 large-12\"  ><div class=\"col-inner\"  >\n<div class=\"row\"  id=\"row-1529738734\">\n<div class=\"col imagepageonlyformobile small-12 large-12\"  ><div class=\"col-inner\"  >\n<p><img decoding=\"async\" class=\"alignnone size-full wp-image-2151\" src=\"http:\/\/bryk.com.pl\/wp-content\/uploads\/2018\/05\/wspolpraca_3bg_mobile-1.jpg\" alt=\"\" width=\"1140\" height=624\" \/><\/p>\n<\/div><\/div>\n<div class=\"col small-12 large-12\"  ><div class=\"col-inner\"  >\n  <div id=\"page-header-626859777\" class=\"page-header-wrapper\">\n  <div class=\"page-title light simple-title\">\n\n    \n    <div class=\"page-title-inner container align-center flex-row medium-flex-wrap row-reverse\" >\n              <div class=\"title-wrapper flex-col text-right medium-text-center\">\n          <h1 class=\"entry-title mb-0\">\n            jednostki naukowo-badawcze          <\/h1>\n        <\/div>\n                    <div class=\"title-content flex-col flex-left text-left medium-text-center\">\n        <div class=\"title-breadcrumbs pb-half pt-half\"><\/div>      <\/div>\n    <\/div><!-- flex-row -->\n\n     \n<style scope=\"scope\">\n\n<\/style>\n  <\/div><!-- .page-title -->\n    <\/div><!-- .page-header-wrapper -->\n  \n<\/div><\/div>\n<div class=\"col medium-6 small-12 large-6\"  ><div class=\"col-inner\"  >\n<\/div><\/div>\n<div class=\"col medium-6 small-12 large-6\"  ><div class=\"col-inner\"  >\n<p style=\"text-align: right;\">Od wielu lat prowadzimy intensywne prace R&amp;D d\u0105\u017c\u0105c do poprawy jako\u015bci oferowanych produkt\u00f3w, co rok zwi\u0119kszaj\u0105c nak\u0142ady na dzia\u0142alno\u015b\u0107 badawcz\u0105<br \/>i rozwojow\u0105. Na dzie\u0144 dzisiejszy stanowi\u0105 one ponad 11% wszystkich<br \/>przychod\u00f3w firmy.<\/p>\n<p style=\"text-align: right;\">Wsp\u00f3\u0142praca z jednostkami naukowymi oraz prace nad autorskimi technologiami zosta\u0142y dostrze\u017cone przez rynek, a marka BRYK zosta\u0142a laureatem ostatniej edycji konkursu Polska Nagroda Innowacyjno\u015bci 2017.<\/p>\n<\/div><\/div>\n<\/div>\n<\/div><\/div>\n\n<style scope=\"scope\">\n\n<\/style>\n<\/div>\n","protected":false},"excerpt":{"rendered":"","protected":false},"author":24783,"featured_media":0,"parent":0,"menu_order":0,"comment_status":"closed","ping_status":"closed","template":"","meta":{"footnotes":""},"class_list":["post-734","page","type-page","status-publish","hentry"],"yoast_head":"<!-- This site is optimized with the Yoast SEO plugin v24.5 - https:\/\/yoast.com\/wordpress\/plugins\/seo\/ -->\n<title>Wsp\u00f3\u0142praca - BRYK - LEAVE A PRECISE MARK<\/title>\n<meta name=\"robots\" content=\"index, follow, max-snippet:-1, max-image-preview:large, max-video-preview:-1\" \/>\n<link rel=\"canonical\" href=\"https:\/\/bryk.com.pl\/?page_id=734\" \/>\n<meta property=\"og:locale\" content=\"pl_PL\" \/>\n<meta property=\"og:type\" content=\"article\" \/>\n<meta property=\"og:title\" content=\"Wsp\u00f3\u0142praca - BRYK - LEAVE A PRECISE MARK\" \/>\n<meta property=\"og:url\" content=\"https:\/\/bryk.com.pl\/?page_id=734\" \/>\n<meta property=\"og:site_name\" content=\"BRYK - LEAVE A PRECISE MARK\" \/>\n<meta property=\"article:publisher\" content=\"https:\/\/www.facebook.com\/ppuhbryk\/\" \/>\n<meta property=\"article:modified_time\" content=\"2020-06-02T10:47:52+00:00\" \/>\n<meta property=\"og:image\" content=\"http:\/\/bryk.com.pl\/wp-content\/uploads\/2018\/05\/wspolpraca_1bg_mobile-1.jpg\" \/>\n<meta name=\"twitter:card\" content=\"summary_large_image\" \/>\n<meta name=\"twitter:label1\" content=\"Szacowany czas czytania\" \/>\n\t<meta name=\"twitter:data1\" content=\"1 minuta\" \/>\n<script type=\"application\/ld+json\" class=\"yoast-schema-graph\">{\"@context\":\"https:\/\/schema.org\",\"@graph\":[{\"@type\":\"WebPage\",\"@id\":\"https:\/\/bryk.com.pl\/?page_id=734\",\"url\":\"https:\/\/bryk.com.pl\/?page_id=734\",\"name\":\"Wsp\u00f3\u0142praca - BRYK - LEAVE A PRECISE MARK\",\"isPartOf\":{\"@id\":\"https:\/\/bryk.com.pl\/#website\"},\"primaryImageOfPage\":{\"@id\":\"https:\/\/bryk.com.pl\/?page_id=734#primaryimage\"},\"image\":{\"@id\":\"https:\/\/bryk.com.pl\/?page_id=734#primaryimage\"},\"thumbnailUrl\":\"http:\/\/bryk.com.pl\/wp-content\/uploads\/2018\/05\/wspolpraca_1bg_mobile-1.jpg\",\"datePublished\":\"2018-02-18T13:04:36+00:00\",\"dateModified\":\"2020-06-02T10:47:52+00:00\",\"breadcrumb\":{\"@id\":\"https:\/\/bryk.com.pl\/?page_id=734#breadcrumb\"},\"inLanguage\":\"pl-PL\",\"potentialAction\":[{\"@type\":\"ReadAction\",\"target\":[\"https:\/\/bryk.com.pl\/?page_id=734\"]}]},{\"@type\":\"ImageObject\",\"inLanguage\":\"pl-PL\",\"@id\":\"https:\/\/bryk.com.pl\/?page_id=734#primaryimage\",\"url\":\"http:\/\/bryk.com.pl\/wp-content\/uploads\/2018\/05\/wspolpraca_1bg_mobile-1.jpg\",\"contentUrl\":\"http:\/\/bryk.com.pl\/wp-content\/uploads\/2018\/05\/wspolpraca_1bg_mobile-1.jpg\"},{\"@type\":\"BreadcrumbList\",\"@id\":\"https:\/\/bryk.com.pl\/?page_id=734#breadcrumb\",\"itemListElement\":[{\"@type\":\"ListItem\",\"position\":1,\"name\":\"Strona g\u0142\u00f3wna\",\"item\":\"https:\/\/bryk.com.pl\/\"},{\"@type\":\"ListItem\",\"position\":2,\"name\":\"Wsp\u00f3\u0142praca\"}]},{\"@type\":\"WebSite\",\"@id\":\"https:\/\/bryk.com.pl\/#website\",\"url\":\"https:\/\/bryk.com.pl\/\",\"name\":\"BRYK - LEAVE A PRECISE MARK\",\"description\":\"Polski producent narz\u0119dzi\",\"potentialAction\":[{\"@type\":\"SearchAction\",\"target\":{\"@type\":\"EntryPoint\",\"urlTemplate\":\"https:\/\/bryk.com.pl\/?s={search_term_string}\"},\"query-input\":{\"@type\":\"PropertyValueSpecification\",\"valueRequired\":true,\"valueName\":\"search_term_string\"}}],\"inLanguage\":\"pl-PL\"}]}<\/script>\n<!-- \/ Yoast SEO plugin. -->","yoast_head_json":{"title":"Wsp\u00f3\u0142praca - BRYK - LEAVE A PRECISE MARK","robots":{"index":"index","follow":"follow","max-snippet":"max-snippet:-1","max-image-preview":"max-image-preview:large","max-video-preview":"max-video-preview:-1"},"canonical":"https:\/\/bryk.com.pl\/?page_id=734","og_locale":"pl_PL","og_type":"article","og_title":"Wsp\u00f3\u0142praca - BRYK - LEAVE A PRECISE MARK","og_url":"https:\/\/bryk.com.pl\/?page_id=734","og_site_name":"BRYK - LEAVE A PRECISE MARK","article_publisher":"https:\/\/www.facebook.com\/ppuhbryk\/","article_modified_time":"2020-06-02T10:47:52+00:00","og_image":[{"url":"http:\/\/bryk.com.pl\/wp-content\/uploads\/2018\/05\/wspolpraca_1bg_mobile-1.jpg","type":"","width":"","height":""}],"twitter_card":"summary_large_image","twitter_misc":{"Szacowany czas czytania":"1 minuta"},"schema":{"@context":"https:\/\/schema.org","@graph":[{"@type":"WebPage","@id":"https:\/\/bryk.com.pl\/?page_id=734","url":"https:\/\/bryk.com.pl\/?page_id=734","name":"Wsp\u00f3\u0142praca - BRYK - LEAVE A PRECISE MARK","isPartOf":{"@id":"https:\/\/bryk.com.pl\/#website"},"primaryImageOfPage":{"@id":"https:\/\/bryk.com.pl\/?page_id=734#primaryimage"},"image":{"@id":"https:\/\/bryk.com.pl\/?page_id=734#primaryimage"},"thumbnailUrl":"http:\/\/bryk.com.pl\/wp-content\/uploads\/2018\/05\/wspolpraca_1bg_mobile-1.jpg","datePublished":"2018-02-18T13:04:36+00:00","dateModified":"2020-06-02T10:47:52+00:00","breadcrumb":{"@id":"https:\/\/bryk.com.pl\/?page_id=734#breadcrumb"},"inLanguage":"pl-PL","potentialAction":[{"@type":"ReadAction","target":["https:\/\/bryk.com.pl\/?page_id=734"]}]},{"@type":"ImageObject","inLanguage":"pl-PL","@id":"https:\/\/bryk.com.pl\/?page_id=734#primaryimage","url":"http:\/\/bryk.com.pl\/wp-content\/uploads\/2018\/05\/wspolpraca_1bg_mobile-1.jpg","contentUrl":"http:\/\/bryk.com.pl\/wp-content\/uploads\/2018\/05\/wspolpraca_1bg_mobile-1.jpg"},{"@type":"BreadcrumbList","@id":"https:\/\/bryk.com.pl\/?page_id=734#breadcrumb","itemListElement":[{"@type":"ListItem","position":1,"name":"Strona g\u0142\u00f3wna","item":"https:\/\/bryk.com.pl\/"},{"@type":"ListItem","position":2,"name":"Wsp\u00f3\u0142praca"}]},{"@type":"WebSite","@id":"https:\/\/bryk.com.pl\/#website","url":"https:\/\/bryk.com.pl\/","name":"BRYK - LEAVE A PRECISE MARK","description":"Polski producent narz\u0119dzi","potentialAction":[{"@type":"SearchAction","target":{"@type":"EntryPoint","urlTemplate":"https:\/\/bryk.com.pl\/?s={search_term_string}"},"query-input":{"@type":"PropertyValueSpecification","valueRequired":true,"valueName":"search_term_string"}}],"inLanguage":"pl-PL"}]}},"_links":{"self":[{"href":"https:\/\/bryk.com.pl\/index.php?rest_route=\/wp\/v2\/pages\/734","targetHints":{"allow":["GET"]}}],"collection":[{"href":"https:\/\/bryk.com.pl\/index.php?rest_route=\/wp\/v2\/pages"}],"about":[{"href":"https:\/\/bryk.com.pl\/index.php?rest_route=\/wp\/v2\/types\/page"}],"author":[{"embeddable":true,"href":"https:\/\/bryk.com.pl\/index.php?rest_route=\/wp\/v2\/users\/24783"}],"replies":[{"embeddable":true,"href":"https:\/\/bryk.com.pl\/index.php?rest_route=%2Fwp%2Fv2%2Fcomments&post=734"}],"version-history":[{"count":50,"href":"https:\/\/bryk.com.pl\/index.php?rest_route=\/wp\/v2\/pages\/734\/revisions"}],"predecessor-version":[{"id":3707,"href":"https:\/\/bryk.com.pl\/index.php?rest_route=\/wp\/v2\/pages\/734\/revisions\/3707"}],"wp:attachment":[{"href":"https:\/\/bryk.com.pl\/index.php?rest_route=%2Fwp%2Fv2%2Fmedia&parent=734"}],"curies":[{"name":"wp","href":"https:\/\/api.w.org\/{rel}","templated":true}]}}