{"id":918,"date":"2018-03-03T11:51:15","date_gmt":"2018-03-03T10:51:15","guid":{"rendered":"http:\/\/bryk.com.pl\/?page_id=918"},"modified":"2024-01-31T10:21:09","modified_gmt":"2024-01-31T09:21:09","slug":"certyfikaty","status":"publish","type":"page","link":"https:\/\/bryk.com.pl?page_id=918","title":{"rendered":"Certyfikaty"},"content":{"rendered":"<div class=\"row\"  id=\"row-464565510\">\n<div class=\"col nobgformobile showonlyonmobile h1onlymobile small-12 large-12\"  ><div class=\"col-inner\"  >\n  <div id=\"page-header-15245411\" class=\"page-header-wrapper\">\n  <div class=\"page-title light simple-title\">\n\n    \n    <div class=\"page-title-inner container align-center flex-row medium-flex-wrap row-reverse\" >\n              <div class=\"title-wrapper flex-col text-right medium-text-center\">\n          <h1 class=\"entry-title mb-0\">\n            O FIRMIE          <\/h1>\n        <\/div>\n                    <div class=\"title-content flex-col flex-left text-left medium-text-center\">\n        <div class=\"title-breadcrumbs pb-half pt-half\"><\/div>      <\/div>\n    <\/div><!-- flex-row -->\n\n     \n<style scope=\"scope\">\n\n<\/style>\n  <\/div><!-- .page-title -->\n    <\/div><!-- .page-header-wrapper -->\n  \n<\/div><\/div>\n<\/div>\n<div class=\"row\"  id=\"row-1069922708\">\n<div class=\"col certyfikat-item medium-4 small-12 large-4\"  ><div class=\"col-inner\" style=\"margin:30px 0px 0px 0px;\" >\n\t<div class=\"img has-hover x md-x lg-x y md-y lg-y\" id=\"image_1625732363\">\n\t\t<a class=\"image-lightbox lightbox-gallery\" href=\"https:\/\/bryk.com.pl\/wp-content\/uploads\/2024\/01\/BRYK-Cerytfikat-PL-571x800.jpg\" title=\"\">\t\t\t\t\t\t<div class=\"img-inner dark\" >\n\t\t\t<img fetchpriority=\"high\" decoding=\"async\" width=\"571\" height=\"800\" src=\"https:\/\/bryk.com.pl\/wp-content\/uploads\/2024\/01\/BRYK-Cerytfikat-PL-571x800.jpg\" class=\"attachment-large size-large\" alt=\"\" srcset=\"https:\/\/bryk.com.pl\/wp-content\/uploads\/2024\/01\/BRYK-Cerytfikat-PL-571x800.jpg 571w, https:\/\/bryk.com.pl\/wp-content\/uploads\/2024\/01\/BRYK-Cerytfikat-PL-286x400.jpg 286w, https:\/\/bryk.com.pl\/wp-content\/uploads\/2024\/01\/BRYK-Cerytfikat-PL-768x1076.jpg 768w, https:\/\/bryk.com.pl\/wp-content\/uploads\/2024\/01\/BRYK-Cerytfikat-PL-1097x1536.jpg 1097w, https:\/\/bryk.com.pl\/wp-content\/uploads\/2024\/01\/BRYK-Cerytfikat-PL-1462x2048.jpg 1462w, https:\/\/bryk.com.pl\/wp-content\/uploads\/2024\/01\/BRYK-Cerytfikat-PL-830x1163.jpg 830w, https:\/\/bryk.com.pl\/wp-content\/uploads\/2024\/01\/BRYK-Cerytfikat-PL-510x714.jpg 510w, https:\/\/bryk.com.pl\/wp-content\/uploads\/2024\/01\/BRYK-Cerytfikat-PL-scaled.jpg 1828w\" sizes=\"(max-width: 571px) 100vw, 571px\" \/>\t\t\t\t\t\t\n\t\t\t\t\t<\/div>\n\t\t\t\t\t\t<\/a>\t\t\n<style scope=\"scope\">\n\n#image_1625732363 {\n  width: 100%;\n}\n<\/style>\n\t<\/div>\n\t\n<h4>CERTYFIKAT NR: 2961\/06\/2023\/ZSZ\/R-(Z\/1\/2023)<\/h4>\n<p>Jednostka Certyfikuj\u0105ca: Polska Akademia Jako\u015bci Cert Sp. z.o.o.<\/p>\n<\/div><\/div>\n<div class=\"col certyfikat-item medium-4 small-12 large-4\"  ><div class=\"col-inner\" style=\"margin:30px 0px 0px 0px;\" >\n\t<div class=\"img has-hover x md-x lg-x y md-y lg-y\" id=\"image_1370762424\">\n\t\t<a class=\"image-lightbox lightbox-gallery\" href=\"https:\/\/bryk.com.pl\/wp-content\/uploads\/2023\/07\/Certyfikat-PN_EN-ISO-9001-PN_EN-ISO-14001-min-566x800.png\" title=\"\">\t\t\t\t\t\t<div class=\"img-inner dark\" >\n\t\t\t<img decoding=\"async\" width=\"566\" height=\"800\" src=\"https:\/\/bryk.com.pl\/wp-content\/uploads\/2023\/07\/Certyfikat-PN_EN-ISO-9001-PN_EN-ISO-14001-min-566x800.png\" class=\"attachment-large size-large\" alt=\"\" srcset=\"https:\/\/bryk.com.pl\/wp-content\/uploads\/2023\/07\/Certyfikat-PN_EN-ISO-9001-PN_EN-ISO-14001-min-566x800.png 566w, https:\/\/bryk.com.pl\/wp-content\/uploads\/2023\/07\/Certyfikat-PN_EN-ISO-9001-PN_EN-ISO-14001-min-283x400.png 283w, https:\/\/bryk.com.pl\/wp-content\/uploads\/2023\/07\/Certyfikat-PN_EN-ISO-9001-PN_EN-ISO-14001-min-768x1086.png 768w, https:\/\/bryk.com.pl\/wp-content\/uploads\/2023\/07\/Certyfikat-PN_EN-ISO-9001-PN_EN-ISO-14001-min-1086x1536.png 1086w, https:\/\/bryk.com.pl\/wp-content\/uploads\/2023\/07\/Certyfikat-PN_EN-ISO-9001-PN_EN-ISO-14001-min-1448x2048.png 1448w, https:\/\/bryk.com.pl\/wp-content\/uploads\/2023\/07\/Certyfikat-PN_EN-ISO-9001-PN_EN-ISO-14001-min-830x1174.png 830w, https:\/\/bryk.com.pl\/wp-content\/uploads\/2023\/07\/Certyfikat-PN_EN-ISO-9001-PN_EN-ISO-14001-min-510x721.png 510w, https:\/\/bryk.com.pl\/wp-content\/uploads\/2023\/07\/Certyfikat-PN_EN-ISO-9001-PN_EN-ISO-14001-min.png 1653w\" sizes=\"(max-width: 566px) 100vw, 566px\" \/>\t\t\t\t\t\t\n\t\t\t\t\t<\/div>\n\t\t\t\t\t\t<\/a>\t\t\n<style scope=\"scope\">\n\n#image_1370762424 {\n  width: 100%;\n}\n<\/style>\n\t<\/div>\n\t\n<h4>CERTYFIKAT NR: 2961\/06\/2023\/ZSZ\/RP<\/h4>\n<p>Jednostka Certyfikuj\u0105ca: Polska Akademia Jako\u015bci Cert Sp. z.o.o.<\/p>\n<\/div><\/div>\n<div class=\"col certyfikat-item medium-4 small-12 large-4\"  ><div class=\"col-inner\" style=\"margin:30px 0px 0px 0px;\" >\n\t<div class=\"img has-hover x md-x lg-x y md-y lg-y\" id=\"image_904743484\">\n\t\t<a class=\"image-lightbox lightbox-gallery\" href=\"https:\/\/bryk.com.pl\/wp-content\/uploads\/2018\/10\/PNG2018_Dyplom_maly_8bit-599x800.jpg\" title=\"\">\t\t\t\t\t\t<div class=\"img-inner dark\" >\n\t\t\t<img decoding=\"async\" width=\"599\" height=\"800\" src=\"https:\/\/bryk.com.pl\/wp-content\/uploads\/2018\/10\/PNG2018_Dyplom_maly_8bit-599x800.jpg\" class=\"attachment-large size-large\" alt=\"Dyplom_maly\" srcset=\"https:\/\/bryk.com.pl\/wp-content\/uploads\/2018\/10\/PNG2018_Dyplom_maly_8bit-599x800.jpg 599w, https:\/\/bryk.com.pl\/wp-content\/uploads\/2018\/10\/PNG2018_Dyplom_maly_8bit-299x400.jpg 299w, https:\/\/bryk.com.pl\/wp-content\/uploads\/2018\/10\/PNG2018_Dyplom_maly_8bit-768x1026.jpg 768w, https:\/\/bryk.com.pl\/wp-content\/uploads\/2018\/10\/PNG2018_Dyplom_maly_8bit-830x1109.jpg 830w, https:\/\/bryk.com.pl\/wp-content\/uploads\/2018\/10\/PNG2018_Dyplom_maly_8bit-510x681.jpg 510w, https:\/\/bryk.com.pl\/wp-content\/uploads\/2018\/10\/PNG2018_Dyplom_maly_8bit.jpg 1123w\" sizes=\"(max-width: 599px) 100vw, 599px\" \/>\t\t\t\t\t\t\n\t\t\t\t\t<\/div>\n\t\t\t\t\t\t<\/a>\t\t\n<style scope=\"scope\">\n\n#image_904743484 {\n  width: 100%;\n}\n<\/style>\n\t<\/div>\n\t\n<h4>P.P.H.U. BRYK Witold Bryk &#8211; LAUREAT KONKURSU<\/h4>\n<p>&#8222;Podkarpacka Nagroda Gospodarcza 2018&#8221; W KATEGORII FIRM MA\u0141YCH<\/p>\n<\/div><\/div>\n<div class=\"col certyfikat-item medium-4 small-12 large-4\"  ><div class=\"col-inner\" style=\"margin:30px 0px 0px 0px;\" >\n\t<div class=\"img has-hover x md-x lg-x y md-y lg-y\" id=\"image_506078812\">\n\t\t<a class=\"image-lightbox lightbox-gallery\" href=\"https:\/\/bryk.com.pl\/wp-content\/uploads\/2020\/09\/2020-08-28-09_42_57-Window-560x800.png\" title=\"\">\t\t\t\t\t\t<div class=\"img-inner dark\" >\n\t\t\t<img loading=\"lazy\" decoding=\"async\" width=\"560\" height=\"800\" src=\"https:\/\/bryk.com.pl\/wp-content\/uploads\/2020\/09\/2020-08-28-09_42_57-Window-560x800.png\" class=\"attachment-large size-large\" alt=\"\" srcset=\"https:\/\/bryk.com.pl\/wp-content\/uploads\/2020\/09\/2020-08-28-09_42_57-Window-560x800.png 560w, https:\/\/bryk.com.pl\/wp-content\/uploads\/2020\/09\/2020-08-28-09_42_57-Window-280x400.png 280w, https:\/\/bryk.com.pl\/wp-content\/uploads\/2020\/09\/2020-08-28-09_42_57-Window-510x729.png 510w, https:\/\/bryk.com.pl\/wp-content\/uploads\/2020\/09\/2020-08-28-09_42_57-Window.png 639w\" sizes=\"(max-width: 560px) 100vw, 560px\" \/>\t\t\t\t\t\t\n\t\t\t\t\t<\/div>\n\t\t\t\t\t\t<\/a>\t\t\n<style scope=\"scope\">\n\n#image_506078812 {\n  width: 100%;\n}\n<\/style>\n\t<\/div>\n\t\n<h4>CERTYFIKAT Nr: 1409\/04\/2017\/ZSZ\/R<\/h4>\n<p>Jednostka Certyfikuj\u0105ca: Polska Akademia Jako\u015bci Cert Sp. z.o.o.<\/p>\n<\/div><\/div>\n<div class=\"col certyfikat-item medium-4 small-12 large-4\"  ><div class=\"col-inner\" style=\"margin:30px 0px 0px 0px;\" >\n\t<div class=\"img has-hover x md-x lg-x y md-y lg-y\" id=\"image_1526222316\">\n\t\t<a class=\"image-lightbox lightbox-gallery\" href=\"https:\/\/bryk.com.pl\/wp-content\/uploads\/2018\/04\/cert1-551x800.jpg\" title=\"\">\t\t\t\t\t\t<div class=\"img-inner dark\" >\n\t\t\t<img loading=\"lazy\" decoding=\"async\" width=\"551\" height=\"800\" src=\"https:\/\/bryk.com.pl\/wp-content\/uploads\/2018\/04\/cert1-551x800.jpg\" class=\"attachment-large size-large\" alt=\"cert1\" srcset=\"https:\/\/bryk.com.pl\/wp-content\/uploads\/2018\/04\/cert1-551x800.jpg 551w, https:\/\/bryk.com.pl\/wp-content\/uploads\/2018\/04\/cert1-275x400.jpg 275w, https:\/\/bryk.com.pl\/wp-content\/uploads\/2018\/04\/cert1-768x1116.jpg 768w, https:\/\/bryk.com.pl\/wp-content\/uploads\/2018\/04\/cert1-830x1206.jpg 830w, https:\/\/bryk.com.pl\/wp-content\/uploads\/2018\/04\/cert1-510x741.jpg 510w, https:\/\/bryk.com.pl\/wp-content\/uploads\/2018\/04\/cert1.jpg 1200w\" sizes=\"(max-width: 551px) 100vw, 551px\" \/>\t\t\t\t\t\t\n\t\t\t\t\t<\/div>\n\t\t\t\t\t\t<\/a>\t\t\n<style scope=\"scope\">\n\n#image_1526222316 {\n  width: 100%;\n}\n<\/style>\n\t<\/div>\n\t\n<h4>P.P.H.U. BRYK Witold Bryk &#8211; LAUREAT KONKURSU<\/h4>\n<p>&#8222;Podkarpacka Nagroda Gospodarcza 2017&#8221; W KATEGORII FIRM MA\u0141YCH<\/p>\n<\/div><\/div>\n<div class=\"col certyfikat-item medium-4 small-12 large-4\"  ><div class=\"col-inner\" style=\"margin:30px 0px 0px 0px;\" >\n\t<div class=\"img has-hover x md-x lg-x y md-y lg-y\" id=\"image_806064137\">\n\t\t<a class=\"image-lightbox lightbox-gallery\" href=\"https:\/\/bryk.com.pl\/wp-content\/uploads\/2018\/04\/certyfika01-552x800.jpg\" title=\"\">\t\t\t\t\t\t<div class=\"img-inner dark\" >\n\t\t\t<img loading=\"lazy\" decoding=\"async\" width=\"552\" height=\"800\" src=\"https:\/\/bryk.com.pl\/wp-content\/uploads\/2018\/04\/certyfika01-552x800.jpg\" class=\"attachment-large size-large\" alt=\"certyfika01\" srcset=\"https:\/\/bryk.com.pl\/wp-content\/uploads\/2018\/04\/certyfika01-552x800.jpg 552w, https:\/\/bryk.com.pl\/wp-content\/uploads\/2018\/04\/certyfika01-276x400.jpg 276w, https:\/\/bryk.com.pl\/wp-content\/uploads\/2018\/04\/certyfika01-768x1113.jpg 768w, https:\/\/bryk.com.pl\/wp-content\/uploads\/2018\/04\/certyfika01-830x1203.jpg 830w, https:\/\/bryk.com.pl\/wp-content\/uploads\/2018\/04\/certyfika01-510x739.jpg 510w, https:\/\/bryk.com.pl\/wp-content\/uploads\/2018\/04\/certyfika01.jpg 2004w\" sizes=\"(max-width: 552px) 100vw, 552px\" \/>\t\t\t\t\t\t\n\t\t\t\t\t<\/div>\n\t\t\t\t\t\t<\/a>\t\t\n<style scope=\"scope\">\n\n#image_806064137 {\n  width: 100%;\n}\n<\/style>\n\t<\/div>\n\t\n<h4>CERTYFIKAT Nr: 1409\/04\/2017\/ZSZ\/R<\/h4>\n<p>Jednostka Certyfikuj\u0105ca: Polska Akademia Jako\u015bci Cert Sp. z.o.o.<\/p>\n<\/div><\/div>\n<div class=\"col certyfikat-item medium-4 small-12 large-4\"  ><div class=\"col-inner\" style=\"margin:30px 0px 0px 0px;\" >\n\t<div class=\"img has-hover x md-x lg-x y md-y lg-y\" id=\"image_292923174\">\n\t\t<a class=\"image-lightbox lightbox-gallery\" href=\"https:\/\/bryk.com.pl\/wp-content\/uploads\/2018\/03\/certyfikat1-564x800.jpg\" title=\"\">\t\t\t\t\t\t<div class=\"img-inner dark\" >\n\t\t\t<img loading=\"lazy\" decoding=\"async\" width=\"564\" height=\"800\" src=\"https:\/\/bryk.com.pl\/wp-content\/uploads\/2018\/03\/certyfikat1-564x800.jpg\" class=\"attachment-large size-large\" alt=\"certyfikat1\" srcset=\"https:\/\/bryk.com.pl\/wp-content\/uploads\/2018\/03\/certyfikat1-564x800.jpg 564w, https:\/\/bryk.com.pl\/wp-content\/uploads\/2018\/03\/certyfikat1-282x400.jpg 282w, https:\/\/bryk.com.pl\/wp-content\/uploads\/2018\/03\/certyfikat1-510x723.jpg 510w, https:\/\/bryk.com.pl\/wp-content\/uploads\/2018\/03\/certyfikat1.jpg 583w\" sizes=\"(max-width: 564px) 100vw, 564px\" \/>\t\t\t\t\t\t\n\t\t\t\t\t<\/div>\n\t\t\t\t\t\t<\/a>\t\t\n<style scope=\"scope\">\n\n#image_292923174 {\n  width: 100%;\n}\n<\/style>\n\t<\/div>\n\t\n<h4>CERTYFIKAT Nr: 1409\/04\/2004\/ZSZ\/C<\/h4>\n<p>Jednostka Certyfikuj\u0105ca: Polska Akademia Jako\u015bci Cert Sp. z.o.o.<\/p>\n<\/div><\/div>\n<div class=\"col certyfikat-item medium-4 small-12 large-4\"  ><div class=\"col-inner\" style=\"margin:30px 0px 0px 0px;\" >\n\t<div class=\"img has-hover x md-x lg-x y md-y lg-y\" id=\"image_1253054870\">\n\t\t<a class=\"image-lightbox lightbox-gallery\" href=\"https:\/\/bryk.com.pl\/wp-content\/uploads\/2018\/03\/wyroznienie_2009.jpg\" title=\"\">\t\t\t\t\t\t<div class=\"img-inner dark\" >\n\t\t\t<img loading=\"lazy\" decoding=\"async\" width=\"192\" height=\"272\" src=\"https:\/\/bryk.com.pl\/wp-content\/uploads\/2018\/03\/wyroznienie_2009.jpg\" class=\"attachment-large size-large\" alt=\"wyroznienie_2009\" \/>\t\t\t\t\t\t\n\t\t\t\t\t<\/div>\n\t\t\t\t\t\t<\/a>\t\t\n<style scope=\"scope\">\n\n#image_1253054870 {\n  width: 100%;\n}\n<\/style>\n\t<\/div>\n\t\n<h4>Podkarpacka Nagroda Gospodarcza &#8211; wyr\u00f3znienie<\/h4>\n<p>Wyr\u00f3\u017cnienie dla P.P.U.H. BRYK Witold Bryk w konkursie &#8222;Podkarpacka Nagroda Gpospodarcza 2009&#8221;<\/p>\n<\/div><\/div>\n<div class=\"col certyfikat-item medium-4 small-12 large-4\"  ><div class=\"col-inner\" style=\"margin:30px 0px 0px 0px;\" >\n\t<div class=\"img has-hover x md-x lg-x y md-y lg-y\" id=\"image_883319524\">\n\t\t<a class=\"image-lightbox lightbox-gallery\" href=\"https:\/\/bryk.com.pl\/wp-content\/uploads\/2018\/03\/dyplom_2010.jpg\" title=\"\">\t\t\t\t\t\t<div class=\"img-inner dark\" >\n\t\t\t<img loading=\"lazy\" decoding=\"async\" width=\"192\" height=\"272\" src=\"https:\/\/bryk.com.pl\/wp-content\/uploads\/2018\/03\/dyplom_2010.jpg\" class=\"attachment-large size-large\" alt=\"dyplom_2010\" \/>\t\t\t\t\t\t\n\t\t\t\t\t<\/div>\n\t\t\t\t\t\t<\/a>\t\t\n<style scope=\"scope\">\n\n#image_883319524 {\n  width: 100%;\n}\n<\/style>\n\t<\/div>\n\t\n<h4>DYPLOM dla P.P.H.U. BRYK Witold Bryk<\/h4>\n<p>DYPLOM dla uczestnika konkursu &#8222;Podkarpacka Nagroda Gospodarcza 2010&#8221;<\/p>\n<\/div><\/div>\n<div class=\"col certyfikat-item medium-4 small-12 large-4\"  ><div class=\"col-inner\" style=\"margin:30px 0px 0px 0px;\" >\n\t<div class=\"img has-hover x md-x lg-x y md-y lg-y\" id=\"image_1509934211\">\n\t\t<a class=\"image-lightbox lightbox-gallery\" href=\"https:\/\/bryk.com.pl\/wp-content\/uploads\/2018\/06\/polityka1-1-567x800.jpg\" title=\"\">\t\t\t\t\t\t<div class=\"img-inner dark\" >\n\t\t\t<img loading=\"lazy\" decoding=\"async\" width=\"567\" height=\"800\" src=\"https:\/\/bryk.com.pl\/wp-content\/uploads\/2018\/06\/polityka1-1-567x800.jpg\" class=\"attachment-large size-large\" alt=\"polityka j\u015b\" srcset=\"https:\/\/bryk.com.pl\/wp-content\/uploads\/2018\/06\/polityka1-1-567x800.jpg 567w, https:\/\/bryk.com.pl\/wp-content\/uploads\/2018\/06\/polityka1-1-283x400.jpg 283w, https:\/\/bryk.com.pl\/wp-content\/uploads\/2018\/06\/polityka1-1-768x1084.jpg 768w, https:\/\/bryk.com.pl\/wp-content\/uploads\/2018\/06\/polityka1-1-830x1172.jpg 830w, https:\/\/bryk.com.pl\/wp-content\/uploads\/2018\/06\/polityka1-1-510x720.jpg 510w, https:\/\/bryk.com.pl\/wp-content\/uploads\/2018\/06\/polityka1-1.jpg 1000w\" sizes=\"(max-width: 567px) 100vw, 567px\" \/>\t\t\t\t\t\t\n\t\t\t\t\t<\/div>\n\t\t\t\t\t\t<\/a>\t\t\n<style scope=\"scope\">\n\n#image_1509934211 {\n  width: 100%;\n}\n<\/style>\n\t<\/div>\n\t\n<h4>Polityka jako\u015bciowo &#8211; \u015brodowiskowa<\/h4>\n<p>Cz\u0119\u015b\u0107 I<\/p>\n<\/div><\/div>\n<div class=\"col certyfikat-item medium-4 small-12 large-4\"  ><div class=\"col-inner\" style=\"margin:30px 0px 0px 0px;\" >\n\t<div class=\"img has-hover x md-x lg-x y md-y lg-y\" id=\"image_1948747096\">\n\t\t<a class=\"image-lightbox lightbox-gallery\" href=\"https:\/\/bryk.com.pl\/wp-content\/uploads\/2018\/06\/polityka2-1-567x800.jpg\" title=\"\">\t\t\t\t\t\t<div class=\"img-inner dark\" >\n\t\t\t<img loading=\"lazy\" decoding=\"async\" width=\"567\" height=\"800\" src=\"https:\/\/bryk.com.pl\/wp-content\/uploads\/2018\/06\/polityka2-1-567x800.jpg\" class=\"attachment-large size-large\" alt=\"polityka j\u015b\" srcset=\"https:\/\/bryk.com.pl\/wp-content\/uploads\/2018\/06\/polityka2-1-567x800.jpg 567w, https:\/\/bryk.com.pl\/wp-content\/uploads\/2018\/06\/polityka2-1-283x400.jpg 283w, https:\/\/bryk.com.pl\/wp-content\/uploads\/2018\/06\/polityka2-1-768x1084.jpg 768w, https:\/\/bryk.com.pl\/wp-content\/uploads\/2018\/06\/polityka2-1-830x1172.jpg 830w, https:\/\/bryk.com.pl\/wp-content\/uploads\/2018\/06\/polityka2-1-510x720.jpg 510w, https:\/\/bryk.com.pl\/wp-content\/uploads\/2018\/06\/polityka2-1.jpg 1000w\" sizes=\"(max-width: 567px) 100vw, 567px\" \/>\t\t\t\t\t\t\n\t\t\t\t\t<\/div>\n\t\t\t\t\t\t<\/a>\t\t\n<style scope=\"scope\">\n\n#image_1948747096 {\n  width: 100%;\n}\n<\/style>\n\t<\/div>\n\t\n<h4>Polityka jako\u015bciowo &#8211; \u015brodowiskowa<\/h4>\n<p>Cz\u0119\u015b\u0107 II<\/p>\n<\/div><\/div>\n<\/div>\n","protected":false},"excerpt":{"rendered":"","protected":false},"author":24783,"featured_media":0,"parent":0,"menu_order":0,"comment_status":"closed","ping_status":"closed","template":"page-blank-title-center.php","meta":{"footnotes":""},"class_list":["post-918","page","type-page","status-publish","hentry"],"yoast_head":"<!-- This site is optimized with the Yoast SEO plugin v24.5 - https:\/\/yoast.com\/wordpress\/plugins\/seo\/ -->\n<title>Certyfikaty - BRYK - LEAVE A PRECISE MARK<\/title>\n<meta name=\"robots\" content=\"index, follow, max-snippet:-1, max-image-preview:large, max-video-preview:-1\" \/>\n<link rel=\"canonical\" href=\"https:\/\/bryk.com.pl\/?page_id=918\" \/>\n<meta property=\"og:locale\" content=\"pl_PL\" \/>\n<meta property=\"og:type\" content=\"article\" \/>\n<meta property=\"og:title\" content=\"Certyfikaty - BRYK - LEAVE A PRECISE MARK\" \/>\n<meta property=\"og:url\" content=\"https:\/\/bryk.com.pl\/?page_id=918\" \/>\n<meta property=\"og:site_name\" content=\"BRYK - LEAVE A PRECISE MARK\" \/>\n<meta property=\"article:publisher\" content=\"https:\/\/www.facebook.com\/ppuhbryk\/\" \/>\n<meta property=\"article:modified_time\" content=\"2024-01-31T09:21:09+00:00\" \/>\n<meta property=\"og:image\" content=\"https:\/\/bryk.com.pl\/wp-content\/uploads\/2020\/05\/logo.png\" \/>\n\t<meta property=\"og:image:width\" content=\"398\" \/>\n\t<meta property=\"og:image:height\" content=\"400\" \/>\n\t<meta property=\"og:image:type\" content=\"image\/png\" \/>\n<meta name=\"twitter:card\" content=\"summary_large_image\" \/>\n<meta name=\"twitter:label1\" content=\"Szacowany czas czytania\" \/>\n\t<meta name=\"twitter:data1\" content=\"2 minuty\" \/>\n<script type=\"application\/ld+json\" class=\"yoast-schema-graph\">{\"@context\":\"https:\/\/schema.org\",\"@graph\":[{\"@type\":\"WebPage\",\"@id\":\"https:\/\/bryk.com.pl\/?page_id=918\",\"url\":\"https:\/\/bryk.com.pl\/?page_id=918\",\"name\":\"Certyfikaty - BRYK - LEAVE A PRECISE MARK\",\"isPartOf\":{\"@id\":\"https:\/\/bryk.com.pl\/#website\"},\"datePublished\":\"2018-03-03T10:51:15+00:00\",\"dateModified\":\"2024-01-31T09:21:09+00:00\",\"breadcrumb\":{\"@id\":\"https:\/\/bryk.com.pl\/?page_id=918#breadcrumb\"},\"inLanguage\":\"pl-PL\",\"potentialAction\":[{\"@type\":\"ReadAction\",\"target\":[\"https:\/\/bryk.com.pl\/?page_id=918\"]}]},{\"@type\":\"BreadcrumbList\",\"@id\":\"https:\/\/bryk.com.pl\/?page_id=918#breadcrumb\",\"itemListElement\":[{\"@type\":\"ListItem\",\"position\":1,\"name\":\"Strona g\u0142\u00f3wna\",\"item\":\"https:\/\/bryk.com.pl\/\"},{\"@type\":\"ListItem\",\"position\":2,\"name\":\"Certyfikaty\"}]},{\"@type\":\"WebSite\",\"@id\":\"https:\/\/bryk.com.pl\/#website\",\"url\":\"https:\/\/bryk.com.pl\/\",\"name\":\"BRYK - LEAVE A PRECISE MARK\",\"description\":\"Polski producent narz\u0119dzi\",\"potentialAction\":[{\"@type\":\"SearchAction\",\"target\":{\"@type\":\"EntryPoint\",\"urlTemplate\":\"https:\/\/bryk.com.pl\/?s={search_term_string}\"},\"query-input\":{\"@type\":\"PropertyValueSpecification\",\"valueRequired\":true,\"valueName\":\"search_term_string\"}}],\"inLanguage\":\"pl-PL\"}]}<\/script>\n<!-- \/ Yoast SEO plugin. -->","yoast_head_json":{"title":"Certyfikaty - BRYK - LEAVE A PRECISE MARK","robots":{"index":"index","follow":"follow","max-snippet":"max-snippet:-1","max-image-preview":"max-image-preview:large","max-video-preview":"max-video-preview:-1"},"canonical":"https:\/\/bryk.com.pl\/?page_id=918","og_locale":"pl_PL","og_type":"article","og_title":"Certyfikaty - BRYK - LEAVE A PRECISE MARK","og_url":"https:\/\/bryk.com.pl\/?page_id=918","og_site_name":"BRYK - LEAVE A PRECISE MARK","article_publisher":"https:\/\/www.facebook.com\/ppuhbryk\/","article_modified_time":"2024-01-31T09:21:09+00:00","og_image":[{"width":398,"height":400,"url":"https:\/\/bryk.com.pl\/wp-content\/uploads\/2020\/05\/logo.png","type":"image\/png"}],"twitter_card":"summary_large_image","twitter_misc":{"Szacowany czas czytania":"2 minuty"},"schema":{"@context":"https:\/\/schema.org","@graph":[{"@type":"WebPage","@id":"https:\/\/bryk.com.pl\/?page_id=918","url":"https:\/\/bryk.com.pl\/?page_id=918","name":"Certyfikaty - BRYK - LEAVE A PRECISE MARK","isPartOf":{"@id":"https:\/\/bryk.com.pl\/#website"},"datePublished":"2018-03-03T10:51:15+00:00","dateModified":"2024-01-31T09:21:09+00:00","breadcrumb":{"@id":"https:\/\/bryk.com.pl\/?page_id=918#breadcrumb"},"inLanguage":"pl-PL","potentialAction":[{"@type":"ReadAction","target":["https:\/\/bryk.com.pl\/?page_id=918"]}]},{"@type":"BreadcrumbList","@id":"https:\/\/bryk.com.pl\/?page_id=918#breadcrumb","itemListElement":[{"@type":"ListItem","position":1,"name":"Strona g\u0142\u00f3wna","item":"https:\/\/bryk.com.pl\/"},{"@type":"ListItem","position":2,"name":"Certyfikaty"}]},{"@type":"WebSite","@id":"https:\/\/bryk.com.pl\/#website","url":"https:\/\/bryk.com.pl\/","name":"BRYK - LEAVE A PRECISE MARK","description":"Polski producent narz\u0119dzi","potentialAction":[{"@type":"SearchAction","target":{"@type":"EntryPoint","urlTemplate":"https:\/\/bryk.com.pl\/?s={search_term_string}"},"query-input":{"@type":"PropertyValueSpecification","valueRequired":true,"valueName":"search_term_string"}}],"inLanguage":"pl-PL"}]}},"_links":{"self":[{"href":"https:\/\/bryk.com.pl\/index.php?rest_route=\/wp\/v2\/pages\/918","targetHints":{"allow":["GET"]}}],"collection":[{"href":"https:\/\/bryk.com.pl\/index.php?rest_route=\/wp\/v2\/pages"}],"about":[{"href":"https:\/\/bryk.com.pl\/index.php?rest_route=\/wp\/v2\/types\/page"}],"author":[{"embeddable":true,"href":"https:\/\/bryk.com.pl\/index.php?rest_route=\/wp\/v2\/users\/24783"}],"replies":[{"embeddable":true,"href":"https:\/\/bryk.com.pl\/index.php?rest_route=%2Fwp%2Fv2%2Fcomments&post=918"}],"version-history":[{"count":27,"href":"https:\/\/bryk.com.pl\/index.php?rest_route=\/wp\/v2\/pages\/918\/revisions"}],"predecessor-version":[{"id":51115,"href":"https:\/\/bryk.com.pl\/index.php?rest_route=\/wp\/v2\/pages\/918\/revisions\/51115"}],"wp:attachment":[{"href":"https:\/\/bryk.com.pl\/index.php?rest_route=%2Fwp%2Fv2%2Fmedia&parent=918"}],"curies":[{"name":"wp","href":"https:\/\/api.w.org\/{rel}","templated":true}]}}