{"id":925,"date":"2018-03-03T11:54:20","date_gmt":"2018-03-03T10:54:20","guid":{"rendered":"http:\/\/bryk.com.pl\/?page_id=925"},"modified":"2024-11-21T14:51:39","modified_gmt":"2024-11-21T13:51:39","slug":"historia","status":"publish","type":"page","link":"https:\/\/bryk.com.pl?page_id=925","title":{"rendered":"Historia"},"content":{"rendered":"\t\t<div data-elementor-type=\"wp-page\" data-elementor-id=\"925\" class=\"elementor elementor-925\">\n\t\t\t\t\t\t<section class=\"elementor-section elementor-top-section elementor-element elementor-element-3881db0f elementor-section-boxed elementor-section-height-default elementor-section-height-default\" data-id=\"3881db0f\" data-element_type=\"section\">\n\t\t\t\t\t\t<div class=\"elementor-container elementor-column-gap-default\">\n\t\t\t\t\t<div class=\"elementor-column elementor-col-100 elementor-top-column elementor-element elementor-element-3d8d7b98\" data-id=\"3d8d7b98\" data-element_type=\"column\">\n\t\t\t<div class=\"elementor-widget-wrap elementor-element-populated\">\n\t\t\t\t\t\t<div class=\"elementor-element elementor-element-c54237 elementor-widget elementor-widget-text-editor\" data-id=\"c54237\" data-element_type=\"widget\" data-widget_type=\"text-editor.default\">\n\t\t\t\t<div class=\"elementor-widget-container\">\n\t\t\t\t\t\t\t\t\t<div class=\"row\"  id=\"row-242340806\">\n\n<div class=\"col nobgformobile showonlyonmobile h1onlymobile small-12 large-12\"  ><div class=\"col-inner\"  >\n\n  <div id=\"page-header-392219984\" class=\"page-header-wrapper\">\n  <div class=\"page-title light simple-title\">\n\n    \n    <div class=\"page-title-inner container align-center flex-row medium-flex-wrap row-reverse\" >\n              <div class=\"title-wrapper flex-col text-right medium-text-center\">\n          <h1 class=\"entry-title mb-0\">\n            O FIRMIE          <\/h1>\n        <\/div>\n                    <div class=\"title-content flex-col flex-left text-left medium-text-center\">\n        <div class=\"title-breadcrumbs pb-half pt-half\"><\/div>      <\/div>\n    <\/div><!-- flex-row -->\n\n     \n<style scope=\"scope\">\n\n<\/style>\n  <\/div><!-- .page-title -->\n    <\/div><!-- .page-header-wrapper -->\n  \n\n<\/div><\/div>\n\n<\/div>\n<div class=\"row imagescalebg ofirmie-firma-bg\"  id=\"row-1204662866\">\n\n<div class=\"col small-12 large-12\"  ><div class=\"col-inner\"  >\n\n<div class=\"row\"  id=\"row-133803193\">\n\n<div class=\"col nobgformobile small-12 large-12\"  ><div class=\"col-inner\"  >\n\n  <div id=\"page-header-1737973404\" class=\"page-header-wrapper\">\n  <div class=\"page-title light simple-title\">\n\n    \n    <div class=\"page-title-inner container align-center flex-row medium-flex-wrap row-reverse\" >\n              <div class=\"title-wrapper flex-col text-right medium-text-center\">\n          <h1 class=\"entry-title mb-0\">\n            Z PASJI DO DOSKONA\u0141O\u015aCI          <\/h1>\n        <\/div>\n                    <div class=\"title-content flex-col flex-left text-left medium-text-center\">\n        <div class=\"title-breadcrumbs pb-half pt-half\"><\/div>      <\/div>\n    <\/div><!-- flex-row -->\n\n     \n<style scope=\"scope\">\n\n<\/style>\n  <\/div><!-- .page-title -->\n    <\/div><!-- .page-header-wrapper -->\n  \n\n<\/div><\/div>\n<div class=\"col imagepageonlyformobile imagepageonlyformobileofirmie small-12 large-12\"  ><div class=\"col-inner\"  >\n\n<img fetchpriority=\"high\" decoding=\"async\" class=\"alignnone size-full wp-image-2151\" src=\"http:\/\/bryk.com.pl\/wp-content\/uploads\/2018\/05\/ofirmiefirmabg_full.jpg\" alt=\"\" width=\"1140\" height=\"677\" srcset=\"https:\/\/bryk.com.pl\/wp-content\/uploads\/2018\/05\/ofirmiefirmabg_full.jpg 1140w, https:\/\/bryk.com.pl\/wp-content\/uploads\/2018\/05\/ofirmiefirmabg_full-674x400.jpg 674w, https:\/\/bryk.com.pl\/wp-content\/uploads\/2018\/05\/ofirmiefirmabg_full-768x456.jpg 768w, https:\/\/bryk.com.pl\/wp-content\/uploads\/2018\/05\/ofirmiefirmabg_full-830x493.jpg 830w, https:\/\/bryk.com.pl\/wp-content\/uploads\/2018\/05\/ofirmiefirmabg_full-510x303.jpg 510w\" sizes=\"(max-width: 1140px) 100vw, 1140px\" \/>\n\n<\/div><\/div>\n<div class=\"col medium-3 small-12 large-3\"  ><div class=\"col-inner\"  >\n\n<\/div><\/div>\n<div class=\"col medium-9 small-12 large-9\"  ><div class=\"col-inner\"  >\n<p style=\"text-align: right;\"><b>Firma BRYK sp. z o.o.<\/b><\/p>\n<p style=\"text-align: right;\">zosta\u0142a za\u0142o\u017cona w 2000 roku. Pocz\u0105tkowo koncentrowa\u0142a si\u0119 tylko na dzia\u0142alno\u015bci handlowej. Dzi\u0119ki wsp\u00f3\u0142pracy z najwi\u0119kszymi \u015bwiatowymi producentami, dostarczali\u015bmy polskim klientom najwy\u017cszej jako\u015bci narz\u0119dzia diamentowe do obr\u00f3bki drewna i materia\u0142\u00f3w drewnopochodnych.<\/p>\n<\/div><\/div>\n<div class=\"col medium-5 small-12 large-5\"  ><div class=\"col-inner\"  >\n\n<\/div><\/div>\n<div class=\"col medium-7 small-12 large-7\"  ><div class=\"col-inner\"  >\n<p style=\"text-align: right;\">Prze\u0142omowym momentem by\u0142a inwestycja w nowoczesny park maszynowy w 2006 roku, kt\u00f3ra pozwoli\u0142a nam skupi\u0107 si\u0119 na produkcji oraz \u015bwiadczeniu kompleksowych us\u0142ug posprzeda\u017cowych, takich jak profesjonalny serwis ostrzenia, regeneracja narz\u0119dzi oraz doradztwo technologiczne.<\/p>\n<\/div><\/div>\n\n<\/div>\n<div class=\"row\"  id=\"row-467536667\">\n\n<div class=\"col medium-6 small-12 large-6\"  ><div class=\"col-inner\"  >\n\n<\/div><\/div>\n<div class=\"col medium-6 small-12 large-6\"  ><div class=\"col-inner\"  >\n<p style=\"text-align: right;\">W ostatnich latach intensywnie inwestujemy w badania i rozw\u00f3j R&amp;D, aby nieustannie podnosi\u0107 jako\u015b\u0107 naszych produkt\u00f3w oraz wzmacnia\u0107 nasz\u0105 pozycj\u0119 na rynku. Dzi\u0119ki bliskiej wsp\u00f3\u0142pracy z uczelniami technicznymi i partnerami z Doliny Lotniczej, oferujemy innowacyjne rozwi\u0105zania oraz precyzj\u0119 niezb\u0119dn\u0105 do realizacji najbardziej wymagaj\u0105cych projekt\u00f3w.<\/p>\n<\/div><\/div>\n\n<\/div>\n<div class=\"row\"  id=\"row-1333357831\">\n\n<div class=\"col medium-8 small-12 large-8\"  ><div class=\"col-inner\"  ><\/div><\/div>\n\n\n<\/div>\n\n<\/div><\/div>\n\n\n<style scope=\"scope\">\n\n<\/style>\n<\/div>\t\t\t\t\t\t\t\t<\/div>\n\t\t\t\t<\/div>\n\t\t\t\t\t<\/div>\n\t\t<\/div>\n\t\t\t\t\t<\/div>\n\t\t<\/section>\n\t\t\t\t<\/div>\n\t\t","protected":false},"excerpt":{"rendered":"","protected":false},"author":24783,"featured_media":0,"parent":0,"menu_order":0,"comment_status":"closed","ping_status":"closed","template":"","meta":{"footnotes":""},"class_list":["post-925","page","type-page","status-publish","hentry"],"yoast_head":"<!-- This site is optimized with the Yoast SEO plugin v24.5 - https:\/\/yoast.com\/wordpress\/plugins\/seo\/ -->\n<title>Historia - BRYK - LEAVE A PRECISE MARK<\/title>\n<meta name=\"robots\" content=\"index, follow, max-snippet:-1, max-image-preview:large, max-video-preview:-1\" \/>\n<link rel=\"canonical\" href=\"https:\/\/bryk.com.pl\/?page_id=925\" \/>\n<meta property=\"og:locale\" content=\"pl_PL\" \/>\n<meta property=\"og:type\" content=\"article\" \/>\n<meta property=\"og:title\" content=\"Historia - BRYK - LEAVE A PRECISE MARK\" \/>\n<meta property=\"og:url\" content=\"https:\/\/bryk.com.pl\/?page_id=925\" \/>\n<meta property=\"og:site_name\" content=\"BRYK - LEAVE A PRECISE MARK\" \/>\n<meta property=\"article:publisher\" content=\"https:\/\/www.facebook.com\/ppuhbryk\/\" \/>\n<meta property=\"article:modified_time\" content=\"2024-11-21T13:51:39+00:00\" \/>\n<meta property=\"og:image\" content=\"http:\/\/bryk.com.pl\/wp-content\/uploads\/2018\/05\/ofirmiefirmabg_full.jpg\" \/>\n<meta name=\"twitter:card\" content=\"summary_large_image\" \/>\n<meta name=\"twitter:label1\" content=\"Szacowany czas czytania\" \/>\n\t<meta name=\"twitter:data1\" content=\"2 minuty\" \/>\n<script type=\"application\/ld+json\" class=\"yoast-schema-graph\">{\"@context\":\"https:\/\/schema.org\",\"@graph\":[{\"@type\":\"WebPage\",\"@id\":\"https:\/\/bryk.com.pl\/?page_id=925\",\"url\":\"https:\/\/bryk.com.pl\/?page_id=925\",\"name\":\"Historia - BRYK - LEAVE A PRECISE MARK\",\"isPartOf\":{\"@id\":\"https:\/\/bryk.com.pl\/#website\"},\"primaryImageOfPage\":{\"@id\":\"https:\/\/bryk.com.pl\/?page_id=925#primaryimage\"},\"image\":{\"@id\":\"https:\/\/bryk.com.pl\/?page_id=925#primaryimage\"},\"thumbnailUrl\":\"http:\/\/bryk.com.pl\/wp-content\/uploads\/2018\/05\/ofirmiefirmabg_full.jpg\",\"datePublished\":\"2018-03-03T10:54:20+00:00\",\"dateModified\":\"2024-11-21T13:51:39+00:00\",\"breadcrumb\":{\"@id\":\"https:\/\/bryk.com.pl\/?page_id=925#breadcrumb\"},\"inLanguage\":\"pl-PL\",\"potentialAction\":[{\"@type\":\"ReadAction\",\"target\":[\"https:\/\/bryk.com.pl\/?page_id=925\"]}]},{\"@type\":\"ImageObject\",\"inLanguage\":\"pl-PL\",\"@id\":\"https:\/\/bryk.com.pl\/?page_id=925#primaryimage\",\"url\":\"https:\/\/bryk.com.pl\/wp-content\/uploads\/2018\/05\/ofirmiefirmabg_full.jpg\",\"contentUrl\":\"https:\/\/bryk.com.pl\/wp-content\/uploads\/2018\/05\/ofirmiefirmabg_full.jpg\",\"width\":1140,\"height\":677,\"caption\":\"firma_projekt\"},{\"@type\":\"BreadcrumbList\",\"@id\":\"https:\/\/bryk.com.pl\/?page_id=925#breadcrumb\",\"itemListElement\":[{\"@type\":\"ListItem\",\"position\":1,\"name\":\"Strona g\u0142\u00f3wna\",\"item\":\"https:\/\/bryk.com.pl\/\"},{\"@type\":\"ListItem\",\"position\":2,\"name\":\"Historia\"}]},{\"@type\":\"WebSite\",\"@id\":\"https:\/\/bryk.com.pl\/#website\",\"url\":\"https:\/\/bryk.com.pl\/\",\"name\":\"BRYK - LEAVE A PRECISE MARK\",\"description\":\"Polski producent narz\u0119dzi\",\"potentialAction\":[{\"@type\":\"SearchAction\",\"target\":{\"@type\":\"EntryPoint\",\"urlTemplate\":\"https:\/\/bryk.com.pl\/?s={search_term_string}\"},\"query-input\":{\"@type\":\"PropertyValueSpecification\",\"valueRequired\":true,\"valueName\":\"search_term_string\"}}],\"inLanguage\":\"pl-PL\"}]}<\/script>\n<!-- \/ Yoast SEO plugin. -->","yoast_head_json":{"title":"Historia - BRYK - LEAVE A PRECISE MARK","robots":{"index":"index","follow":"follow","max-snippet":"max-snippet:-1","max-image-preview":"max-image-preview:large","max-video-preview":"max-video-preview:-1"},"canonical":"https:\/\/bryk.com.pl\/?page_id=925","og_locale":"pl_PL","og_type":"article","og_title":"Historia - BRYK - LEAVE A PRECISE MARK","og_url":"https:\/\/bryk.com.pl\/?page_id=925","og_site_name":"BRYK - LEAVE A PRECISE MARK","article_publisher":"https:\/\/www.facebook.com\/ppuhbryk\/","article_modified_time":"2024-11-21T13:51:39+00:00","og_image":[{"url":"http:\/\/bryk.com.pl\/wp-content\/uploads\/2018\/05\/ofirmiefirmabg_full.jpg","type":"","width":"","height":""}],"twitter_card":"summary_large_image","twitter_misc":{"Szacowany czas czytania":"2 minuty"},"schema":{"@context":"https:\/\/schema.org","@graph":[{"@type":"WebPage","@id":"https:\/\/bryk.com.pl\/?page_id=925","url":"https:\/\/bryk.com.pl\/?page_id=925","name":"Historia - BRYK - LEAVE A PRECISE MARK","isPartOf":{"@id":"https:\/\/bryk.com.pl\/#website"},"primaryImageOfPage":{"@id":"https:\/\/bryk.com.pl\/?page_id=925#primaryimage"},"image":{"@id":"https:\/\/bryk.com.pl\/?page_id=925#primaryimage"},"thumbnailUrl":"http:\/\/bryk.com.pl\/wp-content\/uploads\/2018\/05\/ofirmiefirmabg_full.jpg","datePublished":"2018-03-03T10:54:20+00:00","dateModified":"2024-11-21T13:51:39+00:00","breadcrumb":{"@id":"https:\/\/bryk.com.pl\/?page_id=925#breadcrumb"},"inLanguage":"pl-PL","potentialAction":[{"@type":"ReadAction","target":["https:\/\/bryk.com.pl\/?page_id=925"]}]},{"@type":"ImageObject","inLanguage":"pl-PL","@id":"https:\/\/bryk.com.pl\/?page_id=925#primaryimage","url":"https:\/\/bryk.com.pl\/wp-content\/uploads\/2018\/05\/ofirmiefirmabg_full.jpg","contentUrl":"https:\/\/bryk.com.pl\/wp-content\/uploads\/2018\/05\/ofirmiefirmabg_full.jpg","width":1140,"height":677,"caption":"firma_projekt"},{"@type":"BreadcrumbList","@id":"https:\/\/bryk.com.pl\/?page_id=925#breadcrumb","itemListElement":[{"@type":"ListItem","position":1,"name":"Strona g\u0142\u00f3wna","item":"https:\/\/bryk.com.pl\/"},{"@type":"ListItem","position":2,"name":"Historia"}]},{"@type":"WebSite","@id":"https:\/\/bryk.com.pl\/#website","url":"https:\/\/bryk.com.pl\/","name":"BRYK - LEAVE A PRECISE MARK","description":"Polski producent narz\u0119dzi","potentialAction":[{"@type":"SearchAction","target":{"@type":"EntryPoint","urlTemplate":"https:\/\/bryk.com.pl\/?s={search_term_string}"},"query-input":{"@type":"PropertyValueSpecification","valueRequired":true,"valueName":"search_term_string"}}],"inLanguage":"pl-PL"}]}},"_links":{"self":[{"href":"https:\/\/bryk.com.pl\/index.php?rest_route=\/wp\/v2\/pages\/925","targetHints":{"allow":["GET"]}}],"collection":[{"href":"https:\/\/bryk.com.pl\/index.php?rest_route=\/wp\/v2\/pages"}],"about":[{"href":"https:\/\/bryk.com.pl\/index.php?rest_route=\/wp\/v2\/types\/page"}],"author":[{"embeddable":true,"href":"https:\/\/bryk.com.pl\/index.php?rest_route=\/wp\/v2\/users\/24783"}],"replies":[{"embeddable":true,"href":"https:\/\/bryk.com.pl\/index.php?rest_route=%2Fwp%2Fv2%2Fcomments&post=925"}],"version-history":[{"count":23,"href":"https:\/\/bryk.com.pl\/index.php?rest_route=\/wp\/v2\/pages\/925\/revisions"}],"predecessor-version":[{"id":51388,"href":"https:\/\/bryk.com.pl\/index.php?rest_route=\/wp\/v2\/pages\/925\/revisions\/51388"}],"wp:attachment":[{"href":"https:\/\/bryk.com.pl\/index.php?rest_route=%2Fwp%2Fv2%2Fmedia&parent=925"}],"curies":[{"name":"wp","href":"https:\/\/api.w.org\/{rel}","templated":true}]}}