{"id":1098,"date":"2018-03-30T17:39:44","date_gmt":"2018-03-30T15:39:44","guid":{"rendered":"http:\/\/bryk.com.pl\/?post_type=product&#038;p=1098"},"modified":"2019-12-04T10:48:18","modified_gmt":"2019-12-04T09:48:18","slug":"1098","status":"publish","type":"product","link":"https:\/\/bryk.com.pl?product=1098","title":{"rendered":"Frezy Nasadzane REGULOWANE"},"content":{"rendered":"","protected":false},"excerpt":{"rendered":"<p>Nasadzane frezy regulowane stosowane w procesach dwustronnego formatowania p\u0142yty wi\u00f3rowej laminowanej, p\u0142yty oklejanej innymi rodzajami dekor\u00f3w, p\u0142yty MDF i innych materia\u0142\u00f3w drewnopochodnych.<br \/>\nMo\u017cliwo\u015b\u0107 regulacji frez\u00f3w wyd\u0142u\u017ca znacznie ich \u017cywotno\u015b\u0107, a stosowany uk\u0142ad ostrzy jest idealny do obr\u00f3bki wyka\u0144czaj\u0105cej.<\/p>\n<table class=\"table table-bordered extracted-data\">\n<tbody>\n<tr>\n<td>D<\/td>\n<td>B max<\/td>\n<td>b min<\/td>\n<td>d<\/td>\n<td>Z<\/td>\n<td>Kod<\/td>\n<\/tr>\n<tr>\n<td>180<\/td>\n<td>26<\/td>\n<td>18<\/td>\n<td>35<\/td>\n<td>6+6<\/td>\n<td>NPS180123501<\/td>\n<\/tr>\n<tr>\n<td>180<\/td>\n<td>36<\/td>\n<td>30<\/td>\n<td>35<\/td>\n<td>12+12<\/td>\n<td>NPS180243504<\/td>\n<\/tr>\n<tr>\n<td>180<\/td>\n<td>42<\/td>\n<td>30<\/td>\n<td>35<\/td>\n<td>12+12<\/td>\n<td>NPS180243505<\/td>\n<\/tr>\n<tr>\n<td>180<\/td>\n<td>42<\/td>\n<td>30<\/td>\n<td>40<\/td>\n<td>12+12<\/td>\n<td>NPS180244001<\/td>\n<\/tr>\n<tr>\n<td>180<\/td>\n<td>48<\/td>\n<td>32<\/td>\n<td>35<\/td>\n<td>12+12<\/td>\n<td>NPS180243507<\/td>\n<\/tr>\n<tr>\n<td>200<\/td>\n<td>36<\/td>\n<td>30<\/td>\n<td>35<\/td>\n<td>12+12<\/td>\n<td>NPS200243501<\/td>\n<\/tr>\n<tr>\n<td>200<\/td>\n<td>36<\/td>\n<td>30<\/td>\n<td>40<\/td>\n<td>12+12<\/td>\n<td>NPS200244001<\/td>\n<\/tr>\n<tr>\n<td>200<\/td>\n<td>48<\/td>\n<td>32<\/td>\n<td>40<\/td>\n<td>12+12<\/td>\n<td>NPS200244002<\/td>\n<\/tr>\n<tr>\n<td>200<\/td>\n<td>36<\/td>\n<td>30<\/td>\n<td>40<\/td>\n<td>16+16<\/td>\n<td>NPS200324001<\/td>\n<\/tr>\n<\/tbody>\n<\/table>\n<p><img fetchpriority=\"high\" decoding=\"async\" class=\"alignnone size-full wp-image-1559\" src=\"http:\/\/bryk.com.pl\/wp-content\/uploads\/2018\/03\/11_1-1.jpg\" alt=\"\" width=\"1250\" height=\"120\" srcset=\"https:\/\/bryk.com.pl\/wp-content\/uploads\/2018\/03\/11_1-1.jpg 1250w, https:\/\/bryk.com.pl\/wp-content\/uploads\/2018\/03\/11_1-1-800x77.jpg 800w, https:\/\/bryk.com.pl\/wp-content\/uploads\/2018\/03\/11_1-1-768x74.jpg 768w, https:\/\/bryk.com.pl\/wp-content\/uploads\/2018\/03\/11_1-1-830x80.jpg 830w, https:\/\/bryk.com.pl\/wp-content\/uploads\/2018\/03\/11_1-1-510x49.jpg 510w\" sizes=\"(max-width: 1250px) 100vw, 1250px\" \/><\/p>\n","protected":false},"featured_media":2353,"template":"","meta":[],"product_brand":[],"product_cat":[70],"product_tag":[],"class_list":{"0":"post-1098","1":"product","2":"type-product","3":"status-publish","4":"has-post-thumbnail","6":"product_cat-frezy-nasadzane-formatujace","8":"first","9":"instock","10":"shipping-taxable","11":"product-type-simple"},"yoast_head":"<!-- This site is optimized with the Yoast SEO plugin v24.5 - https:\/\/yoast.com\/wordpress\/plugins\/seo\/ -->\n<title>Frezy Nasadzane REGULOWANE - BRYK - LEAVE A PRECISE MARK<\/title>\n<meta name=\"robots\" content=\"index, follow, max-snippet:-1, max-image-preview:large, max-video-preview:-1\" \/>\n<link rel=\"canonical\" href=\"https:\/\/bryk.com.pl\/?product=1098\" \/>\n<meta property=\"og:locale\" content=\"pl_PL\" \/>\n<meta property=\"og:type\" content=\"article\" \/>\n<meta property=\"og:title\" content=\"Frezy Nasadzane REGULOWANE - BRYK - LEAVE A PRECISE MARK\" \/>\n<meta property=\"og:description\" content=\"Nasadzane frezy regulowane stosowane w procesach dwustronnego formatowania p\u0142yty wi\u00f3rowej laminowanej, p\u0142yty oklejanej innymi rodzajami dekor\u00f3w, p\u0142yty MDF i innych materia\u0142\u00f3w drewnopochodnych. Mo\u017cliwo\u015b\u0107 regulacji frez\u00f3w wyd\u0142u\u017ca znacznie ich \u017cywotno\u015b\u0107, a stosowany uk\u0142ad ostrzy jest idealny do obr\u00f3bki wyka\u0144czaj\u0105cej.    D B max b min d Z Kod   180 26 18 35 6+6 NPS180123501   180 36 30 35 12+12 NPS180243504   180 42 30 35 12+12 NPS180243505   180 42 30 40 12+12 NPS180244001   180 48 32 35 12+12 NPS180243507   200 36 30 35 12+12 NPS200243501   200 36 30 40 12+12 NPS200244001   200 48 32 40 12+12 NPS200244002   200 36 30 40 16+16 NPS200324001\" \/>\n<meta property=\"og:url\" content=\"https:\/\/bryk.com.pl\/?product=1098\" \/>\n<meta property=\"og:site_name\" content=\"BRYK - LEAVE A PRECISE MARK\" \/>\n<meta property=\"article:publisher\" content=\"https:\/\/www.facebook.com\/ppuhbryk\/\" \/>\n<meta property=\"article:modified_time\" content=\"2019-12-04T09:48:18+00:00\" \/>\n<meta property=\"og:image\" content=\"https:\/\/bryk.com.pl\/wp-content\/uploads\/2018\/03\/FrezyNasadzaneREGULOWANE.jpg\" \/>\n\t<meta property=\"og:image:width\" content=\"2500\" \/>\n\t<meta property=\"og:image:height\" content=\"2500\" \/>\n\t<meta property=\"og:image:type\" content=\"image\/jpeg\" \/>\n<meta name=\"twitter:card\" content=\"summary_large_image\" \/>\n<script type=\"application\/ld+json\" class=\"yoast-schema-graph\">{\"@context\":\"https:\/\/schema.org\",\"@graph\":[{\"@type\":\"WebPage\",\"@id\":\"https:\/\/bryk.com.pl\/?product=1098\",\"url\":\"https:\/\/bryk.com.pl\/?product=1098\",\"name\":\"Frezy Nasadzane REGULOWANE - BRYK - LEAVE A PRECISE MARK\",\"isPartOf\":{\"@id\":\"https:\/\/bryk.com.pl\/#website\"},\"primaryImageOfPage\":{\"@id\":\"https:\/\/bryk.com.pl\/?product=1098#primaryimage\"},\"image\":{\"@id\":\"https:\/\/bryk.com.pl\/?product=1098#primaryimage\"},\"thumbnailUrl\":\"https:\/\/bryk.com.pl\/wp-content\/uploads\/2018\/03\/FrezyNasadzaneREGULOWANE.jpg\",\"datePublished\":\"2018-03-30T15:39:44+00:00\",\"dateModified\":\"2019-12-04T09:48:18+00:00\",\"breadcrumb\":{\"@id\":\"https:\/\/bryk.com.pl\/?product=1098#breadcrumb\"},\"inLanguage\":\"pl-PL\",\"potentialAction\":[{\"@type\":\"ReadAction\",\"target\":[\"https:\/\/bryk.com.pl\/?product=1098\"]}]},{\"@type\":\"ImageObject\",\"inLanguage\":\"pl-PL\",\"@id\":\"https:\/\/bryk.com.pl\/?product=1098#primaryimage\",\"url\":\"https:\/\/bryk.com.pl\/wp-content\/uploads\/2018\/03\/FrezyNasadzaneREGULOWANE.jpg\",\"contentUrl\":\"https:\/\/bryk.com.pl\/wp-content\/uploads\/2018\/03\/FrezyNasadzaneREGULOWANE.jpg\",\"width\":2500,\"height\":2500,\"caption\":\"FrezyNasadzaneREGULOWANE\"},{\"@type\":\"BreadcrumbList\",\"@id\":\"https:\/\/bryk.com.pl\/?product=1098#breadcrumb\",\"itemListElement\":[{\"@type\":\"ListItem\",\"position\":1,\"name\":\"Strona g\u0142\u00f3wna\",\"item\":\"https:\/\/bryk.com.pl\/\"},{\"@type\":\"ListItem\",\"position\":2,\"name\":\"Products\",\"item\":\"https:\/\/bryk.com.pl\/sklep\/\"},{\"@type\":\"ListItem\",\"position\":3,\"name\":\"Frezy Nasadzane REGULOWANE\"}]},{\"@type\":\"WebSite\",\"@id\":\"https:\/\/bryk.com.pl\/#website\",\"url\":\"https:\/\/bryk.com.pl\/\",\"name\":\"BRYK - LEAVE A PRECISE MARK\",\"description\":\"Polski producent narz\u0119dzi\",\"potentialAction\":[{\"@type\":\"SearchAction\",\"target\":{\"@type\":\"EntryPoint\",\"urlTemplate\":\"https:\/\/bryk.com.pl\/?s={search_term_string}\"},\"query-input\":{\"@type\":\"PropertyValueSpecification\",\"valueRequired\":true,\"valueName\":\"search_term_string\"}}],\"inLanguage\":\"pl-PL\"}]}<\/script>\n<!-- \/ Yoast SEO plugin. -->","yoast_head_json":{"title":"Frezy Nasadzane REGULOWANE - BRYK - LEAVE A PRECISE MARK","robots":{"index":"index","follow":"follow","max-snippet":"max-snippet:-1","max-image-preview":"max-image-preview:large","max-video-preview":"max-video-preview:-1"},"canonical":"https:\/\/bryk.com.pl\/?product=1098","og_locale":"pl_PL","og_type":"article","og_title":"Frezy Nasadzane REGULOWANE - BRYK - LEAVE A PRECISE MARK","og_description":"Nasadzane frezy regulowane stosowane w procesach dwustronnego formatowania p\u0142yty wi\u00f3rowej laminowanej, p\u0142yty oklejanej innymi rodzajami dekor\u00f3w, p\u0142yty MDF i innych materia\u0142\u00f3w drewnopochodnych. Mo\u017cliwo\u015b\u0107 regulacji frez\u00f3w wyd\u0142u\u017ca znacznie ich \u017cywotno\u015b\u0107, a stosowany uk\u0142ad ostrzy jest idealny do obr\u00f3bki wyka\u0144czaj\u0105cej.    D B max b min d Z Kod   180 26 18 35 6+6 NPS180123501   180 36 30 35 12+12 NPS180243504   180 42 30 35 12+12 NPS180243505   180 42 30 40 12+12 NPS180244001   180 48 32 35 12+12 NPS180243507   200 36 30 35 12+12 NPS200243501   200 36 30 40 12+12 NPS200244001   200 48 32 40 12+12 NPS200244002   200 36 30 40 16+16 NPS200324001","og_url":"https:\/\/bryk.com.pl\/?product=1098","og_site_name":"BRYK - LEAVE A PRECISE MARK","article_publisher":"https:\/\/www.facebook.com\/ppuhbryk\/","article_modified_time":"2019-12-04T09:48:18+00:00","og_image":[{"width":2500,"height":2500,"url":"https:\/\/bryk.com.pl\/wp-content\/uploads\/2018\/03\/FrezyNasadzaneREGULOWANE.jpg","type":"image\/jpeg"}],"twitter_card":"summary_large_image","schema":{"@context":"https:\/\/schema.org","@graph":[{"@type":"WebPage","@id":"https:\/\/bryk.com.pl\/?product=1098","url":"https:\/\/bryk.com.pl\/?product=1098","name":"Frezy Nasadzane REGULOWANE - BRYK - LEAVE A PRECISE MARK","isPartOf":{"@id":"https:\/\/bryk.com.pl\/#website"},"primaryImageOfPage":{"@id":"https:\/\/bryk.com.pl\/?product=1098#primaryimage"},"image":{"@id":"https:\/\/bryk.com.pl\/?product=1098#primaryimage"},"thumbnailUrl":"https:\/\/bryk.com.pl\/wp-content\/uploads\/2018\/03\/FrezyNasadzaneREGULOWANE.jpg","datePublished":"2018-03-30T15:39:44+00:00","dateModified":"2019-12-04T09:48:18+00:00","breadcrumb":{"@id":"https:\/\/bryk.com.pl\/?product=1098#breadcrumb"},"inLanguage":"pl-PL","potentialAction":[{"@type":"ReadAction","target":["https:\/\/bryk.com.pl\/?product=1098"]}]},{"@type":"ImageObject","inLanguage":"pl-PL","@id":"https:\/\/bryk.com.pl\/?product=1098#primaryimage","url":"https:\/\/bryk.com.pl\/wp-content\/uploads\/2018\/03\/FrezyNasadzaneREGULOWANE.jpg","contentUrl":"https:\/\/bryk.com.pl\/wp-content\/uploads\/2018\/03\/FrezyNasadzaneREGULOWANE.jpg","width":2500,"height":2500,"caption":"FrezyNasadzaneREGULOWANE"},{"@type":"BreadcrumbList","@id":"https:\/\/bryk.com.pl\/?product=1098#breadcrumb","itemListElement":[{"@type":"ListItem","position":1,"name":"Strona g\u0142\u00f3wna","item":"https:\/\/bryk.com.pl\/"},{"@type":"ListItem","position":2,"name":"Products","item":"https:\/\/bryk.com.pl\/sklep\/"},{"@type":"ListItem","position":3,"name":"Frezy Nasadzane REGULOWANE"}]},{"@type":"WebSite","@id":"https:\/\/bryk.com.pl\/#website","url":"https:\/\/bryk.com.pl\/","name":"BRYK - LEAVE A PRECISE MARK","description":"Polski producent narz\u0119dzi","potentialAction":[{"@type":"SearchAction","target":{"@type":"EntryPoint","urlTemplate":"https:\/\/bryk.com.pl\/?s={search_term_string}"},"query-input":{"@type":"PropertyValueSpecification","valueRequired":true,"valueName":"search_term_string"}}],"inLanguage":"pl-PL"}]}},"_links":{"self":[{"href":"https:\/\/bryk.com.pl\/index.php?rest_route=\/wp\/v2\/product\/1098","targetHints":{"allow":["GET"]}}],"collection":[{"href":"https:\/\/bryk.com.pl\/index.php?rest_route=\/wp\/v2\/product"}],"about":[{"href":"https:\/\/bryk.com.pl\/index.php?rest_route=\/wp\/v2\/types\/product"}],"wp:featuredmedia":[{"embeddable":true,"href":"https:\/\/bryk.com.pl\/index.php?rest_route=\/wp\/v2\/media\/2353"}],"wp:attachment":[{"href":"https:\/\/bryk.com.pl\/index.php?rest_route=%2Fwp%2Fv2%2Fmedia&parent=1098"}],"wp:term":[{"taxonomy":"product_brand","embeddable":true,"href":"https:\/\/bryk.com.pl\/index.php?rest_route=%2Fwp%2Fv2%2Fproduct_brand&post=1098"},{"taxonomy":"product_cat","embeddable":true,"href":"https:\/\/bryk.com.pl\/index.php?rest_route=%2Fwp%2Fv2%2Fproduct_cat&post=1098"},{"taxonomy":"product_tag","embeddable":true,"href":"https:\/\/bryk.com.pl\/index.php?rest_route=%2Fwp%2Fv2%2Fproduct_tag&post=1098"}],"curies":[{"name":"wp","href":"https:\/\/api.w.org\/{rel}","templated":true}]}}