{"id":1099,"date":"2018-03-30T17:40:18","date_gmt":"2018-03-30T15:40:18","guid":{"rendered":"http:\/\/bryk.com.pl\/?post_type=product&#038;p=1099"},"modified":"2019-12-10T11:33:05","modified_gmt":"2019-12-10T10:33:05","slug":"1099","status":"publish","type":"product","link":"https:\/\/bryk.com.pl?product=1099","title":{"rendered":"Frezy Nasadzane  LITE"},"content":{"rendered":"","protected":false},"excerpt":{"rendered":"<p>Frezy nasadzane stosowane w procesach dwustronnego formatowania p\u0142yty wi\u00f3rowej laminowanej, p\u0142yty oklejanej innymi rodzajami dekor\u00f3w, p\u0142yty MDF i innych materia\u0142\u00f3w drewnopochodnych.<br \/>\nOptymalnie dobrane katy ostrzy zapewniaj\u0105 wysoka jako\u015b\u0107 obr\u00f3bki oraz bardzo d\u0142uga \u017cywotno\u015b\u0107 .<\/p>\n<table class=\"table table-bordered extracted-data\">\n<tbody>\n<tr>\n<td>D<\/td>\n<td>B<\/td>\n<td>b<\/td>\n<td>d<\/td>\n<td>Z<\/td>\n<td><\/td>\n<td>Kod<\/td>\n<\/tr>\n<tr>\n<td>180<\/td>\n<td>34<\/td>\n<td>36<\/td>\n<td>36<\/td>\n<td>6+6<\/td>\n<td>symetryczne<\/td>\n<td>NPL180243501<\/td>\n<\/tr>\n<tr>\n<td>180<\/td>\n<td>44<\/td>\n<td>46<\/td>\n<td>35<\/td>\n<td>6+6<\/td>\n<td>symetryczne<\/td>\n<td>NPL180243502<\/td>\n<\/tr>\n<tr>\n<td>180<\/td>\n<td>34<\/td>\n<td>36<\/td>\n<td>40<\/td>\n<td>6+6<\/td>\n<td>symetryczne<\/td>\n<td>NPL180244003<\/td>\n<\/tr>\n<tr>\n<td>180<\/td>\n<td>44<\/td>\n<td>46<\/td>\n<td>40<\/td>\n<td>6+6<\/td>\n<td>symetryczne<\/td>\n<td>NPL180244002<\/td>\n<\/tr>\n<tr>\n<td>180<\/td>\n<td>44<\/td>\n<td>48<\/td>\n<td>60<\/td>\n<td>6+6<\/td>\n<td>symetryczne<\/td>\n<td>NPL180246001<\/td>\n<\/tr>\n<tr>\n<td>180<\/td>\n<td>63<\/td>\n<td>65<\/td>\n<td>40<\/td>\n<td>6+6<\/td>\n<td>a-symetryczne<\/td>\n<td>NPL180304001L\/R<\/td>\n<\/tr>\n<tr>\n<td>180<\/td>\n<td>42<\/td>\n<td>42<\/td>\n<td>35<\/td>\n<td>8+8<\/td>\n<td>symetryczne<\/td>\n<td>NPL180323501<\/td>\n<\/tr>\n<tr>\n<td>180<\/td>\n<td>44<\/td>\n<td>46<\/td>\n<td>35<\/td>\n<td>8+8<\/td>\n<td>a-symetryczne<\/td>\n<td>NPL180403501L\/R<\/td>\n<\/tr>\n<tr>\n<td>180<\/td>\n<td>44<\/td>\n<td>64<\/td>\n<td>60<\/td>\n<td>8+8<\/td>\n<td>a-symetryczne<\/td>\n<td>NPL180406001L\/R<\/td>\n<\/tr>\n<tr>\n<td>180<\/td>\n<td>64<\/td>\n<td>66<\/td>\n<td>60<\/td>\n<td>8+8<\/td>\n<td>a-symetryczne<\/td>\n<td>NPL180646001L\/R<\/td>\n<\/tr>\n<tr>\n<td>200<\/td>\n<td>42<\/td>\n<td>42<\/td>\n<td>35<\/td>\n<td>6+6<\/td>\n<td>symetryczne<\/td>\n<td>NPL200243501<\/td>\n<\/tr>\n<tr>\n<td>200<\/td>\n<td>42<\/td>\n<td>42<\/td>\n<td>40<\/td>\n<td>6+6<\/td>\n<td>symetryczne<\/td>\n<td>NPL200244001<\/td>\n<\/tr>\n<tr>\n<td>200<\/td>\n<td>63<\/td>\n<td>65<\/td>\n<td>60<\/td>\n<td>6+6<\/td>\n<td>a-symetryczne<\/td>\n<td>NPL200304001L\/R<\/td>\n<\/tr>\n<tr>\n<td>200<\/td>\n<td>42<\/td>\n<td>42<\/td>\n<td>40<\/td>\n<td>8+8<\/td>\n<td>symetryczne<\/td>\n<td>NPL200304001L\/R<\/td>\n<\/tr>\n<\/tbody>\n<\/table>\n<p><img fetchpriority=\"high\" decoding=\"async\" class=\"alignnone size-full wp-image-1560\" src=\"http:\/\/bryk.com.pl\/wp-content\/uploads\/2018\/03\/12_1-2.jpg\" alt=\"\" width=\"1250\" height=\"120\" srcset=\"https:\/\/bryk.com.pl\/wp-content\/uploads\/2018\/03\/12_1-2.jpg 1250w, https:\/\/bryk.com.pl\/wp-content\/uploads\/2018\/03\/12_1-2-800x77.jpg 800w, https:\/\/bryk.com.pl\/wp-content\/uploads\/2018\/03\/12_1-2-768x74.jpg 768w, https:\/\/bryk.com.pl\/wp-content\/uploads\/2018\/03\/12_1-2-830x80.jpg 830w, https:\/\/bryk.com.pl\/wp-content\/uploads\/2018\/03\/12_1-2-510x49.jpg 510w\" sizes=\"(max-width: 1250px) 100vw, 1250px\" \/><\/p>\n","protected":false},"featured_media":2349,"template":"","meta":[],"product_brand":[],"product_cat":[70],"product_tag":[],"class_list":{"0":"post-1099","1":"product","2":"type-product","3":"status-publish","4":"has-post-thumbnail","6":"product_cat-frezy-nasadzane-formatujace","8":"first","9":"instock","10":"shipping-taxable","11":"product-type-simple"},"yoast_head":"<!-- This site is optimized with the Yoast SEO plugin v24.5 - https:\/\/yoast.com\/wordpress\/plugins\/seo\/ -->\n<title>Frezy Nasadzane LITE - BRYK - LEAVE A PRECISE MARK<\/title>\n<meta name=\"robots\" content=\"index, follow, max-snippet:-1, max-image-preview:large, max-video-preview:-1\" \/>\n<link rel=\"canonical\" href=\"https:\/\/bryk.com.pl\/?product=1099\" \/>\n<meta property=\"og:locale\" content=\"pl_PL\" \/>\n<meta property=\"og:type\" content=\"article\" \/>\n<meta property=\"og:title\" content=\"Frezy Nasadzane LITE - BRYK - LEAVE A PRECISE MARK\" \/>\n<meta property=\"og:description\" content=\"Frezy nasadzane stosowane w procesach dwustronnego formatowania p\u0142yty wi\u00f3rowej laminowanej, p\u0142yty oklejanej innymi rodzajami dekor\u00f3w, p\u0142yty MDF i innych materia\u0142\u00f3w drewnopochodnych. Optymalnie dobrane katy ostrzy zapewniaj\u0105 wysoka jako\u015b\u0107 obr\u00f3bki oraz bardzo d\u0142uga \u017cywotno\u015b\u0107 .    D B b d Z  Kod   180 34 36 36 6+6 symetryczne NPL180243501   180 44 46 35 6+6 symetryczne NPL180243502   180 34 36 40 6+6 symetryczne NPL180244003   180 44 46 40 6+6 symetryczne NPL180244002   180 44 48 60 6+6 symetryczne NPL180246001   180 63 65 40 6+6 a-symetryczne NPL180304001L\/R   180 42 42 35 8+8 symetryczne NPL180323501   180 44 46 35 8+8 a-symetryczne NPL180403501L\/R   180 44 64 60 8+8 a-symetryczne NPL180406001L\/R   180 64 66 60 8+8 a-symetryczne NPL180646001L\/R   200 42 42 35 6+6 symetryczne NPL200243501   200 42 42 40 6+6 symetryczne NPL200244001   200 63 65 60 6+6 a-symetryczne NPL200304001L\/R   200 42 42 40 8+8 symetryczne NPL200304001L\/R\" \/>\n<meta property=\"og:url\" content=\"https:\/\/bryk.com.pl\/?product=1099\" \/>\n<meta property=\"og:site_name\" content=\"BRYK - LEAVE A PRECISE MARK\" \/>\n<meta property=\"article:publisher\" content=\"https:\/\/www.facebook.com\/ppuhbryk\/\" \/>\n<meta property=\"article:modified_time\" content=\"2019-12-10T10:33:05+00:00\" \/>\n<meta property=\"og:image\" content=\"https:\/\/bryk.com.pl\/wp-content\/uploads\/2018\/03\/FrezyNasadzaneLITE.jpg\" \/>\n\t<meta property=\"og:image:width\" content=\"2500\" \/>\n\t<meta property=\"og:image:height\" content=\"2500\" \/>\n\t<meta property=\"og:image:type\" content=\"image\/jpeg\" \/>\n<meta name=\"twitter:card\" content=\"summary_large_image\" \/>\n<script type=\"application\/ld+json\" class=\"yoast-schema-graph\">{\"@context\":\"https:\/\/schema.org\",\"@graph\":[{\"@type\":\"WebPage\",\"@id\":\"https:\/\/bryk.com.pl\/?product=1099\",\"url\":\"https:\/\/bryk.com.pl\/?product=1099\",\"name\":\"Frezy Nasadzane LITE - BRYK - LEAVE A PRECISE MARK\",\"isPartOf\":{\"@id\":\"https:\/\/bryk.com.pl\/#website\"},\"primaryImageOfPage\":{\"@id\":\"https:\/\/bryk.com.pl\/?product=1099#primaryimage\"},\"image\":{\"@id\":\"https:\/\/bryk.com.pl\/?product=1099#primaryimage\"},\"thumbnailUrl\":\"https:\/\/bryk.com.pl\/wp-content\/uploads\/2018\/03\/FrezyNasadzaneLITE.jpg\",\"datePublished\":\"2018-03-30T15:40:18+00:00\",\"dateModified\":\"2019-12-10T10:33:05+00:00\",\"breadcrumb\":{\"@id\":\"https:\/\/bryk.com.pl\/?product=1099#breadcrumb\"},\"inLanguage\":\"pl-PL\",\"potentialAction\":[{\"@type\":\"ReadAction\",\"target\":[\"https:\/\/bryk.com.pl\/?product=1099\"]}]},{\"@type\":\"ImageObject\",\"inLanguage\":\"pl-PL\",\"@id\":\"https:\/\/bryk.com.pl\/?product=1099#primaryimage\",\"url\":\"https:\/\/bryk.com.pl\/wp-content\/uploads\/2018\/03\/FrezyNasadzaneLITE.jpg\",\"contentUrl\":\"https:\/\/bryk.com.pl\/wp-content\/uploads\/2018\/03\/FrezyNasadzaneLITE.jpg\",\"width\":2500,\"height\":2500,\"caption\":\"FrezyNasadzaneLITE\"},{\"@type\":\"BreadcrumbList\",\"@id\":\"https:\/\/bryk.com.pl\/?product=1099#breadcrumb\",\"itemListElement\":[{\"@type\":\"ListItem\",\"position\":1,\"name\":\"Strona g\u0142\u00f3wna\",\"item\":\"https:\/\/bryk.com.pl\/\"},{\"@type\":\"ListItem\",\"position\":2,\"name\":\"Products\",\"item\":\"https:\/\/bryk.com.pl\/sklep\/\"},{\"@type\":\"ListItem\",\"position\":3,\"name\":\"Frezy Nasadzane LITE\"}]},{\"@type\":\"WebSite\",\"@id\":\"https:\/\/bryk.com.pl\/#website\",\"url\":\"https:\/\/bryk.com.pl\/\",\"name\":\"BRYK - LEAVE A PRECISE MARK\",\"description\":\"Polski producent narz\u0119dzi\",\"potentialAction\":[{\"@type\":\"SearchAction\",\"target\":{\"@type\":\"EntryPoint\",\"urlTemplate\":\"https:\/\/bryk.com.pl\/?s={search_term_string}\"},\"query-input\":{\"@type\":\"PropertyValueSpecification\",\"valueRequired\":true,\"valueName\":\"search_term_string\"}}],\"inLanguage\":\"pl-PL\"}]}<\/script>\n<!-- \/ Yoast SEO plugin. -->","yoast_head_json":{"title":"Frezy Nasadzane LITE - BRYK - LEAVE A PRECISE MARK","robots":{"index":"index","follow":"follow","max-snippet":"max-snippet:-1","max-image-preview":"max-image-preview:large","max-video-preview":"max-video-preview:-1"},"canonical":"https:\/\/bryk.com.pl\/?product=1099","og_locale":"pl_PL","og_type":"article","og_title":"Frezy Nasadzane LITE - BRYK - LEAVE A PRECISE MARK","og_description":"Frezy nasadzane stosowane w procesach dwustronnego formatowania p\u0142yty wi\u00f3rowej laminowanej, p\u0142yty oklejanej innymi rodzajami dekor\u00f3w, p\u0142yty MDF i innych materia\u0142\u00f3w drewnopochodnych. Optymalnie dobrane katy ostrzy zapewniaj\u0105 wysoka jako\u015b\u0107 obr\u00f3bki oraz bardzo d\u0142uga \u017cywotno\u015b\u0107 .    D B b d Z  Kod   180 34 36 36 6+6 symetryczne NPL180243501   180 44 46 35 6+6 symetryczne NPL180243502   180 34 36 40 6+6 symetryczne NPL180244003   180 44 46 40 6+6 symetryczne NPL180244002   180 44 48 60 6+6 symetryczne NPL180246001   180 63 65 40 6+6 a-symetryczne NPL180304001L\/R   180 42 42 35 8+8 symetryczne NPL180323501   180 44 46 35 8+8 a-symetryczne NPL180403501L\/R   180 44 64 60 8+8 a-symetryczne NPL180406001L\/R   180 64 66 60 8+8 a-symetryczne NPL180646001L\/R   200 42 42 35 6+6 symetryczne NPL200243501   200 42 42 40 6+6 symetryczne NPL200244001   200 63 65 60 6+6 a-symetryczne NPL200304001L\/R   200 42 42 40 8+8 symetryczne NPL200304001L\/R","og_url":"https:\/\/bryk.com.pl\/?product=1099","og_site_name":"BRYK - LEAVE A PRECISE MARK","article_publisher":"https:\/\/www.facebook.com\/ppuhbryk\/","article_modified_time":"2019-12-10T10:33:05+00:00","og_image":[{"width":2500,"height":2500,"url":"https:\/\/bryk.com.pl\/wp-content\/uploads\/2018\/03\/FrezyNasadzaneLITE.jpg","type":"image\/jpeg"}],"twitter_card":"summary_large_image","schema":{"@context":"https:\/\/schema.org","@graph":[{"@type":"WebPage","@id":"https:\/\/bryk.com.pl\/?product=1099","url":"https:\/\/bryk.com.pl\/?product=1099","name":"Frezy Nasadzane LITE - BRYK - LEAVE A PRECISE MARK","isPartOf":{"@id":"https:\/\/bryk.com.pl\/#website"},"primaryImageOfPage":{"@id":"https:\/\/bryk.com.pl\/?product=1099#primaryimage"},"image":{"@id":"https:\/\/bryk.com.pl\/?product=1099#primaryimage"},"thumbnailUrl":"https:\/\/bryk.com.pl\/wp-content\/uploads\/2018\/03\/FrezyNasadzaneLITE.jpg","datePublished":"2018-03-30T15:40:18+00:00","dateModified":"2019-12-10T10:33:05+00:00","breadcrumb":{"@id":"https:\/\/bryk.com.pl\/?product=1099#breadcrumb"},"inLanguage":"pl-PL","potentialAction":[{"@type":"ReadAction","target":["https:\/\/bryk.com.pl\/?product=1099"]}]},{"@type":"ImageObject","inLanguage":"pl-PL","@id":"https:\/\/bryk.com.pl\/?product=1099#primaryimage","url":"https:\/\/bryk.com.pl\/wp-content\/uploads\/2018\/03\/FrezyNasadzaneLITE.jpg","contentUrl":"https:\/\/bryk.com.pl\/wp-content\/uploads\/2018\/03\/FrezyNasadzaneLITE.jpg","width":2500,"height":2500,"caption":"FrezyNasadzaneLITE"},{"@type":"BreadcrumbList","@id":"https:\/\/bryk.com.pl\/?product=1099#breadcrumb","itemListElement":[{"@type":"ListItem","position":1,"name":"Strona g\u0142\u00f3wna","item":"https:\/\/bryk.com.pl\/"},{"@type":"ListItem","position":2,"name":"Products","item":"https:\/\/bryk.com.pl\/sklep\/"},{"@type":"ListItem","position":3,"name":"Frezy Nasadzane LITE"}]},{"@type":"WebSite","@id":"https:\/\/bryk.com.pl\/#website","url":"https:\/\/bryk.com.pl\/","name":"BRYK - LEAVE A PRECISE MARK","description":"Polski producent narz\u0119dzi","potentialAction":[{"@type":"SearchAction","target":{"@type":"EntryPoint","urlTemplate":"https:\/\/bryk.com.pl\/?s={search_term_string}"},"query-input":{"@type":"PropertyValueSpecification","valueRequired":true,"valueName":"search_term_string"}}],"inLanguage":"pl-PL"}]}},"_links":{"self":[{"href":"https:\/\/bryk.com.pl\/index.php?rest_route=\/wp\/v2\/product\/1099","targetHints":{"allow":["GET"]}}],"collection":[{"href":"https:\/\/bryk.com.pl\/index.php?rest_route=\/wp\/v2\/product"}],"about":[{"href":"https:\/\/bryk.com.pl\/index.php?rest_route=\/wp\/v2\/types\/product"}],"wp:featuredmedia":[{"embeddable":true,"href":"https:\/\/bryk.com.pl\/index.php?rest_route=\/wp\/v2\/media\/2349"}],"wp:attachment":[{"href":"https:\/\/bryk.com.pl\/index.php?rest_route=%2Fwp%2Fv2%2Fmedia&parent=1099"}],"wp:term":[{"taxonomy":"product_brand","embeddable":true,"href":"https:\/\/bryk.com.pl\/index.php?rest_route=%2Fwp%2Fv2%2Fproduct_brand&post=1099"},{"taxonomy":"product_cat","embeddable":true,"href":"https:\/\/bryk.com.pl\/index.php?rest_route=%2Fwp%2Fv2%2Fproduct_cat&post=1099"},{"taxonomy":"product_tag","embeddable":true,"href":"https:\/\/bryk.com.pl\/index.php?rest_route=%2Fwp%2Fv2%2Fproduct_tag&post=1099"}],"curies":[{"name":"wp","href":"https:\/\/api.w.org\/{rel}","templated":true}]}}