{"id":1103,"date":"2018-03-30T17:49:06","date_gmt":"2018-03-30T15:49:06","guid":{"rendered":"http:\/\/bryk.com.pl\/?post_type=product&#038;p=1103"},"modified":"2019-12-10T11:32:23","modified_gmt":"2019-12-10T10:32:23","slug":"1103","status":"publish","type":"product","link":"https:\/\/bryk.com.pl?product=1103","title":{"rendered":"FREZY ROWKUJ\u0104CE"},"content":{"rendered":"","protected":false},"excerpt":{"rendered":"<p>Frezy rowkuj\u0105ce stosowane na maszynach typu, okleiniarki b\u0105d\u017a formatyzerko-okleiniarka.<br \/>\nIlo\u015b\u0107 ostrzy uzale\u017cniona jest od: posuwu, materia\u0142u oraz zak\u0142adanej jako\u015bci powierzchni.<\/p>\n<table class=\"table table-bordered extracted-data\">\n<tbody>\n<tr>\n<td>D<\/td>\n<td>B<\/td>\n<td>b<\/td>\n<td>d<\/td>\n<td>Z<\/td>\n<td>Kod<\/td>\n<\/tr>\n<tr>\n<td>125<\/td>\n<td>3,2<\/td>\n<td>2,2<\/td>\n<td>30<\/td>\n<td>24<\/td>\n<td>PD125243005<\/td>\n<\/tr>\n<tr>\n<td>150<\/td>\n<td>3,2<\/td>\n<td>2,2<\/td>\n<td>30<\/td>\n<td>36<\/td>\n<td>PD150363008<\/td>\n<\/tr>\n<tr>\n<td>180<\/td>\n<td>3,2<\/td>\n<td>2,2<\/td>\n<td>30<\/td>\n<td>42<\/td>\n<td>PD180423001<\/td>\n<\/tr>\n<tr>\n<td>200<\/td>\n<td>3,2<\/td>\n<td>2,2<\/td>\n<td>30<\/td>\n<td>36<\/td>\n<td>PD200363002<\/td>\n<\/tr>\n<tr>\n<td>150<\/td>\n<td>3,5<\/td>\n<td>2,2<\/td>\n<td>40<\/td>\n<td>24<\/td>\n<td>PD150244002<\/td>\n<\/tr>\n<tr>\n<td>180<\/td>\n<td>3,5<\/td>\n<td>2,2<\/td>\n<td>80<\/td>\n<td>42<\/td>\n<td>PD180428002<\/td>\n<\/tr>\n<tr>\n<td>100<\/td>\n<td>4,0<\/td>\n<td>3,2<\/td>\n<td>22<\/td>\n<td>18<\/td>\n<td>PD100182201<\/td>\n<\/tr>\n<tr>\n<td>120<\/td>\n<td>4,0<\/td>\n<td>3,2<\/td>\n<td>25<\/td>\n<td>24<\/td>\n<td>PD120242502<\/td>\n<\/tr>\n<tr>\n<td>150<\/td>\n<td>4,0<\/td>\n<td>3,2<\/td>\n<td>30<\/td>\n<td>36<\/td>\n<td>PD150363001<\/td>\n<\/tr>\n<tr>\n<td>180<\/td>\n<td>4,0<\/td>\n<td>3,2<\/td>\n<td>80<\/td>\n<td>42<\/td>\n<td>PD180428002<\/td>\n<\/tr>\n<tr>\n<td>200<\/td>\n<td>4,0<\/td>\n<td>3,2<\/td>\n<td>80<\/td>\n<td>36<\/td>\n<td>PD200368001<\/td>\n<\/tr>\n<\/tbody>\n<\/table>\n<p><img fetchpriority=\"high\" decoding=\"async\" class=\"alignnone size-full wp-image-1566\" src=\"http:\/\/bryk.com.pl\/wp-content\/uploads\/2018\/03\/18_1.jpg\" alt=\"\" width=\"1250\" height=\"120\" srcset=\"https:\/\/bryk.com.pl\/wp-content\/uploads\/2018\/03\/18_1.jpg 1250w, https:\/\/bryk.com.pl\/wp-content\/uploads\/2018\/03\/18_1-800x77.jpg 800w, https:\/\/bryk.com.pl\/wp-content\/uploads\/2018\/03\/18_1-768x74.jpg 768w, https:\/\/bryk.com.pl\/wp-content\/uploads\/2018\/03\/18_1-830x80.jpg 830w, https:\/\/bryk.com.pl\/wp-content\/uploads\/2018\/03\/18_1-510x49.jpg 510w\" sizes=\"(max-width: 1250px) 100vw, 1250px\" \/><\/p>\n","protected":false},"featured_media":2363,"template":"","meta":[],"product_brand":[],"product_cat":[169],"product_tag":[],"class_list":{"0":"post-1103","1":"product","2":"type-product","3":"status-publish","4":"has-post-thumbnail","6":"product_cat-frezy-rowkujace","8":"first","9":"instock","10":"shipping-taxable","11":"product-type-simple"},"yoast_head":"<!-- This site is optimized with the Yoast SEO plugin v24.5 - https:\/\/yoast.com\/wordpress\/plugins\/seo\/ -->\n<title>FREZY ROWKUJ\u0104CE - BRYK - LEAVE A PRECISE MARK<\/title>\n<meta name=\"robots\" content=\"index, follow, max-snippet:-1, max-image-preview:large, max-video-preview:-1\" \/>\n<link rel=\"canonical\" href=\"https:\/\/bryk.com.pl\/?product=1103\" \/>\n<meta property=\"og:locale\" content=\"pl_PL\" \/>\n<meta property=\"og:type\" content=\"article\" \/>\n<meta property=\"og:title\" content=\"FREZY ROWKUJ\u0104CE - BRYK - LEAVE A PRECISE MARK\" \/>\n<meta property=\"og:description\" content=\"Frezy rowkuj\u0105ce stosowane na maszynach typu, okleiniarki b\u0105d\u017a formatyzerko-okleiniarka. Ilo\u015b\u0107 ostrzy uzale\u017cniona jest od: posuwu, materia\u0142u oraz zak\u0142adanej jako\u015bci powierzchni.    D B b d Z Kod   125 3,2 2,2 30 24 PD125243005   150 3,2 2,2 30 36 PD150363008   180 3,2 2,2 30 42 PD180423001   200 3,2 2,2 30 36 PD200363002   150 3,5 2,2 40 24 PD150244002   180 3,5 2,2 80 42 PD180428002   100 4,0 3,2 22 18 PD100182201   120 4,0 3,2 25 24 PD120242502   150 4,0 3,2 30 36 PD150363001   180 4,0 3,2 80 42 PD180428002   200 4,0 3,2 80 36 PD200368001\" \/>\n<meta property=\"og:url\" content=\"https:\/\/bryk.com.pl\/?product=1103\" \/>\n<meta property=\"og:site_name\" content=\"BRYK - LEAVE A PRECISE MARK\" \/>\n<meta property=\"article:publisher\" content=\"https:\/\/www.facebook.com\/ppuhbryk\/\" \/>\n<meta property=\"article:modified_time\" content=\"2019-12-10T10:32:23+00:00\" \/>\n<meta property=\"og:image\" content=\"https:\/\/bryk.com.pl\/wp-content\/uploads\/2018\/03\/FrezyRowkujace.jpg\" \/>\n\t<meta property=\"og:image:width\" content=\"2500\" \/>\n\t<meta property=\"og:image:height\" content=\"2500\" \/>\n\t<meta property=\"og:image:type\" content=\"image\/jpeg\" \/>\n<meta name=\"twitter:card\" content=\"summary_large_image\" \/>\n<script type=\"application\/ld+json\" class=\"yoast-schema-graph\">{\"@context\":\"https:\/\/schema.org\",\"@graph\":[{\"@type\":\"WebPage\",\"@id\":\"https:\/\/bryk.com.pl\/?product=1103\",\"url\":\"https:\/\/bryk.com.pl\/?product=1103\",\"name\":\"FREZY ROWKUJ\u0104CE - BRYK - LEAVE A PRECISE MARK\",\"isPartOf\":{\"@id\":\"https:\/\/bryk.com.pl\/#website\"},\"primaryImageOfPage\":{\"@id\":\"https:\/\/bryk.com.pl\/?product=1103#primaryimage\"},\"image\":{\"@id\":\"https:\/\/bryk.com.pl\/?product=1103#primaryimage\"},\"thumbnailUrl\":\"https:\/\/bryk.com.pl\/wp-content\/uploads\/2018\/03\/FrezyRowkujace.jpg\",\"datePublished\":\"2018-03-30T15:49:06+00:00\",\"dateModified\":\"2019-12-10T10:32:23+00:00\",\"breadcrumb\":{\"@id\":\"https:\/\/bryk.com.pl\/?product=1103#breadcrumb\"},\"inLanguage\":\"pl-PL\",\"potentialAction\":[{\"@type\":\"ReadAction\",\"target\":[\"https:\/\/bryk.com.pl\/?product=1103\"]}]},{\"@type\":\"ImageObject\",\"inLanguage\":\"pl-PL\",\"@id\":\"https:\/\/bryk.com.pl\/?product=1103#primaryimage\",\"url\":\"https:\/\/bryk.com.pl\/wp-content\/uploads\/2018\/03\/FrezyRowkujace.jpg\",\"contentUrl\":\"https:\/\/bryk.com.pl\/wp-content\/uploads\/2018\/03\/FrezyRowkujace.jpg\",\"width\":2500,\"height\":2500,\"caption\":\"FrezyRowkujace\"},{\"@type\":\"BreadcrumbList\",\"@id\":\"https:\/\/bryk.com.pl\/?product=1103#breadcrumb\",\"itemListElement\":[{\"@type\":\"ListItem\",\"position\":1,\"name\":\"Strona g\u0142\u00f3wna\",\"item\":\"https:\/\/bryk.com.pl\/\"},{\"@type\":\"ListItem\",\"position\":2,\"name\":\"Products\",\"item\":\"https:\/\/bryk.com.pl\/sklep\/\"},{\"@type\":\"ListItem\",\"position\":3,\"name\":\"FREZY ROWKUJ\u0104CE\"}]},{\"@type\":\"WebSite\",\"@id\":\"https:\/\/bryk.com.pl\/#website\",\"url\":\"https:\/\/bryk.com.pl\/\",\"name\":\"BRYK - LEAVE A PRECISE MARK\",\"description\":\"Polski producent narz\u0119dzi\",\"potentialAction\":[{\"@type\":\"SearchAction\",\"target\":{\"@type\":\"EntryPoint\",\"urlTemplate\":\"https:\/\/bryk.com.pl\/?s={search_term_string}\"},\"query-input\":{\"@type\":\"PropertyValueSpecification\",\"valueRequired\":true,\"valueName\":\"search_term_string\"}}],\"inLanguage\":\"pl-PL\"}]}<\/script>\n<!-- \/ Yoast SEO plugin. -->","yoast_head_json":{"title":"FREZY ROWKUJ\u0104CE - BRYK - LEAVE A PRECISE MARK","robots":{"index":"index","follow":"follow","max-snippet":"max-snippet:-1","max-image-preview":"max-image-preview:large","max-video-preview":"max-video-preview:-1"},"canonical":"https:\/\/bryk.com.pl\/?product=1103","og_locale":"pl_PL","og_type":"article","og_title":"FREZY ROWKUJ\u0104CE - BRYK - LEAVE A PRECISE MARK","og_description":"Frezy rowkuj\u0105ce stosowane na maszynach typu, okleiniarki b\u0105d\u017a formatyzerko-okleiniarka. Ilo\u015b\u0107 ostrzy uzale\u017cniona jest od: posuwu, materia\u0142u oraz zak\u0142adanej jako\u015bci powierzchni.    D B b d Z Kod   125 3,2 2,2 30 24 PD125243005   150 3,2 2,2 30 36 PD150363008   180 3,2 2,2 30 42 PD180423001   200 3,2 2,2 30 36 PD200363002   150 3,5 2,2 40 24 PD150244002   180 3,5 2,2 80 42 PD180428002   100 4,0 3,2 22 18 PD100182201   120 4,0 3,2 25 24 PD120242502   150 4,0 3,2 30 36 PD150363001   180 4,0 3,2 80 42 PD180428002   200 4,0 3,2 80 36 PD200368001","og_url":"https:\/\/bryk.com.pl\/?product=1103","og_site_name":"BRYK - LEAVE A PRECISE MARK","article_publisher":"https:\/\/www.facebook.com\/ppuhbryk\/","article_modified_time":"2019-12-10T10:32:23+00:00","og_image":[{"width":2500,"height":2500,"url":"https:\/\/bryk.com.pl\/wp-content\/uploads\/2018\/03\/FrezyRowkujace.jpg","type":"image\/jpeg"}],"twitter_card":"summary_large_image","schema":{"@context":"https:\/\/schema.org","@graph":[{"@type":"WebPage","@id":"https:\/\/bryk.com.pl\/?product=1103","url":"https:\/\/bryk.com.pl\/?product=1103","name":"FREZY ROWKUJ\u0104CE - BRYK - LEAVE A PRECISE MARK","isPartOf":{"@id":"https:\/\/bryk.com.pl\/#website"},"primaryImageOfPage":{"@id":"https:\/\/bryk.com.pl\/?product=1103#primaryimage"},"image":{"@id":"https:\/\/bryk.com.pl\/?product=1103#primaryimage"},"thumbnailUrl":"https:\/\/bryk.com.pl\/wp-content\/uploads\/2018\/03\/FrezyRowkujace.jpg","datePublished":"2018-03-30T15:49:06+00:00","dateModified":"2019-12-10T10:32:23+00:00","breadcrumb":{"@id":"https:\/\/bryk.com.pl\/?product=1103#breadcrumb"},"inLanguage":"pl-PL","potentialAction":[{"@type":"ReadAction","target":["https:\/\/bryk.com.pl\/?product=1103"]}]},{"@type":"ImageObject","inLanguage":"pl-PL","@id":"https:\/\/bryk.com.pl\/?product=1103#primaryimage","url":"https:\/\/bryk.com.pl\/wp-content\/uploads\/2018\/03\/FrezyRowkujace.jpg","contentUrl":"https:\/\/bryk.com.pl\/wp-content\/uploads\/2018\/03\/FrezyRowkujace.jpg","width":2500,"height":2500,"caption":"FrezyRowkujace"},{"@type":"BreadcrumbList","@id":"https:\/\/bryk.com.pl\/?product=1103#breadcrumb","itemListElement":[{"@type":"ListItem","position":1,"name":"Strona g\u0142\u00f3wna","item":"https:\/\/bryk.com.pl\/"},{"@type":"ListItem","position":2,"name":"Products","item":"https:\/\/bryk.com.pl\/sklep\/"},{"@type":"ListItem","position":3,"name":"FREZY ROWKUJ\u0104CE"}]},{"@type":"WebSite","@id":"https:\/\/bryk.com.pl\/#website","url":"https:\/\/bryk.com.pl\/","name":"BRYK - LEAVE A PRECISE MARK","description":"Polski producent narz\u0119dzi","potentialAction":[{"@type":"SearchAction","target":{"@type":"EntryPoint","urlTemplate":"https:\/\/bryk.com.pl\/?s={search_term_string}"},"query-input":{"@type":"PropertyValueSpecification","valueRequired":true,"valueName":"search_term_string"}}],"inLanguage":"pl-PL"}]}},"_links":{"self":[{"href":"https:\/\/bryk.com.pl\/index.php?rest_route=\/wp\/v2\/product\/1103","targetHints":{"allow":["GET"]}}],"collection":[{"href":"https:\/\/bryk.com.pl\/index.php?rest_route=\/wp\/v2\/product"}],"about":[{"href":"https:\/\/bryk.com.pl\/index.php?rest_route=\/wp\/v2\/types\/product"}],"wp:featuredmedia":[{"embeddable":true,"href":"https:\/\/bryk.com.pl\/index.php?rest_route=\/wp\/v2\/media\/2363"}],"wp:attachment":[{"href":"https:\/\/bryk.com.pl\/index.php?rest_route=%2Fwp%2Fv2%2Fmedia&parent=1103"}],"wp:term":[{"taxonomy":"product_brand","embeddable":true,"href":"https:\/\/bryk.com.pl\/index.php?rest_route=%2Fwp%2Fv2%2Fproduct_brand&post=1103"},{"taxonomy":"product_cat","embeddable":true,"href":"https:\/\/bryk.com.pl\/index.php?rest_route=%2Fwp%2Fv2%2Fproduct_cat&post=1103"},{"taxonomy":"product_tag","embeddable":true,"href":"https:\/\/bryk.com.pl\/index.php?rest_route=%2Fwp%2Fv2%2Fproduct_tag&post=1103"}],"curies":[{"name":"wp","href":"https:\/\/api.w.org\/{rel}","templated":true}]}}