{"id":1108,"date":"2018-03-30T17:56:07","date_gmt":"2018-03-30T15:56:07","guid":{"rendered":"http:\/\/bryk.com.pl\/?post_type=product&#038;p=1108"},"modified":"2019-12-10T11:31:36","modified_gmt":"2019-12-10T10:31:36","slug":"1108","status":"publish","type":"product","link":"https:\/\/bryk.com.pl?product=1108","title":{"rendered":"Frezy Trzpieniowe Proste Posuw do 30m\/min"},"content":{"rendered":"","protected":false},"excerpt":{"rendered":"<p>Stosowane na maszynach CNC do frezowania obwiedniowego ,rozcinania, wr\u0119gowania i rowkowania p\u0142yty wi\u00f3rowej laminowanej, p\u0142yty oklejanej innymi rodzajami dekor\u00f3w, p\u0142yty MDF i innych materia\u0142\u00f3w drewnopochodnych.<br \/>\nZoptymalizowany uk\u0142ad ostrzy pozwala osi\u0105ga\u0107 dobra jako\u015b\u0107 ciecia przy du\u017cej \u017cywotno\u015bci.<\/p>\n<table class=\"table table-bordered extracted-data\">\n<tbody>\n<tr>\n<td>D<\/td>\n<td>l<\/td>\n<td>L<\/td>\n<td>L1<\/td>\n<td>d<\/td>\n<td>Z<\/td>\n<td>Kod<\/td>\n<\/tr>\n<tr>\n<td>12<\/td>\n<td>25,0<\/td>\n<td>75<\/td>\n<td>40<\/td>\n<td>12<\/td>\n<td>3+3<\/td>\n<td>TP012121201L\/P<\/td>\n<\/tr>\n<tr>\n<td>12<\/td>\n<td>34,0<\/td>\n<td>82<\/td>\n<td>40<\/td>\n<td>12<\/td>\n<td>3+3<\/td>\n<td>TP012121203L\/P<\/td>\n<\/tr>\n<tr>\n<td>25<\/td>\n<td>36,0<\/td>\n<td>100<\/td>\n<td>50<\/td>\n<td>25<\/td>\n<td>3+3<\/td>\n<td>TP025132501L\/P<\/td>\n<\/tr>\n<tr>\n<td>25<\/td>\n<td>48,0<\/td>\n<td>110<\/td>\n<td>50<\/td>\n<td>25<\/td>\n<td>3+3<\/td>\n<td>TP025162503L\/P<\/td>\n<\/tr>\n<tr>\n<td>25<\/td>\n<td>53,0<\/td>\n<td>115<\/td>\n<td>50<\/td>\n<td>25<\/td>\n<td>3+3<\/td>\n<td>TP025132501L\/P<\/td>\n<\/tr>\n<tr>\n<td>25<\/td>\n<td>64,0<\/td>\n<td>125<\/td>\n<td>50<\/td>\n<td>25<\/td>\n<td>3+3<\/td>\n<td>TP025132501L\/P<\/td>\n<\/tr>\n<\/tbody>\n<\/table>\n<p><img fetchpriority=\"high\" decoding=\"async\" class=\"alignnone size-full wp-image-1573\" src=\"http:\/\/bryk.com.pl\/wp-content\/uploads\/2018\/03\/25_1.jpg\" alt=\"\" width=\"1250\" height=\"258\" srcset=\"https:\/\/bryk.com.pl\/wp-content\/uploads\/2018\/03\/25_1.jpg 1250w, https:\/\/bryk.com.pl\/wp-content\/uploads\/2018\/03\/25_1-800x165.jpg 800w, https:\/\/bryk.com.pl\/wp-content\/uploads\/2018\/03\/25_1-768x159.jpg 768w, https:\/\/bryk.com.pl\/wp-content\/uploads\/2018\/03\/25_1-830x171.jpg 830w, https:\/\/bryk.com.pl\/wp-content\/uploads\/2018\/03\/25_1-510x105.jpg 510w\" sizes=\"(max-width: 1250px) 100vw, 1250px\" \/><\/p>\n","protected":false},"featured_media":2379,"template":"","meta":[],"product_brand":[],"product_cat":[172],"product_tag":[],"class_list":{"0":"post-1108","1":"product","2":"type-product","3":"status-publish","4":"has-post-thumbnail","6":"product_cat-frezy-trzpienowe-proste","8":"first","9":"instock","10":"shipping-taxable","11":"product-type-simple"},"yoast_head":"<!-- This site is optimized with the Yoast SEO plugin v24.5 - https:\/\/yoast.com\/wordpress\/plugins\/seo\/ -->\n<title>Frezy Trzpieniowe Proste Posuw do 30m\/min - BRYK - LEAVE A PRECISE MARK<\/title>\n<meta name=\"robots\" content=\"index, follow, max-snippet:-1, max-image-preview:large, max-video-preview:-1\" \/>\n<link rel=\"canonical\" href=\"https:\/\/bryk.com.pl\/?product=1108\" \/>\n<meta property=\"og:locale\" content=\"pl_PL\" \/>\n<meta property=\"og:type\" content=\"article\" \/>\n<meta property=\"og:title\" content=\"Frezy Trzpieniowe Proste Posuw do 30m\/min - BRYK - LEAVE A PRECISE MARK\" \/>\n<meta property=\"og:description\" content=\"Stosowane na maszynach CNC do frezowania obwiedniowego ,rozcinania, wr\u0119gowania i rowkowania p\u0142yty wi\u00f3rowej laminowanej, p\u0142yty oklejanej innymi rodzajami dekor\u00f3w, p\u0142yty MDF i innych materia\u0142\u00f3w drewnopochodnych. Zoptymalizowany uk\u0142ad ostrzy pozwala osi\u0105ga\u0107 dobra jako\u015b\u0107 ciecia przy du\u017cej \u017cywotno\u015bci.    D l L L1 d Z Kod   12 25,0 75 40 12 3+3 TP012121201L\/P   12 34,0 82 40 12 3+3 TP012121203L\/P   25 36,0 100 50 25 3+3 TP025132501L\/P   25 48,0 110 50 25 3+3 TP025162503L\/P   25 53,0 115 50 25 3+3 TP025132501L\/P   25 64,0 125 50 25 3+3 TP025132501L\/P\" \/>\n<meta property=\"og:url\" content=\"https:\/\/bryk.com.pl\/?product=1108\" \/>\n<meta property=\"og:site_name\" content=\"BRYK - LEAVE A PRECISE MARK\" \/>\n<meta property=\"article:publisher\" content=\"https:\/\/www.facebook.com\/ppuhbryk\/\" \/>\n<meta property=\"article:modified_time\" content=\"2019-12-10T10:31:36+00:00\" \/>\n<meta property=\"og:image\" content=\"https:\/\/bryk.com.pl\/wp-content\/uploads\/2018\/03\/FrezyTrzpienioweProstePosuw30.jpg\" \/>\n\t<meta property=\"og:image:width\" content=\"2500\" \/>\n\t<meta property=\"og:image:height\" content=\"2500\" \/>\n\t<meta property=\"og:image:type\" content=\"image\/jpeg\" \/>\n<meta name=\"twitter:card\" content=\"summary_large_image\" \/>\n<script type=\"application\/ld+json\" class=\"yoast-schema-graph\">{\"@context\":\"https:\/\/schema.org\",\"@graph\":[{\"@type\":\"WebPage\",\"@id\":\"https:\/\/bryk.com.pl\/?product=1108\",\"url\":\"https:\/\/bryk.com.pl\/?product=1108\",\"name\":\"Frezy Trzpieniowe Proste Posuw do 30m\/min - BRYK - LEAVE A PRECISE MARK\",\"isPartOf\":{\"@id\":\"https:\/\/bryk.com.pl\/#website\"},\"primaryImageOfPage\":{\"@id\":\"https:\/\/bryk.com.pl\/?product=1108#primaryimage\"},\"image\":{\"@id\":\"https:\/\/bryk.com.pl\/?product=1108#primaryimage\"},\"thumbnailUrl\":\"https:\/\/bryk.com.pl\/wp-content\/uploads\/2018\/03\/FrezyTrzpienioweProstePosuw30.jpg\",\"datePublished\":\"2018-03-30T15:56:07+00:00\",\"dateModified\":\"2019-12-10T10:31:36+00:00\",\"breadcrumb\":{\"@id\":\"https:\/\/bryk.com.pl\/?product=1108#breadcrumb\"},\"inLanguage\":\"pl-PL\",\"potentialAction\":[{\"@type\":\"ReadAction\",\"target\":[\"https:\/\/bryk.com.pl\/?product=1108\"]}]},{\"@type\":\"ImageObject\",\"inLanguage\":\"pl-PL\",\"@id\":\"https:\/\/bryk.com.pl\/?product=1108#primaryimage\",\"url\":\"https:\/\/bryk.com.pl\/wp-content\/uploads\/2018\/03\/FrezyTrzpienioweProstePosuw30.jpg\",\"contentUrl\":\"https:\/\/bryk.com.pl\/wp-content\/uploads\/2018\/03\/FrezyTrzpienioweProstePosuw30.jpg\",\"width\":2500,\"height\":2500,\"caption\":\"FrezyTrzpienioweProstePosuw30\"},{\"@type\":\"BreadcrumbList\",\"@id\":\"https:\/\/bryk.com.pl\/?product=1108#breadcrumb\",\"itemListElement\":[{\"@type\":\"ListItem\",\"position\":1,\"name\":\"Strona g\u0142\u00f3wna\",\"item\":\"https:\/\/bryk.com.pl\/\"},{\"@type\":\"ListItem\",\"position\":2,\"name\":\"Products\",\"item\":\"https:\/\/bryk.com.pl\/sklep\/\"},{\"@type\":\"ListItem\",\"position\":3,\"name\":\"Frezy Trzpieniowe Proste Posuw do 30m\/min\"}]},{\"@type\":\"WebSite\",\"@id\":\"https:\/\/bryk.com.pl\/#website\",\"url\":\"https:\/\/bryk.com.pl\/\",\"name\":\"BRYK - LEAVE A PRECISE MARK\",\"description\":\"Polski producent narz\u0119dzi\",\"potentialAction\":[{\"@type\":\"SearchAction\",\"target\":{\"@type\":\"EntryPoint\",\"urlTemplate\":\"https:\/\/bryk.com.pl\/?s={search_term_string}\"},\"query-input\":{\"@type\":\"PropertyValueSpecification\",\"valueRequired\":true,\"valueName\":\"search_term_string\"}}],\"inLanguage\":\"pl-PL\"}]}<\/script>\n<!-- \/ Yoast SEO plugin. -->","yoast_head_json":{"title":"Frezy Trzpieniowe Proste Posuw do 30m\/min - BRYK - LEAVE A PRECISE MARK","robots":{"index":"index","follow":"follow","max-snippet":"max-snippet:-1","max-image-preview":"max-image-preview:large","max-video-preview":"max-video-preview:-1"},"canonical":"https:\/\/bryk.com.pl\/?product=1108","og_locale":"pl_PL","og_type":"article","og_title":"Frezy Trzpieniowe Proste Posuw do 30m\/min - BRYK - LEAVE A PRECISE MARK","og_description":"Stosowane na maszynach CNC do frezowania obwiedniowego ,rozcinania, wr\u0119gowania i rowkowania p\u0142yty wi\u00f3rowej laminowanej, p\u0142yty oklejanej innymi rodzajami dekor\u00f3w, p\u0142yty MDF i innych materia\u0142\u00f3w drewnopochodnych. Zoptymalizowany uk\u0142ad ostrzy pozwala osi\u0105ga\u0107 dobra jako\u015b\u0107 ciecia przy du\u017cej \u017cywotno\u015bci.    D l L L1 d Z Kod   12 25,0 75 40 12 3+3 TP012121201L\/P   12 34,0 82 40 12 3+3 TP012121203L\/P   25 36,0 100 50 25 3+3 TP025132501L\/P   25 48,0 110 50 25 3+3 TP025162503L\/P   25 53,0 115 50 25 3+3 TP025132501L\/P   25 64,0 125 50 25 3+3 TP025132501L\/P","og_url":"https:\/\/bryk.com.pl\/?product=1108","og_site_name":"BRYK - LEAVE A PRECISE MARK","article_publisher":"https:\/\/www.facebook.com\/ppuhbryk\/","article_modified_time":"2019-12-10T10:31:36+00:00","og_image":[{"width":2500,"height":2500,"url":"https:\/\/bryk.com.pl\/wp-content\/uploads\/2018\/03\/FrezyTrzpienioweProstePosuw30.jpg","type":"image\/jpeg"}],"twitter_card":"summary_large_image","schema":{"@context":"https:\/\/schema.org","@graph":[{"@type":"WebPage","@id":"https:\/\/bryk.com.pl\/?product=1108","url":"https:\/\/bryk.com.pl\/?product=1108","name":"Frezy Trzpieniowe Proste Posuw do 30m\/min - BRYK - LEAVE A PRECISE MARK","isPartOf":{"@id":"https:\/\/bryk.com.pl\/#website"},"primaryImageOfPage":{"@id":"https:\/\/bryk.com.pl\/?product=1108#primaryimage"},"image":{"@id":"https:\/\/bryk.com.pl\/?product=1108#primaryimage"},"thumbnailUrl":"https:\/\/bryk.com.pl\/wp-content\/uploads\/2018\/03\/FrezyTrzpienioweProstePosuw30.jpg","datePublished":"2018-03-30T15:56:07+00:00","dateModified":"2019-12-10T10:31:36+00:00","breadcrumb":{"@id":"https:\/\/bryk.com.pl\/?product=1108#breadcrumb"},"inLanguage":"pl-PL","potentialAction":[{"@type":"ReadAction","target":["https:\/\/bryk.com.pl\/?product=1108"]}]},{"@type":"ImageObject","inLanguage":"pl-PL","@id":"https:\/\/bryk.com.pl\/?product=1108#primaryimage","url":"https:\/\/bryk.com.pl\/wp-content\/uploads\/2018\/03\/FrezyTrzpienioweProstePosuw30.jpg","contentUrl":"https:\/\/bryk.com.pl\/wp-content\/uploads\/2018\/03\/FrezyTrzpienioweProstePosuw30.jpg","width":2500,"height":2500,"caption":"FrezyTrzpienioweProstePosuw30"},{"@type":"BreadcrumbList","@id":"https:\/\/bryk.com.pl\/?product=1108#breadcrumb","itemListElement":[{"@type":"ListItem","position":1,"name":"Strona g\u0142\u00f3wna","item":"https:\/\/bryk.com.pl\/"},{"@type":"ListItem","position":2,"name":"Products","item":"https:\/\/bryk.com.pl\/sklep\/"},{"@type":"ListItem","position":3,"name":"Frezy Trzpieniowe Proste Posuw do 30m\/min"}]},{"@type":"WebSite","@id":"https:\/\/bryk.com.pl\/#website","url":"https:\/\/bryk.com.pl\/","name":"BRYK - LEAVE A PRECISE MARK","description":"Polski producent narz\u0119dzi","potentialAction":[{"@type":"SearchAction","target":{"@type":"EntryPoint","urlTemplate":"https:\/\/bryk.com.pl\/?s={search_term_string}"},"query-input":{"@type":"PropertyValueSpecification","valueRequired":true,"valueName":"search_term_string"}}],"inLanguage":"pl-PL"}]}},"_links":{"self":[{"href":"https:\/\/bryk.com.pl\/index.php?rest_route=\/wp\/v2\/product\/1108","targetHints":{"allow":["GET"]}}],"collection":[{"href":"https:\/\/bryk.com.pl\/index.php?rest_route=\/wp\/v2\/product"}],"about":[{"href":"https:\/\/bryk.com.pl\/index.php?rest_route=\/wp\/v2\/types\/product"}],"wp:featuredmedia":[{"embeddable":true,"href":"https:\/\/bryk.com.pl\/index.php?rest_route=\/wp\/v2\/media\/2379"}],"wp:attachment":[{"href":"https:\/\/bryk.com.pl\/index.php?rest_route=%2Fwp%2Fv2%2Fmedia&parent=1108"}],"wp:term":[{"taxonomy":"product_brand","embeddable":true,"href":"https:\/\/bryk.com.pl\/index.php?rest_route=%2Fwp%2Fv2%2Fproduct_brand&post=1108"},{"taxonomy":"product_cat","embeddable":true,"href":"https:\/\/bryk.com.pl\/index.php?rest_route=%2Fwp%2Fv2%2Fproduct_cat&post=1108"},{"taxonomy":"product_tag","embeddable":true,"href":"https:\/\/bryk.com.pl\/index.php?rest_route=%2Fwp%2Fv2%2Fproduct_tag&post=1108"}],"curies":[{"name":"wp","href":"https:\/\/api.w.org\/{rel}","templated":true}]}}