{"id":1112,"date":"2018-03-30T18:14:24","date_gmt":"2018-03-30T16:14:24","guid":{"rendered":"http:\/\/bryk.com.pl\/?post_type=product&#038;p=1112"},"modified":"2019-12-04T10:48:02","modified_gmt":"2019-12-04T09:48:02","slug":"1112","status":"publish","type":"product","link":"https:\/\/bryk.com.pl?product=1112","title":{"rendered":"FREZY SPIRALNE MONOLITYCZNE G\u0141ADKIE &#8211; SPIRALA POZYTYWNA"},"content":{"rendered":"","protected":false},"excerpt":{"rendered":"<p>Stosowane na maszynach CNC do wyka\u0144czaj\u0105cego frezowania, wycinania otwor\u00f3w i rozcinania drewna litego, p\u0142yty wi\u00f3rowej laminowanej, p\u0142yty oklejanej innymi rodzajami dekor\u00f3w, p\u0142yty MDF i innych materia\u0142\u00f3w drewnopochodnych.<\/p>\n<p>Spirala Pozytywna zapewnia optymalna ewakuacje wi\u00f3ra do g\u00f3ry.<br \/>\nSpirala Negatywna zapewnia optymalna ewakuacje wi\u00f3ra do do\u0142u.<\/p>\n<table class=\"table table-bordered extracted-data\">\n<tbody>\n<tr>\n<td>D<\/td>\n<td>L<\/td>\n<td>L1<\/td>\n<td>d<\/td>\n<td>Z<\/td>\n<td>Kod<\/td>\n<\/tr>\n<tr>\n<td>6<\/td>\n<td>60<\/td>\n<td>25<\/td>\n<td>6<\/td>\n<td>3<\/td>\n<td>HTG10030606025<\/td>\n<\/tr>\n<tr>\n<td>8<\/td>\n<td>80<\/td>\n<td>25<\/td>\n<td>8<\/td>\n<td>3<\/td>\n<td>HTG10030808025<\/td>\n<\/tr>\n<tr>\n<td>8<\/td>\n<td>80<\/td>\n<td>32<\/td>\n<td>8<\/td>\n<td>3<\/td>\n<td>HTG10030808032<\/td>\n<\/tr>\n<tr>\n<td>10<\/td>\n<td>100<\/td>\n<td>32<\/td>\n<td>10<\/td>\n<td>3<\/td>\n<td>HTG10031010032<\/td>\n<\/tr>\n<tr>\n<td>10<\/td>\n<td>100<\/td>\n<td>42<\/td>\n<td>10<\/td>\n<td>3<\/td>\n<td>HTG10031010042<\/td>\n<\/tr>\n<tr>\n<td>12<\/td>\n<td>80<\/td>\n<td>32<\/td>\n<td>12<\/td>\n<td>3<\/td>\n<td>HTG10031208032<\/td>\n<\/tr>\n<tr>\n<td>12<\/td>\n<td>90<\/td>\n<td>42<\/td>\n<td>12<\/td>\n<td>3<\/td>\n<td>HTG10031209042<\/td>\n<\/tr>\n<tr>\n<td>12<\/td>\n<td>100<\/td>\n<td>42<\/td>\n<td>12<\/td>\n<td>3<\/td>\n<td>HTG10031210042<\/td>\n<\/tr>\n<tr>\n<td>12<\/td>\n<td>100<\/td>\n<td>52<\/td>\n<td>12<\/td>\n<td>3<\/td>\n<td>HTG10031210052<\/td>\n<\/tr>\n<tr>\n<td>16<\/td>\n<td>90<\/td>\n<td>42<\/td>\n<td>16<\/td>\n<td>3<\/td>\n<td>HTG10031609042<\/td>\n<\/tr>\n<tr>\n<td>16<\/td>\n<td>100<\/td>\n<td>52<\/td>\n<td>16<\/td>\n<td>3<\/td>\n<td>HTG10031610052<\/td>\n<\/tr>\n<tr>\n<td>16<\/td>\n<td>120<\/td>\n<td>72<\/td>\n<td>16<\/td>\n<td>3<\/td>\n<td>HTG10031612072<\/td>\n<\/tr>\n<tr>\n<td>20<\/td>\n<td>100<\/td>\n<td>52<\/td>\n<td>20<\/td>\n<td>3<\/td>\n<td>HTG10032010052<\/td>\n<\/tr>\n<tr>\n<td>20<\/td>\n<td>120<\/td>\n<td>72<\/td>\n<td>20<\/td>\n<td>3<\/td>\n<td>HTG10032012072<\/td>\n<\/tr>\n<tr>\n<td>20<\/td>\n<td>150<\/td>\n<td>102<\/td>\n<td>20<\/td>\n<td>3<\/td>\n<td>HTG100320150102<\/td>\n<\/tr>\n<\/tbody>\n<\/table>\n<p><img fetchpriority=\"high\" decoding=\"async\" class=\"alignnone size-full wp-image-1579\" src=\"http:\/\/bryk.com.pl\/wp-content\/uploads\/2018\/03\/32_1.jpg\" alt=\"\" width=\"1250\" height=\"256\" srcset=\"https:\/\/bryk.com.pl\/wp-content\/uploads\/2018\/03\/32_1.jpg 1250w, https:\/\/bryk.com.pl\/wp-content\/uploads\/2018\/03\/32_1-800x164.jpg 800w, https:\/\/bryk.com.pl\/wp-content\/uploads\/2018\/03\/32_1-768x157.jpg 768w, https:\/\/bryk.com.pl\/wp-content\/uploads\/2018\/03\/32_1-830x170.jpg 830w, https:\/\/bryk.com.pl\/wp-content\/uploads\/2018\/03\/32_1-510x104.jpg 510w\" sizes=\"(max-width: 1250px) 100vw, 1250px\" \/><\/p>\n","protected":false},"featured_media":2392,"template":"","meta":[],"product_brand":[],"product_cat":[72],"product_tag":[],"class_list":{"0":"post-1112","1":"product","2":"type-product","3":"status-publish","4":"has-post-thumbnail","6":"product_cat-gladkie","8":"first","9":"instock","10":"shipping-taxable","11":"product-type-simple"},"yoast_head":"<!-- This site is optimized with the Yoast SEO plugin v24.5 - https:\/\/yoast.com\/wordpress\/plugins\/seo\/ -->\n<title>FREZY SPIRALNE MONOLITYCZNE G\u0141ADKIE - SPIRALA POZYTYWNA - BRYK - LEAVE A PRECISE MARK<\/title>\n<meta name=\"robots\" content=\"index, follow, max-snippet:-1, max-image-preview:large, max-video-preview:-1\" \/>\n<link rel=\"canonical\" href=\"https:\/\/bryk.com.pl\/?product=1112\" \/>\n<meta property=\"og:locale\" content=\"pl_PL\" \/>\n<meta property=\"og:type\" content=\"article\" \/>\n<meta property=\"og:title\" content=\"FREZY SPIRALNE MONOLITYCZNE G\u0141ADKIE - SPIRALA POZYTYWNA - BRYK - LEAVE A PRECISE MARK\" \/>\n<meta property=\"og:description\" content=\"Stosowane na maszynach CNC do wyka\u0144czaj\u0105cego frezowania, wycinania otwor\u00f3w i rozcinania drewna litego, p\u0142yty wi\u00f3rowej laminowanej, p\u0142yty oklejanej innymi rodzajami dekor\u00f3w, p\u0142yty MDF i innych materia\u0142\u00f3w drewnopochodnych.  Spirala Pozytywna zapewnia optymalna ewakuacje wi\u00f3ra do g\u00f3ry. Spirala Negatywna zapewnia optymalna ewakuacje wi\u00f3ra do do\u0142u.    D L L1 d Z Kod   6 60 25 6 3 HTG10030606025   8 80 25 8 3 HTG10030808025   8 80 32 8 3 HTG10030808032   10 100 32 10 3 HTG10031010032   10 100 42 10 3 HTG10031010042   12 80 32 12 3 HTG10031208032   12 90 42 12 3 HTG10031209042   12 100 42 12 3 HTG10031210042   12 100 52 12 3 HTG10031210052   16 90 42 16 3 HTG10031609042   16 100 52 16 3 HTG10031610052   16 120 72 16 3 HTG10031612072   20 100 52 20 3 HTG10032010052   20 120 72 20 3 HTG10032012072   20 150 102 20 3 HTG100320150102\" \/>\n<meta property=\"og:url\" content=\"https:\/\/bryk.com.pl\/?product=1112\" \/>\n<meta property=\"og:site_name\" content=\"BRYK - LEAVE A PRECISE MARK\" \/>\n<meta property=\"article:publisher\" content=\"https:\/\/www.facebook.com\/ppuhbryk\/\" \/>\n<meta property=\"article:modified_time\" content=\"2019-12-04T09:48:02+00:00\" \/>\n<meta property=\"og:image\" content=\"https:\/\/bryk.com.pl\/wp-content\/uploads\/2018\/03\/FREZY_SPIRALNE_MONOLITYCZNE_G\u0141ADKIE_\u2013_SPIRALA_POZYTYWNA.jpg\" \/>\n\t<meta property=\"og:image:width\" content=\"2500\" \/>\n\t<meta property=\"og:image:height\" content=\"2500\" \/>\n\t<meta property=\"og:image:type\" content=\"image\/jpeg\" \/>\n<meta name=\"twitter:card\" content=\"summary_large_image\" \/>\n<script type=\"application\/ld+json\" class=\"yoast-schema-graph\">{\"@context\":\"https:\/\/schema.org\",\"@graph\":[{\"@type\":\"WebPage\",\"@id\":\"https:\/\/bryk.com.pl\/?product=1112\",\"url\":\"https:\/\/bryk.com.pl\/?product=1112\",\"name\":\"FREZY SPIRALNE MONOLITYCZNE G\u0141ADKIE - SPIRALA POZYTYWNA - BRYK - LEAVE A PRECISE MARK\",\"isPartOf\":{\"@id\":\"https:\/\/bryk.com.pl\/#website\"},\"primaryImageOfPage\":{\"@id\":\"https:\/\/bryk.com.pl\/?product=1112#primaryimage\"},\"image\":{\"@id\":\"https:\/\/bryk.com.pl\/?product=1112#primaryimage\"},\"thumbnailUrl\":\"https:\/\/bryk.com.pl\/wp-content\/uploads\/2018\/03\/FREZY_SPIRALNE_MONOLITYCZNE_G\u0141ADKIE_\u2013_SPIRALA_POZYTYWNA.jpg\",\"datePublished\":\"2018-03-30T16:14:24+00:00\",\"dateModified\":\"2019-12-04T09:48:02+00:00\",\"breadcrumb\":{\"@id\":\"https:\/\/bryk.com.pl\/?product=1112#breadcrumb\"},\"inLanguage\":\"pl-PL\",\"potentialAction\":[{\"@type\":\"ReadAction\",\"target\":[\"https:\/\/bryk.com.pl\/?product=1112\"]}]},{\"@type\":\"ImageObject\",\"inLanguage\":\"pl-PL\",\"@id\":\"https:\/\/bryk.com.pl\/?product=1112#primaryimage\",\"url\":\"https:\/\/bryk.com.pl\/wp-content\/uploads\/2018\/03\/FREZY_SPIRALNE_MONOLITYCZNE_G\u0141ADKIE_\u2013_SPIRALA_POZYTYWNA.jpg\",\"contentUrl\":\"https:\/\/bryk.com.pl\/wp-content\/uploads\/2018\/03\/FREZY_SPIRALNE_MONOLITYCZNE_G\u0141ADKIE_\u2013_SPIRALA_POZYTYWNA.jpg\",\"width\":2500,\"height\":2500,\"caption\":\"FREZY_SPIRALNE_MONOLITYCZNE_G\u0141ADKIE_\u2013_SPIRALA_POZYTYWNA\"},{\"@type\":\"BreadcrumbList\",\"@id\":\"https:\/\/bryk.com.pl\/?product=1112#breadcrumb\",\"itemListElement\":[{\"@type\":\"ListItem\",\"position\":1,\"name\":\"Strona g\u0142\u00f3wna\",\"item\":\"https:\/\/bryk.com.pl\/\"},{\"@type\":\"ListItem\",\"position\":2,\"name\":\"Products\",\"item\":\"https:\/\/bryk.com.pl\/sklep\/\"},{\"@type\":\"ListItem\",\"position\":3,\"name\":\"FREZY SPIRALNE MONOLITYCZNE G\u0141ADKIE &#8211; SPIRALA POZYTYWNA\"}]},{\"@type\":\"WebSite\",\"@id\":\"https:\/\/bryk.com.pl\/#website\",\"url\":\"https:\/\/bryk.com.pl\/\",\"name\":\"BRYK - LEAVE A PRECISE MARK\",\"description\":\"Polski producent narz\u0119dzi\",\"potentialAction\":[{\"@type\":\"SearchAction\",\"target\":{\"@type\":\"EntryPoint\",\"urlTemplate\":\"https:\/\/bryk.com.pl\/?s={search_term_string}\"},\"query-input\":{\"@type\":\"PropertyValueSpecification\",\"valueRequired\":true,\"valueName\":\"search_term_string\"}}],\"inLanguage\":\"pl-PL\"}]}<\/script>\n<!-- \/ Yoast SEO plugin. -->","yoast_head_json":{"title":"FREZY SPIRALNE MONOLITYCZNE G\u0141ADKIE - SPIRALA POZYTYWNA - BRYK - LEAVE A PRECISE MARK","robots":{"index":"index","follow":"follow","max-snippet":"max-snippet:-1","max-image-preview":"max-image-preview:large","max-video-preview":"max-video-preview:-1"},"canonical":"https:\/\/bryk.com.pl\/?product=1112","og_locale":"pl_PL","og_type":"article","og_title":"FREZY SPIRALNE MONOLITYCZNE G\u0141ADKIE - SPIRALA POZYTYWNA - BRYK - LEAVE A PRECISE MARK","og_description":"Stosowane na maszynach CNC do wyka\u0144czaj\u0105cego frezowania, wycinania otwor\u00f3w i rozcinania drewna litego, p\u0142yty wi\u00f3rowej laminowanej, p\u0142yty oklejanej innymi rodzajami dekor\u00f3w, p\u0142yty MDF i innych materia\u0142\u00f3w drewnopochodnych.  Spirala Pozytywna zapewnia optymalna ewakuacje wi\u00f3ra do g\u00f3ry. Spirala Negatywna zapewnia optymalna ewakuacje wi\u00f3ra do do\u0142u.    D L L1 d Z Kod   6 60 25 6 3 HTG10030606025   8 80 25 8 3 HTG10030808025   8 80 32 8 3 HTG10030808032   10 100 32 10 3 HTG10031010032   10 100 42 10 3 HTG10031010042   12 80 32 12 3 HTG10031208032   12 90 42 12 3 HTG10031209042   12 100 42 12 3 HTG10031210042   12 100 52 12 3 HTG10031210052   16 90 42 16 3 HTG10031609042   16 100 52 16 3 HTG10031610052   16 120 72 16 3 HTG10031612072   20 100 52 20 3 HTG10032010052   20 120 72 20 3 HTG10032012072   20 150 102 20 3 HTG100320150102","og_url":"https:\/\/bryk.com.pl\/?product=1112","og_site_name":"BRYK - LEAVE A PRECISE MARK","article_publisher":"https:\/\/www.facebook.com\/ppuhbryk\/","article_modified_time":"2019-12-04T09:48:02+00:00","og_image":[{"width":2500,"height":2500,"url":"https:\/\/bryk.com.pl\/wp-content\/uploads\/2018\/03\/FREZY_SPIRALNE_MONOLITYCZNE_G\u0141ADKIE_\u2013_SPIRALA_POZYTYWNA.jpg","type":"image\/jpeg"}],"twitter_card":"summary_large_image","schema":{"@context":"https:\/\/schema.org","@graph":[{"@type":"WebPage","@id":"https:\/\/bryk.com.pl\/?product=1112","url":"https:\/\/bryk.com.pl\/?product=1112","name":"FREZY SPIRALNE MONOLITYCZNE G\u0141ADKIE - SPIRALA POZYTYWNA - BRYK - LEAVE A PRECISE MARK","isPartOf":{"@id":"https:\/\/bryk.com.pl\/#website"},"primaryImageOfPage":{"@id":"https:\/\/bryk.com.pl\/?product=1112#primaryimage"},"image":{"@id":"https:\/\/bryk.com.pl\/?product=1112#primaryimage"},"thumbnailUrl":"https:\/\/bryk.com.pl\/wp-content\/uploads\/2018\/03\/FREZY_SPIRALNE_MONOLITYCZNE_G\u0141ADKIE_\u2013_SPIRALA_POZYTYWNA.jpg","datePublished":"2018-03-30T16:14:24+00:00","dateModified":"2019-12-04T09:48:02+00:00","breadcrumb":{"@id":"https:\/\/bryk.com.pl\/?product=1112#breadcrumb"},"inLanguage":"pl-PL","potentialAction":[{"@type":"ReadAction","target":["https:\/\/bryk.com.pl\/?product=1112"]}]},{"@type":"ImageObject","inLanguage":"pl-PL","@id":"https:\/\/bryk.com.pl\/?product=1112#primaryimage","url":"https:\/\/bryk.com.pl\/wp-content\/uploads\/2018\/03\/FREZY_SPIRALNE_MONOLITYCZNE_G\u0141ADKIE_\u2013_SPIRALA_POZYTYWNA.jpg","contentUrl":"https:\/\/bryk.com.pl\/wp-content\/uploads\/2018\/03\/FREZY_SPIRALNE_MONOLITYCZNE_G\u0141ADKIE_\u2013_SPIRALA_POZYTYWNA.jpg","width":2500,"height":2500,"caption":"FREZY_SPIRALNE_MONOLITYCZNE_G\u0141ADKIE_\u2013_SPIRALA_POZYTYWNA"},{"@type":"BreadcrumbList","@id":"https:\/\/bryk.com.pl\/?product=1112#breadcrumb","itemListElement":[{"@type":"ListItem","position":1,"name":"Strona g\u0142\u00f3wna","item":"https:\/\/bryk.com.pl\/"},{"@type":"ListItem","position":2,"name":"Products","item":"https:\/\/bryk.com.pl\/sklep\/"},{"@type":"ListItem","position":3,"name":"FREZY SPIRALNE MONOLITYCZNE G\u0141ADKIE &#8211; SPIRALA POZYTYWNA"}]},{"@type":"WebSite","@id":"https:\/\/bryk.com.pl\/#website","url":"https:\/\/bryk.com.pl\/","name":"BRYK - LEAVE A PRECISE MARK","description":"Polski producent narz\u0119dzi","potentialAction":[{"@type":"SearchAction","target":{"@type":"EntryPoint","urlTemplate":"https:\/\/bryk.com.pl\/?s={search_term_string}"},"query-input":{"@type":"PropertyValueSpecification","valueRequired":true,"valueName":"search_term_string"}}],"inLanguage":"pl-PL"}]}},"_links":{"self":[{"href":"https:\/\/bryk.com.pl\/index.php?rest_route=\/wp\/v2\/product\/1112","targetHints":{"allow":["GET"]}}],"collection":[{"href":"https:\/\/bryk.com.pl\/index.php?rest_route=\/wp\/v2\/product"}],"about":[{"href":"https:\/\/bryk.com.pl\/index.php?rest_route=\/wp\/v2\/types\/product"}],"wp:featuredmedia":[{"embeddable":true,"href":"https:\/\/bryk.com.pl\/index.php?rest_route=\/wp\/v2\/media\/2392"}],"wp:attachment":[{"href":"https:\/\/bryk.com.pl\/index.php?rest_route=%2Fwp%2Fv2%2Fmedia&parent=1112"}],"wp:term":[{"taxonomy":"product_brand","embeddable":true,"href":"https:\/\/bryk.com.pl\/index.php?rest_route=%2Fwp%2Fv2%2Fproduct_brand&post=1112"},{"taxonomy":"product_cat","embeddable":true,"href":"https:\/\/bryk.com.pl\/index.php?rest_route=%2Fwp%2Fv2%2Fproduct_cat&post=1112"},{"taxonomy":"product_tag","embeddable":true,"href":"https:\/\/bryk.com.pl\/index.php?rest_route=%2Fwp%2Fv2%2Fproduct_tag&post=1112"}],"curies":[{"name":"wp","href":"https:\/\/api.w.org\/{rel}","templated":true}]}}