{"id":1116,"date":"2018-03-30T18:26:52","date_gmt":"2018-03-30T16:26:52","guid":{"rendered":"http:\/\/bryk.com.pl\/?post_type=product&#038;p=1116"},"modified":"2019-12-04T10:47:41","modified_gmt":"2019-12-04T09:47:41","slug":"1116","status":"publish","type":"product","link":"https:\/\/bryk.com.pl?product=1116","title":{"rendered":"FREZY SPIRALNE MONOLITYCZNE G\u0141ADKIE ZE PODW\u00d3JN\u0104 SPIRAL\u0104"},"content":{"rendered":"","protected":false},"excerpt":{"rendered":"<p>Stosowane na maszynach CNC do wyka\u0144czaj\u0105cego frezowania i rozcinania drewna litego, p\u0142yty wi\u00f3rowej laminowanej, p\u0142yty oklejanej innymi rodzajami dekor\u00f3w, p\u0142yty MDF i innych materia\u0142\u00f3w drewnopochodnych.<br \/>\n<strong>Podw\u00f3jna spirala<\/strong> pozwala osi\u0105gn\u0105\u0107 doskona\u0142a jako\u015b\u0107 powierzchni obrabianej przy bardzo d\u0142ugiej \u017cywotno\u015bci.<\/p>\n<table class=\"table table-bordered extracted-data\">\n<tbody>\n<tr>\n<td>D<\/td>\n<td>L<\/td>\n<td>L1<\/td>\n<td>d<\/td>\n<td>Z<\/td>\n<td>Kod<\/td>\n<\/tr>\n<tr>\n<td>8<\/td>\n<td>90<\/td>\n<td>30<\/td>\n<td>6<\/td>\n<td>2+2<\/td>\n<td>VTB10-00801CM<\/td>\n<\/tr>\n<tr>\n<td>10<\/td>\n<td>90<\/td>\n<td>30<\/td>\n<td>8<\/td>\n<td>2+2<\/td>\n<td>VTB10-01001CM<\/td>\n<\/tr>\n<tr>\n<td>12<\/td>\n<td>90<\/td>\n<td>35<\/td>\n<td>8<\/td>\n<td>2+2<\/td>\n<td>VTB10-01201CM<\/td>\n<\/tr>\n<tr>\n<td>12<\/td>\n<td>100<\/td>\n<td>42<\/td>\n<td>10<\/td>\n<td>2+2<\/td>\n<td>VTB10-01202CM<\/td>\n<\/tr>\n<tr>\n<td>1\/2&#8243;<\/td>\n<td>80<\/td>\n<td>1-3\/8&#8243;<\/td>\n<td>14<\/td>\n<td>2+2<\/td>\n<td>VTB10-1202C\/M<\/td>\n<\/tr>\n<tr>\n<td>3\/8&#8243;<\/td>\n<td>80<\/td>\n<td>1&#8243;<\/td>\n<td>10<\/td>\n<td>2+2<\/td>\n<td>VTB10-3801C\/M<\/td>\n<\/tr>\n<\/tbody>\n<\/table>\n<p><img fetchpriority=\"high\" decoding=\"async\" class=\"alignnone size-full wp-image-1585\" src=\"http:\/\/bryk.com.pl\/wp-content\/uploads\/2018\/03\/38_1.jpg\" alt=\"\" width=\"1250\" height=\"261\" srcset=\"https:\/\/bryk.com.pl\/wp-content\/uploads\/2018\/03\/38_1.jpg 1250w, https:\/\/bryk.com.pl\/wp-content\/uploads\/2018\/03\/38_1-800x167.jpg 800w, https:\/\/bryk.com.pl\/wp-content\/uploads\/2018\/03\/38_1-768x160.jpg 768w, https:\/\/bryk.com.pl\/wp-content\/uploads\/2018\/03\/38_1-830x173.jpg 830w, https:\/\/bryk.com.pl\/wp-content\/uploads\/2018\/03\/38_1-510x106.jpg 510w\" sizes=\"(max-width: 1250px) 100vw, 1250px\" \/><\/p>\n","protected":false},"featured_media":2403,"template":"","meta":[],"product_brand":[],"product_cat":[176],"product_tag":[],"class_list":{"0":"post-1116","1":"product","2":"type-product","3":"status-publish","4":"has-post-thumbnail","6":"product_cat-frezy-spiralne-monolityczne-gladkie-ze-podwojna-spirala","8":"first","9":"instock","10":"shipping-taxable","11":"product-type-simple"},"yoast_head":"<!-- This site is optimized with the Yoast SEO plugin v24.5 - https:\/\/yoast.com\/wordpress\/plugins\/seo\/ -->\n<title>FREZY SPIRALNE MONOLITYCZNE G\u0141ADKIE ZE PODW\u00d3JN\u0104 SPIRAL\u0104 - BRYK - LEAVE A PRECISE MARK<\/title>\n<meta name=\"robots\" content=\"index, follow, max-snippet:-1, max-image-preview:large, max-video-preview:-1\" \/>\n<link rel=\"canonical\" href=\"https:\/\/bryk.com.pl\/?product=1116\" \/>\n<meta property=\"og:locale\" content=\"pl_PL\" \/>\n<meta property=\"og:type\" content=\"article\" \/>\n<meta property=\"og:title\" content=\"FREZY SPIRALNE MONOLITYCZNE G\u0141ADKIE ZE PODW\u00d3JN\u0104 SPIRAL\u0104 - BRYK - LEAVE A PRECISE MARK\" \/>\n<meta property=\"og:description\" content=\"Stosowane na maszynach CNC do wyka\u0144czaj\u0105cego frezowania i rozcinania drewna litego, p\u0142yty wi\u00f3rowej laminowanej, p\u0142yty oklejanej innymi rodzajami dekor\u00f3w, p\u0142yty MDF i innych materia\u0142\u00f3w drewnopochodnych. Podw\u00f3jna spirala pozwala osi\u0105gn\u0105\u0107 doskona\u0142a jako\u015b\u0107 powierzchni obrabianej przy bardzo d\u0142ugiej \u017cywotno\u015bci.    D L L1 d Z Kod   8 90 30 6 2+2 VTB10-00801CM   10 90 30 8 2+2 VTB10-01001CM   12 90 35 8 2+2 VTB10-01201CM   12 100 42 10 2+2 VTB10-01202CM   1\/2&quot; 80 1-3\/8&quot; 14 2+2 VTB10-1202C\/M   3\/8&quot; 80 1&quot; 10 2+2 VTB10-3801C\/M\" \/>\n<meta property=\"og:url\" content=\"https:\/\/bryk.com.pl\/?product=1116\" \/>\n<meta property=\"og:site_name\" content=\"BRYK - LEAVE A PRECISE MARK\" \/>\n<meta property=\"article:publisher\" content=\"https:\/\/www.facebook.com\/ppuhbryk\/\" \/>\n<meta property=\"article:modified_time\" content=\"2019-12-04T09:47:41+00:00\" \/>\n<meta property=\"og:image\" content=\"https:\/\/bryk.com.pl\/wp-content\/uploads\/2018\/03\/FREZY_SPIRALNE_MONOLITYCZNE_G\u0141ADKIE_ZE_PODW\u00d3JN\u0104_SPIRAL\u0104.jpg\" \/>\n\t<meta property=\"og:image:width\" content=\"2500\" \/>\n\t<meta property=\"og:image:height\" content=\"2500\" \/>\n\t<meta property=\"og:image:type\" content=\"image\/jpeg\" \/>\n<meta name=\"twitter:card\" content=\"summary_large_image\" \/>\n<script type=\"application\/ld+json\" class=\"yoast-schema-graph\">{\"@context\":\"https:\/\/schema.org\",\"@graph\":[{\"@type\":\"WebPage\",\"@id\":\"https:\/\/bryk.com.pl\/?product=1116\",\"url\":\"https:\/\/bryk.com.pl\/?product=1116\",\"name\":\"FREZY SPIRALNE MONOLITYCZNE G\u0141ADKIE ZE PODW\u00d3JN\u0104 SPIRAL\u0104 - BRYK - LEAVE A PRECISE MARK\",\"isPartOf\":{\"@id\":\"https:\/\/bryk.com.pl\/#website\"},\"primaryImageOfPage\":{\"@id\":\"https:\/\/bryk.com.pl\/?product=1116#primaryimage\"},\"image\":{\"@id\":\"https:\/\/bryk.com.pl\/?product=1116#primaryimage\"},\"thumbnailUrl\":\"https:\/\/bryk.com.pl\/wp-content\/uploads\/2018\/03\/FREZY_SPIRALNE_MONOLITYCZNE_G\u0141ADKIE_ZE_PODW\u00d3JN\u0104_SPIRAL\u0104.jpg\",\"datePublished\":\"2018-03-30T16:26:52+00:00\",\"dateModified\":\"2019-12-04T09:47:41+00:00\",\"breadcrumb\":{\"@id\":\"https:\/\/bryk.com.pl\/?product=1116#breadcrumb\"},\"inLanguage\":\"pl-PL\",\"potentialAction\":[{\"@type\":\"ReadAction\",\"target\":[\"https:\/\/bryk.com.pl\/?product=1116\"]}]},{\"@type\":\"ImageObject\",\"inLanguage\":\"pl-PL\",\"@id\":\"https:\/\/bryk.com.pl\/?product=1116#primaryimage\",\"url\":\"https:\/\/bryk.com.pl\/wp-content\/uploads\/2018\/03\/FREZY_SPIRALNE_MONOLITYCZNE_G\u0141ADKIE_ZE_PODW\u00d3JN\u0104_SPIRAL\u0104.jpg\",\"contentUrl\":\"https:\/\/bryk.com.pl\/wp-content\/uploads\/2018\/03\/FREZY_SPIRALNE_MONOLITYCZNE_G\u0141ADKIE_ZE_PODW\u00d3JN\u0104_SPIRAL\u0104.jpg\",\"width\":2500,\"height\":2500,\"caption\":\"FREZY_SPIRALNE_MONOLITYCZNE_G\u0141ADKIE_ZE_PODW\u00d3JN\u0104_SPIRAL\u0104\"},{\"@type\":\"BreadcrumbList\",\"@id\":\"https:\/\/bryk.com.pl\/?product=1116#breadcrumb\",\"itemListElement\":[{\"@type\":\"ListItem\",\"position\":1,\"name\":\"Strona g\u0142\u00f3wna\",\"item\":\"https:\/\/bryk.com.pl\/\"},{\"@type\":\"ListItem\",\"position\":2,\"name\":\"Products\",\"item\":\"https:\/\/bryk.com.pl\/sklep\/\"},{\"@type\":\"ListItem\",\"position\":3,\"name\":\"FREZY SPIRALNE MONOLITYCZNE G\u0141ADKIE ZE PODW\u00d3JN\u0104 SPIRAL\u0104\"}]},{\"@type\":\"WebSite\",\"@id\":\"https:\/\/bryk.com.pl\/#website\",\"url\":\"https:\/\/bryk.com.pl\/\",\"name\":\"BRYK - LEAVE A PRECISE MARK\",\"description\":\"Polski producent narz\u0119dzi\",\"potentialAction\":[{\"@type\":\"SearchAction\",\"target\":{\"@type\":\"EntryPoint\",\"urlTemplate\":\"https:\/\/bryk.com.pl\/?s={search_term_string}\"},\"query-input\":{\"@type\":\"PropertyValueSpecification\",\"valueRequired\":true,\"valueName\":\"search_term_string\"}}],\"inLanguage\":\"pl-PL\"}]}<\/script>\n<!-- \/ Yoast SEO plugin. -->","yoast_head_json":{"title":"FREZY SPIRALNE MONOLITYCZNE G\u0141ADKIE ZE PODW\u00d3JN\u0104 SPIRAL\u0104 - BRYK - LEAVE A PRECISE MARK","robots":{"index":"index","follow":"follow","max-snippet":"max-snippet:-1","max-image-preview":"max-image-preview:large","max-video-preview":"max-video-preview:-1"},"canonical":"https:\/\/bryk.com.pl\/?product=1116","og_locale":"pl_PL","og_type":"article","og_title":"FREZY SPIRALNE MONOLITYCZNE G\u0141ADKIE ZE PODW\u00d3JN\u0104 SPIRAL\u0104 - BRYK - LEAVE A PRECISE MARK","og_description":"Stosowane na maszynach CNC do wyka\u0144czaj\u0105cego frezowania i rozcinania drewna litego, p\u0142yty wi\u00f3rowej laminowanej, p\u0142yty oklejanej innymi rodzajami dekor\u00f3w, p\u0142yty MDF i innych materia\u0142\u00f3w drewnopochodnych. Podw\u00f3jna spirala pozwala osi\u0105gn\u0105\u0107 doskona\u0142a jako\u015b\u0107 powierzchni obrabianej przy bardzo d\u0142ugiej \u017cywotno\u015bci.    D L L1 d Z Kod   8 90 30 6 2+2 VTB10-00801CM   10 90 30 8 2+2 VTB10-01001CM   12 90 35 8 2+2 VTB10-01201CM   12 100 42 10 2+2 VTB10-01202CM   1\/2\" 80 1-3\/8\" 14 2+2 VTB10-1202C\/M   3\/8\" 80 1\" 10 2+2 VTB10-3801C\/M","og_url":"https:\/\/bryk.com.pl\/?product=1116","og_site_name":"BRYK - LEAVE A PRECISE MARK","article_publisher":"https:\/\/www.facebook.com\/ppuhbryk\/","article_modified_time":"2019-12-04T09:47:41+00:00","og_image":[{"width":2500,"height":2500,"url":"https:\/\/bryk.com.pl\/wp-content\/uploads\/2018\/03\/FREZY_SPIRALNE_MONOLITYCZNE_G\u0141ADKIE_ZE_PODW\u00d3JN\u0104_SPIRAL\u0104.jpg","type":"image\/jpeg"}],"twitter_card":"summary_large_image","schema":{"@context":"https:\/\/schema.org","@graph":[{"@type":"WebPage","@id":"https:\/\/bryk.com.pl\/?product=1116","url":"https:\/\/bryk.com.pl\/?product=1116","name":"FREZY SPIRALNE MONOLITYCZNE G\u0141ADKIE ZE PODW\u00d3JN\u0104 SPIRAL\u0104 - BRYK - LEAVE A PRECISE MARK","isPartOf":{"@id":"https:\/\/bryk.com.pl\/#website"},"primaryImageOfPage":{"@id":"https:\/\/bryk.com.pl\/?product=1116#primaryimage"},"image":{"@id":"https:\/\/bryk.com.pl\/?product=1116#primaryimage"},"thumbnailUrl":"https:\/\/bryk.com.pl\/wp-content\/uploads\/2018\/03\/FREZY_SPIRALNE_MONOLITYCZNE_G\u0141ADKIE_ZE_PODW\u00d3JN\u0104_SPIRAL\u0104.jpg","datePublished":"2018-03-30T16:26:52+00:00","dateModified":"2019-12-04T09:47:41+00:00","breadcrumb":{"@id":"https:\/\/bryk.com.pl\/?product=1116#breadcrumb"},"inLanguage":"pl-PL","potentialAction":[{"@type":"ReadAction","target":["https:\/\/bryk.com.pl\/?product=1116"]}]},{"@type":"ImageObject","inLanguage":"pl-PL","@id":"https:\/\/bryk.com.pl\/?product=1116#primaryimage","url":"https:\/\/bryk.com.pl\/wp-content\/uploads\/2018\/03\/FREZY_SPIRALNE_MONOLITYCZNE_G\u0141ADKIE_ZE_PODW\u00d3JN\u0104_SPIRAL\u0104.jpg","contentUrl":"https:\/\/bryk.com.pl\/wp-content\/uploads\/2018\/03\/FREZY_SPIRALNE_MONOLITYCZNE_G\u0141ADKIE_ZE_PODW\u00d3JN\u0104_SPIRAL\u0104.jpg","width":2500,"height":2500,"caption":"FREZY_SPIRALNE_MONOLITYCZNE_G\u0141ADKIE_ZE_PODW\u00d3JN\u0104_SPIRAL\u0104"},{"@type":"BreadcrumbList","@id":"https:\/\/bryk.com.pl\/?product=1116#breadcrumb","itemListElement":[{"@type":"ListItem","position":1,"name":"Strona g\u0142\u00f3wna","item":"https:\/\/bryk.com.pl\/"},{"@type":"ListItem","position":2,"name":"Products","item":"https:\/\/bryk.com.pl\/sklep\/"},{"@type":"ListItem","position":3,"name":"FREZY SPIRALNE MONOLITYCZNE G\u0141ADKIE ZE PODW\u00d3JN\u0104 SPIRAL\u0104"}]},{"@type":"WebSite","@id":"https:\/\/bryk.com.pl\/#website","url":"https:\/\/bryk.com.pl\/","name":"BRYK - LEAVE A PRECISE MARK","description":"Polski producent narz\u0119dzi","potentialAction":[{"@type":"SearchAction","target":{"@type":"EntryPoint","urlTemplate":"https:\/\/bryk.com.pl\/?s={search_term_string}"},"query-input":{"@type":"PropertyValueSpecification","valueRequired":true,"valueName":"search_term_string"}}],"inLanguage":"pl-PL"}]}},"_links":{"self":[{"href":"https:\/\/bryk.com.pl\/index.php?rest_route=\/wp\/v2\/product\/1116","targetHints":{"allow":["GET"]}}],"collection":[{"href":"https:\/\/bryk.com.pl\/index.php?rest_route=\/wp\/v2\/product"}],"about":[{"href":"https:\/\/bryk.com.pl\/index.php?rest_route=\/wp\/v2\/types\/product"}],"wp:featuredmedia":[{"embeddable":true,"href":"https:\/\/bryk.com.pl\/index.php?rest_route=\/wp\/v2\/media\/2403"}],"wp:attachment":[{"href":"https:\/\/bryk.com.pl\/index.php?rest_route=%2Fwp%2Fv2%2Fmedia&parent=1116"}],"wp:term":[{"taxonomy":"product_brand","embeddable":true,"href":"https:\/\/bryk.com.pl\/index.php?rest_route=%2Fwp%2Fv2%2Fproduct_brand&post=1116"},{"taxonomy":"product_cat","embeddable":true,"href":"https:\/\/bryk.com.pl\/index.php?rest_route=%2Fwp%2Fv2%2Fproduct_cat&post=1116"},{"taxonomy":"product_tag","embeddable":true,"href":"https:\/\/bryk.com.pl\/index.php?rest_route=%2Fwp%2Fv2%2Fproduct_tag&post=1116"}],"curies":[{"name":"wp","href":"https:\/\/api.w.org\/{rel}","templated":true}]}}