{"id":1121,"date":"2018-03-30T19:21:47","date_gmt":"2018-03-30T17:21:47","guid":{"rendered":"http:\/\/bryk.com.pl\/?post_type=product&#038;p=1121"},"modified":"2019-12-10T11:29:49","modified_gmt":"2019-12-10T10:29:49","slug":"1121","status":"publish","type":"product","link":"https:\/\/bryk.com.pl?product=1121","title":{"rendered":"Wiert\u0142a Przelotowe"},"content":{"rendered":"","protected":false},"excerpt":{"rendered":"<p>Wiert\u0142a przelotowe stosowane w wiertarkach wielowrzecionowych do wiercenia otwor\u00f3w w p\u0142ycie wi\u00f3rowej laminowanej, p\u0142ycie oklejanej innymi rodzajami dekor\u00f3w, drewnie litym, p\u0142ycie MDF, i innych materia\u0142ach drewnopochodnych.<\/p>\n<table class=\"table table-bordered extracted-data\">\n<tbody>\n<tr>\n<td>D<\/td>\n<td>L<\/td>\n<td>L1<\/td>\n<td>d<\/td>\n<td>Kod L<\/td>\n<td>Kod P<\/td>\n<\/tr>\n<tr>\n<td>5<\/td>\n<td>57<\/td>\n<td>20<\/td>\n<td>10<\/td>\n<td>13030557L<\/td>\n<td>13030557R<\/td>\n<\/tr>\n<tr>\n<td>8<\/td>\n<td>57<\/td>\n<td>20<\/td>\n<td>10<\/td>\n<td>13030857L<\/td>\n<td>13030857R<\/td>\n<\/tr>\n<tr>\n<td>4<\/td>\n<td>70<\/td>\n<td>20<\/td>\n<td>10<\/td>\n<td>13030470L<\/td>\n<td>13030470R<\/td>\n<\/tr>\n<tr>\n<td>5<\/td>\n<td>70<\/td>\n<td>20<\/td>\n<td>10<\/td>\n<td>13030570L<\/td>\n<td>13030570R<\/td>\n<\/tr>\n<tr>\n<td>6<\/td>\n<td>70<\/td>\n<td>20<\/td>\n<td>10<\/td>\n<td>13030670L<\/td>\n<td>13030670R<\/td>\n<\/tr>\n<tr>\n<td>7<\/td>\n<td>70<\/td>\n<td>20<\/td>\n<td>10<\/td>\n<td>13030770L<\/td>\n<td>13030770R<\/td>\n<\/tr>\n<tr>\n<td>8<\/td>\n<td>70<\/td>\n<td>20<\/td>\n<td>10<\/td>\n<td>13030870L<\/td>\n<td>13030870R<\/td>\n<\/tr>\n<tr>\n<td>9<\/td>\n<td>70<\/td>\n<td>20<\/td>\n<td>10<\/td>\n<td>13030970L<\/td>\n<td>13030970R<\/td>\n<\/tr>\n<tr>\n<td>10<\/td>\n<td>70<\/td>\n<td>20<\/td>\n<td>10<\/td>\n<td>13031070L<\/td>\n<td>13031070R<\/td>\n<\/tr>\n<tr>\n<td>12<\/td>\n<td>70<\/td>\n<td>20<\/td>\n<td>10<\/td>\n<td>130312 70L<\/td>\n<td>13031270R<\/td>\n<\/tr>\n<\/tbody>\n<\/table>\n<p><img fetchpriority=\"high\" decoding=\"async\" class=\"alignnone size-full wp-image-1591\" src=\"http:\/\/bryk.com.pl\/wp-content\/uploads\/2018\/03\/48_1.jpg\" alt=\"\" width=\"1250\" height=\"125\" srcset=\"https:\/\/bryk.com.pl\/wp-content\/uploads\/2018\/03\/48_1.jpg 1250w, https:\/\/bryk.com.pl\/wp-content\/uploads\/2018\/03\/48_1-800x80.jpg 800w, https:\/\/bryk.com.pl\/wp-content\/uploads\/2018\/03\/48_1-768x77.jpg 768w, https:\/\/bryk.com.pl\/wp-content\/uploads\/2018\/03\/48_1-830x83.jpg 830w, https:\/\/bryk.com.pl\/wp-content\/uploads\/2018\/03\/48_1-510x51.jpg 510w\" sizes=\"(max-width: 1250px) 100vw, 1250px\" \/><\/p>\n","protected":false},"featured_media":2412,"template":"","meta":[],"product_brand":[],"product_cat":[183],"product_tag":[],"class_list":{"0":"post-1121","1":"product","2":"type-product","3":"status-publish","4":"has-post-thumbnail","6":"product_cat-wiertla-przelotowe","8":"first","9":"instock","10":"shipping-taxable","11":"product-type-simple"},"yoast_head":"<!-- This site is optimized with the Yoast SEO plugin v24.5 - https:\/\/yoast.com\/wordpress\/plugins\/seo\/ -->\n<title>Wiert\u0142a Przelotowe - BRYK - LEAVE A PRECISE MARK<\/title>\n<meta name=\"robots\" content=\"index, follow, max-snippet:-1, max-image-preview:large, max-video-preview:-1\" \/>\n<link rel=\"canonical\" href=\"https:\/\/bryk.com.pl\/?product=1121\" \/>\n<meta property=\"og:locale\" content=\"pl_PL\" \/>\n<meta property=\"og:type\" content=\"article\" \/>\n<meta property=\"og:title\" content=\"Wiert\u0142a Przelotowe - BRYK - LEAVE A PRECISE MARK\" \/>\n<meta property=\"og:description\" content=\"Wiert\u0142a przelotowe stosowane w wiertarkach wielowrzecionowych do wiercenia otwor\u00f3w w p\u0142ycie wi\u00f3rowej laminowanej, p\u0142ycie oklejanej innymi rodzajami dekor\u00f3w, drewnie litym, p\u0142ycie MDF, i innych materia\u0142ach drewnopochodnych.    D L L1 d Kod L Kod P   5 57 20 10 13030557L 13030557R   8 57 20 10 13030857L 13030857R   4 70 20 10 13030470L 13030470R   5 70 20 10 13030570L 13030570R   6 70 20 10 13030670L 13030670R   7 70 20 10 13030770L 13030770R   8 70 20 10 13030870L 13030870R   9 70 20 10 13030970L 13030970R   10 70 20 10 13031070L 13031070R   12 70 20 10 130312 70L 13031270R\" \/>\n<meta property=\"og:url\" content=\"https:\/\/bryk.com.pl\/?product=1121\" \/>\n<meta property=\"og:site_name\" content=\"BRYK - LEAVE A PRECISE MARK\" \/>\n<meta property=\"article:publisher\" content=\"https:\/\/www.facebook.com\/ppuhbryk\/\" \/>\n<meta property=\"article:modified_time\" content=\"2019-12-10T10:29:49+00:00\" \/>\n<meta property=\"og:image\" content=\"https:\/\/bryk.com.pl\/wp-content\/uploads\/2018\/03\/Wiert\u0142a_Przelotowe.jpg\" \/>\n\t<meta property=\"og:image:width\" content=\"2500\" \/>\n\t<meta property=\"og:image:height\" content=\"2500\" \/>\n\t<meta property=\"og:image:type\" content=\"image\/jpeg\" \/>\n<meta name=\"twitter:card\" content=\"summary_large_image\" \/>\n<script type=\"application\/ld+json\" class=\"yoast-schema-graph\">{\"@context\":\"https:\/\/schema.org\",\"@graph\":[{\"@type\":\"WebPage\",\"@id\":\"https:\/\/bryk.com.pl\/?product=1121\",\"url\":\"https:\/\/bryk.com.pl\/?product=1121\",\"name\":\"Wiert\u0142a Przelotowe - BRYK - LEAVE A PRECISE MARK\",\"isPartOf\":{\"@id\":\"https:\/\/bryk.com.pl\/#website\"},\"primaryImageOfPage\":{\"@id\":\"https:\/\/bryk.com.pl\/?product=1121#primaryimage\"},\"image\":{\"@id\":\"https:\/\/bryk.com.pl\/?product=1121#primaryimage\"},\"thumbnailUrl\":\"https:\/\/bryk.com.pl\/wp-content\/uploads\/2018\/03\/Wiert\u0142a_Przelotowe.jpg\",\"datePublished\":\"2018-03-30T17:21:47+00:00\",\"dateModified\":\"2019-12-10T10:29:49+00:00\",\"breadcrumb\":{\"@id\":\"https:\/\/bryk.com.pl\/?product=1121#breadcrumb\"},\"inLanguage\":\"pl-PL\",\"potentialAction\":[{\"@type\":\"ReadAction\",\"target\":[\"https:\/\/bryk.com.pl\/?product=1121\"]}]},{\"@type\":\"ImageObject\",\"inLanguage\":\"pl-PL\",\"@id\":\"https:\/\/bryk.com.pl\/?product=1121#primaryimage\",\"url\":\"https:\/\/bryk.com.pl\/wp-content\/uploads\/2018\/03\/Wiert\u0142a_Przelotowe.jpg\",\"contentUrl\":\"https:\/\/bryk.com.pl\/wp-content\/uploads\/2018\/03\/Wiert\u0142a_Przelotowe.jpg\",\"width\":2500,\"height\":2500,\"caption\":\"Wiert\u0142a_Przelotowe\"},{\"@type\":\"BreadcrumbList\",\"@id\":\"https:\/\/bryk.com.pl\/?product=1121#breadcrumb\",\"itemListElement\":[{\"@type\":\"ListItem\",\"position\":1,\"name\":\"Strona g\u0142\u00f3wna\",\"item\":\"https:\/\/bryk.com.pl\/\"},{\"@type\":\"ListItem\",\"position\":2,\"name\":\"Products\",\"item\":\"https:\/\/bryk.com.pl\/sklep\/\"},{\"@type\":\"ListItem\",\"position\":3,\"name\":\"Wiert\u0142a Przelotowe\"}]},{\"@type\":\"WebSite\",\"@id\":\"https:\/\/bryk.com.pl\/#website\",\"url\":\"https:\/\/bryk.com.pl\/\",\"name\":\"BRYK - LEAVE A PRECISE MARK\",\"description\":\"Polski producent narz\u0119dzi\",\"potentialAction\":[{\"@type\":\"SearchAction\",\"target\":{\"@type\":\"EntryPoint\",\"urlTemplate\":\"https:\/\/bryk.com.pl\/?s={search_term_string}\"},\"query-input\":{\"@type\":\"PropertyValueSpecification\",\"valueRequired\":true,\"valueName\":\"search_term_string\"}}],\"inLanguage\":\"pl-PL\"}]}<\/script>\n<!-- \/ Yoast SEO plugin. -->","yoast_head_json":{"title":"Wiert\u0142a Przelotowe - BRYK - LEAVE A PRECISE MARK","robots":{"index":"index","follow":"follow","max-snippet":"max-snippet:-1","max-image-preview":"max-image-preview:large","max-video-preview":"max-video-preview:-1"},"canonical":"https:\/\/bryk.com.pl\/?product=1121","og_locale":"pl_PL","og_type":"article","og_title":"Wiert\u0142a Przelotowe - BRYK - LEAVE A PRECISE MARK","og_description":"Wiert\u0142a przelotowe stosowane w wiertarkach wielowrzecionowych do wiercenia otwor\u00f3w w p\u0142ycie wi\u00f3rowej laminowanej, p\u0142ycie oklejanej innymi rodzajami dekor\u00f3w, drewnie litym, p\u0142ycie MDF, i innych materia\u0142ach drewnopochodnych.    D L L1 d Kod L Kod P   5 57 20 10 13030557L 13030557R   8 57 20 10 13030857L 13030857R   4 70 20 10 13030470L 13030470R   5 70 20 10 13030570L 13030570R   6 70 20 10 13030670L 13030670R   7 70 20 10 13030770L 13030770R   8 70 20 10 13030870L 13030870R   9 70 20 10 13030970L 13030970R   10 70 20 10 13031070L 13031070R   12 70 20 10 130312 70L 13031270R","og_url":"https:\/\/bryk.com.pl\/?product=1121","og_site_name":"BRYK - LEAVE A PRECISE MARK","article_publisher":"https:\/\/www.facebook.com\/ppuhbryk\/","article_modified_time":"2019-12-10T10:29:49+00:00","og_image":[{"width":2500,"height":2500,"url":"https:\/\/bryk.com.pl\/wp-content\/uploads\/2018\/03\/Wiert\u0142a_Przelotowe.jpg","type":"image\/jpeg"}],"twitter_card":"summary_large_image","schema":{"@context":"https:\/\/schema.org","@graph":[{"@type":"WebPage","@id":"https:\/\/bryk.com.pl\/?product=1121","url":"https:\/\/bryk.com.pl\/?product=1121","name":"Wiert\u0142a Przelotowe - BRYK - LEAVE A PRECISE MARK","isPartOf":{"@id":"https:\/\/bryk.com.pl\/#website"},"primaryImageOfPage":{"@id":"https:\/\/bryk.com.pl\/?product=1121#primaryimage"},"image":{"@id":"https:\/\/bryk.com.pl\/?product=1121#primaryimage"},"thumbnailUrl":"https:\/\/bryk.com.pl\/wp-content\/uploads\/2018\/03\/Wiert\u0142a_Przelotowe.jpg","datePublished":"2018-03-30T17:21:47+00:00","dateModified":"2019-12-10T10:29:49+00:00","breadcrumb":{"@id":"https:\/\/bryk.com.pl\/?product=1121#breadcrumb"},"inLanguage":"pl-PL","potentialAction":[{"@type":"ReadAction","target":["https:\/\/bryk.com.pl\/?product=1121"]}]},{"@type":"ImageObject","inLanguage":"pl-PL","@id":"https:\/\/bryk.com.pl\/?product=1121#primaryimage","url":"https:\/\/bryk.com.pl\/wp-content\/uploads\/2018\/03\/Wiert\u0142a_Przelotowe.jpg","contentUrl":"https:\/\/bryk.com.pl\/wp-content\/uploads\/2018\/03\/Wiert\u0142a_Przelotowe.jpg","width":2500,"height":2500,"caption":"Wiert\u0142a_Przelotowe"},{"@type":"BreadcrumbList","@id":"https:\/\/bryk.com.pl\/?product=1121#breadcrumb","itemListElement":[{"@type":"ListItem","position":1,"name":"Strona g\u0142\u00f3wna","item":"https:\/\/bryk.com.pl\/"},{"@type":"ListItem","position":2,"name":"Products","item":"https:\/\/bryk.com.pl\/sklep\/"},{"@type":"ListItem","position":3,"name":"Wiert\u0142a Przelotowe"}]},{"@type":"WebSite","@id":"https:\/\/bryk.com.pl\/#website","url":"https:\/\/bryk.com.pl\/","name":"BRYK - LEAVE A PRECISE MARK","description":"Polski producent narz\u0119dzi","potentialAction":[{"@type":"SearchAction","target":{"@type":"EntryPoint","urlTemplate":"https:\/\/bryk.com.pl\/?s={search_term_string}"},"query-input":{"@type":"PropertyValueSpecification","valueRequired":true,"valueName":"search_term_string"}}],"inLanguage":"pl-PL"}]}},"_links":{"self":[{"href":"https:\/\/bryk.com.pl\/index.php?rest_route=\/wp\/v2\/product\/1121","targetHints":{"allow":["GET"]}}],"collection":[{"href":"https:\/\/bryk.com.pl\/index.php?rest_route=\/wp\/v2\/product"}],"about":[{"href":"https:\/\/bryk.com.pl\/index.php?rest_route=\/wp\/v2\/types\/product"}],"wp:featuredmedia":[{"embeddable":true,"href":"https:\/\/bryk.com.pl\/index.php?rest_route=\/wp\/v2\/media\/2412"}],"wp:attachment":[{"href":"https:\/\/bryk.com.pl\/index.php?rest_route=%2Fwp%2Fv2%2Fmedia&parent=1121"}],"wp:term":[{"taxonomy":"product_brand","embeddable":true,"href":"https:\/\/bryk.com.pl\/index.php?rest_route=%2Fwp%2Fv2%2Fproduct_brand&post=1121"},{"taxonomy":"product_cat","embeddable":true,"href":"https:\/\/bryk.com.pl\/index.php?rest_route=%2Fwp%2Fv2%2Fproduct_cat&post=1121"},{"taxonomy":"product_tag","embeddable":true,"href":"https:\/\/bryk.com.pl\/index.php?rest_route=%2Fwp%2Fv2%2Fproduct_tag&post=1121"}],"curies":[{"name":"wp","href":"https:\/\/api.w.org\/{rel}","templated":true}]}}