{"id":1124,"date":"2018-03-30T19:24:24","date_gmt":"2018-03-30T17:24:24","guid":{"rendered":"http:\/\/bryk.com.pl\/?post_type=product&#038;p=1124"},"modified":"2019-12-10T11:29:21","modified_gmt":"2019-12-10T10:29:21","slug":"1124","status":"publish","type":"product","link":"https:\/\/bryk.com.pl?product=1124","title":{"rendered":"WIERT\u0141A PUSZKOWE"},"content":{"rendered":"","protected":false},"excerpt":{"rendered":"<p>Wiert\u0142a puszkowe stosowane w wiertarkach wielowrzecionowych do wiercenia otwor\u00f3w pod zawias puszkowy w p\u0142ycie wi\u00f3rowej laminowanej, p\u0142ycie oklejanej innymi rodzajami dekor\u00f3w, drewnie litym, p\u0142ycie MDF, i innych materia\u0142ach drewnopochodnych.<\/p>\n<table class=\"table table-bordered extracted-data\">\n<tbody>\n<tr>\n<td>D<\/td>\n<td>L<\/td>\n<td>L1<\/td>\n<td>d<\/td>\n<td>Kod L<\/td>\n<td>Kod P<\/td>\n<\/tr>\n<tr>\n<td>15<\/td>\n<td>57<\/td>\n<td>30<\/td>\n<td>10<\/td>\n<td>10011557L<\/td>\n<td>10011557R<\/td>\n<\/tr>\n<tr>\n<td>18<\/td>\n<td>57<\/td>\n<td>30<\/td>\n<td>10<\/td>\n<td>10011857L<\/td>\n<td>10011857R<\/td>\n<\/tr>\n<tr>\n<td>20<\/td>\n<td>57<\/td>\n<td>30<\/td>\n<td>10<\/td>\n<td>10012057L<\/td>\n<td>10012057R<\/td>\n<\/tr>\n<tr>\n<td>22<\/td>\n<td>57<\/td>\n<td>30<\/td>\n<td>10<\/td>\n<td>10012257L<\/td>\n<td>10012257R<\/td>\n<\/tr>\n<tr>\n<td>25<\/td>\n<td>57<\/td>\n<td>30<\/td>\n<td>10<\/td>\n<td>10012557L<\/td>\n<td>10012557R<\/td>\n<\/tr>\n<tr>\n<td>26<\/td>\n<td>57<\/td>\n<td>30<\/td>\n<td>10<\/td>\n<td>10012657L<\/td>\n<td>10012657R<\/td>\n<\/tr>\n<tr>\n<td>30<\/td>\n<td>57<\/td>\n<td>30<\/td>\n<td>10<\/td>\n<td>10013057L<\/td>\n<td>10013057R<\/td>\n<\/tr>\n<tr>\n<td>35<\/td>\n<td>57<\/td>\n<td>30<\/td>\n<td>10<\/td>\n<td>10013557L<\/td>\n<td>10013557R<\/td>\n<\/tr>\n<tr>\n<td>40<\/td>\n<td>57<\/td>\n<td>30<\/td>\n<td>10<\/td>\n<td>10014057L<\/td>\n<td>10014057R<\/td>\n<\/tr>\n<\/tbody>\n<\/table>\n<p>&nbsp;<\/p>\n<table class=\"table table-bordered extracted-data\">\n<tbody>\n<tr>\n<td>D<\/td>\n<td>L<\/td>\n<td>L1<\/td>\n<td>d<\/td>\n<td>Kod L<\/td>\n<td>Kod P<\/td>\n<\/tr>\n<tr>\n<td>15<\/td>\n<td>70<\/td>\n<td>30<\/td>\n<td>10<\/td>\n<td>10011570L<\/td>\n<td>10011570R<\/td>\n<\/tr>\n<tr>\n<td>18<\/td>\n<td>70<\/td>\n<td>30<\/td>\n<td>10<\/td>\n<td>10011870L<\/td>\n<td>10011870R<\/td>\n<\/tr>\n<tr>\n<td>20<\/td>\n<td>70<\/td>\n<td>30<\/td>\n<td>10<\/td>\n<td>10012070L<\/td>\n<td>10012070R<\/td>\n<\/tr>\n<tr>\n<td>22<\/td>\n<td>70<\/td>\n<td>30<\/td>\n<td>10<\/td>\n<td>10012270L<\/td>\n<td>10012270R<\/td>\n<\/tr>\n<tr>\n<td>25<\/td>\n<td>70<\/td>\n<td>30<\/td>\n<td>10<\/td>\n<td>10012570L<\/td>\n<td>10012570R<\/td>\n<\/tr>\n<tr>\n<td>26<\/td>\n<td>70<\/td>\n<td>30<\/td>\n<td>10<\/td>\n<td>10012670L<\/td>\n<td>10012670R<\/td>\n<\/tr>\n<tr>\n<td>30<\/td>\n<td>70<\/td>\n<td>30<\/td>\n<td>10<\/td>\n<td>10013070L<\/td>\n<td>10013070R<\/td>\n<\/tr>\n<tr>\n<td>35<\/td>\n<td>70<\/td>\n<td>30<\/td>\n<td>10<\/td>\n<td>10013570L<\/td>\n<td>10013570R<\/td>\n<\/tr>\n<tr>\n<td>40<\/td>\n<td>70<\/td>\n<td>30<\/td>\n<td>10<\/td>\n<td>10014070L<\/td>\n<td>10014070R<\/td>\n<\/tr>\n<\/tbody>\n<\/table>\n<p><img fetchpriority=\"high\" decoding=\"async\" class=\"alignnone size-full wp-image-1594\" src=\"http:\/\/bryk.com.pl\/wp-content\/uploads\/2018\/03\/51_1.jpg\" alt=\"\" width=\"1250\" height=\"136\" srcset=\"https:\/\/bryk.com.pl\/wp-content\/uploads\/2018\/03\/51_1.jpg 1250w, https:\/\/bryk.com.pl\/wp-content\/uploads\/2018\/03\/51_1-800x87.jpg 800w, https:\/\/bryk.com.pl\/wp-content\/uploads\/2018\/03\/51_1-768x84.jpg 768w, https:\/\/bryk.com.pl\/wp-content\/uploads\/2018\/03\/51_1-830x90.jpg 830w, https:\/\/bryk.com.pl\/wp-content\/uploads\/2018\/03\/51_1-510x55.jpg 510w\" sizes=\"(max-width: 1250px) 100vw, 1250px\" \/><\/p>\n","protected":false},"featured_media":2418,"template":"","meta":[],"product_brand":[],"product_cat":[182],"product_tag":[],"class_list":{"0":"post-1124","1":"product","2":"type-product","3":"status-publish","4":"has-post-thumbnail","6":"product_cat-wiertla-puszkowe","8":"first","9":"instock","10":"shipping-taxable","11":"product-type-simple"},"yoast_head":"<!-- This site is optimized with the Yoast SEO plugin v24.5 - https:\/\/yoast.com\/wordpress\/plugins\/seo\/ -->\n<title>WIERT\u0141A PUSZKOWE - BRYK - LEAVE A PRECISE MARK<\/title>\n<meta name=\"robots\" content=\"index, follow, max-snippet:-1, max-image-preview:large, max-video-preview:-1\" \/>\n<link rel=\"canonical\" href=\"https:\/\/bryk.com.pl\/?product=1124\" \/>\n<meta property=\"og:locale\" content=\"pl_PL\" \/>\n<meta property=\"og:type\" content=\"article\" \/>\n<meta property=\"og:title\" content=\"WIERT\u0141A PUSZKOWE - BRYK - LEAVE A PRECISE MARK\" \/>\n<meta property=\"og:description\" content=\"Wiert\u0142a puszkowe stosowane w wiertarkach wielowrzecionowych do wiercenia otwor\u00f3w pod zawias puszkowy w p\u0142ycie wi\u00f3rowej laminowanej, p\u0142ycie oklejanej innymi rodzajami dekor\u00f3w, drewnie litym, p\u0142ycie MDF, i innych materia\u0142ach drewnopochodnych.    D L L1 d Kod L Kod P   15 57 30 10 10011557L 10011557R   18 57 30 10 10011857L 10011857R   20 57 30 10 10012057L 10012057R   22 57 30 10 10012257L 10012257R   25 57 30 10 10012557L 10012557R   26 57 30 10 10012657L 10012657R   30 57 30 10 10013057L 10013057R   35 57 30 10 10013557L 10013557R   40 57 30 10 10014057L 10014057R    &nbsp;    D L L1 d Kod L Kod P   15 70 30 10 10011570L 10011570R   18 70 30 10 10011870L 10011870R   20 70 30 10 10012070L 10012070R   22 70 30 10 10012270L 10012270R   25 70 30 10 10012570L 10012570R   26 70 30 10 10012670L 10012670R   30 70 30 10 10013070L 10013070R   35 70 30 10 10013570L 10013570R   40 70 30 10 10014070L 10014070R\" \/>\n<meta property=\"og:url\" content=\"https:\/\/bryk.com.pl\/?product=1124\" \/>\n<meta property=\"og:site_name\" content=\"BRYK - LEAVE A PRECISE MARK\" \/>\n<meta property=\"article:publisher\" content=\"https:\/\/www.facebook.com\/ppuhbryk\/\" \/>\n<meta property=\"article:modified_time\" content=\"2019-12-10T10:29:21+00:00\" \/>\n<meta property=\"og:image\" content=\"https:\/\/bryk.com.pl\/wp-content\/uploads\/2018\/03\/WIERT\u0141A_PUSZKOWE.jpg\" \/>\n\t<meta property=\"og:image:width\" content=\"2500\" \/>\n\t<meta property=\"og:image:height\" content=\"2500\" \/>\n\t<meta property=\"og:image:type\" content=\"image\/jpeg\" \/>\n<meta name=\"twitter:card\" content=\"summary_large_image\" \/>\n<script type=\"application\/ld+json\" class=\"yoast-schema-graph\">{\"@context\":\"https:\/\/schema.org\",\"@graph\":[{\"@type\":\"WebPage\",\"@id\":\"https:\/\/bryk.com.pl\/?product=1124\",\"url\":\"https:\/\/bryk.com.pl\/?product=1124\",\"name\":\"WIERT\u0141A PUSZKOWE - BRYK - LEAVE A PRECISE MARK\",\"isPartOf\":{\"@id\":\"https:\/\/bryk.com.pl\/#website\"},\"primaryImageOfPage\":{\"@id\":\"https:\/\/bryk.com.pl\/?product=1124#primaryimage\"},\"image\":{\"@id\":\"https:\/\/bryk.com.pl\/?product=1124#primaryimage\"},\"thumbnailUrl\":\"https:\/\/bryk.com.pl\/wp-content\/uploads\/2018\/03\/WIERT\u0141A_PUSZKOWE.jpg\",\"datePublished\":\"2018-03-30T17:24:24+00:00\",\"dateModified\":\"2019-12-10T10:29:21+00:00\",\"breadcrumb\":{\"@id\":\"https:\/\/bryk.com.pl\/?product=1124#breadcrumb\"},\"inLanguage\":\"pl-PL\",\"potentialAction\":[{\"@type\":\"ReadAction\",\"target\":[\"https:\/\/bryk.com.pl\/?product=1124\"]}]},{\"@type\":\"ImageObject\",\"inLanguage\":\"pl-PL\",\"@id\":\"https:\/\/bryk.com.pl\/?product=1124#primaryimage\",\"url\":\"https:\/\/bryk.com.pl\/wp-content\/uploads\/2018\/03\/WIERT\u0141A_PUSZKOWE.jpg\",\"contentUrl\":\"https:\/\/bryk.com.pl\/wp-content\/uploads\/2018\/03\/WIERT\u0141A_PUSZKOWE.jpg\",\"width\":2500,\"height\":2500,\"caption\":\"WIERT\u0141A_PUSZKOWE\"},{\"@type\":\"BreadcrumbList\",\"@id\":\"https:\/\/bryk.com.pl\/?product=1124#breadcrumb\",\"itemListElement\":[{\"@type\":\"ListItem\",\"position\":1,\"name\":\"Strona g\u0142\u00f3wna\",\"item\":\"https:\/\/bryk.com.pl\/\"},{\"@type\":\"ListItem\",\"position\":2,\"name\":\"Products\",\"item\":\"https:\/\/bryk.com.pl\/sklep\/\"},{\"@type\":\"ListItem\",\"position\":3,\"name\":\"WIERT\u0141A PUSZKOWE\"}]},{\"@type\":\"WebSite\",\"@id\":\"https:\/\/bryk.com.pl\/#website\",\"url\":\"https:\/\/bryk.com.pl\/\",\"name\":\"BRYK - LEAVE A PRECISE MARK\",\"description\":\"Polski producent narz\u0119dzi\",\"potentialAction\":[{\"@type\":\"SearchAction\",\"target\":{\"@type\":\"EntryPoint\",\"urlTemplate\":\"https:\/\/bryk.com.pl\/?s={search_term_string}\"},\"query-input\":{\"@type\":\"PropertyValueSpecification\",\"valueRequired\":true,\"valueName\":\"search_term_string\"}}],\"inLanguage\":\"pl-PL\"}]}<\/script>\n<!-- \/ Yoast SEO plugin. -->","yoast_head_json":{"title":"WIERT\u0141A PUSZKOWE - BRYK - LEAVE A PRECISE MARK","robots":{"index":"index","follow":"follow","max-snippet":"max-snippet:-1","max-image-preview":"max-image-preview:large","max-video-preview":"max-video-preview:-1"},"canonical":"https:\/\/bryk.com.pl\/?product=1124","og_locale":"pl_PL","og_type":"article","og_title":"WIERT\u0141A PUSZKOWE - BRYK - LEAVE A PRECISE MARK","og_description":"Wiert\u0142a puszkowe stosowane w wiertarkach wielowrzecionowych do wiercenia otwor\u00f3w pod zawias puszkowy w p\u0142ycie wi\u00f3rowej laminowanej, p\u0142ycie oklejanej innymi rodzajami dekor\u00f3w, drewnie litym, p\u0142ycie MDF, i innych materia\u0142ach drewnopochodnych.    D L L1 d Kod L Kod P   15 57 30 10 10011557L 10011557R   18 57 30 10 10011857L 10011857R   20 57 30 10 10012057L 10012057R   22 57 30 10 10012257L 10012257R   25 57 30 10 10012557L 10012557R   26 57 30 10 10012657L 10012657R   30 57 30 10 10013057L 10013057R   35 57 30 10 10013557L 10013557R   40 57 30 10 10014057L 10014057R    &nbsp;    D L L1 d Kod L Kod P   15 70 30 10 10011570L 10011570R   18 70 30 10 10011870L 10011870R   20 70 30 10 10012070L 10012070R   22 70 30 10 10012270L 10012270R   25 70 30 10 10012570L 10012570R   26 70 30 10 10012670L 10012670R   30 70 30 10 10013070L 10013070R   35 70 30 10 10013570L 10013570R   40 70 30 10 10014070L 10014070R","og_url":"https:\/\/bryk.com.pl\/?product=1124","og_site_name":"BRYK - LEAVE A PRECISE MARK","article_publisher":"https:\/\/www.facebook.com\/ppuhbryk\/","article_modified_time":"2019-12-10T10:29:21+00:00","og_image":[{"width":2500,"height":2500,"url":"https:\/\/bryk.com.pl\/wp-content\/uploads\/2018\/03\/WIERT\u0141A_PUSZKOWE.jpg","type":"image\/jpeg"}],"twitter_card":"summary_large_image","schema":{"@context":"https:\/\/schema.org","@graph":[{"@type":"WebPage","@id":"https:\/\/bryk.com.pl\/?product=1124","url":"https:\/\/bryk.com.pl\/?product=1124","name":"WIERT\u0141A PUSZKOWE - BRYK - LEAVE A PRECISE MARK","isPartOf":{"@id":"https:\/\/bryk.com.pl\/#website"},"primaryImageOfPage":{"@id":"https:\/\/bryk.com.pl\/?product=1124#primaryimage"},"image":{"@id":"https:\/\/bryk.com.pl\/?product=1124#primaryimage"},"thumbnailUrl":"https:\/\/bryk.com.pl\/wp-content\/uploads\/2018\/03\/WIERT\u0141A_PUSZKOWE.jpg","datePublished":"2018-03-30T17:24:24+00:00","dateModified":"2019-12-10T10:29:21+00:00","breadcrumb":{"@id":"https:\/\/bryk.com.pl\/?product=1124#breadcrumb"},"inLanguage":"pl-PL","potentialAction":[{"@type":"ReadAction","target":["https:\/\/bryk.com.pl\/?product=1124"]}]},{"@type":"ImageObject","inLanguage":"pl-PL","@id":"https:\/\/bryk.com.pl\/?product=1124#primaryimage","url":"https:\/\/bryk.com.pl\/wp-content\/uploads\/2018\/03\/WIERT\u0141A_PUSZKOWE.jpg","contentUrl":"https:\/\/bryk.com.pl\/wp-content\/uploads\/2018\/03\/WIERT\u0141A_PUSZKOWE.jpg","width":2500,"height":2500,"caption":"WIERT\u0141A_PUSZKOWE"},{"@type":"BreadcrumbList","@id":"https:\/\/bryk.com.pl\/?product=1124#breadcrumb","itemListElement":[{"@type":"ListItem","position":1,"name":"Strona g\u0142\u00f3wna","item":"https:\/\/bryk.com.pl\/"},{"@type":"ListItem","position":2,"name":"Products","item":"https:\/\/bryk.com.pl\/sklep\/"},{"@type":"ListItem","position":3,"name":"WIERT\u0141A PUSZKOWE"}]},{"@type":"WebSite","@id":"https:\/\/bryk.com.pl\/#website","url":"https:\/\/bryk.com.pl\/","name":"BRYK - LEAVE A PRECISE MARK","description":"Polski producent narz\u0119dzi","potentialAction":[{"@type":"SearchAction","target":{"@type":"EntryPoint","urlTemplate":"https:\/\/bryk.com.pl\/?s={search_term_string}"},"query-input":{"@type":"PropertyValueSpecification","valueRequired":true,"valueName":"search_term_string"}}],"inLanguage":"pl-PL"}]}},"_links":{"self":[{"href":"https:\/\/bryk.com.pl\/index.php?rest_route=\/wp\/v2\/product\/1124","targetHints":{"allow":["GET"]}}],"collection":[{"href":"https:\/\/bryk.com.pl\/index.php?rest_route=\/wp\/v2\/product"}],"about":[{"href":"https:\/\/bryk.com.pl\/index.php?rest_route=\/wp\/v2\/types\/product"}],"wp:featuredmedia":[{"embeddable":true,"href":"https:\/\/bryk.com.pl\/index.php?rest_route=\/wp\/v2\/media\/2418"}],"wp:attachment":[{"href":"https:\/\/bryk.com.pl\/index.php?rest_route=%2Fwp%2Fv2%2Fmedia&parent=1124"}],"wp:term":[{"taxonomy":"product_brand","embeddable":true,"href":"https:\/\/bryk.com.pl\/index.php?rest_route=%2Fwp%2Fv2%2Fproduct_brand&post=1124"},{"taxonomy":"product_cat","embeddable":true,"href":"https:\/\/bryk.com.pl\/index.php?rest_route=%2Fwp%2Fv2%2Fproduct_cat&post=1124"},{"taxonomy":"product_tag","embeddable":true,"href":"https:\/\/bryk.com.pl\/index.php?rest_route=%2Fwp%2Fv2%2Fproduct_tag&post=1124"}],"curies":[{"name":"wp","href":"https:\/\/api.w.org\/{rel}","templated":true}]}}