{"id":1129,"date":"2018-03-30T19:30:11","date_gmt":"2018-03-30T17:30:11","guid":{"rendered":"http:\/\/bryk.com.pl\/?post_type=product&#038;p=1129"},"modified":"2019-12-10T11:28:21","modified_gmt":"2019-12-10T10:28:21","slug":"1129","status":"publish","type":"product","link":"https:\/\/bryk.com.pl?product=1129","title":{"rendered":"Pi\u0142y Tarczowe do drewna litego"},"content":{"rendered":"","protected":false},"excerpt":{"rendered":"<p>Pi\u0142y tarczowe o uz\u0119bieniu na przemian sko\u015bnym z z\u0119bami z w\u0119glika spiekanego stosowane g\u0142\u00f3wnie do ciecia drewna litego wzd\u0142u\u017c w\u0142\u00f3kiem jak i w poprzek.<br \/>\nOdpowiednia geometria ostrzy zapewnia dobr\u0105 jako\u015b\u0107 obr\u00f3bki a odpowiednio dobrana ilo\u015b\u0107 z\u0119b\u00f3w d\u0142ug\u0105 \u017cywotno\u015b\u0107<\/p>\n<table class=\"table table-bordered extracted-data\">\n<tbody>\n<tr>\n<td>D<\/td>\n<td>B<\/td>\n<td>b<\/td>\n<td>d<\/td>\n<td>Z<\/td>\n<td><\/td>\n<td>Kod<\/td>\n<\/tr>\n<tr>\n<td>250<\/td>\n<td>3,2<\/td>\n<td>2,2<\/td>\n<td>30<\/td>\n<td>24<\/td>\n<td>15<\/td>\n<td>RD6001001<\/td>\n<\/tr>\n<tr>\n<td>250<\/td>\n<td>3,2<\/td>\n<td>2,2<\/td>\n<td>30<\/td>\n<td>40<\/td>\n<td>13<\/td>\n<td>RD6003006<\/td>\n<\/tr>\n<tr>\n<td>300<\/td>\n<td>3,2<\/td>\n<td>2,2<\/td>\n<td>30<\/td>\n<td>28<\/td>\n<td>15<\/td>\n<td>RD6001003<\/td>\n<\/tr>\n<tr>\n<td>300<\/td>\n<td>3,2<\/td>\n<td>2,2<\/td>\n<td>30<\/td>\n<td>48<\/td>\n<td>13<\/td>\n<td>RD6003008<\/td>\n<\/tr>\n<tr>\n<td>350<\/td>\n<td>3,5<\/td>\n<td>2,5<\/td>\n<td>30<\/td>\n<td>32<\/td>\n<td>18<\/td>\n<td>RD6001005<\/td>\n<\/tr>\n<tr>\n<td>350<\/td>\n<td>3,5<\/td>\n<td>2,5<\/td>\n<td>30<\/td>\n<td>54<\/td>\n<td>13<\/td>\n<td>RD6003010<\/td>\n<\/tr>\n<tr>\n<td>400<\/td>\n<td>3,8<\/td>\n<td>2,8<\/td>\n<td>30<\/td>\n<td>36<\/td>\n<td>16<\/td>\n<td>RD6001019<\/td>\n<\/tr>\n<tr>\n<td>400<\/td>\n<td>3,8<\/td>\n<td>2,8<\/td>\n<td>30<\/td>\n<td>60<\/td>\n<td>13<\/td>\n<td>RD6003012<\/td>\n<\/tr>\n<tr>\n<td>450<\/td>\n<td>4,2<\/td>\n<td>3,2<\/td>\n<td>30<\/td>\n<td>40<\/td>\n<td>18<\/td>\n<td>RD6001021<\/td>\n<\/tr>\n<tr>\n<td>450<\/td>\n<td>4,2<\/td>\n<td>3,2<\/td>\n<td>30<\/td>\n<td>60<\/td>\n<td>13<\/td>\n<td>RD6003014<\/td>\n<\/tr>\n<\/tbody>\n<\/table>\n<p><img fetchpriority=\"high\" decoding=\"async\" class=\"alignnone size-full wp-image-1603\" src=\"http:\/\/bryk.com.pl\/wp-content\/uploads\/2018\/03\/60_3.jpg\" alt=\"\" width=\"1250\" height=\"126\" srcset=\"https:\/\/bryk.com.pl\/wp-content\/uploads\/2018\/03\/60_3.jpg 1250w, https:\/\/bryk.com.pl\/wp-content\/uploads\/2018\/03\/60_3-800x81.jpg 800w, https:\/\/bryk.com.pl\/wp-content\/uploads\/2018\/03\/60_3-768x77.jpg 768w, https:\/\/bryk.com.pl\/wp-content\/uploads\/2018\/03\/60_3-830x84.jpg 830w, https:\/\/bryk.com.pl\/wp-content\/uploads\/2018\/03\/60_3-510x51.jpg 510w\" sizes=\"(max-width: 1250px) 100vw, 1250px\" \/><\/p>\n","protected":false},"featured_media":2427,"template":"","meta":[],"product_brand":[],"product_cat":[187],"product_tag":[],"class_list":{"0":"post-1129","1":"product","2":"type-product","3":"status-publish","4":"has-post-thumbnail","6":"product_cat-pily-tarczowe-pily-tarczowe","8":"first","9":"instock","10":"shipping-taxable","11":"product-type-simple"},"yoast_head":"<!-- This site is optimized with the Yoast SEO plugin v24.5 - https:\/\/yoast.com\/wordpress\/plugins\/seo\/ -->\n<title>Pi\u0142y Tarczowe do drewna litego - BRYK - LEAVE A PRECISE MARK<\/title>\n<meta name=\"robots\" content=\"index, follow, max-snippet:-1, max-image-preview:large, max-video-preview:-1\" \/>\n<link rel=\"canonical\" href=\"https:\/\/bryk.com.pl\/?product=1129\" \/>\n<meta property=\"og:locale\" content=\"pl_PL\" \/>\n<meta property=\"og:type\" content=\"article\" \/>\n<meta property=\"og:title\" content=\"Pi\u0142y Tarczowe do drewna litego - BRYK - LEAVE A PRECISE MARK\" \/>\n<meta property=\"og:description\" content=\"Pi\u0142y tarczowe o uz\u0119bieniu na przemian sko\u015bnym z z\u0119bami z w\u0119glika spiekanego stosowane g\u0142\u00f3wnie do ciecia drewna litego wzd\u0142u\u017c w\u0142\u00f3kiem jak i w poprzek. Odpowiednia geometria ostrzy zapewnia dobr\u0105 jako\u015b\u0107 obr\u00f3bki a odpowiednio dobrana ilo\u015b\u0107 z\u0119b\u00f3w d\u0142ug\u0105 \u017cywotno\u015b\u0107    D B b d Z  Kod   250 3,2 2,2 30 24 15 RD6001001   250 3,2 2,2 30 40 13 RD6003006   300 3,2 2,2 30 28 15 RD6001003   300 3,2 2,2 30 48 13 RD6003008   350 3,5 2,5 30 32 18 RD6001005   350 3,5 2,5 30 54 13 RD6003010   400 3,8 2,8 30 36 16 RD6001019   400 3,8 2,8 30 60 13 RD6003012   450 4,2 3,2 30 40 18 RD6001021   450 4,2 3,2 30 60 13 RD6003014\" \/>\n<meta property=\"og:url\" content=\"https:\/\/bryk.com.pl\/?product=1129\" \/>\n<meta property=\"og:site_name\" content=\"BRYK - LEAVE A PRECISE MARK\" \/>\n<meta property=\"article:publisher\" content=\"https:\/\/www.facebook.com\/ppuhbryk\/\" \/>\n<meta property=\"article:modified_time\" content=\"2019-12-10T10:28:21+00:00\" \/>\n<meta property=\"og:image\" content=\"https:\/\/bryk.com.pl\/wp-content\/uploads\/2018\/03\/Pi\u0142y_Tarczowe_do_drewna_litego.jpg\" \/>\n\t<meta property=\"og:image:width\" content=\"2500\" \/>\n\t<meta property=\"og:image:height\" content=\"2500\" \/>\n\t<meta property=\"og:image:type\" content=\"image\/jpeg\" \/>\n<meta name=\"twitter:card\" content=\"summary_large_image\" \/>\n<script type=\"application\/ld+json\" class=\"yoast-schema-graph\">{\"@context\":\"https:\/\/schema.org\",\"@graph\":[{\"@type\":\"WebPage\",\"@id\":\"https:\/\/bryk.com.pl\/?product=1129\",\"url\":\"https:\/\/bryk.com.pl\/?product=1129\",\"name\":\"Pi\u0142y Tarczowe do drewna litego - BRYK - LEAVE A PRECISE MARK\",\"isPartOf\":{\"@id\":\"https:\/\/bryk.com.pl\/#website\"},\"primaryImageOfPage\":{\"@id\":\"https:\/\/bryk.com.pl\/?product=1129#primaryimage\"},\"image\":{\"@id\":\"https:\/\/bryk.com.pl\/?product=1129#primaryimage\"},\"thumbnailUrl\":\"https:\/\/bryk.com.pl\/wp-content\/uploads\/2018\/03\/Pi\u0142y_Tarczowe_do_drewna_litego.jpg\",\"datePublished\":\"2018-03-30T17:30:11+00:00\",\"dateModified\":\"2019-12-10T10:28:21+00:00\",\"breadcrumb\":{\"@id\":\"https:\/\/bryk.com.pl\/?product=1129#breadcrumb\"},\"inLanguage\":\"pl-PL\",\"potentialAction\":[{\"@type\":\"ReadAction\",\"target\":[\"https:\/\/bryk.com.pl\/?product=1129\"]}]},{\"@type\":\"ImageObject\",\"inLanguage\":\"pl-PL\",\"@id\":\"https:\/\/bryk.com.pl\/?product=1129#primaryimage\",\"url\":\"https:\/\/bryk.com.pl\/wp-content\/uploads\/2018\/03\/Pi\u0142y_Tarczowe_do_drewna_litego.jpg\",\"contentUrl\":\"https:\/\/bryk.com.pl\/wp-content\/uploads\/2018\/03\/Pi\u0142y_Tarczowe_do_drewna_litego.jpg\",\"width\":2500,\"height\":2500,\"caption\":\"Pi\u0142y_Tarczowe_do_drewna_litego\"},{\"@type\":\"BreadcrumbList\",\"@id\":\"https:\/\/bryk.com.pl\/?product=1129#breadcrumb\",\"itemListElement\":[{\"@type\":\"ListItem\",\"position\":1,\"name\":\"Strona g\u0142\u00f3wna\",\"item\":\"https:\/\/bryk.com.pl\/\"},{\"@type\":\"ListItem\",\"position\":2,\"name\":\"Products\",\"item\":\"https:\/\/bryk.com.pl\/sklep\/\"},{\"@type\":\"ListItem\",\"position\":3,\"name\":\"Pi\u0142y Tarczowe do drewna litego\"}]},{\"@type\":\"WebSite\",\"@id\":\"https:\/\/bryk.com.pl\/#website\",\"url\":\"https:\/\/bryk.com.pl\/\",\"name\":\"BRYK - LEAVE A PRECISE MARK\",\"description\":\"Polski producent narz\u0119dzi\",\"potentialAction\":[{\"@type\":\"SearchAction\",\"target\":{\"@type\":\"EntryPoint\",\"urlTemplate\":\"https:\/\/bryk.com.pl\/?s={search_term_string}\"},\"query-input\":{\"@type\":\"PropertyValueSpecification\",\"valueRequired\":true,\"valueName\":\"search_term_string\"}}],\"inLanguage\":\"pl-PL\"}]}<\/script>\n<!-- \/ Yoast SEO plugin. -->","yoast_head_json":{"title":"Pi\u0142y Tarczowe do drewna litego - BRYK - LEAVE A PRECISE MARK","robots":{"index":"index","follow":"follow","max-snippet":"max-snippet:-1","max-image-preview":"max-image-preview:large","max-video-preview":"max-video-preview:-1"},"canonical":"https:\/\/bryk.com.pl\/?product=1129","og_locale":"pl_PL","og_type":"article","og_title":"Pi\u0142y Tarczowe do drewna litego - BRYK - LEAVE A PRECISE MARK","og_description":"Pi\u0142y tarczowe o uz\u0119bieniu na przemian sko\u015bnym z z\u0119bami z w\u0119glika spiekanego stosowane g\u0142\u00f3wnie do ciecia drewna litego wzd\u0142u\u017c w\u0142\u00f3kiem jak i w poprzek. Odpowiednia geometria ostrzy zapewnia dobr\u0105 jako\u015b\u0107 obr\u00f3bki a odpowiednio dobrana ilo\u015b\u0107 z\u0119b\u00f3w d\u0142ug\u0105 \u017cywotno\u015b\u0107    D B b d Z  Kod   250 3,2 2,2 30 24 15 RD6001001   250 3,2 2,2 30 40 13 RD6003006   300 3,2 2,2 30 28 15 RD6001003   300 3,2 2,2 30 48 13 RD6003008   350 3,5 2,5 30 32 18 RD6001005   350 3,5 2,5 30 54 13 RD6003010   400 3,8 2,8 30 36 16 RD6001019   400 3,8 2,8 30 60 13 RD6003012   450 4,2 3,2 30 40 18 RD6001021   450 4,2 3,2 30 60 13 RD6003014","og_url":"https:\/\/bryk.com.pl\/?product=1129","og_site_name":"BRYK - LEAVE A PRECISE MARK","article_publisher":"https:\/\/www.facebook.com\/ppuhbryk\/","article_modified_time":"2019-12-10T10:28:21+00:00","og_image":[{"width":2500,"height":2500,"url":"https:\/\/bryk.com.pl\/wp-content\/uploads\/2018\/03\/Pi\u0142y_Tarczowe_do_drewna_litego.jpg","type":"image\/jpeg"}],"twitter_card":"summary_large_image","schema":{"@context":"https:\/\/schema.org","@graph":[{"@type":"WebPage","@id":"https:\/\/bryk.com.pl\/?product=1129","url":"https:\/\/bryk.com.pl\/?product=1129","name":"Pi\u0142y Tarczowe do drewna litego - BRYK - LEAVE A PRECISE MARK","isPartOf":{"@id":"https:\/\/bryk.com.pl\/#website"},"primaryImageOfPage":{"@id":"https:\/\/bryk.com.pl\/?product=1129#primaryimage"},"image":{"@id":"https:\/\/bryk.com.pl\/?product=1129#primaryimage"},"thumbnailUrl":"https:\/\/bryk.com.pl\/wp-content\/uploads\/2018\/03\/Pi\u0142y_Tarczowe_do_drewna_litego.jpg","datePublished":"2018-03-30T17:30:11+00:00","dateModified":"2019-12-10T10:28:21+00:00","breadcrumb":{"@id":"https:\/\/bryk.com.pl\/?product=1129#breadcrumb"},"inLanguage":"pl-PL","potentialAction":[{"@type":"ReadAction","target":["https:\/\/bryk.com.pl\/?product=1129"]}]},{"@type":"ImageObject","inLanguage":"pl-PL","@id":"https:\/\/bryk.com.pl\/?product=1129#primaryimage","url":"https:\/\/bryk.com.pl\/wp-content\/uploads\/2018\/03\/Pi\u0142y_Tarczowe_do_drewna_litego.jpg","contentUrl":"https:\/\/bryk.com.pl\/wp-content\/uploads\/2018\/03\/Pi\u0142y_Tarczowe_do_drewna_litego.jpg","width":2500,"height":2500,"caption":"Pi\u0142y_Tarczowe_do_drewna_litego"},{"@type":"BreadcrumbList","@id":"https:\/\/bryk.com.pl\/?product=1129#breadcrumb","itemListElement":[{"@type":"ListItem","position":1,"name":"Strona g\u0142\u00f3wna","item":"https:\/\/bryk.com.pl\/"},{"@type":"ListItem","position":2,"name":"Products","item":"https:\/\/bryk.com.pl\/sklep\/"},{"@type":"ListItem","position":3,"name":"Pi\u0142y Tarczowe do drewna litego"}]},{"@type":"WebSite","@id":"https:\/\/bryk.com.pl\/#website","url":"https:\/\/bryk.com.pl\/","name":"BRYK - LEAVE A PRECISE MARK","description":"Polski producent narz\u0119dzi","potentialAction":[{"@type":"SearchAction","target":{"@type":"EntryPoint","urlTemplate":"https:\/\/bryk.com.pl\/?s={search_term_string}"},"query-input":{"@type":"PropertyValueSpecification","valueRequired":true,"valueName":"search_term_string"}}],"inLanguage":"pl-PL"}]}},"_links":{"self":[{"href":"https:\/\/bryk.com.pl\/index.php?rest_route=\/wp\/v2\/product\/1129","targetHints":{"allow":["GET"]}}],"collection":[{"href":"https:\/\/bryk.com.pl\/index.php?rest_route=\/wp\/v2\/product"}],"about":[{"href":"https:\/\/bryk.com.pl\/index.php?rest_route=\/wp\/v2\/types\/product"}],"wp:featuredmedia":[{"embeddable":true,"href":"https:\/\/bryk.com.pl\/index.php?rest_route=\/wp\/v2\/media\/2427"}],"wp:attachment":[{"href":"https:\/\/bryk.com.pl\/index.php?rest_route=%2Fwp%2Fv2%2Fmedia&parent=1129"}],"wp:term":[{"taxonomy":"product_brand","embeddable":true,"href":"https:\/\/bryk.com.pl\/index.php?rest_route=%2Fwp%2Fv2%2Fproduct_brand&post=1129"},{"taxonomy":"product_cat","embeddable":true,"href":"https:\/\/bryk.com.pl\/index.php?rest_route=%2Fwp%2Fv2%2Fproduct_cat&post=1129"},{"taxonomy":"product_tag","embeddable":true,"href":"https:\/\/bryk.com.pl\/index.php?rest_route=%2Fwp%2Fv2%2Fproduct_tag&post=1129"}],"curies":[{"name":"wp","href":"https:\/\/api.w.org\/{rel}","templated":true}]}}