{"id":1130,"date":"2018-03-30T19:32:21","date_gmt":"2018-03-30T17:32:21","guid":{"rendered":"http:\/\/bryk.com.pl\/?post_type=product&#038;p=1130"},"modified":"2019-12-10T11:28:14","modified_gmt":"2019-12-10T10:28:14","slug":"1130","status":"publish","type":"product","link":"https:\/\/bryk.com.pl?product=1130","title":{"rendered":"Pi\u0142y Tarczowe do drewna litego z ogranicznikiem posuwu"},"content":{"rendered":"","protected":false},"excerpt":{"rendered":"<p>Pi\u0142y tarczowe o uz\u0119bieniu na przemian sko\u015bnym z z\u0119bami z w\u0119glika spiekanego stosowane g\u0142\u00f3wnie do ciecia drewna litego wzd\u0142u\u017c w\u0142\u00f3kiem jak i w poprzek. Zastowie ogranicznika posuwu zapewnia p\u0142ynn\u0105 prac\u0119 i zapobiega niepo\u017c\u0105danym efektom pracy w drewnie surowym. Odpowiednia geometria ostrzy zapewnia dobr\u0105 jako\u015b\u0107 obr\u00f3bki a odpowiednio dobrana ilo\u015b\u0107 z\u0119b\u00f3w d\u0142ug\u0105 \u017cywotno\u015b\u0107<\/p>\n<table class=\"table table-bordered extracted-data\">\n<tbody>\n<tr>\n<td>D<\/td>\n<td>B<\/td>\n<td>b<\/td>\n<td>d<\/td>\n<td>Z<\/td>\n<td><\/td>\n<td>Kod<\/td>\n<\/tr>\n<tr>\n<td>250<\/td>\n<td>3,2<\/td>\n<td>2,2<\/td>\n<td>30<\/td>\n<td>24<\/td>\n<td>20<\/td>\n<td>RD6007001<\/td>\n<\/tr>\n<tr>\n<td>250<\/td>\n<td>3,2<\/td>\n<td>2,2<\/td>\n<td>35<\/td>\n<td>24<\/td>\n<td>20<\/td>\n<td>RD6007002<\/td>\n<\/tr>\n<tr>\n<td>300<\/td>\n<td>3,2<\/td>\n<td>2,2<\/td>\n<td>30<\/td>\n<td>28<\/td>\n<td>20<\/td>\n<td>RD6007003<\/td>\n<\/tr>\n<tr>\n<td>300<\/td>\n<td>3,2<\/td>\n<td>2,2<\/td>\n<td>35<\/td>\n<td>28<\/td>\n<td>20<\/td>\n<td>RD6007004<\/td>\n<\/tr>\n<tr>\n<td>350<\/td>\n<td>3,5<\/td>\n<td>2,5<\/td>\n<td>30<\/td>\n<td>32<\/td>\n<td>18<\/td>\n<td>RD6007005<\/td>\n<\/tr>\n<tr>\n<td>350<\/td>\n<td>3,5<\/td>\n<td>2,5<\/td>\n<td>35<\/td>\n<td>32<\/td>\n<td>18<\/td>\n<td>RD6007006<\/td>\n<\/tr>\n<tr>\n<td>400<\/td>\n<td>3,8<\/td>\n<td>2,5<\/td>\n<td>30<\/td>\n<td>36<\/td>\n<td>18<\/td>\n<td>RD6007013<\/td>\n<\/tr>\n<tr>\n<td>400<\/td>\n<td>3,8<\/td>\n<td>2,5<\/td>\n<td>35<\/td>\n<td>36<\/td>\n<td>18<\/td>\n<td>RD6007014<\/td>\n<\/tr>\n<tr>\n<td>450<\/td>\n<td>4,2<\/td>\n<td>2,8<\/td>\n<td>30<\/td>\n<td>40<\/td>\n<td>18<\/td>\n<td>RD6007015<\/td>\n<\/tr>\n<tr>\n<td>500<\/td>\n<td>4,2<\/td>\n<td>2,8<\/td>\n<td>30<\/td>\n<td>44<\/td>\n<td>18<\/td>\n<td>RD6007016<\/td>\n<\/tr>\n<\/tbody>\n<\/table>\n<p><img fetchpriority=\"high\" decoding=\"async\" class=\"alignnone size-full wp-image-1604\" src=\"http:\/\/bryk.com.pl\/wp-content\/uploads\/2018\/03\/61_2.jpg\" alt=\"\" width=\"1250\" height=\"125\" srcset=\"https:\/\/bryk.com.pl\/wp-content\/uploads\/2018\/03\/61_2.jpg 1250w, https:\/\/bryk.com.pl\/wp-content\/uploads\/2018\/03\/61_2-800x80.jpg 800w, https:\/\/bryk.com.pl\/wp-content\/uploads\/2018\/03\/61_2-768x77.jpg 768w, https:\/\/bryk.com.pl\/wp-content\/uploads\/2018\/03\/61_2-830x83.jpg 830w, https:\/\/bryk.com.pl\/wp-content\/uploads\/2018\/03\/61_2-510x51.jpg 510w\" sizes=\"(max-width: 1250px) 100vw, 1250px\" \/><\/p>\n","protected":false},"featured_media":2429,"template":"","meta":[],"product_brand":[],"product_cat":[187],"product_tag":[],"class_list":{"0":"post-1130","1":"product","2":"type-product","3":"status-publish","4":"has-post-thumbnail","6":"product_cat-pily-tarczowe-pily-tarczowe","8":"first","9":"instock","10":"shipping-taxable","11":"product-type-simple"},"yoast_head":"<!-- This site is optimized with the Yoast SEO plugin v24.5 - https:\/\/yoast.com\/wordpress\/plugins\/seo\/ -->\n<title>Pi\u0142y Tarczowe do drewna litego z ogranicznikiem posuwu - BRYK - LEAVE A PRECISE MARK<\/title>\n<meta name=\"robots\" content=\"index, follow, max-snippet:-1, max-image-preview:large, max-video-preview:-1\" \/>\n<link rel=\"canonical\" href=\"https:\/\/bryk.com.pl\/?product=1130\" \/>\n<meta property=\"og:locale\" content=\"pl_PL\" \/>\n<meta property=\"og:type\" content=\"article\" \/>\n<meta property=\"og:title\" content=\"Pi\u0142y Tarczowe do drewna litego z ogranicznikiem posuwu - BRYK - LEAVE A PRECISE MARK\" \/>\n<meta property=\"og:description\" content=\"Pi\u0142y tarczowe o uz\u0119bieniu na przemian sko\u015bnym z z\u0119bami z w\u0119glika spiekanego stosowane g\u0142\u00f3wnie do ciecia drewna litego wzd\u0142u\u017c w\u0142\u00f3kiem jak i w poprzek. Zastowie ogranicznika posuwu zapewnia p\u0142ynn\u0105 prac\u0119 i zapobiega niepo\u017c\u0105danym efektom pracy w drewnie surowym. Odpowiednia geometria ostrzy zapewnia dobr\u0105 jako\u015b\u0107 obr\u00f3bki a odpowiednio dobrana ilo\u015b\u0107 z\u0119b\u00f3w d\u0142ug\u0105 \u017cywotno\u015b\u0107    D B b d Z  Kod   250 3,2 2,2 30 24 20 RD6007001   250 3,2 2,2 35 24 20 RD6007002   300 3,2 2,2 30 28 20 RD6007003   300 3,2 2,2 35 28 20 RD6007004   350 3,5 2,5 30 32 18 RD6007005   350 3,5 2,5 35 32 18 RD6007006   400 3,8 2,5 30 36 18 RD6007013   400 3,8 2,5 35 36 18 RD6007014   450 4,2 2,8 30 40 18 RD6007015   500 4,2 2,8 30 44 18 RD6007016\" \/>\n<meta property=\"og:url\" content=\"https:\/\/bryk.com.pl\/?product=1130\" \/>\n<meta property=\"og:site_name\" content=\"BRYK - LEAVE A PRECISE MARK\" \/>\n<meta property=\"article:publisher\" content=\"https:\/\/www.facebook.com\/ppuhbryk\/\" \/>\n<meta property=\"article:modified_time\" content=\"2019-12-10T10:28:14+00:00\" \/>\n<meta property=\"og:image\" content=\"https:\/\/bryk.com.pl\/wp-content\/uploads\/2018\/03\/Pi\u0142y_Tarczowe_do_drewna_litego_z_ogranicznikiem_posuwu.jpg\" \/>\n\t<meta property=\"og:image:width\" content=\"2500\" \/>\n\t<meta property=\"og:image:height\" content=\"2500\" \/>\n\t<meta property=\"og:image:type\" content=\"image\/jpeg\" \/>\n<meta name=\"twitter:card\" content=\"summary_large_image\" \/>\n<script type=\"application\/ld+json\" class=\"yoast-schema-graph\">{\"@context\":\"https:\/\/schema.org\",\"@graph\":[{\"@type\":\"WebPage\",\"@id\":\"https:\/\/bryk.com.pl\/?product=1130\",\"url\":\"https:\/\/bryk.com.pl\/?product=1130\",\"name\":\"Pi\u0142y Tarczowe do drewna litego z ogranicznikiem posuwu - BRYK - LEAVE A PRECISE MARK\",\"isPartOf\":{\"@id\":\"https:\/\/bryk.com.pl\/#website\"},\"primaryImageOfPage\":{\"@id\":\"https:\/\/bryk.com.pl\/?product=1130#primaryimage\"},\"image\":{\"@id\":\"https:\/\/bryk.com.pl\/?product=1130#primaryimage\"},\"thumbnailUrl\":\"https:\/\/bryk.com.pl\/wp-content\/uploads\/2018\/03\/Pi\u0142y_Tarczowe_do_drewna_litego_z_ogranicznikiem_posuwu.jpg\",\"datePublished\":\"2018-03-30T17:32:21+00:00\",\"dateModified\":\"2019-12-10T10:28:14+00:00\",\"breadcrumb\":{\"@id\":\"https:\/\/bryk.com.pl\/?product=1130#breadcrumb\"},\"inLanguage\":\"pl-PL\",\"potentialAction\":[{\"@type\":\"ReadAction\",\"target\":[\"https:\/\/bryk.com.pl\/?product=1130\"]}]},{\"@type\":\"ImageObject\",\"inLanguage\":\"pl-PL\",\"@id\":\"https:\/\/bryk.com.pl\/?product=1130#primaryimage\",\"url\":\"https:\/\/bryk.com.pl\/wp-content\/uploads\/2018\/03\/Pi\u0142y_Tarczowe_do_drewna_litego_z_ogranicznikiem_posuwu.jpg\",\"contentUrl\":\"https:\/\/bryk.com.pl\/wp-content\/uploads\/2018\/03\/Pi\u0142y_Tarczowe_do_drewna_litego_z_ogranicznikiem_posuwu.jpg\",\"width\":2500,\"height\":2500,\"caption\":\"Pi\u0142y_Tarczowe_do_drewna_litego_z_ogranicznikiem_posuwu\"},{\"@type\":\"BreadcrumbList\",\"@id\":\"https:\/\/bryk.com.pl\/?product=1130#breadcrumb\",\"itemListElement\":[{\"@type\":\"ListItem\",\"position\":1,\"name\":\"Strona g\u0142\u00f3wna\",\"item\":\"https:\/\/bryk.com.pl\/\"},{\"@type\":\"ListItem\",\"position\":2,\"name\":\"Products\",\"item\":\"https:\/\/bryk.com.pl\/sklep\/\"},{\"@type\":\"ListItem\",\"position\":3,\"name\":\"Pi\u0142y Tarczowe do drewna litego z ogranicznikiem posuwu\"}]},{\"@type\":\"WebSite\",\"@id\":\"https:\/\/bryk.com.pl\/#website\",\"url\":\"https:\/\/bryk.com.pl\/\",\"name\":\"BRYK - LEAVE A PRECISE MARK\",\"description\":\"Polski producent narz\u0119dzi\",\"potentialAction\":[{\"@type\":\"SearchAction\",\"target\":{\"@type\":\"EntryPoint\",\"urlTemplate\":\"https:\/\/bryk.com.pl\/?s={search_term_string}\"},\"query-input\":{\"@type\":\"PropertyValueSpecification\",\"valueRequired\":true,\"valueName\":\"search_term_string\"}}],\"inLanguage\":\"pl-PL\"}]}<\/script>\n<!-- \/ Yoast SEO plugin. -->","yoast_head_json":{"title":"Pi\u0142y Tarczowe do drewna litego z ogranicznikiem posuwu - BRYK - LEAVE A PRECISE MARK","robots":{"index":"index","follow":"follow","max-snippet":"max-snippet:-1","max-image-preview":"max-image-preview:large","max-video-preview":"max-video-preview:-1"},"canonical":"https:\/\/bryk.com.pl\/?product=1130","og_locale":"pl_PL","og_type":"article","og_title":"Pi\u0142y Tarczowe do drewna litego z ogranicznikiem posuwu - BRYK - LEAVE A PRECISE MARK","og_description":"Pi\u0142y tarczowe o uz\u0119bieniu na przemian sko\u015bnym z z\u0119bami z w\u0119glika spiekanego stosowane g\u0142\u00f3wnie do ciecia drewna litego wzd\u0142u\u017c w\u0142\u00f3kiem jak i w poprzek. Zastowie ogranicznika posuwu zapewnia p\u0142ynn\u0105 prac\u0119 i zapobiega niepo\u017c\u0105danym efektom pracy w drewnie surowym. Odpowiednia geometria ostrzy zapewnia dobr\u0105 jako\u015b\u0107 obr\u00f3bki a odpowiednio dobrana ilo\u015b\u0107 z\u0119b\u00f3w d\u0142ug\u0105 \u017cywotno\u015b\u0107    D B b d Z  Kod   250 3,2 2,2 30 24 20 RD6007001   250 3,2 2,2 35 24 20 RD6007002   300 3,2 2,2 30 28 20 RD6007003   300 3,2 2,2 35 28 20 RD6007004   350 3,5 2,5 30 32 18 RD6007005   350 3,5 2,5 35 32 18 RD6007006   400 3,8 2,5 30 36 18 RD6007013   400 3,8 2,5 35 36 18 RD6007014   450 4,2 2,8 30 40 18 RD6007015   500 4,2 2,8 30 44 18 RD6007016","og_url":"https:\/\/bryk.com.pl\/?product=1130","og_site_name":"BRYK - LEAVE A PRECISE MARK","article_publisher":"https:\/\/www.facebook.com\/ppuhbryk\/","article_modified_time":"2019-12-10T10:28:14+00:00","og_image":[{"width":2500,"height":2500,"url":"https:\/\/bryk.com.pl\/wp-content\/uploads\/2018\/03\/Pi\u0142y_Tarczowe_do_drewna_litego_z_ogranicznikiem_posuwu.jpg","type":"image\/jpeg"}],"twitter_card":"summary_large_image","schema":{"@context":"https:\/\/schema.org","@graph":[{"@type":"WebPage","@id":"https:\/\/bryk.com.pl\/?product=1130","url":"https:\/\/bryk.com.pl\/?product=1130","name":"Pi\u0142y Tarczowe do drewna litego z ogranicznikiem posuwu - BRYK - LEAVE A PRECISE MARK","isPartOf":{"@id":"https:\/\/bryk.com.pl\/#website"},"primaryImageOfPage":{"@id":"https:\/\/bryk.com.pl\/?product=1130#primaryimage"},"image":{"@id":"https:\/\/bryk.com.pl\/?product=1130#primaryimage"},"thumbnailUrl":"https:\/\/bryk.com.pl\/wp-content\/uploads\/2018\/03\/Pi\u0142y_Tarczowe_do_drewna_litego_z_ogranicznikiem_posuwu.jpg","datePublished":"2018-03-30T17:32:21+00:00","dateModified":"2019-12-10T10:28:14+00:00","breadcrumb":{"@id":"https:\/\/bryk.com.pl\/?product=1130#breadcrumb"},"inLanguage":"pl-PL","potentialAction":[{"@type":"ReadAction","target":["https:\/\/bryk.com.pl\/?product=1130"]}]},{"@type":"ImageObject","inLanguage":"pl-PL","@id":"https:\/\/bryk.com.pl\/?product=1130#primaryimage","url":"https:\/\/bryk.com.pl\/wp-content\/uploads\/2018\/03\/Pi\u0142y_Tarczowe_do_drewna_litego_z_ogranicznikiem_posuwu.jpg","contentUrl":"https:\/\/bryk.com.pl\/wp-content\/uploads\/2018\/03\/Pi\u0142y_Tarczowe_do_drewna_litego_z_ogranicznikiem_posuwu.jpg","width":2500,"height":2500,"caption":"Pi\u0142y_Tarczowe_do_drewna_litego_z_ogranicznikiem_posuwu"},{"@type":"BreadcrumbList","@id":"https:\/\/bryk.com.pl\/?product=1130#breadcrumb","itemListElement":[{"@type":"ListItem","position":1,"name":"Strona g\u0142\u00f3wna","item":"https:\/\/bryk.com.pl\/"},{"@type":"ListItem","position":2,"name":"Products","item":"https:\/\/bryk.com.pl\/sklep\/"},{"@type":"ListItem","position":3,"name":"Pi\u0142y Tarczowe do drewna litego z ogranicznikiem posuwu"}]},{"@type":"WebSite","@id":"https:\/\/bryk.com.pl\/#website","url":"https:\/\/bryk.com.pl\/","name":"BRYK - LEAVE A PRECISE MARK","description":"Polski producent narz\u0119dzi","potentialAction":[{"@type":"SearchAction","target":{"@type":"EntryPoint","urlTemplate":"https:\/\/bryk.com.pl\/?s={search_term_string}"},"query-input":{"@type":"PropertyValueSpecification","valueRequired":true,"valueName":"search_term_string"}}],"inLanguage":"pl-PL"}]}},"_links":{"self":[{"href":"https:\/\/bryk.com.pl\/index.php?rest_route=\/wp\/v2\/product\/1130","targetHints":{"allow":["GET"]}}],"collection":[{"href":"https:\/\/bryk.com.pl\/index.php?rest_route=\/wp\/v2\/product"}],"about":[{"href":"https:\/\/bryk.com.pl\/index.php?rest_route=\/wp\/v2\/types\/product"}],"wp:featuredmedia":[{"embeddable":true,"href":"https:\/\/bryk.com.pl\/index.php?rest_route=\/wp\/v2\/media\/2429"}],"wp:attachment":[{"href":"https:\/\/bryk.com.pl\/index.php?rest_route=%2Fwp%2Fv2%2Fmedia&parent=1130"}],"wp:term":[{"taxonomy":"product_brand","embeddable":true,"href":"https:\/\/bryk.com.pl\/index.php?rest_route=%2Fwp%2Fv2%2Fproduct_brand&post=1130"},{"taxonomy":"product_cat","embeddable":true,"href":"https:\/\/bryk.com.pl\/index.php?rest_route=%2Fwp%2Fv2%2Fproduct_cat&post=1130"},{"taxonomy":"product_tag","embeddable":true,"href":"https:\/\/bryk.com.pl\/index.php?rest_route=%2Fwp%2Fv2%2Fproduct_tag&post=1130"}],"curies":[{"name":"wp","href":"https:\/\/api.w.org\/{rel}","templated":true}]}}