{"id":1132,"date":"2018-03-30T19:34:08","date_gmt":"2018-03-30T17:34:08","guid":{"rendered":"http:\/\/bryk.com.pl\/?post_type=product&#038;p=1132"},"modified":"2019-12-10T11:27:50","modified_gmt":"2019-12-10T10:27:50","slug":"1132","status":"publish","type":"product","link":"https:\/\/bryk.com.pl?product=1132","title":{"rendered":"Pi\u0142y Tarczowe do rozkroju p\u0142yty wi\u00f3rowej"},"content":{"rendered":"","protected":false},"excerpt":{"rendered":"<p>Pi\u0142y tarczowe z z\u0119bami z w\u0119glika spiekanego stosowane do ciecia <strong>p\u0142yty wi\u00f3rowej laminowanej<\/strong>, p\u0142yty oklejanej innymi rodzajami dekor\u00f3w, p\u0142yty MDF i innych materia\u0142\u00f3w drewnopochodnych.<\/p>\n<table class=\"table table-bordered extracted-data\">\n<tbody>\n<tr>\n<td>D<\/td>\n<td>B<\/td>\n<td>b<\/td>\n<td>d<\/td>\n<td><\/td>\n<td>Z<\/td>\n<td><\/td>\n<td>Kod<\/td>\n<\/tr>\n<tr>\n<td>250<\/td>\n<td>3,2<\/td>\n<td>2,2<\/td>\n<td>30<\/td>\n<td>2\/10\/60<\/td>\n<td>60<\/td>\n<td>12<\/td>\n<td>RD6013001<\/td>\n<\/tr>\n<tr>\n<td>250<\/td>\n<td>3,2<\/td>\n<td>2,2<\/td>\n<td>30<\/td>\n<td>2\/10\/60<\/td>\n<td>80<\/td>\n<td>10<\/td>\n<td>RD6013002<\/td>\n<\/tr>\n<tr>\n<td>300<\/td>\n<td>3,2<\/td>\n<td>2,2<\/td>\n<td>30<\/td>\n<td>2\/10\/60<\/td>\n<td>72<\/td>\n<td>12<\/td>\n<td>RD6013003<\/td>\n<\/tr>\n<tr>\n<td>300<\/td>\n<td>3,2<\/td>\n<td>2,2<\/td>\n<td>30<\/td>\n<td>2\/10\/60<\/td>\n<td>96<\/td>\n<td>10<\/td>\n<td>RD6013004<\/td>\n<\/tr>\n<tr>\n<td>300<\/td>\n<td>3,2<\/td>\n<td>2,2<\/td>\n<td>30<\/td>\n<td>2\/10\/60<\/td>\n<td>96<\/td>\n<td>-6<\/td>\n<td>RD6014005<\/td>\n<\/tr>\n<tr>\n<td>350<\/td>\n<td>3,5<\/td>\n<td>2,5<\/td>\n<td>30<\/td>\n<td>2\/10\/60<\/td>\n<td>84<\/td>\n<td>12<\/td>\n<td>RD6013005<\/td>\n<\/tr>\n<tr>\n<td>350<\/td>\n<td>3,5<\/td>\n<td>2,5<\/td>\n<td>30<\/td>\n<td>2\/10\/60<\/td>\n<td>108<\/td>\n<td>10<\/td>\n<td>RD6013006<\/td>\n<\/tr>\n<\/tbody>\n<\/table>\n<p><img fetchpriority=\"high\" decoding=\"async\" class=\"alignnone size-full wp-image-1606\" src=\"http:\/\/bryk.com.pl\/wp-content\/uploads\/2018\/03\/63_2.jpg\" alt=\"\" width=\"1250\" height=\"125\" srcset=\"https:\/\/bryk.com.pl\/wp-content\/uploads\/2018\/03\/63_2.jpg 1250w, https:\/\/bryk.com.pl\/wp-content\/uploads\/2018\/03\/63_2-800x80.jpg 800w, https:\/\/bryk.com.pl\/wp-content\/uploads\/2018\/03\/63_2-768x77.jpg 768w, https:\/\/bryk.com.pl\/wp-content\/uploads\/2018\/03\/63_2-830x83.jpg 830w, https:\/\/bryk.com.pl\/wp-content\/uploads\/2018\/03\/63_2-510x51.jpg 510w\" sizes=\"(max-width: 1250px) 100vw, 1250px\" \/><\/p>\n","protected":false},"featured_media":2431,"template":"","meta":[],"product_brand":[],"product_cat":[187],"product_tag":[],"class_list":{"0":"post-1132","1":"product","2":"type-product","3":"status-publish","4":"has-post-thumbnail","6":"product_cat-pily-tarczowe-pily-tarczowe","8":"first","9":"instock","10":"shipping-taxable","11":"product-type-simple"},"yoast_head":"<!-- This site is optimized with the Yoast SEO plugin v24.5 - https:\/\/yoast.com\/wordpress\/plugins\/seo\/ -->\n<title>Pi\u0142y Tarczowe do rozkroju p\u0142yty wi\u00f3rowej - BRYK - LEAVE A PRECISE MARK<\/title>\n<meta name=\"robots\" content=\"index, follow, max-snippet:-1, max-image-preview:large, max-video-preview:-1\" \/>\n<link rel=\"canonical\" href=\"https:\/\/bryk.com.pl\/?product=1132\" \/>\n<meta property=\"og:locale\" content=\"pl_PL\" \/>\n<meta property=\"og:type\" content=\"article\" \/>\n<meta property=\"og:title\" content=\"Pi\u0142y Tarczowe do rozkroju p\u0142yty wi\u00f3rowej - BRYK - LEAVE A PRECISE MARK\" \/>\n<meta property=\"og:description\" content=\"Pi\u0142y tarczowe z z\u0119bami z w\u0119glika spiekanego stosowane do ciecia p\u0142yty wi\u00f3rowej laminowanej, p\u0142yty oklejanej innymi rodzajami dekor\u00f3w, p\u0142yty MDF i innych materia\u0142\u00f3w drewnopochodnych.    D B b d  Z  Kod   250 3,2 2,2 30 2\/10\/60 60 12 RD6013001   250 3,2 2,2 30 2\/10\/60 80 10 RD6013002   300 3,2 2,2 30 2\/10\/60 72 12 RD6013003   300 3,2 2,2 30 2\/10\/60 96 10 RD6013004   300 3,2 2,2 30 2\/10\/60 96 -6 RD6014005   350 3,5 2,5 30 2\/10\/60 84 12 RD6013005   350 3,5 2,5 30 2\/10\/60 108 10 RD6013006\" \/>\n<meta property=\"og:url\" content=\"https:\/\/bryk.com.pl\/?product=1132\" \/>\n<meta property=\"og:site_name\" content=\"BRYK - LEAVE A PRECISE MARK\" \/>\n<meta property=\"article:publisher\" content=\"https:\/\/www.facebook.com\/ppuhbryk\/\" \/>\n<meta property=\"article:modified_time\" content=\"2019-12-10T10:27:50+00:00\" \/>\n<meta property=\"og:image\" content=\"https:\/\/bryk.com.pl\/wp-content\/uploads\/2018\/03\/Pi\u0142y_Tarczowe_do_rozkroju_p\u0142yty_wi\u00f3rowej.jpg\" \/>\n\t<meta property=\"og:image:width\" content=\"2500\" \/>\n\t<meta property=\"og:image:height\" content=\"2500\" \/>\n\t<meta property=\"og:image:type\" content=\"image\/jpeg\" \/>\n<meta name=\"twitter:card\" content=\"summary_large_image\" \/>\n<script type=\"application\/ld+json\" class=\"yoast-schema-graph\">{\"@context\":\"https:\/\/schema.org\",\"@graph\":[{\"@type\":\"WebPage\",\"@id\":\"https:\/\/bryk.com.pl\/?product=1132\",\"url\":\"https:\/\/bryk.com.pl\/?product=1132\",\"name\":\"Pi\u0142y Tarczowe do rozkroju p\u0142yty wi\u00f3rowej - BRYK - LEAVE A PRECISE MARK\",\"isPartOf\":{\"@id\":\"https:\/\/bryk.com.pl\/#website\"},\"primaryImageOfPage\":{\"@id\":\"https:\/\/bryk.com.pl\/?product=1132#primaryimage\"},\"image\":{\"@id\":\"https:\/\/bryk.com.pl\/?product=1132#primaryimage\"},\"thumbnailUrl\":\"https:\/\/bryk.com.pl\/wp-content\/uploads\/2018\/03\/Pi\u0142y_Tarczowe_do_rozkroju_p\u0142yty_wi\u00f3rowej.jpg\",\"datePublished\":\"2018-03-30T17:34:08+00:00\",\"dateModified\":\"2019-12-10T10:27:50+00:00\",\"breadcrumb\":{\"@id\":\"https:\/\/bryk.com.pl\/?product=1132#breadcrumb\"},\"inLanguage\":\"pl-PL\",\"potentialAction\":[{\"@type\":\"ReadAction\",\"target\":[\"https:\/\/bryk.com.pl\/?product=1132\"]}]},{\"@type\":\"ImageObject\",\"inLanguage\":\"pl-PL\",\"@id\":\"https:\/\/bryk.com.pl\/?product=1132#primaryimage\",\"url\":\"https:\/\/bryk.com.pl\/wp-content\/uploads\/2018\/03\/Pi\u0142y_Tarczowe_do_rozkroju_p\u0142yty_wi\u00f3rowej.jpg\",\"contentUrl\":\"https:\/\/bryk.com.pl\/wp-content\/uploads\/2018\/03\/Pi\u0142y_Tarczowe_do_rozkroju_p\u0142yty_wi\u00f3rowej.jpg\",\"width\":2500,\"height\":2500,\"caption\":\"Pi\u0142y_Tarczowe_do_rozkroju_p\u0142yty_wi\u00f3rowej\"},{\"@type\":\"BreadcrumbList\",\"@id\":\"https:\/\/bryk.com.pl\/?product=1132#breadcrumb\",\"itemListElement\":[{\"@type\":\"ListItem\",\"position\":1,\"name\":\"Strona g\u0142\u00f3wna\",\"item\":\"https:\/\/bryk.com.pl\/\"},{\"@type\":\"ListItem\",\"position\":2,\"name\":\"Products\",\"item\":\"https:\/\/bryk.com.pl\/sklep\/\"},{\"@type\":\"ListItem\",\"position\":3,\"name\":\"Pi\u0142y Tarczowe do rozkroju p\u0142yty wi\u00f3rowej\"}]},{\"@type\":\"WebSite\",\"@id\":\"https:\/\/bryk.com.pl\/#website\",\"url\":\"https:\/\/bryk.com.pl\/\",\"name\":\"BRYK - LEAVE A PRECISE MARK\",\"description\":\"Polski producent narz\u0119dzi\",\"potentialAction\":[{\"@type\":\"SearchAction\",\"target\":{\"@type\":\"EntryPoint\",\"urlTemplate\":\"https:\/\/bryk.com.pl\/?s={search_term_string}\"},\"query-input\":{\"@type\":\"PropertyValueSpecification\",\"valueRequired\":true,\"valueName\":\"search_term_string\"}}],\"inLanguage\":\"pl-PL\"}]}<\/script>\n<!-- \/ Yoast SEO plugin. -->","yoast_head_json":{"title":"Pi\u0142y Tarczowe do rozkroju p\u0142yty wi\u00f3rowej - BRYK - LEAVE A PRECISE MARK","robots":{"index":"index","follow":"follow","max-snippet":"max-snippet:-1","max-image-preview":"max-image-preview:large","max-video-preview":"max-video-preview:-1"},"canonical":"https:\/\/bryk.com.pl\/?product=1132","og_locale":"pl_PL","og_type":"article","og_title":"Pi\u0142y Tarczowe do rozkroju p\u0142yty wi\u00f3rowej - BRYK - LEAVE A PRECISE MARK","og_description":"Pi\u0142y tarczowe z z\u0119bami z w\u0119glika spiekanego stosowane do ciecia p\u0142yty wi\u00f3rowej laminowanej, p\u0142yty oklejanej innymi rodzajami dekor\u00f3w, p\u0142yty MDF i innych materia\u0142\u00f3w drewnopochodnych.    D B b d  Z  Kod   250 3,2 2,2 30 2\/10\/60 60 12 RD6013001   250 3,2 2,2 30 2\/10\/60 80 10 RD6013002   300 3,2 2,2 30 2\/10\/60 72 12 RD6013003   300 3,2 2,2 30 2\/10\/60 96 10 RD6013004   300 3,2 2,2 30 2\/10\/60 96 -6 RD6014005   350 3,5 2,5 30 2\/10\/60 84 12 RD6013005   350 3,5 2,5 30 2\/10\/60 108 10 RD6013006","og_url":"https:\/\/bryk.com.pl\/?product=1132","og_site_name":"BRYK - LEAVE A PRECISE MARK","article_publisher":"https:\/\/www.facebook.com\/ppuhbryk\/","article_modified_time":"2019-12-10T10:27:50+00:00","og_image":[{"width":2500,"height":2500,"url":"https:\/\/bryk.com.pl\/wp-content\/uploads\/2018\/03\/Pi\u0142y_Tarczowe_do_rozkroju_p\u0142yty_wi\u00f3rowej.jpg","type":"image\/jpeg"}],"twitter_card":"summary_large_image","schema":{"@context":"https:\/\/schema.org","@graph":[{"@type":"WebPage","@id":"https:\/\/bryk.com.pl\/?product=1132","url":"https:\/\/bryk.com.pl\/?product=1132","name":"Pi\u0142y Tarczowe do rozkroju p\u0142yty wi\u00f3rowej - BRYK - LEAVE A PRECISE MARK","isPartOf":{"@id":"https:\/\/bryk.com.pl\/#website"},"primaryImageOfPage":{"@id":"https:\/\/bryk.com.pl\/?product=1132#primaryimage"},"image":{"@id":"https:\/\/bryk.com.pl\/?product=1132#primaryimage"},"thumbnailUrl":"https:\/\/bryk.com.pl\/wp-content\/uploads\/2018\/03\/Pi\u0142y_Tarczowe_do_rozkroju_p\u0142yty_wi\u00f3rowej.jpg","datePublished":"2018-03-30T17:34:08+00:00","dateModified":"2019-12-10T10:27:50+00:00","breadcrumb":{"@id":"https:\/\/bryk.com.pl\/?product=1132#breadcrumb"},"inLanguage":"pl-PL","potentialAction":[{"@type":"ReadAction","target":["https:\/\/bryk.com.pl\/?product=1132"]}]},{"@type":"ImageObject","inLanguage":"pl-PL","@id":"https:\/\/bryk.com.pl\/?product=1132#primaryimage","url":"https:\/\/bryk.com.pl\/wp-content\/uploads\/2018\/03\/Pi\u0142y_Tarczowe_do_rozkroju_p\u0142yty_wi\u00f3rowej.jpg","contentUrl":"https:\/\/bryk.com.pl\/wp-content\/uploads\/2018\/03\/Pi\u0142y_Tarczowe_do_rozkroju_p\u0142yty_wi\u00f3rowej.jpg","width":2500,"height":2500,"caption":"Pi\u0142y_Tarczowe_do_rozkroju_p\u0142yty_wi\u00f3rowej"},{"@type":"BreadcrumbList","@id":"https:\/\/bryk.com.pl\/?product=1132#breadcrumb","itemListElement":[{"@type":"ListItem","position":1,"name":"Strona g\u0142\u00f3wna","item":"https:\/\/bryk.com.pl\/"},{"@type":"ListItem","position":2,"name":"Products","item":"https:\/\/bryk.com.pl\/sklep\/"},{"@type":"ListItem","position":3,"name":"Pi\u0142y Tarczowe do rozkroju p\u0142yty wi\u00f3rowej"}]},{"@type":"WebSite","@id":"https:\/\/bryk.com.pl\/#website","url":"https:\/\/bryk.com.pl\/","name":"BRYK - LEAVE A PRECISE MARK","description":"Polski producent narz\u0119dzi","potentialAction":[{"@type":"SearchAction","target":{"@type":"EntryPoint","urlTemplate":"https:\/\/bryk.com.pl\/?s={search_term_string}"},"query-input":{"@type":"PropertyValueSpecification","valueRequired":true,"valueName":"search_term_string"}}],"inLanguage":"pl-PL"}]}},"_links":{"self":[{"href":"https:\/\/bryk.com.pl\/index.php?rest_route=\/wp\/v2\/product\/1132","targetHints":{"allow":["GET"]}}],"collection":[{"href":"https:\/\/bryk.com.pl\/index.php?rest_route=\/wp\/v2\/product"}],"about":[{"href":"https:\/\/bryk.com.pl\/index.php?rest_route=\/wp\/v2\/types\/product"}],"wp:featuredmedia":[{"embeddable":true,"href":"https:\/\/bryk.com.pl\/index.php?rest_route=\/wp\/v2\/media\/2431"}],"wp:attachment":[{"href":"https:\/\/bryk.com.pl\/index.php?rest_route=%2Fwp%2Fv2%2Fmedia&parent=1132"}],"wp:term":[{"taxonomy":"product_brand","embeddable":true,"href":"https:\/\/bryk.com.pl\/index.php?rest_route=%2Fwp%2Fv2%2Fproduct_brand&post=1132"},{"taxonomy":"product_cat","embeddable":true,"href":"https:\/\/bryk.com.pl\/index.php?rest_route=%2Fwp%2Fv2%2Fproduct_cat&post=1132"},{"taxonomy":"product_tag","embeddable":true,"href":"https:\/\/bryk.com.pl\/index.php?rest_route=%2Fwp%2Fv2%2Fproduct_tag&post=1132"}],"curies":[{"name":"wp","href":"https:\/\/api.w.org\/{rel}","templated":true}]}}