{"id":1133,"date":"2018-03-30T19:34:44","date_gmt":"2018-03-30T17:34:44","guid":{"rendered":"http:\/\/bryk.com.pl\/?post_type=product&#038;p=1133"},"modified":"2019-12-10T11:27:44","modified_gmt":"2019-12-10T10:27:44","slug":"1133","status":"publish","type":"product","link":"https:\/\/bryk.com.pl?product=1133","title":{"rendered":"Pi\u0142y Tarczowe Panelowe do rozkroju p\u0142yty wi\u00f3rowej"},"content":{"rendered":"","protected":false},"excerpt":{"rendered":"<p>Pi\u0142y tarczowe z z\u0119bami z w\u0119glika spiekanego stosowane do ciecia w pakietach p\u0142yty wi\u00f3rowej laminowanej, p\u0142yty oklejanej innymi rodzajami dekor\u00f3w, p\u0142yty MDF i innych materia\u0142\u00f3w drewnopochodnych.<\/p>\n<table class=\"table table-bordered extracted-data\">\n<tbody>\n<tr>\n<td>D<\/td>\n<td>B<\/td>\n<td>b<\/td>\n<td>d<\/td>\n<td><\/td>\n<td>Z<\/td>\n<td><\/td>\n<td>Kod<\/td>\n<\/tr>\n<tr>\n<td>300<\/td>\n<td>4,4<\/td>\n<td>2,8<\/td>\n<td>30<\/td>\n<td>2\/7\/42+2\/9\/46+2\/10\/60<\/td>\n<td>60<\/td>\n<td>Panhans<\/td>\n<td>RD6015001<\/td>\n<\/tr>\n<tr>\n<td>300<\/td>\n<td>4,4<\/td>\n<td>3,0<\/td>\n<td>75<\/td>\n<td><\/td>\n<td>72<\/td>\n<td>Homag<\/td>\n<td>RD6015002<\/td>\n<\/tr>\n<tr>\n<td>305<\/td>\n<td>4,4<\/td>\n<td>2,8<\/td>\n<td>30<\/td>\n<td>2\/7\/42+2\/9\/46+2\/10\/60<\/td>\n<td>60<\/td>\n<td>Panhans<\/td>\n<td>RD6015003<\/td>\n<\/tr>\n<tr>\n<td>320<\/td>\n<td>4,4<\/td>\n<td>2,8<\/td>\n<td>60<\/td>\n<td><\/td>\n<td>60<\/td>\n<td>Hoggers<\/td>\n<td>RD6015004<\/td>\n<\/tr>\n<tr>\n<td>320<\/td>\n<td>4,4<\/td>\n<td>3,2<\/td>\n<td>65<\/td>\n<td>2\/9\/110<\/td>\n<td>60<\/td>\n<td>Selco,Biesse<\/td>\n<td>RD6015005<\/td>\n<\/tr>\n<tr>\n<td>350<\/td>\n<td>4,4<\/td>\n<td>3,2<\/td>\n<td>75<\/td>\n<td>3\/13\/95<\/td>\n<td>72<\/td>\n<td>Giben<\/td>\n<td>RD6015006<\/td>\n<\/tr>\n<tr>\n<td>350<\/td>\n<td>4,4<\/td>\n<td>3,0<\/td>\n<td>30<\/td>\n<td>2\/7\/42+2\/9\/46+2\/10\/60<\/td>\n<td>72<\/td>\n<td>Panhans,Schelling,SCM<\/td>\n<td>RD6015007<\/td>\n<\/tr>\n<tr>\n<td>350<\/td>\n<td>4,4<\/td>\n<td>3,2<\/td>\n<td>60<\/td>\n<td>2\/14\/100<\/td>\n<td>72<\/td>\n<td>Holzma<\/td>\n<td>RD6015008<\/td>\n<\/tr>\n<tr>\n<td>355<\/td>\n<td>4,4<\/td>\n<td>3,0<\/td>\n<td>75<\/td>\n<td><\/td>\n<td>60<\/td>\n<td>Giben<\/td>\n<td>RD6015009<\/td>\n<\/tr>\n<tr>\n<td>355<\/td>\n<td>4,4<\/td>\n<td>3,0<\/td>\n<td>75<\/td>\n<td><\/td>\n<td>60<\/td>\n<td>Giben,Homag<\/td>\n<td>RD6015010<\/td>\n<\/tr>\n<tr>\n<td>355<\/td>\n<td>4,4<\/td>\n<td>3,0<\/td>\n<td>75<\/td>\n<td>4\/15\/105<\/td>\n<td>72<\/td>\n<td>Giben<\/td>\n<td>RD6015011<\/td>\n<\/tr>\n<tr>\n<td>360<\/td>\n<td>4,4<\/td>\n<td>3,0<\/td>\n<td>80<\/td>\n<td>4\/8,5\/100+2\/14\/110+2\/7\/110<\/td>\n<td>72<\/td>\n<td>Gabbiani,SCM<\/td>\n<td>RD6015012<\/td>\n<\/tr>\n<tr>\n<td>380<\/td>\n<td>4,4<\/td>\n<td>3,2<\/td>\n<td>65<\/td>\n<td>2\/19\/110<\/td>\n<td>72<\/td>\n<td>Selco<\/td>\n<td>RD6015013<\/td>\n<\/tr>\n<tr>\n<td>380<\/td>\n<td>4,4<\/td>\n<td>3,2<\/td>\n<td>60<\/td>\n<td>2\/14\/100+2\/14\/125<\/td>\n<td>72<\/td>\n<td>Holzma<\/td>\n<td>RD6015014<\/td>\n<\/tr>\n<tr>\n<td>400<\/td>\n<td>4,8<\/td>\n<td>3,5<\/td>\n<td>60<\/td>\n<td>2\/14\/100+2\/14\/125<\/td>\n<td>72<\/td>\n<td>Holzma<\/td>\n<td>RD6015015<\/td>\n<\/tr>\n<tr>\n<td>400<\/td>\n<td>4,25<\/td>\n<td>3,2<\/td>\n<td>30<\/td>\n<td><\/td>\n<td>72<\/td>\n<td>Scheer<\/td>\n<td>RD6015016<\/td>\n<\/tr>\n<tr>\n<td>400<\/td>\n<td>4,4<\/td>\n<td>3,2<\/td>\n<td>30<\/td>\n<td>2\/7\/42+2\/10\/60<\/td>\n<td>72<\/td>\n<td>Schelling,HOLZ-HER<\/td>\n<td>RD6015017<\/td>\n<\/tr>\n<tr>\n<td>400<\/td>\n<td>4,4<\/td>\n<td>3,2<\/td>\n<td>60<\/td>\n<td><\/td>\n<td>72<\/td>\n<td>Anthon<\/td>\n<td>RD6015018<\/td>\n<\/tr>\n<tr>\n<td>400<\/td>\n<td>4,8<\/td>\n<td>3,5<\/td>\n<td>60<\/td>\n<td>2\/14\/100+2\/14\/125<\/td>\n<td>72<\/td>\n<td>Holzma<\/td>\n<td>RD6015019<\/td>\n<\/tr>\n<tr>\n<td>400<\/td>\n<td>4,4<\/td>\n<td>3,2<\/td>\n<td>75<\/td>\n<td>4\/15\/105+2\/7\/110<\/td>\n<td>72<\/td>\n<td>Giben,Homag<\/td>\n<td>RD6015020<\/td>\n<\/tr>\n<tr>\n<td>400<\/td>\n<td>4,4<\/td>\n<td>3,2<\/td>\n<td>80<\/td>\n<td>2\/7\/110+4\/19\/120+2\/8,4\/130<\/td>\n<td>72<\/td>\n<td>Selco<\/td>\n<td>RD6015021<\/td>\n<\/tr>\n<tr>\n<td>420<\/td>\n<td>4,8<\/td>\n<td>3,5<\/td>\n<td>60<\/td>\n<td>2\/19\/120+2\/14\/125<\/td>\n<td>72<\/td>\n<td>Holzma<\/td>\n<td>RD6015022<\/td>\n<\/tr>\n<\/tbody>\n<\/table>\n<p><img fetchpriority=\"high\" decoding=\"async\" class=\"alignnone size-full wp-image-1607\" src=\"http:\/\/bryk.com.pl\/wp-content\/uploads\/2018\/03\/64_2.jpg\" alt=\"\" width=\"1250\" height=\"119\" srcset=\"https:\/\/bryk.com.pl\/wp-content\/uploads\/2018\/03\/64_2.jpg 1250w, https:\/\/bryk.com.pl\/wp-content\/uploads\/2018\/03\/64_2-800x76.jpg 800w, https:\/\/bryk.com.pl\/wp-content\/uploads\/2018\/03\/64_2-768x73.jpg 768w, https:\/\/bryk.com.pl\/wp-content\/uploads\/2018\/03\/64_2-830x79.jpg 830w, https:\/\/bryk.com.pl\/wp-content\/uploads\/2018\/03\/64_2-510x49.jpg 510w\" sizes=\"(max-width: 1250px) 100vw, 1250px\" \/><\/p>\n","protected":false},"featured_media":2433,"template":"","meta":[],"product_brand":[],"product_cat":[187],"product_tag":[],"class_list":{"0":"post-1133","1":"product","2":"type-product","3":"status-publish","4":"has-post-thumbnail","6":"product_cat-pily-tarczowe-pily-tarczowe","8":"first","9":"instock","10":"shipping-taxable","11":"product-type-simple"},"yoast_head":"<!-- This site is optimized with the Yoast SEO plugin v24.5 - https:\/\/yoast.com\/wordpress\/plugins\/seo\/ -->\n<title>Pi\u0142y Tarczowe Panelowe do rozkroju p\u0142yty wi\u00f3rowej - BRYK - LEAVE A PRECISE MARK<\/title>\n<meta name=\"robots\" content=\"index, follow, max-snippet:-1, max-image-preview:large, max-video-preview:-1\" \/>\n<link rel=\"canonical\" href=\"https:\/\/bryk.com.pl\/?product=1133\" \/>\n<meta property=\"og:locale\" content=\"pl_PL\" \/>\n<meta property=\"og:type\" content=\"article\" \/>\n<meta property=\"og:title\" content=\"Pi\u0142y Tarczowe Panelowe do rozkroju p\u0142yty wi\u00f3rowej - BRYK - LEAVE A PRECISE MARK\" \/>\n<meta property=\"og:description\" content=\"Pi\u0142y tarczowe z z\u0119bami z w\u0119glika spiekanego stosowane do ciecia w pakietach p\u0142yty wi\u00f3rowej laminowanej, p\u0142yty oklejanej innymi rodzajami dekor\u00f3w, p\u0142yty MDF i innych materia\u0142\u00f3w drewnopochodnych.    D B b d  Z  Kod   300 4,4 2,8 30 2\/7\/42+2\/9\/46+2\/10\/60 60 Panhans RD6015001   300 4,4 3,0 75  72 Homag RD6015002   305 4,4 2,8 30 2\/7\/42+2\/9\/46+2\/10\/60 60 Panhans RD6015003   320 4,4 2,8 60  60 Hoggers RD6015004   320 4,4 3,2 65 2\/9\/110 60 Selco,Biesse RD6015005   350 4,4 3,2 75 3\/13\/95 72 Giben RD6015006   350 4,4 3,0 30 2\/7\/42+2\/9\/46+2\/10\/60 72 Panhans,Schelling,SCM RD6015007   350 4,4 3,2 60 2\/14\/100 72 Holzma RD6015008   355 4,4 3,0 75  60 Giben RD6015009   355 4,4 3,0 75  60 Giben,Homag RD6015010   355 4,4 3,0 75 4\/15\/105 72 Giben RD6015011   360 4,4 3,0 80 4\/8,5\/100+2\/14\/110+2\/7\/110 72 Gabbiani,SCM RD6015012   380 4,4 3,2 65 2\/19\/110 72 Selco RD6015013   380 4,4 3,2 60 2\/14\/100+2\/14\/125 72 Holzma RD6015014   400 4,8 3,5 60 2\/14\/100+2\/14\/125 72 Holzma RD6015015   400 4,25 3,2 30  72 Scheer RD6015016   400 4,4 3,2 30 2\/7\/42+2\/10\/60 72 Schelling,HOLZ-HER RD6015017   400 4,4 3,2 60  72 Anthon RD6015018   400 4,8 3,5 60 2\/14\/100+2\/14\/125 72 Holzma RD6015019   400 4,4 3,2 75 4\/15\/105+2\/7\/110 72 Giben,Homag RD6015020   400 4,4 3,2 80 2\/7\/110+4\/19\/120+2\/8,4\/130 72 Selco RD6015021   420 4,8 3,5 60 2\/19\/120+2\/14\/125 72 Holzma RD6015022\" \/>\n<meta property=\"og:url\" content=\"https:\/\/bryk.com.pl\/?product=1133\" \/>\n<meta property=\"og:site_name\" content=\"BRYK - LEAVE A PRECISE MARK\" \/>\n<meta property=\"article:publisher\" content=\"https:\/\/www.facebook.com\/ppuhbryk\/\" \/>\n<meta property=\"article:modified_time\" content=\"2019-12-10T10:27:44+00:00\" \/>\n<meta property=\"og:image\" content=\"https:\/\/bryk.com.pl\/wp-content\/uploads\/2018\/03\/Pi\u0142y_Tarczowe_Panelowe_do_rozkroju_p\u0142yty_wi\u00f3rowej.jpg\" \/>\n\t<meta property=\"og:image:width\" content=\"2500\" \/>\n\t<meta property=\"og:image:height\" content=\"2500\" \/>\n\t<meta property=\"og:image:type\" content=\"image\/jpeg\" \/>\n<meta name=\"twitter:card\" content=\"summary_large_image\" \/>\n<script type=\"application\/ld+json\" class=\"yoast-schema-graph\">{\"@context\":\"https:\/\/schema.org\",\"@graph\":[{\"@type\":\"WebPage\",\"@id\":\"https:\/\/bryk.com.pl\/?product=1133\",\"url\":\"https:\/\/bryk.com.pl\/?product=1133\",\"name\":\"Pi\u0142y Tarczowe Panelowe do rozkroju p\u0142yty wi\u00f3rowej - BRYK - LEAVE A PRECISE MARK\",\"isPartOf\":{\"@id\":\"https:\/\/bryk.com.pl\/#website\"},\"primaryImageOfPage\":{\"@id\":\"https:\/\/bryk.com.pl\/?product=1133#primaryimage\"},\"image\":{\"@id\":\"https:\/\/bryk.com.pl\/?product=1133#primaryimage\"},\"thumbnailUrl\":\"https:\/\/bryk.com.pl\/wp-content\/uploads\/2018\/03\/Pi\u0142y_Tarczowe_Panelowe_do_rozkroju_p\u0142yty_wi\u00f3rowej.jpg\",\"datePublished\":\"2018-03-30T17:34:44+00:00\",\"dateModified\":\"2019-12-10T10:27:44+00:00\",\"breadcrumb\":{\"@id\":\"https:\/\/bryk.com.pl\/?product=1133#breadcrumb\"},\"inLanguage\":\"pl-PL\",\"potentialAction\":[{\"@type\":\"ReadAction\",\"target\":[\"https:\/\/bryk.com.pl\/?product=1133\"]}]},{\"@type\":\"ImageObject\",\"inLanguage\":\"pl-PL\",\"@id\":\"https:\/\/bryk.com.pl\/?product=1133#primaryimage\",\"url\":\"https:\/\/bryk.com.pl\/wp-content\/uploads\/2018\/03\/Pi\u0142y_Tarczowe_Panelowe_do_rozkroju_p\u0142yty_wi\u00f3rowej.jpg\",\"contentUrl\":\"https:\/\/bryk.com.pl\/wp-content\/uploads\/2018\/03\/Pi\u0142y_Tarczowe_Panelowe_do_rozkroju_p\u0142yty_wi\u00f3rowej.jpg\",\"width\":2500,\"height\":2500,\"caption\":\"Pi\u0142y_Tarczowe_Panelowe_do_rozkroju_p\u0142yty_wi\u00f3rowej\"},{\"@type\":\"BreadcrumbList\",\"@id\":\"https:\/\/bryk.com.pl\/?product=1133#breadcrumb\",\"itemListElement\":[{\"@type\":\"ListItem\",\"position\":1,\"name\":\"Strona g\u0142\u00f3wna\",\"item\":\"https:\/\/bryk.com.pl\/\"},{\"@type\":\"ListItem\",\"position\":2,\"name\":\"Products\",\"item\":\"https:\/\/bryk.com.pl\/sklep\/\"},{\"@type\":\"ListItem\",\"position\":3,\"name\":\"Pi\u0142y Tarczowe Panelowe do rozkroju p\u0142yty wi\u00f3rowej\"}]},{\"@type\":\"WebSite\",\"@id\":\"https:\/\/bryk.com.pl\/#website\",\"url\":\"https:\/\/bryk.com.pl\/\",\"name\":\"BRYK - LEAVE A PRECISE MARK\",\"description\":\"Polski producent narz\u0119dzi\",\"potentialAction\":[{\"@type\":\"SearchAction\",\"target\":{\"@type\":\"EntryPoint\",\"urlTemplate\":\"https:\/\/bryk.com.pl\/?s={search_term_string}\"},\"query-input\":{\"@type\":\"PropertyValueSpecification\",\"valueRequired\":true,\"valueName\":\"search_term_string\"}}],\"inLanguage\":\"pl-PL\"}]}<\/script>\n<!-- \/ Yoast SEO plugin. -->","yoast_head_json":{"title":"Pi\u0142y Tarczowe Panelowe do rozkroju p\u0142yty wi\u00f3rowej - BRYK - LEAVE A PRECISE MARK","robots":{"index":"index","follow":"follow","max-snippet":"max-snippet:-1","max-image-preview":"max-image-preview:large","max-video-preview":"max-video-preview:-1"},"canonical":"https:\/\/bryk.com.pl\/?product=1133","og_locale":"pl_PL","og_type":"article","og_title":"Pi\u0142y Tarczowe Panelowe do rozkroju p\u0142yty wi\u00f3rowej - BRYK - LEAVE A PRECISE MARK","og_description":"Pi\u0142y tarczowe z z\u0119bami z w\u0119glika spiekanego stosowane do ciecia w pakietach p\u0142yty wi\u00f3rowej laminowanej, p\u0142yty oklejanej innymi rodzajami dekor\u00f3w, p\u0142yty MDF i innych materia\u0142\u00f3w drewnopochodnych.    D B b d  Z  Kod   300 4,4 2,8 30 2\/7\/42+2\/9\/46+2\/10\/60 60 Panhans RD6015001   300 4,4 3,0 75  72 Homag RD6015002   305 4,4 2,8 30 2\/7\/42+2\/9\/46+2\/10\/60 60 Panhans RD6015003   320 4,4 2,8 60  60 Hoggers RD6015004   320 4,4 3,2 65 2\/9\/110 60 Selco,Biesse RD6015005   350 4,4 3,2 75 3\/13\/95 72 Giben RD6015006   350 4,4 3,0 30 2\/7\/42+2\/9\/46+2\/10\/60 72 Panhans,Schelling,SCM RD6015007   350 4,4 3,2 60 2\/14\/100 72 Holzma RD6015008   355 4,4 3,0 75  60 Giben RD6015009   355 4,4 3,0 75  60 Giben,Homag RD6015010   355 4,4 3,0 75 4\/15\/105 72 Giben RD6015011   360 4,4 3,0 80 4\/8,5\/100+2\/14\/110+2\/7\/110 72 Gabbiani,SCM RD6015012   380 4,4 3,2 65 2\/19\/110 72 Selco RD6015013   380 4,4 3,2 60 2\/14\/100+2\/14\/125 72 Holzma RD6015014   400 4,8 3,5 60 2\/14\/100+2\/14\/125 72 Holzma RD6015015   400 4,25 3,2 30  72 Scheer RD6015016   400 4,4 3,2 30 2\/7\/42+2\/10\/60 72 Schelling,HOLZ-HER RD6015017   400 4,4 3,2 60  72 Anthon RD6015018   400 4,8 3,5 60 2\/14\/100+2\/14\/125 72 Holzma RD6015019   400 4,4 3,2 75 4\/15\/105+2\/7\/110 72 Giben,Homag RD6015020   400 4,4 3,2 80 2\/7\/110+4\/19\/120+2\/8,4\/130 72 Selco RD6015021   420 4,8 3,5 60 2\/19\/120+2\/14\/125 72 Holzma RD6015022","og_url":"https:\/\/bryk.com.pl\/?product=1133","og_site_name":"BRYK - LEAVE A PRECISE MARK","article_publisher":"https:\/\/www.facebook.com\/ppuhbryk\/","article_modified_time":"2019-12-10T10:27:44+00:00","og_image":[{"width":2500,"height":2500,"url":"https:\/\/bryk.com.pl\/wp-content\/uploads\/2018\/03\/Pi\u0142y_Tarczowe_Panelowe_do_rozkroju_p\u0142yty_wi\u00f3rowej.jpg","type":"image\/jpeg"}],"twitter_card":"summary_large_image","schema":{"@context":"https:\/\/schema.org","@graph":[{"@type":"WebPage","@id":"https:\/\/bryk.com.pl\/?product=1133","url":"https:\/\/bryk.com.pl\/?product=1133","name":"Pi\u0142y Tarczowe Panelowe do rozkroju p\u0142yty wi\u00f3rowej - BRYK - LEAVE A PRECISE MARK","isPartOf":{"@id":"https:\/\/bryk.com.pl\/#website"},"primaryImageOfPage":{"@id":"https:\/\/bryk.com.pl\/?product=1133#primaryimage"},"image":{"@id":"https:\/\/bryk.com.pl\/?product=1133#primaryimage"},"thumbnailUrl":"https:\/\/bryk.com.pl\/wp-content\/uploads\/2018\/03\/Pi\u0142y_Tarczowe_Panelowe_do_rozkroju_p\u0142yty_wi\u00f3rowej.jpg","datePublished":"2018-03-30T17:34:44+00:00","dateModified":"2019-12-10T10:27:44+00:00","breadcrumb":{"@id":"https:\/\/bryk.com.pl\/?product=1133#breadcrumb"},"inLanguage":"pl-PL","potentialAction":[{"@type":"ReadAction","target":["https:\/\/bryk.com.pl\/?product=1133"]}]},{"@type":"ImageObject","inLanguage":"pl-PL","@id":"https:\/\/bryk.com.pl\/?product=1133#primaryimage","url":"https:\/\/bryk.com.pl\/wp-content\/uploads\/2018\/03\/Pi\u0142y_Tarczowe_Panelowe_do_rozkroju_p\u0142yty_wi\u00f3rowej.jpg","contentUrl":"https:\/\/bryk.com.pl\/wp-content\/uploads\/2018\/03\/Pi\u0142y_Tarczowe_Panelowe_do_rozkroju_p\u0142yty_wi\u00f3rowej.jpg","width":2500,"height":2500,"caption":"Pi\u0142y_Tarczowe_Panelowe_do_rozkroju_p\u0142yty_wi\u00f3rowej"},{"@type":"BreadcrumbList","@id":"https:\/\/bryk.com.pl\/?product=1133#breadcrumb","itemListElement":[{"@type":"ListItem","position":1,"name":"Strona g\u0142\u00f3wna","item":"https:\/\/bryk.com.pl\/"},{"@type":"ListItem","position":2,"name":"Products","item":"https:\/\/bryk.com.pl\/sklep\/"},{"@type":"ListItem","position":3,"name":"Pi\u0142y Tarczowe Panelowe do rozkroju p\u0142yty wi\u00f3rowej"}]},{"@type":"WebSite","@id":"https:\/\/bryk.com.pl\/#website","url":"https:\/\/bryk.com.pl\/","name":"BRYK - LEAVE A PRECISE MARK","description":"Polski producent narz\u0119dzi","potentialAction":[{"@type":"SearchAction","target":{"@type":"EntryPoint","urlTemplate":"https:\/\/bryk.com.pl\/?s={search_term_string}"},"query-input":{"@type":"PropertyValueSpecification","valueRequired":true,"valueName":"search_term_string"}}],"inLanguage":"pl-PL"}]}},"_links":{"self":[{"href":"https:\/\/bryk.com.pl\/index.php?rest_route=\/wp\/v2\/product\/1133","targetHints":{"allow":["GET"]}}],"collection":[{"href":"https:\/\/bryk.com.pl\/index.php?rest_route=\/wp\/v2\/product"}],"about":[{"href":"https:\/\/bryk.com.pl\/index.php?rest_route=\/wp\/v2\/types\/product"}],"wp:featuredmedia":[{"embeddable":true,"href":"https:\/\/bryk.com.pl\/index.php?rest_route=\/wp\/v2\/media\/2433"}],"wp:attachment":[{"href":"https:\/\/bryk.com.pl\/index.php?rest_route=%2Fwp%2Fv2%2Fmedia&parent=1133"}],"wp:term":[{"taxonomy":"product_brand","embeddable":true,"href":"https:\/\/bryk.com.pl\/index.php?rest_route=%2Fwp%2Fv2%2Fproduct_brand&post=1133"},{"taxonomy":"product_cat","embeddable":true,"href":"https:\/\/bryk.com.pl\/index.php?rest_route=%2Fwp%2Fv2%2Fproduct_cat&post=1133"},{"taxonomy":"product_tag","embeddable":true,"href":"https:\/\/bryk.com.pl\/index.php?rest_route=%2Fwp%2Fv2%2Fproduct_tag&post=1133"}],"curies":[{"name":"wp","href":"https:\/\/api.w.org\/{rel}","templated":true}]}}