{"id":1135,"date":"2018-03-30T19:36:48","date_gmt":"2018-03-30T17:36:48","guid":{"rendered":"http:\/\/bryk.com.pl\/?post_type=product&#038;p=1135"},"modified":"2019-12-10T11:27:20","modified_gmt":"2019-12-10T10:27:20","slug":"1135","status":"publish","type":"product","link":"https:\/\/bryk.com.pl?product=1135","title":{"rendered":"Podcinaki Regulowane do Pi\u0142 Tarczowych"},"content":{"rendered":"","protected":false},"excerpt":{"rendered":"<p>Podcinaki<strong> regulowane<\/strong> o uz\u0119bieniu prostym o pi\u0142 tarczowych z z\u0119bami z w\u0119glika spiekanego.<br \/>\nStosowane do pracy w p\u0142ycie wi\u00f3rowej laminowanej, p\u0142ycie oklejanej innymi rodzajami dekor\u00f3w, p\u0142ycie MDF i innych materia\u0142\u00f3w drewnopochodnych.<\/p>\n<table class=\"table table-bordered extracted-data\">\n<tbody>\n<tr>\n<td>D<\/td>\n<td>B<\/td>\n<td>b<\/td>\n<td>d<\/td>\n<td>Z<\/td>\n<td>\u03b2<\/td>\n<td><\/td>\n<td>Kod<\/td>\n<\/tr>\n<tr>\n<td>80<\/td>\n<td>2,8\/3,6<\/td>\n<td>1,1\/2,2<\/td>\n<td>20<\/td>\n<td>12+12<\/td>\n<td>12<\/td>\n<td>Felder<\/td>\n<td>RD6018001<\/td>\n<\/tr>\n<tr>\n<td>90<\/td>\n<td>2,8\/3,6<\/td>\n<td>1,1\/2,2<\/td>\n<td>20<\/td>\n<td>12+12<\/td>\n<td>12<\/td>\n<td><\/td>\n<td>RD6018002<\/td>\n<\/tr>\n<tr>\n<td>100<\/td>\n<td>2,8\/3,6<\/td>\n<td>1,1\/2,2<\/td>\n<td>20<\/td>\n<td>12+12<\/td>\n<td>12<\/td>\n<td>Panhans-Schelling<\/td>\n<td>RD6018003<\/td>\n<\/tr>\n<tr>\n<td>100<\/td>\n<td>2,8\/3,6<\/td>\n<td>1,1\/2,2<\/td>\n<td>22<\/td>\n<td>12+12<\/td>\n<td>12<\/td>\n<td>Altendorf-Striebig<\/td>\n<td>RD6018012<\/td>\n<\/tr>\n<tr>\n<td>110<\/td>\n<td>2,8\/3,6<\/td>\n<td>1,1\/2,2<\/td>\n<td>20<\/td>\n<td>12+12<\/td>\n<td>12<\/td>\n<td>GMC<\/td>\n<td>RD6018004<\/td>\n<\/tr>\n<tr>\n<td>120<\/td>\n<td>2,8\/3,6<\/td>\n<td>1,1\/2,2<\/td>\n<td>20<\/td>\n<td>12+12<\/td>\n<td>12<\/td>\n<td>Holz Her-SCM<\/td>\n<td>RD6018005<\/td>\n<\/tr>\n<tr>\n<td>120<\/td>\n<td>2,8\/3,6<\/td>\n<td>1,1\/2,2<\/td>\n<td>22<\/td>\n<td>12+12<\/td>\n<td>12<\/td>\n<td>Altendorf-Martin<\/td>\n<td>RD6018011<\/td>\n<\/tr>\n<tr>\n<td>125<\/td>\n<td>2,8\/3,6<\/td>\n<td>1,1\/2,2<\/td>\n<td>20<\/td>\n<td>12+12<\/td>\n<td>12<\/td>\n<td>Paoloni<\/td>\n<td>RD6018006<\/td>\n<\/tr>\n<tr>\n<td>125<\/td>\n<td>2,8\/3,6<\/td>\n<td>1,1\/2,2<\/td>\n<td>22<\/td>\n<td>12+12<\/td>\n<td>12<\/td>\n<td><\/td>\n<td>RD6018014<\/td>\n<\/tr>\n<tr>\n<td>125<\/td>\n<td>3,8\/4,6<\/td>\n<td>1,1\/2,2<\/td>\n<td>20<\/td>\n<td>12+12<\/td>\n<td>12<\/td>\n<td><\/td>\n<td>RD6018007<\/td>\n<\/tr>\n<\/tbody>\n<\/table>\n<p><img fetchpriority=\"high\" decoding=\"async\" class=\"alignnone size-full wp-image-1610\" src=\"http:\/\/bryk.com.pl\/wp-content\/uploads\/2018\/03\/67_2.jpg\" alt=\"\" width=\"1250\" height=\"122\" srcset=\"https:\/\/bryk.com.pl\/wp-content\/uploads\/2018\/03\/67_2.jpg 1250w, https:\/\/bryk.com.pl\/wp-content\/uploads\/2018\/03\/67_2-800x78.jpg 800w, https:\/\/bryk.com.pl\/wp-content\/uploads\/2018\/03\/67_2-768x75.jpg 768w, https:\/\/bryk.com.pl\/wp-content\/uploads\/2018\/03\/67_2-830x81.jpg 830w, https:\/\/bryk.com.pl\/wp-content\/uploads\/2018\/03\/67_2-510x50.jpg 510w\" sizes=\"(max-width: 1250px) 100vw, 1250px\" \/><\/p>\n","protected":false},"featured_media":2487,"template":"","meta":[],"product_brand":[],"product_cat":[186],"product_tag":[],"class_list":{"0":"post-1135","1":"product","2":"type-product","3":"status-publish","4":"has-post-thumbnail","6":"product_cat-podcinaki","8":"first","9":"instock","10":"shipping-taxable","11":"product-type-simple"},"yoast_head":"<!-- This site is optimized with the Yoast SEO plugin v24.5 - https:\/\/yoast.com\/wordpress\/plugins\/seo\/ -->\n<title>Podcinaki Regulowane do Pi\u0142 Tarczowych - BRYK - LEAVE A PRECISE MARK<\/title>\n<meta name=\"robots\" content=\"index, follow, max-snippet:-1, max-image-preview:large, max-video-preview:-1\" \/>\n<link rel=\"canonical\" href=\"https:\/\/bryk.com.pl\/?product=1135\" \/>\n<meta property=\"og:locale\" content=\"pl_PL\" \/>\n<meta property=\"og:type\" content=\"article\" \/>\n<meta property=\"og:title\" content=\"Podcinaki Regulowane do Pi\u0142 Tarczowych - BRYK - LEAVE A PRECISE MARK\" \/>\n<meta property=\"og:description\" content=\"Podcinaki regulowane o uz\u0119bieniu prostym o pi\u0142 tarczowych z z\u0119bami z w\u0119glika spiekanego. Stosowane do pracy w p\u0142ycie wi\u00f3rowej laminowanej, p\u0142ycie oklejanej innymi rodzajami dekor\u00f3w, p\u0142ycie MDF i innych materia\u0142\u00f3w drewnopochodnych.    D B b d Z \u03b2  Kod   80 2,8\/3,6 1,1\/2,2 20 12+12 12 Felder RD6018001   90 2,8\/3,6 1,1\/2,2 20 12+12 12  RD6018002   100 2,8\/3,6 1,1\/2,2 20 12+12 12 Panhans-Schelling RD6018003   100 2,8\/3,6 1,1\/2,2 22 12+12 12 Altendorf-Striebig RD6018012   110 2,8\/3,6 1,1\/2,2 20 12+12 12 GMC RD6018004   120 2,8\/3,6 1,1\/2,2 20 12+12 12 Holz Her-SCM RD6018005   120 2,8\/3,6 1,1\/2,2 22 12+12 12 Altendorf-Martin RD6018011   125 2,8\/3,6 1,1\/2,2 20 12+12 12 Paoloni RD6018006   125 2,8\/3,6 1,1\/2,2 22 12+12 12  RD6018014   125 3,8\/4,6 1,1\/2,2 20 12+12 12  RD6018007\" \/>\n<meta property=\"og:url\" content=\"https:\/\/bryk.com.pl\/?product=1135\" \/>\n<meta property=\"og:site_name\" content=\"BRYK - LEAVE A PRECISE MARK\" \/>\n<meta property=\"article:publisher\" content=\"https:\/\/www.facebook.com\/ppuhbryk\/\" \/>\n<meta property=\"article:modified_time\" content=\"2019-12-10T10:27:20+00:00\" \/>\n<meta property=\"og:image\" content=\"https:\/\/bryk.com.pl\/wp-content\/uploads\/2018\/03\/Podcinaki_Regulowane_do_Pi\u0142_Tarczowych.jpg\" \/>\n\t<meta property=\"og:image:width\" content=\"2500\" \/>\n\t<meta property=\"og:image:height\" content=\"2500\" \/>\n\t<meta property=\"og:image:type\" content=\"image\/jpeg\" \/>\n<meta name=\"twitter:card\" content=\"summary_large_image\" \/>\n<script type=\"application\/ld+json\" class=\"yoast-schema-graph\">{\"@context\":\"https:\/\/schema.org\",\"@graph\":[{\"@type\":\"WebPage\",\"@id\":\"https:\/\/bryk.com.pl\/?product=1135\",\"url\":\"https:\/\/bryk.com.pl\/?product=1135\",\"name\":\"Podcinaki Regulowane do Pi\u0142 Tarczowych - BRYK - LEAVE A PRECISE MARK\",\"isPartOf\":{\"@id\":\"https:\/\/bryk.com.pl\/#website\"},\"primaryImageOfPage\":{\"@id\":\"https:\/\/bryk.com.pl\/?product=1135#primaryimage\"},\"image\":{\"@id\":\"https:\/\/bryk.com.pl\/?product=1135#primaryimage\"},\"thumbnailUrl\":\"https:\/\/bryk.com.pl\/wp-content\/uploads\/2018\/03\/Podcinaki_Regulowane_do_Pi\u0142_Tarczowych.jpg\",\"datePublished\":\"2018-03-30T17:36:48+00:00\",\"dateModified\":\"2019-12-10T10:27:20+00:00\",\"breadcrumb\":{\"@id\":\"https:\/\/bryk.com.pl\/?product=1135#breadcrumb\"},\"inLanguage\":\"pl-PL\",\"potentialAction\":[{\"@type\":\"ReadAction\",\"target\":[\"https:\/\/bryk.com.pl\/?product=1135\"]}]},{\"@type\":\"ImageObject\",\"inLanguage\":\"pl-PL\",\"@id\":\"https:\/\/bryk.com.pl\/?product=1135#primaryimage\",\"url\":\"https:\/\/bryk.com.pl\/wp-content\/uploads\/2018\/03\/Podcinaki_Regulowane_do_Pi\u0142_Tarczowych.jpg\",\"contentUrl\":\"https:\/\/bryk.com.pl\/wp-content\/uploads\/2018\/03\/Podcinaki_Regulowane_do_Pi\u0142_Tarczowych.jpg\",\"width\":2500,\"height\":2500,\"caption\":\"Podcinaki_Regulowane_do_Pi\u0142_Tarczowych\"},{\"@type\":\"BreadcrumbList\",\"@id\":\"https:\/\/bryk.com.pl\/?product=1135#breadcrumb\",\"itemListElement\":[{\"@type\":\"ListItem\",\"position\":1,\"name\":\"Strona g\u0142\u00f3wna\",\"item\":\"https:\/\/bryk.com.pl\/\"},{\"@type\":\"ListItem\",\"position\":2,\"name\":\"Products\",\"item\":\"https:\/\/bryk.com.pl\/sklep\/\"},{\"@type\":\"ListItem\",\"position\":3,\"name\":\"Podcinaki Regulowane do Pi\u0142 Tarczowych\"}]},{\"@type\":\"WebSite\",\"@id\":\"https:\/\/bryk.com.pl\/#website\",\"url\":\"https:\/\/bryk.com.pl\/\",\"name\":\"BRYK - LEAVE A PRECISE MARK\",\"description\":\"Polski producent narz\u0119dzi\",\"potentialAction\":[{\"@type\":\"SearchAction\",\"target\":{\"@type\":\"EntryPoint\",\"urlTemplate\":\"https:\/\/bryk.com.pl\/?s={search_term_string}\"},\"query-input\":{\"@type\":\"PropertyValueSpecification\",\"valueRequired\":true,\"valueName\":\"search_term_string\"}}],\"inLanguage\":\"pl-PL\"}]}<\/script>\n<!-- \/ Yoast SEO plugin. -->","yoast_head_json":{"title":"Podcinaki Regulowane do Pi\u0142 Tarczowych - BRYK - LEAVE A PRECISE MARK","robots":{"index":"index","follow":"follow","max-snippet":"max-snippet:-1","max-image-preview":"max-image-preview:large","max-video-preview":"max-video-preview:-1"},"canonical":"https:\/\/bryk.com.pl\/?product=1135","og_locale":"pl_PL","og_type":"article","og_title":"Podcinaki Regulowane do Pi\u0142 Tarczowych - BRYK - LEAVE A PRECISE MARK","og_description":"Podcinaki regulowane o uz\u0119bieniu prostym o pi\u0142 tarczowych z z\u0119bami z w\u0119glika spiekanego. Stosowane do pracy w p\u0142ycie wi\u00f3rowej laminowanej, p\u0142ycie oklejanej innymi rodzajami dekor\u00f3w, p\u0142ycie MDF i innych materia\u0142\u00f3w drewnopochodnych.    D B b d Z \u03b2  Kod   80 2,8\/3,6 1,1\/2,2 20 12+12 12 Felder RD6018001   90 2,8\/3,6 1,1\/2,2 20 12+12 12  RD6018002   100 2,8\/3,6 1,1\/2,2 20 12+12 12 Panhans-Schelling RD6018003   100 2,8\/3,6 1,1\/2,2 22 12+12 12 Altendorf-Striebig RD6018012   110 2,8\/3,6 1,1\/2,2 20 12+12 12 GMC RD6018004   120 2,8\/3,6 1,1\/2,2 20 12+12 12 Holz Her-SCM RD6018005   120 2,8\/3,6 1,1\/2,2 22 12+12 12 Altendorf-Martin RD6018011   125 2,8\/3,6 1,1\/2,2 20 12+12 12 Paoloni RD6018006   125 2,8\/3,6 1,1\/2,2 22 12+12 12  RD6018014   125 3,8\/4,6 1,1\/2,2 20 12+12 12  RD6018007","og_url":"https:\/\/bryk.com.pl\/?product=1135","og_site_name":"BRYK - LEAVE A PRECISE MARK","article_publisher":"https:\/\/www.facebook.com\/ppuhbryk\/","article_modified_time":"2019-12-10T10:27:20+00:00","og_image":[{"width":2500,"height":2500,"url":"https:\/\/bryk.com.pl\/wp-content\/uploads\/2018\/03\/Podcinaki_Regulowane_do_Pi\u0142_Tarczowych.jpg","type":"image\/jpeg"}],"twitter_card":"summary_large_image","schema":{"@context":"https:\/\/schema.org","@graph":[{"@type":"WebPage","@id":"https:\/\/bryk.com.pl\/?product=1135","url":"https:\/\/bryk.com.pl\/?product=1135","name":"Podcinaki Regulowane do Pi\u0142 Tarczowych - BRYK - LEAVE A PRECISE MARK","isPartOf":{"@id":"https:\/\/bryk.com.pl\/#website"},"primaryImageOfPage":{"@id":"https:\/\/bryk.com.pl\/?product=1135#primaryimage"},"image":{"@id":"https:\/\/bryk.com.pl\/?product=1135#primaryimage"},"thumbnailUrl":"https:\/\/bryk.com.pl\/wp-content\/uploads\/2018\/03\/Podcinaki_Regulowane_do_Pi\u0142_Tarczowych.jpg","datePublished":"2018-03-30T17:36:48+00:00","dateModified":"2019-12-10T10:27:20+00:00","breadcrumb":{"@id":"https:\/\/bryk.com.pl\/?product=1135#breadcrumb"},"inLanguage":"pl-PL","potentialAction":[{"@type":"ReadAction","target":["https:\/\/bryk.com.pl\/?product=1135"]}]},{"@type":"ImageObject","inLanguage":"pl-PL","@id":"https:\/\/bryk.com.pl\/?product=1135#primaryimage","url":"https:\/\/bryk.com.pl\/wp-content\/uploads\/2018\/03\/Podcinaki_Regulowane_do_Pi\u0142_Tarczowych.jpg","contentUrl":"https:\/\/bryk.com.pl\/wp-content\/uploads\/2018\/03\/Podcinaki_Regulowane_do_Pi\u0142_Tarczowych.jpg","width":2500,"height":2500,"caption":"Podcinaki_Regulowane_do_Pi\u0142_Tarczowych"},{"@type":"BreadcrumbList","@id":"https:\/\/bryk.com.pl\/?product=1135#breadcrumb","itemListElement":[{"@type":"ListItem","position":1,"name":"Strona g\u0142\u00f3wna","item":"https:\/\/bryk.com.pl\/"},{"@type":"ListItem","position":2,"name":"Products","item":"https:\/\/bryk.com.pl\/sklep\/"},{"@type":"ListItem","position":3,"name":"Podcinaki Regulowane do Pi\u0142 Tarczowych"}]},{"@type":"WebSite","@id":"https:\/\/bryk.com.pl\/#website","url":"https:\/\/bryk.com.pl\/","name":"BRYK - LEAVE A PRECISE MARK","description":"Polski producent narz\u0119dzi","potentialAction":[{"@type":"SearchAction","target":{"@type":"EntryPoint","urlTemplate":"https:\/\/bryk.com.pl\/?s={search_term_string}"},"query-input":{"@type":"PropertyValueSpecification","valueRequired":true,"valueName":"search_term_string"}}],"inLanguage":"pl-PL"}]}},"_links":{"self":[{"href":"https:\/\/bryk.com.pl\/index.php?rest_route=\/wp\/v2\/product\/1135","targetHints":{"allow":["GET"]}}],"collection":[{"href":"https:\/\/bryk.com.pl\/index.php?rest_route=\/wp\/v2\/product"}],"about":[{"href":"https:\/\/bryk.com.pl\/index.php?rest_route=\/wp\/v2\/types\/product"}],"wp:featuredmedia":[{"embeddable":true,"href":"https:\/\/bryk.com.pl\/index.php?rest_route=\/wp\/v2\/media\/2487"}],"wp:attachment":[{"href":"https:\/\/bryk.com.pl\/index.php?rest_route=%2Fwp%2Fv2%2Fmedia&parent=1135"}],"wp:term":[{"taxonomy":"product_brand","embeddable":true,"href":"https:\/\/bryk.com.pl\/index.php?rest_route=%2Fwp%2Fv2%2Fproduct_brand&post=1135"},{"taxonomy":"product_cat","embeddable":true,"href":"https:\/\/bryk.com.pl\/index.php?rest_route=%2Fwp%2Fv2%2Fproduct_cat&post=1135"},{"taxonomy":"product_tag","embeddable":true,"href":"https:\/\/bryk.com.pl\/index.php?rest_route=%2Fwp%2Fv2%2Fproduct_tag&post=1135"}],"curies":[{"name":"wp","href":"https:\/\/api.w.org\/{rel}","templated":true}]}}