{"id":1140,"date":"2018-03-30T19:43:37","date_gmt":"2018-03-30T17:43:37","guid":{"rendered":"http:\/\/bryk.com.pl\/?post_type=product&#038;p=1140"},"modified":"2019-12-10T11:26:43","modified_gmt":"2019-12-10T10:26:43","slug":"1140","status":"publish","type":"product","link":"https:\/\/bryk.com.pl?product=1140","title":{"rendered":"Uchwyt ISO30 z Flansz\u0105"},"content":{"rendered":"","protected":false},"excerpt":{"rendered":"<p>Stosowany do mocowania narz\u0119dzi z chwytem cylindrycznym na maszynach CNC.<br \/>\nUchwyt wyposa\u017cony w specjalna z\u0119bat\u0105 flansz\u0119.<br \/>\nZakres \u015brednic cz\u0119\u015bci chwytowych narz\u0119dzi od 3 do 20 mm.<\/p>\n<table class=\"table table-bordered extracted-data\">\n<tbody>\n<tr>\n<td>D<\/td>\n<td>L<\/td>\n<td>D<\/td>\n<td><\/td>\n<td>Kod<\/td>\n<\/tr>\n<tr>\n<td>50<\/td>\n<td>55<\/td>\n<td>2 &#8211; 20<\/td>\n<td>R<\/td>\n<td>S30PDX20<\/td>\n<\/tr>\n<tr>\n<td>50<\/td>\n<td>55<\/td>\n<td>2 &#8211; 20<\/td>\n<td>L<\/td>\n<td>S30PSX20<\/td>\n<\/tr>\n<\/tbody>\n<\/table>\n<p><img fetchpriority=\"high\" decoding=\"async\" class=\"alignnone size-full wp-image-1614\" src=\"http:\/\/bryk.com.pl\/wp-content\/uploads\/2018\/03\/73_1.jpg\" alt=\"\" width=\"1250\" height=\"126\" srcset=\"https:\/\/bryk.com.pl\/wp-content\/uploads\/2018\/03\/73_1.jpg 1250w, https:\/\/bryk.com.pl\/wp-content\/uploads\/2018\/03\/73_1-800x81.jpg 800w, https:\/\/bryk.com.pl\/wp-content\/uploads\/2018\/03\/73_1-768x77.jpg 768w, https:\/\/bryk.com.pl\/wp-content\/uploads\/2018\/03\/73_1-830x84.jpg 830w, https:\/\/bryk.com.pl\/wp-content\/uploads\/2018\/03\/73_1-510x51.jpg 510w\" sizes=\"(max-width: 1250px) 100vw, 1250px\" \/><\/p>\n","protected":false},"featured_media":2447,"template":"","meta":[],"product_brand":[],"product_cat":[192],"product_tag":[],"class_list":{"0":"post-1140","1":"product","2":"type-product","3":"status-publish","4":"has-post-thumbnail","6":"product_cat-uchwyty-mocujace-typu-iso","8":"first","9":"instock","10":"shipping-taxable","11":"product-type-simple"},"yoast_head":"<!-- This site is optimized with the Yoast SEO plugin v24.5 - https:\/\/yoast.com\/wordpress\/plugins\/seo\/ -->\n<title>Uchwyt ISO30 z Flansz\u0105 - BRYK - LEAVE A PRECISE MARK<\/title>\n<meta name=\"robots\" content=\"index, follow, max-snippet:-1, max-image-preview:large, max-video-preview:-1\" \/>\n<link rel=\"canonical\" href=\"https:\/\/bryk.com.pl\/?product=1140\" \/>\n<meta property=\"og:locale\" content=\"pl_PL\" \/>\n<meta property=\"og:type\" content=\"article\" \/>\n<meta property=\"og:title\" content=\"Uchwyt ISO30 z Flansz\u0105 - BRYK - LEAVE A PRECISE MARK\" \/>\n<meta property=\"og:description\" content=\"Stosowany do mocowania narz\u0119dzi z chwytem cylindrycznym na maszynach CNC. Uchwyt wyposa\u017cony w specjalna z\u0119bat\u0105 flansz\u0119. Zakres \u015brednic cz\u0119\u015bci chwytowych narz\u0119dzi od 3 do 20 mm.    D L D  Kod   50 55 2 - 20 R S30PDX20   50 55 2 - 20 L S30PSX20\" \/>\n<meta property=\"og:url\" content=\"https:\/\/bryk.com.pl\/?product=1140\" \/>\n<meta property=\"og:site_name\" content=\"BRYK - LEAVE A PRECISE MARK\" \/>\n<meta property=\"article:publisher\" content=\"https:\/\/www.facebook.com\/ppuhbryk\/\" \/>\n<meta property=\"article:modified_time\" content=\"2019-12-10T10:26:43+00:00\" \/>\n<meta property=\"og:image\" content=\"https:\/\/bryk.com.pl\/wp-content\/uploads\/2018\/03\/Uchwyt_ISO30_z_Flansza.jpg\" \/>\n\t<meta property=\"og:image:width\" content=\"2500\" \/>\n\t<meta property=\"og:image:height\" content=\"2500\" \/>\n\t<meta property=\"og:image:type\" content=\"image\/jpeg\" \/>\n<meta name=\"twitter:card\" content=\"summary_large_image\" \/>\n<script type=\"application\/ld+json\" class=\"yoast-schema-graph\">{\"@context\":\"https:\/\/schema.org\",\"@graph\":[{\"@type\":\"WebPage\",\"@id\":\"https:\/\/bryk.com.pl\/?product=1140\",\"url\":\"https:\/\/bryk.com.pl\/?product=1140\",\"name\":\"Uchwyt ISO30 z Flansz\u0105 - BRYK - LEAVE A PRECISE MARK\",\"isPartOf\":{\"@id\":\"https:\/\/bryk.com.pl\/#website\"},\"primaryImageOfPage\":{\"@id\":\"https:\/\/bryk.com.pl\/?product=1140#primaryimage\"},\"image\":{\"@id\":\"https:\/\/bryk.com.pl\/?product=1140#primaryimage\"},\"thumbnailUrl\":\"https:\/\/bryk.com.pl\/wp-content\/uploads\/2018\/03\/Uchwyt_ISO30_z_Flansza.jpg\",\"datePublished\":\"2018-03-30T17:43:37+00:00\",\"dateModified\":\"2019-12-10T10:26:43+00:00\",\"breadcrumb\":{\"@id\":\"https:\/\/bryk.com.pl\/?product=1140#breadcrumb\"},\"inLanguage\":\"pl-PL\",\"potentialAction\":[{\"@type\":\"ReadAction\",\"target\":[\"https:\/\/bryk.com.pl\/?product=1140\"]}]},{\"@type\":\"ImageObject\",\"inLanguage\":\"pl-PL\",\"@id\":\"https:\/\/bryk.com.pl\/?product=1140#primaryimage\",\"url\":\"https:\/\/bryk.com.pl\/wp-content\/uploads\/2018\/03\/Uchwyt_ISO30_z_Flansza.jpg\",\"contentUrl\":\"https:\/\/bryk.com.pl\/wp-content\/uploads\/2018\/03\/Uchwyt_ISO30_z_Flansza.jpg\",\"width\":2500,\"height\":2500,\"caption\":\"Uchwyt_ISO30_z_Flansza\"},{\"@type\":\"BreadcrumbList\",\"@id\":\"https:\/\/bryk.com.pl\/?product=1140#breadcrumb\",\"itemListElement\":[{\"@type\":\"ListItem\",\"position\":1,\"name\":\"Strona g\u0142\u00f3wna\",\"item\":\"https:\/\/bryk.com.pl\/\"},{\"@type\":\"ListItem\",\"position\":2,\"name\":\"Products\",\"item\":\"https:\/\/bryk.com.pl\/sklep\/\"},{\"@type\":\"ListItem\",\"position\":3,\"name\":\"Uchwyt ISO30 z Flansz\u0105\"}]},{\"@type\":\"WebSite\",\"@id\":\"https:\/\/bryk.com.pl\/#website\",\"url\":\"https:\/\/bryk.com.pl\/\",\"name\":\"BRYK - LEAVE A PRECISE MARK\",\"description\":\"Polski producent narz\u0119dzi\",\"potentialAction\":[{\"@type\":\"SearchAction\",\"target\":{\"@type\":\"EntryPoint\",\"urlTemplate\":\"https:\/\/bryk.com.pl\/?s={search_term_string}\"},\"query-input\":{\"@type\":\"PropertyValueSpecification\",\"valueRequired\":true,\"valueName\":\"search_term_string\"}}],\"inLanguage\":\"pl-PL\"}]}<\/script>\n<!-- \/ Yoast SEO plugin. -->","yoast_head_json":{"title":"Uchwyt ISO30 z Flansz\u0105 - BRYK - LEAVE A PRECISE MARK","robots":{"index":"index","follow":"follow","max-snippet":"max-snippet:-1","max-image-preview":"max-image-preview:large","max-video-preview":"max-video-preview:-1"},"canonical":"https:\/\/bryk.com.pl\/?product=1140","og_locale":"pl_PL","og_type":"article","og_title":"Uchwyt ISO30 z Flansz\u0105 - BRYK - LEAVE A PRECISE MARK","og_description":"Stosowany do mocowania narz\u0119dzi z chwytem cylindrycznym na maszynach CNC. Uchwyt wyposa\u017cony w specjalna z\u0119bat\u0105 flansz\u0119. Zakres \u015brednic cz\u0119\u015bci chwytowych narz\u0119dzi od 3 do 20 mm.    D L D  Kod   50 55 2 - 20 R S30PDX20   50 55 2 - 20 L S30PSX20","og_url":"https:\/\/bryk.com.pl\/?product=1140","og_site_name":"BRYK - LEAVE A PRECISE MARK","article_publisher":"https:\/\/www.facebook.com\/ppuhbryk\/","article_modified_time":"2019-12-10T10:26:43+00:00","og_image":[{"width":2500,"height":2500,"url":"https:\/\/bryk.com.pl\/wp-content\/uploads\/2018\/03\/Uchwyt_ISO30_z_Flansza.jpg","type":"image\/jpeg"}],"twitter_card":"summary_large_image","schema":{"@context":"https:\/\/schema.org","@graph":[{"@type":"WebPage","@id":"https:\/\/bryk.com.pl\/?product=1140","url":"https:\/\/bryk.com.pl\/?product=1140","name":"Uchwyt ISO30 z Flansz\u0105 - BRYK - LEAVE A PRECISE MARK","isPartOf":{"@id":"https:\/\/bryk.com.pl\/#website"},"primaryImageOfPage":{"@id":"https:\/\/bryk.com.pl\/?product=1140#primaryimage"},"image":{"@id":"https:\/\/bryk.com.pl\/?product=1140#primaryimage"},"thumbnailUrl":"https:\/\/bryk.com.pl\/wp-content\/uploads\/2018\/03\/Uchwyt_ISO30_z_Flansza.jpg","datePublished":"2018-03-30T17:43:37+00:00","dateModified":"2019-12-10T10:26:43+00:00","breadcrumb":{"@id":"https:\/\/bryk.com.pl\/?product=1140#breadcrumb"},"inLanguage":"pl-PL","potentialAction":[{"@type":"ReadAction","target":["https:\/\/bryk.com.pl\/?product=1140"]}]},{"@type":"ImageObject","inLanguage":"pl-PL","@id":"https:\/\/bryk.com.pl\/?product=1140#primaryimage","url":"https:\/\/bryk.com.pl\/wp-content\/uploads\/2018\/03\/Uchwyt_ISO30_z_Flansza.jpg","contentUrl":"https:\/\/bryk.com.pl\/wp-content\/uploads\/2018\/03\/Uchwyt_ISO30_z_Flansza.jpg","width":2500,"height":2500,"caption":"Uchwyt_ISO30_z_Flansza"},{"@type":"BreadcrumbList","@id":"https:\/\/bryk.com.pl\/?product=1140#breadcrumb","itemListElement":[{"@type":"ListItem","position":1,"name":"Strona g\u0142\u00f3wna","item":"https:\/\/bryk.com.pl\/"},{"@type":"ListItem","position":2,"name":"Products","item":"https:\/\/bryk.com.pl\/sklep\/"},{"@type":"ListItem","position":3,"name":"Uchwyt ISO30 z Flansz\u0105"}]},{"@type":"WebSite","@id":"https:\/\/bryk.com.pl\/#website","url":"https:\/\/bryk.com.pl\/","name":"BRYK - LEAVE A PRECISE MARK","description":"Polski producent narz\u0119dzi","potentialAction":[{"@type":"SearchAction","target":{"@type":"EntryPoint","urlTemplate":"https:\/\/bryk.com.pl\/?s={search_term_string}"},"query-input":{"@type":"PropertyValueSpecification","valueRequired":true,"valueName":"search_term_string"}}],"inLanguage":"pl-PL"}]}},"_links":{"self":[{"href":"https:\/\/bryk.com.pl\/index.php?rest_route=\/wp\/v2\/product\/1140","targetHints":{"allow":["GET"]}}],"collection":[{"href":"https:\/\/bryk.com.pl\/index.php?rest_route=\/wp\/v2\/product"}],"about":[{"href":"https:\/\/bryk.com.pl\/index.php?rest_route=\/wp\/v2\/types\/product"}],"wp:featuredmedia":[{"embeddable":true,"href":"https:\/\/bryk.com.pl\/index.php?rest_route=\/wp\/v2\/media\/2447"}],"wp:attachment":[{"href":"https:\/\/bryk.com.pl\/index.php?rest_route=%2Fwp%2Fv2%2Fmedia&parent=1140"}],"wp:term":[{"taxonomy":"product_brand","embeddable":true,"href":"https:\/\/bryk.com.pl\/index.php?rest_route=%2Fwp%2Fv2%2Fproduct_brand&post=1140"},{"taxonomy":"product_cat","embeddable":true,"href":"https:\/\/bryk.com.pl\/index.php?rest_route=%2Fwp%2Fv2%2Fproduct_cat&post=1140"},{"taxonomy":"product_tag","embeddable":true,"href":"https:\/\/bryk.com.pl\/index.php?rest_route=%2Fwp%2Fv2%2Fproduct_tag&post=1140"}],"curies":[{"name":"wp","href":"https:\/\/api.w.org\/{rel}","templated":true}]}}