{"id":1149,"date":"2018-03-30T19:54:29","date_gmt":"2018-03-30T17:54:29","guid":{"rendered":"http:\/\/bryk.com.pl\/?post_type=product&#038;p=1149"},"modified":"2019-12-10T10:38:35","modified_gmt":"2019-12-10T09:38:35","slug":"1149","status":"publish","type":"product","link":"https:\/\/bryk.com.pl?product=1149","title":{"rendered":"Uchwyt Hydrauliczny H200 ( CI )"},"content":{"rendered":"","protected":false},"excerpt":{"rendered":"<p>Uchwyt Hydrauliczny stosowany do mocowania frez\u00f3w nasadzanych.<br \/>\nRegulacja si\u0142y docisku poprzez mechanizm \u015brubowy.<br \/>\nZaciskanie jednocze\u015bnie na powierzchni styku z wrzecionem maszyny i otworem wewn\u0119trznym narz\u0119dzia.<\/p>\n<table class=\"table table-bordered extracted-data\">\n<tbody>\n<tr>\n<td>D<\/td>\n<td>D1<\/td>\n<td>D2<\/td>\n<td>L<\/td>\n<td>L1<\/td>\n<td>Kod<\/td>\n<\/tr>\n<tr>\n<td>40<\/td>\n<td>50<\/td>\n<td>100<\/td>\n<td>75<\/td>\n<td>55<\/td>\n<td>CI-405075<\/td>\n<\/tr>\n<tr>\n<td>40<\/td>\n<td>60<\/td>\n<td>102<\/td>\n<td>75<\/td>\n<td>55<\/td>\n<td>CI-406075<\/td>\n<\/tr>\n<tr>\n<td>40<\/td>\n<td>60<\/td>\n<td>108<\/td>\n<td>95<\/td>\n<td>75<\/td>\n<td>CI-406095<\/td>\n<\/tr>\n<tr>\n<td>40<\/td>\n<td>60<\/td>\n<td>108<\/td>\n<td>115<\/td>\n<td>95<\/td>\n<td>CI-4060115<\/td>\n<\/tr>\n<tr>\n<td>40<\/td>\n<td>60<\/td>\n<td>114<\/td>\n<td>140<\/td>\n<td>115<\/td>\n<td>CI-4060140<\/td>\n<\/tr>\n<tr>\n<td>50<\/td>\n<td>60<\/td>\n<td>102<\/td>\n<td>75<\/td>\n<td>55<\/td>\n<td>CI-506075<\/td>\n<\/tr>\n<tr>\n<td>50<\/td>\n<td>60<\/td>\n<td>108<\/td>\n<td>95<\/td>\n<td>75<\/td>\n<td>CI-506095<\/td>\n<\/tr>\n<tr>\n<td>50<\/td>\n<td>60<\/td>\n<td>108<\/td>\n<td>115<\/td>\n<td>95<\/td>\n<td>CI-5060115<\/td>\n<\/tr>\n<tr>\n<td>50<\/td>\n<td>60<\/td>\n<td>114<\/td>\n<td>140<\/td>\n<td>115<\/td>\n<td>CI-5060140<\/td>\n<\/tr>\n<\/tbody>\n<\/table>\n","protected":false},"featured_media":2468,"template":"","meta":[],"product_brand":[],"product_cat":[189],"product_tag":[],"class_list":{"0":"post-1149","1":"product","2":"type-product","3":"status-publish","4":"has-post-thumbnail","6":"product_cat-uchwyty-hydrauliczne","8":"first","9":"instock","10":"shipping-taxable","11":"product-type-simple"},"yoast_head":"<!-- This site is optimized with the Yoast SEO plugin v24.5 - https:\/\/yoast.com\/wordpress\/plugins\/seo\/ -->\n<title>Uchwyt Hydrauliczny H200 ( CI ) - BRYK - LEAVE A PRECISE MARK<\/title>\n<meta name=\"robots\" content=\"index, follow, max-snippet:-1, max-image-preview:large, max-video-preview:-1\" \/>\n<link rel=\"canonical\" href=\"https:\/\/bryk.com.pl\/?product=1149\" \/>\n<meta property=\"og:locale\" content=\"pl_PL\" \/>\n<meta property=\"og:type\" content=\"article\" \/>\n<meta property=\"og:title\" content=\"Uchwyt Hydrauliczny H200 ( CI ) - BRYK - LEAVE A PRECISE MARK\" \/>\n<meta property=\"og:description\" content=\"Uchwyt Hydrauliczny stosowany do mocowania frez\u00f3w nasadzanych. Regulacja si\u0142y docisku poprzez mechanizm \u015brubowy. Zaciskanie jednocze\u015bnie na powierzchni styku z wrzecionem maszyny i otworem wewn\u0119trznym narz\u0119dzia.    D D1 D2 L L1 Kod   40 50 100 75 55 CI-405075   40 60 102 75 55 CI-406075   40 60 108 95 75 CI-406095   40 60 108 115 95 CI-4060115   40 60 114 140 115 CI-4060140   50 60 102 75 55 CI-506075   50 60 108 95 75 CI-506095   50 60 108 115 95 CI-5060115   50 60 114 140 115 CI-5060140\" \/>\n<meta property=\"og:url\" content=\"https:\/\/bryk.com.pl\/?product=1149\" \/>\n<meta property=\"og:site_name\" content=\"BRYK - LEAVE A PRECISE MARK\" \/>\n<meta property=\"article:publisher\" content=\"https:\/\/www.facebook.com\/ppuhbryk\/\" \/>\n<meta property=\"article:modified_time\" content=\"2019-12-10T09:38:35+00:00\" \/>\n<meta property=\"og:image\" content=\"https:\/\/bryk.com.pl\/wp-content\/uploads\/2018\/03\/Uchwyt_Hydrauliczny_H200__CI_.jpg\" \/>\n\t<meta property=\"og:image:width\" content=\"2500\" \/>\n\t<meta property=\"og:image:height\" content=\"2500\" \/>\n\t<meta property=\"og:image:type\" content=\"image\/jpeg\" \/>\n<meta name=\"twitter:card\" content=\"summary_large_image\" \/>\n<script type=\"application\/ld+json\" class=\"yoast-schema-graph\">{\"@context\":\"https:\/\/schema.org\",\"@graph\":[{\"@type\":\"WebPage\",\"@id\":\"https:\/\/bryk.com.pl\/?product=1149\",\"url\":\"https:\/\/bryk.com.pl\/?product=1149\",\"name\":\"Uchwyt Hydrauliczny H200 ( CI ) - BRYK - LEAVE A PRECISE MARK\",\"isPartOf\":{\"@id\":\"https:\/\/bryk.com.pl\/#website\"},\"primaryImageOfPage\":{\"@id\":\"https:\/\/bryk.com.pl\/?product=1149#primaryimage\"},\"image\":{\"@id\":\"https:\/\/bryk.com.pl\/?product=1149#primaryimage\"},\"thumbnailUrl\":\"https:\/\/bryk.com.pl\/wp-content\/uploads\/2018\/03\/Uchwyt_Hydrauliczny_H200__CI_.jpg\",\"datePublished\":\"2018-03-30T17:54:29+00:00\",\"dateModified\":\"2019-12-10T09:38:35+00:00\",\"breadcrumb\":{\"@id\":\"https:\/\/bryk.com.pl\/?product=1149#breadcrumb\"},\"inLanguage\":\"pl-PL\",\"potentialAction\":[{\"@type\":\"ReadAction\",\"target\":[\"https:\/\/bryk.com.pl\/?product=1149\"]}]},{\"@type\":\"ImageObject\",\"inLanguage\":\"pl-PL\",\"@id\":\"https:\/\/bryk.com.pl\/?product=1149#primaryimage\",\"url\":\"https:\/\/bryk.com.pl\/wp-content\/uploads\/2018\/03\/Uchwyt_Hydrauliczny_H200__CI_.jpg\",\"contentUrl\":\"https:\/\/bryk.com.pl\/wp-content\/uploads\/2018\/03\/Uchwyt_Hydrauliczny_H200__CI_.jpg\",\"width\":2500,\"height\":2500,\"caption\":\"Uchwyt_Hydrauliczny_H200_(_CI_)\"},{\"@type\":\"BreadcrumbList\",\"@id\":\"https:\/\/bryk.com.pl\/?product=1149#breadcrumb\",\"itemListElement\":[{\"@type\":\"ListItem\",\"position\":1,\"name\":\"Strona g\u0142\u00f3wna\",\"item\":\"https:\/\/bryk.com.pl\/\"},{\"@type\":\"ListItem\",\"position\":2,\"name\":\"Products\",\"item\":\"https:\/\/bryk.com.pl\/sklep\/\"},{\"@type\":\"ListItem\",\"position\":3,\"name\":\"Uchwyt Hydrauliczny H200 ( CI )\"}]},{\"@type\":\"WebSite\",\"@id\":\"https:\/\/bryk.com.pl\/#website\",\"url\":\"https:\/\/bryk.com.pl\/\",\"name\":\"BRYK - LEAVE A PRECISE MARK\",\"description\":\"Polski producent narz\u0119dzi\",\"potentialAction\":[{\"@type\":\"SearchAction\",\"target\":{\"@type\":\"EntryPoint\",\"urlTemplate\":\"https:\/\/bryk.com.pl\/?s={search_term_string}\"},\"query-input\":{\"@type\":\"PropertyValueSpecification\",\"valueRequired\":true,\"valueName\":\"search_term_string\"}}],\"inLanguage\":\"pl-PL\"}]}<\/script>\n<!-- \/ Yoast SEO plugin. -->","yoast_head_json":{"title":"Uchwyt Hydrauliczny H200 ( CI ) - BRYK - LEAVE A PRECISE MARK","robots":{"index":"index","follow":"follow","max-snippet":"max-snippet:-1","max-image-preview":"max-image-preview:large","max-video-preview":"max-video-preview:-1"},"canonical":"https:\/\/bryk.com.pl\/?product=1149","og_locale":"pl_PL","og_type":"article","og_title":"Uchwyt Hydrauliczny H200 ( CI ) - BRYK - LEAVE A PRECISE MARK","og_description":"Uchwyt Hydrauliczny stosowany do mocowania frez\u00f3w nasadzanych. Regulacja si\u0142y docisku poprzez mechanizm \u015brubowy. Zaciskanie jednocze\u015bnie na powierzchni styku z wrzecionem maszyny i otworem wewn\u0119trznym narz\u0119dzia.    D D1 D2 L L1 Kod   40 50 100 75 55 CI-405075   40 60 102 75 55 CI-406075   40 60 108 95 75 CI-406095   40 60 108 115 95 CI-4060115   40 60 114 140 115 CI-4060140   50 60 102 75 55 CI-506075   50 60 108 95 75 CI-506095   50 60 108 115 95 CI-5060115   50 60 114 140 115 CI-5060140","og_url":"https:\/\/bryk.com.pl\/?product=1149","og_site_name":"BRYK - LEAVE A PRECISE MARK","article_publisher":"https:\/\/www.facebook.com\/ppuhbryk\/","article_modified_time":"2019-12-10T09:38:35+00:00","og_image":[{"width":2500,"height":2500,"url":"https:\/\/bryk.com.pl\/wp-content\/uploads\/2018\/03\/Uchwyt_Hydrauliczny_H200__CI_.jpg","type":"image\/jpeg"}],"twitter_card":"summary_large_image","schema":{"@context":"https:\/\/schema.org","@graph":[{"@type":"WebPage","@id":"https:\/\/bryk.com.pl\/?product=1149","url":"https:\/\/bryk.com.pl\/?product=1149","name":"Uchwyt Hydrauliczny H200 ( CI ) - BRYK - LEAVE A PRECISE MARK","isPartOf":{"@id":"https:\/\/bryk.com.pl\/#website"},"primaryImageOfPage":{"@id":"https:\/\/bryk.com.pl\/?product=1149#primaryimage"},"image":{"@id":"https:\/\/bryk.com.pl\/?product=1149#primaryimage"},"thumbnailUrl":"https:\/\/bryk.com.pl\/wp-content\/uploads\/2018\/03\/Uchwyt_Hydrauliczny_H200__CI_.jpg","datePublished":"2018-03-30T17:54:29+00:00","dateModified":"2019-12-10T09:38:35+00:00","breadcrumb":{"@id":"https:\/\/bryk.com.pl\/?product=1149#breadcrumb"},"inLanguage":"pl-PL","potentialAction":[{"@type":"ReadAction","target":["https:\/\/bryk.com.pl\/?product=1149"]}]},{"@type":"ImageObject","inLanguage":"pl-PL","@id":"https:\/\/bryk.com.pl\/?product=1149#primaryimage","url":"https:\/\/bryk.com.pl\/wp-content\/uploads\/2018\/03\/Uchwyt_Hydrauliczny_H200__CI_.jpg","contentUrl":"https:\/\/bryk.com.pl\/wp-content\/uploads\/2018\/03\/Uchwyt_Hydrauliczny_H200__CI_.jpg","width":2500,"height":2500,"caption":"Uchwyt_Hydrauliczny_H200_(_CI_)"},{"@type":"BreadcrumbList","@id":"https:\/\/bryk.com.pl\/?product=1149#breadcrumb","itemListElement":[{"@type":"ListItem","position":1,"name":"Strona g\u0142\u00f3wna","item":"https:\/\/bryk.com.pl\/"},{"@type":"ListItem","position":2,"name":"Products","item":"https:\/\/bryk.com.pl\/sklep\/"},{"@type":"ListItem","position":3,"name":"Uchwyt Hydrauliczny H200 ( CI )"}]},{"@type":"WebSite","@id":"https:\/\/bryk.com.pl\/#website","url":"https:\/\/bryk.com.pl\/","name":"BRYK - LEAVE A PRECISE MARK","description":"Polski producent narz\u0119dzi","potentialAction":[{"@type":"SearchAction","target":{"@type":"EntryPoint","urlTemplate":"https:\/\/bryk.com.pl\/?s={search_term_string}"},"query-input":{"@type":"PropertyValueSpecification","valueRequired":true,"valueName":"search_term_string"}}],"inLanguage":"pl-PL"}]}},"_links":{"self":[{"href":"https:\/\/bryk.com.pl\/index.php?rest_route=\/wp\/v2\/product\/1149","targetHints":{"allow":["GET"]}}],"collection":[{"href":"https:\/\/bryk.com.pl\/index.php?rest_route=\/wp\/v2\/product"}],"about":[{"href":"https:\/\/bryk.com.pl\/index.php?rest_route=\/wp\/v2\/types\/product"}],"wp:featuredmedia":[{"embeddable":true,"href":"https:\/\/bryk.com.pl\/index.php?rest_route=\/wp\/v2\/media\/2468"}],"wp:attachment":[{"href":"https:\/\/bryk.com.pl\/index.php?rest_route=%2Fwp%2Fv2%2Fmedia&parent=1149"}],"wp:term":[{"taxonomy":"product_brand","embeddable":true,"href":"https:\/\/bryk.com.pl\/index.php?rest_route=%2Fwp%2Fv2%2Fproduct_brand&post=1149"},{"taxonomy":"product_cat","embeddable":true,"href":"https:\/\/bryk.com.pl\/index.php?rest_route=%2Fwp%2Fv2%2Fproduct_cat&post=1149"},{"taxonomy":"product_tag","embeddable":true,"href":"https:\/\/bryk.com.pl\/index.php?rest_route=%2Fwp%2Fv2%2Fproduct_tag&post=1149"}],"curies":[{"name":"wp","href":"https:\/\/api.w.org\/{rel}","templated":true}]}}