{"id":1150,"date":"2018-03-30T19:54:54","date_gmt":"2018-03-30T17:54:54","guid":{"rendered":"http:\/\/bryk.com.pl\/?post_type=product&#038;p=1150"},"modified":"2019-12-10T10:38:28","modified_gmt":"2019-12-10T09:38:28","slug":"1150","status":"publish","type":"product","link":"https:\/\/bryk.com.pl?product=1150","title":{"rendered":"Uchwyt Hydrauliczny H300 ( BI )"},"content":{"rendered":"","protected":false},"excerpt":{"rendered":"<p>Uchwyt Hydrauliczny stosowany do mocowania frez\u00f3w nasadzanych regulowanych lub grupy frez\u00f3w.<br \/>\nRegulacja si\u0142y docisku poprzez mechanizm \u015brubowy, dodatkowa nakr\u0119tka zabezpieczaj\u0105ca.<br \/>\nZaciskanie jednocze\u015bnie na powierzchni styku z wrzecionem maszyny i otworem wewn\u0119trznym narz\u0119dzia.<br \/>\nCz\u0119sto wykorzystywany w komplecie z adapterami umo\u017cliwiaj\u0105cymi p\u0142ynna regulacje (korekt\u0119 wymiaru) narz\u0119dzia bez konieczno\u015bci jego demontowania z uchwytu.<\/p>\n<table class=\"table table-bordered extracted-data\">\n<tbody>\n<tr>\n<td>D<\/td>\n<td>D1<\/td>\n<td>D2<\/td>\n<td>L<\/td>\n<td>L1<\/td>\n<td>L2<\/td>\n<td>Kod<\/td>\n<\/tr>\n<tr>\n<td>40<\/td>\n<td>50<\/td>\n<td>83<\/td>\n<td>75<\/td>\n<td>40<\/td>\n<td>55<\/td>\n<td>BI- 405072<\/td>\n<\/tr>\n<tr>\n<td>40<\/td>\n<td>50<\/td>\n<td>83<\/td>\n<td>115<\/td>\n<td>80<\/td>\n<td>95<\/td>\n<td>BI- 4050115<\/td>\n<\/tr>\n<tr>\n<td>40<\/td>\n<td>60<\/td>\n<td>93<\/td>\n<td>75<\/td>\n<td>40<\/td>\n<td>55<\/td>\n<td>BI- 406075<\/td>\n<\/tr>\n<tr>\n<td>40<\/td>\n<td>60<\/td>\n<td>93<\/td>\n<td>95<\/td>\n<td>60<\/td>\n<td>75<\/td>\n<td>BI- 406095<\/td>\n<\/tr>\n<tr>\n<td>40<\/td>\n<td>60<\/td>\n<td>93<\/td>\n<td>115<\/td>\n<td>80<\/td>\n<td>95<\/td>\n<td>BI- 4060115<\/td>\n<\/tr>\n<tr>\n<td>40<\/td>\n<td>60<\/td>\n<td>93<\/td>\n<td>165<\/td>\n<td>130<\/td>\n<td>145<\/td>\n<td>BI- 4060165<\/td>\n<\/tr>\n<tr>\n<td>40<\/td>\n<td>60<\/td>\n<td>93<\/td>\n<td>215<\/td>\n<td>180<\/td>\n<td>195<\/td>\n<td>BI- 4060215<\/td>\n<\/tr>\n<tr>\n<td>50<\/td>\n<td>60<\/td>\n<td>93<\/td>\n<td>75<\/td>\n<td>40<\/td>\n<td>55<\/td>\n<td>BI- 506075<\/td>\n<\/tr>\n<tr>\n<td>50<\/td>\n<td>60<\/td>\n<td>93<\/td>\n<td>95<\/td>\n<td>60<\/td>\n<td>75<\/td>\n<td>BI- 506095<\/td>\n<\/tr>\n<tr>\n<td>50<\/td>\n<td>60<\/td>\n<td>93<\/td>\n<td>115<\/td>\n<td>80<\/td>\n<td>95<\/td>\n<td>BI- 5060115<\/td>\n<\/tr>\n<tr>\n<td>50<\/td>\n<td>60<\/td>\n<td>93<\/td>\n<td>140<\/td>\n<td>105<\/td>\n<td>120<\/td>\n<td>BI- 5060140<\/td>\n<\/tr>\n<tr>\n<td>50<\/td>\n<td>60<\/td>\n<td>93<\/td>\n<td>190<\/td>\n<td>155<\/td>\n<td>170<\/td>\n<td>BI- 5060190<\/td>\n<\/tr>\n<tr>\n<td>50<\/td>\n<td>60<\/td>\n<td>93<\/td>\n<td>240<\/td>\n<td>205<\/td>\n<td>220<\/td>\n<td>BI- 5060240<\/td>\n<\/tr>\n<\/tbody>\n<\/table>\n","protected":false},"featured_media":2470,"template":"","meta":[],"product_brand":[],"product_cat":[189],"product_tag":[],"class_list":{"0":"post-1150","1":"product","2":"type-product","3":"status-publish","4":"has-post-thumbnail","6":"product_cat-uchwyty-hydrauliczne","8":"first","9":"instock","10":"shipping-taxable","11":"product-type-simple"},"yoast_head":"<!-- This site is optimized with the Yoast SEO plugin v24.5 - https:\/\/yoast.com\/wordpress\/plugins\/seo\/ -->\n<title>Uchwyt Hydrauliczny H300 ( BI ) - BRYK - LEAVE A PRECISE MARK<\/title>\n<meta name=\"robots\" content=\"index, follow, max-snippet:-1, max-image-preview:large, max-video-preview:-1\" \/>\n<link rel=\"canonical\" href=\"https:\/\/bryk.com.pl\/?product=1150\" \/>\n<meta property=\"og:locale\" content=\"pl_PL\" \/>\n<meta property=\"og:type\" content=\"article\" \/>\n<meta property=\"og:title\" content=\"Uchwyt Hydrauliczny H300 ( BI ) - BRYK - LEAVE A PRECISE MARK\" \/>\n<meta property=\"og:description\" content=\"Uchwyt Hydrauliczny stosowany do mocowania frez\u00f3w nasadzanych regulowanych lub grupy frez\u00f3w. Regulacja si\u0142y docisku poprzez mechanizm \u015brubowy, dodatkowa nakr\u0119tka zabezpieczaj\u0105ca. Zaciskanie jednocze\u015bnie na powierzchni styku z wrzecionem maszyny i otworem wewn\u0119trznym narz\u0119dzia. Cz\u0119sto wykorzystywany w komplecie z adapterami umo\u017cliwiaj\u0105cymi p\u0142ynna regulacje (korekt\u0119 wymiaru) narz\u0119dzia bez konieczno\u015bci jego demontowania z uchwytu.    D D1 D2 L L1 L2 Kod   40 50 83 75 40 55 BI- 405072   40 50 83 115 80 95 BI- 4050115   40 60 93 75 40 55 BI- 406075   40 60 93 95 60 75 BI- 406095   40 60 93 115 80 95 BI- 4060115   40 60 93 165 130 145 BI- 4060165   40 60 93 215 180 195 BI- 4060215   50 60 93 75 40 55 BI- 506075   50 60 93 95 60 75 BI- 506095   50 60 93 115 80 95 BI- 5060115   50 60 93 140 105 120 BI- 5060140   50 60 93 190 155 170 BI- 5060190   50 60 93 240 205 220 BI- 5060240\" \/>\n<meta property=\"og:url\" content=\"https:\/\/bryk.com.pl\/?product=1150\" \/>\n<meta property=\"og:site_name\" content=\"BRYK - LEAVE A PRECISE MARK\" \/>\n<meta property=\"article:publisher\" content=\"https:\/\/www.facebook.com\/ppuhbryk\/\" \/>\n<meta property=\"article:modified_time\" content=\"2019-12-10T09:38:28+00:00\" \/>\n<meta property=\"og:image\" content=\"https:\/\/bryk.com.pl\/wp-content\/uploads\/2018\/03\/Uchwyt_Hydrauliczny_H300__BI_.jpg\" \/>\n\t<meta property=\"og:image:width\" content=\"2500\" \/>\n\t<meta property=\"og:image:height\" content=\"2500\" \/>\n\t<meta property=\"og:image:type\" content=\"image\/jpeg\" \/>\n<meta name=\"twitter:card\" content=\"summary_large_image\" \/>\n<script type=\"application\/ld+json\" class=\"yoast-schema-graph\">{\"@context\":\"https:\/\/schema.org\",\"@graph\":[{\"@type\":\"WebPage\",\"@id\":\"https:\/\/bryk.com.pl\/?product=1150\",\"url\":\"https:\/\/bryk.com.pl\/?product=1150\",\"name\":\"Uchwyt Hydrauliczny H300 ( BI ) - BRYK - LEAVE A PRECISE MARK\",\"isPartOf\":{\"@id\":\"https:\/\/bryk.com.pl\/#website\"},\"primaryImageOfPage\":{\"@id\":\"https:\/\/bryk.com.pl\/?product=1150#primaryimage\"},\"image\":{\"@id\":\"https:\/\/bryk.com.pl\/?product=1150#primaryimage\"},\"thumbnailUrl\":\"https:\/\/bryk.com.pl\/wp-content\/uploads\/2018\/03\/Uchwyt_Hydrauliczny_H300__BI_.jpg\",\"datePublished\":\"2018-03-30T17:54:54+00:00\",\"dateModified\":\"2019-12-10T09:38:28+00:00\",\"breadcrumb\":{\"@id\":\"https:\/\/bryk.com.pl\/?product=1150#breadcrumb\"},\"inLanguage\":\"pl-PL\",\"potentialAction\":[{\"@type\":\"ReadAction\",\"target\":[\"https:\/\/bryk.com.pl\/?product=1150\"]}]},{\"@type\":\"ImageObject\",\"inLanguage\":\"pl-PL\",\"@id\":\"https:\/\/bryk.com.pl\/?product=1150#primaryimage\",\"url\":\"https:\/\/bryk.com.pl\/wp-content\/uploads\/2018\/03\/Uchwyt_Hydrauliczny_H300__BI_.jpg\",\"contentUrl\":\"https:\/\/bryk.com.pl\/wp-content\/uploads\/2018\/03\/Uchwyt_Hydrauliczny_H300__BI_.jpg\",\"width\":2500,\"height\":2500,\"caption\":\"Uchwyt_Hydrauliczny_H300_(_BI_)\"},{\"@type\":\"BreadcrumbList\",\"@id\":\"https:\/\/bryk.com.pl\/?product=1150#breadcrumb\",\"itemListElement\":[{\"@type\":\"ListItem\",\"position\":1,\"name\":\"Strona g\u0142\u00f3wna\",\"item\":\"https:\/\/bryk.com.pl\/\"},{\"@type\":\"ListItem\",\"position\":2,\"name\":\"Products\",\"item\":\"https:\/\/bryk.com.pl\/sklep\/\"},{\"@type\":\"ListItem\",\"position\":3,\"name\":\"Uchwyt Hydrauliczny H300 ( BI )\"}]},{\"@type\":\"WebSite\",\"@id\":\"https:\/\/bryk.com.pl\/#website\",\"url\":\"https:\/\/bryk.com.pl\/\",\"name\":\"BRYK - LEAVE A PRECISE MARK\",\"description\":\"Polski producent narz\u0119dzi\",\"potentialAction\":[{\"@type\":\"SearchAction\",\"target\":{\"@type\":\"EntryPoint\",\"urlTemplate\":\"https:\/\/bryk.com.pl\/?s={search_term_string}\"},\"query-input\":{\"@type\":\"PropertyValueSpecification\",\"valueRequired\":true,\"valueName\":\"search_term_string\"}}],\"inLanguage\":\"pl-PL\"}]}<\/script>\n<!-- \/ Yoast SEO plugin. -->","yoast_head_json":{"title":"Uchwyt Hydrauliczny H300 ( BI ) - BRYK - LEAVE A PRECISE MARK","robots":{"index":"index","follow":"follow","max-snippet":"max-snippet:-1","max-image-preview":"max-image-preview:large","max-video-preview":"max-video-preview:-1"},"canonical":"https:\/\/bryk.com.pl\/?product=1150","og_locale":"pl_PL","og_type":"article","og_title":"Uchwyt Hydrauliczny H300 ( BI ) - BRYK - LEAVE A PRECISE MARK","og_description":"Uchwyt Hydrauliczny stosowany do mocowania frez\u00f3w nasadzanych regulowanych lub grupy frez\u00f3w. Regulacja si\u0142y docisku poprzez mechanizm \u015brubowy, dodatkowa nakr\u0119tka zabezpieczaj\u0105ca. Zaciskanie jednocze\u015bnie na powierzchni styku z wrzecionem maszyny i otworem wewn\u0119trznym narz\u0119dzia. Cz\u0119sto wykorzystywany w komplecie z adapterami umo\u017cliwiaj\u0105cymi p\u0142ynna regulacje (korekt\u0119 wymiaru) narz\u0119dzia bez konieczno\u015bci jego demontowania z uchwytu.    D D1 D2 L L1 L2 Kod   40 50 83 75 40 55 BI- 405072   40 50 83 115 80 95 BI- 4050115   40 60 93 75 40 55 BI- 406075   40 60 93 95 60 75 BI- 406095   40 60 93 115 80 95 BI- 4060115   40 60 93 165 130 145 BI- 4060165   40 60 93 215 180 195 BI- 4060215   50 60 93 75 40 55 BI- 506075   50 60 93 95 60 75 BI- 506095   50 60 93 115 80 95 BI- 5060115   50 60 93 140 105 120 BI- 5060140   50 60 93 190 155 170 BI- 5060190   50 60 93 240 205 220 BI- 5060240","og_url":"https:\/\/bryk.com.pl\/?product=1150","og_site_name":"BRYK - LEAVE A PRECISE MARK","article_publisher":"https:\/\/www.facebook.com\/ppuhbryk\/","article_modified_time":"2019-12-10T09:38:28+00:00","og_image":[{"width":2500,"height":2500,"url":"https:\/\/bryk.com.pl\/wp-content\/uploads\/2018\/03\/Uchwyt_Hydrauliczny_H300__BI_.jpg","type":"image\/jpeg"}],"twitter_card":"summary_large_image","schema":{"@context":"https:\/\/schema.org","@graph":[{"@type":"WebPage","@id":"https:\/\/bryk.com.pl\/?product=1150","url":"https:\/\/bryk.com.pl\/?product=1150","name":"Uchwyt Hydrauliczny H300 ( BI ) - BRYK - LEAVE A PRECISE MARK","isPartOf":{"@id":"https:\/\/bryk.com.pl\/#website"},"primaryImageOfPage":{"@id":"https:\/\/bryk.com.pl\/?product=1150#primaryimage"},"image":{"@id":"https:\/\/bryk.com.pl\/?product=1150#primaryimage"},"thumbnailUrl":"https:\/\/bryk.com.pl\/wp-content\/uploads\/2018\/03\/Uchwyt_Hydrauliczny_H300__BI_.jpg","datePublished":"2018-03-30T17:54:54+00:00","dateModified":"2019-12-10T09:38:28+00:00","breadcrumb":{"@id":"https:\/\/bryk.com.pl\/?product=1150#breadcrumb"},"inLanguage":"pl-PL","potentialAction":[{"@type":"ReadAction","target":["https:\/\/bryk.com.pl\/?product=1150"]}]},{"@type":"ImageObject","inLanguage":"pl-PL","@id":"https:\/\/bryk.com.pl\/?product=1150#primaryimage","url":"https:\/\/bryk.com.pl\/wp-content\/uploads\/2018\/03\/Uchwyt_Hydrauliczny_H300__BI_.jpg","contentUrl":"https:\/\/bryk.com.pl\/wp-content\/uploads\/2018\/03\/Uchwyt_Hydrauliczny_H300__BI_.jpg","width":2500,"height":2500,"caption":"Uchwyt_Hydrauliczny_H300_(_BI_)"},{"@type":"BreadcrumbList","@id":"https:\/\/bryk.com.pl\/?product=1150#breadcrumb","itemListElement":[{"@type":"ListItem","position":1,"name":"Strona g\u0142\u00f3wna","item":"https:\/\/bryk.com.pl\/"},{"@type":"ListItem","position":2,"name":"Products","item":"https:\/\/bryk.com.pl\/sklep\/"},{"@type":"ListItem","position":3,"name":"Uchwyt Hydrauliczny H300 ( BI )"}]},{"@type":"WebSite","@id":"https:\/\/bryk.com.pl\/#website","url":"https:\/\/bryk.com.pl\/","name":"BRYK - LEAVE A PRECISE MARK","description":"Polski producent narz\u0119dzi","potentialAction":[{"@type":"SearchAction","target":{"@type":"EntryPoint","urlTemplate":"https:\/\/bryk.com.pl\/?s={search_term_string}"},"query-input":{"@type":"PropertyValueSpecification","valueRequired":true,"valueName":"search_term_string"}}],"inLanguage":"pl-PL"}]}},"_links":{"self":[{"href":"https:\/\/bryk.com.pl\/index.php?rest_route=\/wp\/v2\/product\/1150","targetHints":{"allow":["GET"]}}],"collection":[{"href":"https:\/\/bryk.com.pl\/index.php?rest_route=\/wp\/v2\/product"}],"about":[{"href":"https:\/\/bryk.com.pl\/index.php?rest_route=\/wp\/v2\/types\/product"}],"wp:featuredmedia":[{"embeddable":true,"href":"https:\/\/bryk.com.pl\/index.php?rest_route=\/wp\/v2\/media\/2470"}],"wp:attachment":[{"href":"https:\/\/bryk.com.pl\/index.php?rest_route=%2Fwp%2Fv2%2Fmedia&parent=1150"}],"wp:term":[{"taxonomy":"product_brand","embeddable":true,"href":"https:\/\/bryk.com.pl\/index.php?rest_route=%2Fwp%2Fv2%2Fproduct_brand&post=1150"},{"taxonomy":"product_cat","embeddable":true,"href":"https:\/\/bryk.com.pl\/index.php?rest_route=%2Fwp%2Fv2%2Fproduct_cat&post=1150"},{"taxonomy":"product_tag","embeddable":true,"href":"https:\/\/bryk.com.pl\/index.php?rest_route=%2Fwp%2Fv2%2Fproduct_tag&post=1150"}],"curies":[{"name":"wp","href":"https:\/\/api.w.org\/{rel}","templated":true}]}}