{"id":1154,"date":"2018-03-30T20:05:32","date_gmt":"2018-03-30T18:05:32","guid":{"rendered":"http:\/\/bryk.com.pl\/?post_type=product&#038;p=1154"},"modified":"2019-12-10T10:37:52","modified_gmt":"2019-12-10T09:37:52","slug":"1154","status":"publish","type":"product","link":"https:\/\/bryk.com.pl?product=1154","title":{"rendered":"PI\u0141Y TARCZOWE DO CI\u0118CIA MATERIA\u0141\u00d3W NIE \u017bELAZNYCH"},"content":{"rendered":"","protected":false},"excerpt":{"rendered":"<p>Pi\u0142y tarczowe z z\u0119bami z w\u0119glika spiekanego stosowane do ciecia aluminium, profili aluminiowych oraz innych materia\u0142\u00f3w nie \u017celaznych.<\/p>\n<table class=\"table table-bordered extracted-data\">\n<tbody>\n<tr>\n<td>D<\/td>\n<td>B<\/td>\n<td>b<\/td>\n<td>d<\/td>\n<td><\/td>\n<td>Z<\/td>\n<td>\u03b2<\/td>\n<td>Kod<\/td>\n<\/tr>\n<tr>\n<td>250<\/td>\n<td>3,2<\/td>\n<td>2,6<\/td>\n<td>30<\/td>\n<td>2\/10\/60+2\/9\/46,2+2\/7\/42<\/td>\n<td>80<\/td>\n<td>-6<\/td>\n<td>RD6041013<\/td>\n<\/tr>\n<tr>\n<td>250<\/td>\n<td>3,2<\/td>\n<td>2,6<\/td>\n<td>32<\/td>\n<td>2\/11\/63<\/td>\n<td>80<\/td>\n<td>-6<\/td>\n<td>RD6041002<\/td>\n<\/tr>\n<tr>\n<td>300<\/td>\n<td>3,4<\/td>\n<td>2,6<\/td>\n<td>30<\/td>\n<td>2\/10\/60+2\/9\/46,2+2\/7\/42<\/td>\n<td>96<\/td>\n<td>-6<\/td>\n<td>RD6041014<\/td>\n<\/tr>\n<tr>\n<td>300<\/td>\n<td>3,4<\/td>\n<td>2,6<\/td>\n<td>32<\/td>\n<td>2\/11\/63<\/td>\n<td>96<\/td>\n<td>-6<\/td>\n<td>RD6041005<\/td>\n<\/tr>\n<tr>\n<td>350<\/td>\n<td>3,6<\/td>\n<td>2,8<\/td>\n<td>30<\/td>\n<td>2\/10\/60+2\/9\/46,2+2\/7\/42<\/td>\n<td>96<\/td>\n<td>-6<\/td>\n<td>RD6041016<\/td>\n<\/tr>\n<tr>\n<td>350<\/td>\n<td>3,6<\/td>\n<td>2,8<\/td>\n<td>32<\/td>\n<td>2\/11\/63<\/td>\n<td>96<\/td>\n<td>-6<\/td>\n<td>RD6041007<\/td>\n<\/tr>\n<tr>\n<td>400<\/td>\n<td>4,0<\/td>\n<td>3,0<\/td>\n<td>30<\/td>\n<td>2\/10\/60+2\/9\/46,2+2\/7\/42<\/td>\n<td>96<\/td>\n<td>-6<\/td>\n<td>RD6041018<\/td>\n<\/tr>\n<tr>\n<td>400<\/td>\n<td>4,0<\/td>\n<td>3,0<\/td>\n<td>32<\/td>\n<td>2\/11\/63<\/td>\n<td>96<\/td>\n<td>-6<\/td>\n<td>RD6041009<\/td>\n<\/tr>\n<tr>\n<td>400<\/td>\n<td>4,0<\/td>\n<td>3,0<\/td>\n<td>30<\/td>\n<td>2\/10\/60+2\/9\/46,2+2\/7\/42<\/td>\n<td>120<\/td>\n<td>-6<\/td>\n<td>RD6041019<\/td>\n<\/tr>\n<tr>\n<td>400<\/td>\n<td>4,0<\/td>\n<td>3,0<\/td>\n<td>32<\/td>\n<td>2\/11\/63<\/td>\n<td>120<\/td>\n<td>-6<\/td>\n<td>RD6041010<\/td>\n<\/tr>\n<tr>\n<td>450<\/td>\n<td>4,0<\/td>\n<td>3,0<\/td>\n<td>30<\/td>\n<td>2\/10\/60+2\/9\/46,2+2\/7\/42<\/td>\n<td>108<\/td>\n<td>-6<\/td>\n<td>RD6041020<\/td>\n<\/tr>\n<tr>\n<td>450<\/td>\n<td>4,0<\/td>\n<td>3,0<\/td>\n<td>32<\/td>\n<td>2\/11\/63<\/td>\n<td>108<\/td>\n<td>-6<\/td>\n<td>RD6041012<\/td>\n<\/tr>\n<\/tbody>\n<\/table>\n<p><img fetchpriority=\"high\" decoding=\"async\" class=\"alignnone size-full wp-image-1612\" src=\"http:\/\/bryk.com.pl\/wp-content\/uploads\/2018\/03\/69_2.jpg\" alt=\"\" width=\"1250\" height=\"123\" srcset=\"https:\/\/bryk.com.pl\/wp-content\/uploads\/2018\/03\/69_2.jpg 1250w, https:\/\/bryk.com.pl\/wp-content\/uploads\/2018\/03\/69_2-800x79.jpg 800w, https:\/\/bryk.com.pl\/wp-content\/uploads\/2018\/03\/69_2-768x76.jpg 768w, https:\/\/bryk.com.pl\/wp-content\/uploads\/2018\/03\/69_2-830x82.jpg 830w, https:\/\/bryk.com.pl\/wp-content\/uploads\/2018\/03\/69_2-510x50.jpg 510w\" sizes=\"(max-width: 1250px) 100vw, 1250px\" \/><\/p>\n","protected":false},"featured_media":2443,"template":"","meta":[],"product_brand":[],"product_cat":[185],"product_tag":[],"class_list":{"0":"post-1154","1":"product","2":"type-product","3":"status-publish","4":"has-post-thumbnail","6":"product_cat-tarcza-materialy-nie-zelazne","8":"first","9":"instock","10":"shipping-taxable","11":"product-type-simple"},"yoast_head":"<!-- This site is optimized with the Yoast SEO plugin v24.5 - https:\/\/yoast.com\/wordpress\/plugins\/seo\/ -->\n<title>PI\u0141Y TARCZOWE DO CI\u0118CIA MATERIA\u0141\u00d3W NIE \u017bELAZNYCH - BRYK - LEAVE A PRECISE MARK<\/title>\n<meta name=\"robots\" content=\"index, follow, max-snippet:-1, max-image-preview:large, max-video-preview:-1\" \/>\n<link rel=\"canonical\" href=\"https:\/\/bryk.com.pl\/?product=1154\" \/>\n<meta property=\"og:locale\" content=\"pl_PL\" \/>\n<meta property=\"og:type\" content=\"article\" \/>\n<meta property=\"og:title\" content=\"PI\u0141Y TARCZOWE DO CI\u0118CIA MATERIA\u0141\u00d3W NIE \u017bELAZNYCH - BRYK - LEAVE A PRECISE MARK\" \/>\n<meta property=\"og:description\" content=\"Pi\u0142y tarczowe z z\u0119bami z w\u0119glika spiekanego stosowane do ciecia aluminium, profili aluminiowych oraz innych materia\u0142\u00f3w nie \u017celaznych.    D B b d  Z \u03b2 Kod   250 3,2 2,6 30 2\/10\/60+2\/9\/46,2+2\/7\/42 80 -6 RD6041013   250 3,2 2,6 32 2\/11\/63 80 -6 RD6041002   300 3,4 2,6 30 2\/10\/60+2\/9\/46,2+2\/7\/42 96 -6 RD6041014   300 3,4 2,6 32 2\/11\/63 96 -6 RD6041005   350 3,6 2,8 30 2\/10\/60+2\/9\/46,2+2\/7\/42 96 -6 RD6041016   350 3,6 2,8 32 2\/11\/63 96 -6 RD6041007   400 4,0 3,0 30 2\/10\/60+2\/9\/46,2+2\/7\/42 96 -6 RD6041018   400 4,0 3,0 32 2\/11\/63 96 -6 RD6041009   400 4,0 3,0 30 2\/10\/60+2\/9\/46,2+2\/7\/42 120 -6 RD6041019   400 4,0 3,0 32 2\/11\/63 120 -6 RD6041010   450 4,0 3,0 30 2\/10\/60+2\/9\/46,2+2\/7\/42 108 -6 RD6041020   450 4,0 3,0 32 2\/11\/63 108 -6 RD6041012\" \/>\n<meta property=\"og:url\" content=\"https:\/\/bryk.com.pl\/?product=1154\" \/>\n<meta property=\"og:site_name\" content=\"BRYK - LEAVE A PRECISE MARK\" \/>\n<meta property=\"article:publisher\" content=\"https:\/\/www.facebook.com\/ppuhbryk\/\" \/>\n<meta property=\"article:modified_time\" content=\"2019-12-10T09:37:52+00:00\" \/>\n<meta property=\"og:image\" content=\"https:\/\/bryk.com.pl\/wp-content\/uploads\/2018\/03\/PILY_TARCZOWE_DO_CIECIA_MATERIALOW_NIE_ZELAZNYCH.jpg\" \/>\n\t<meta property=\"og:image:width\" content=\"2500\" \/>\n\t<meta property=\"og:image:height\" content=\"2500\" \/>\n\t<meta property=\"og:image:type\" content=\"image\/jpeg\" \/>\n<meta name=\"twitter:card\" content=\"summary_large_image\" \/>\n<script type=\"application\/ld+json\" class=\"yoast-schema-graph\">{\"@context\":\"https:\/\/schema.org\",\"@graph\":[{\"@type\":\"WebPage\",\"@id\":\"https:\/\/bryk.com.pl\/?product=1154\",\"url\":\"https:\/\/bryk.com.pl\/?product=1154\",\"name\":\"PI\u0141Y TARCZOWE DO CI\u0118CIA MATERIA\u0141\u00d3W NIE \u017bELAZNYCH - BRYK - LEAVE A PRECISE MARK\",\"isPartOf\":{\"@id\":\"https:\/\/bryk.com.pl\/#website\"},\"primaryImageOfPage\":{\"@id\":\"https:\/\/bryk.com.pl\/?product=1154#primaryimage\"},\"image\":{\"@id\":\"https:\/\/bryk.com.pl\/?product=1154#primaryimage\"},\"thumbnailUrl\":\"https:\/\/bryk.com.pl\/wp-content\/uploads\/2018\/03\/PILY_TARCZOWE_DO_CIECIA_MATERIALOW_NIE_ZELAZNYCH.jpg\",\"datePublished\":\"2018-03-30T18:05:32+00:00\",\"dateModified\":\"2019-12-10T09:37:52+00:00\",\"breadcrumb\":{\"@id\":\"https:\/\/bryk.com.pl\/?product=1154#breadcrumb\"},\"inLanguage\":\"pl-PL\",\"potentialAction\":[{\"@type\":\"ReadAction\",\"target\":[\"https:\/\/bryk.com.pl\/?product=1154\"]}]},{\"@type\":\"ImageObject\",\"inLanguage\":\"pl-PL\",\"@id\":\"https:\/\/bryk.com.pl\/?product=1154#primaryimage\",\"url\":\"https:\/\/bryk.com.pl\/wp-content\/uploads\/2018\/03\/PILY_TARCZOWE_DO_CIECIA_MATERIALOW_NIE_ZELAZNYCH.jpg\",\"contentUrl\":\"https:\/\/bryk.com.pl\/wp-content\/uploads\/2018\/03\/PILY_TARCZOWE_DO_CIECIA_MATERIALOW_NIE_ZELAZNYCH.jpg\",\"width\":2500,\"height\":2500,\"caption\":\"PILY_TARCZOWE_DO_CIECIA_MATERIALOW_NIE_ZELAZNYCH\"},{\"@type\":\"BreadcrumbList\",\"@id\":\"https:\/\/bryk.com.pl\/?product=1154#breadcrumb\",\"itemListElement\":[{\"@type\":\"ListItem\",\"position\":1,\"name\":\"Strona g\u0142\u00f3wna\",\"item\":\"https:\/\/bryk.com.pl\/\"},{\"@type\":\"ListItem\",\"position\":2,\"name\":\"Products\",\"item\":\"https:\/\/bryk.com.pl\/sklep\/\"},{\"@type\":\"ListItem\",\"position\":3,\"name\":\"PI\u0141Y TARCZOWE DO CI\u0118CIA MATERIA\u0141\u00d3W NIE \u017bELAZNYCH\"}]},{\"@type\":\"WebSite\",\"@id\":\"https:\/\/bryk.com.pl\/#website\",\"url\":\"https:\/\/bryk.com.pl\/\",\"name\":\"BRYK - LEAVE A PRECISE MARK\",\"description\":\"Polski producent narz\u0119dzi\",\"potentialAction\":[{\"@type\":\"SearchAction\",\"target\":{\"@type\":\"EntryPoint\",\"urlTemplate\":\"https:\/\/bryk.com.pl\/?s={search_term_string}\"},\"query-input\":{\"@type\":\"PropertyValueSpecification\",\"valueRequired\":true,\"valueName\":\"search_term_string\"}}],\"inLanguage\":\"pl-PL\"}]}<\/script>\n<!-- \/ Yoast SEO plugin. -->","yoast_head_json":{"title":"PI\u0141Y TARCZOWE DO CI\u0118CIA MATERIA\u0141\u00d3W NIE \u017bELAZNYCH - BRYK - LEAVE A PRECISE MARK","robots":{"index":"index","follow":"follow","max-snippet":"max-snippet:-1","max-image-preview":"max-image-preview:large","max-video-preview":"max-video-preview:-1"},"canonical":"https:\/\/bryk.com.pl\/?product=1154","og_locale":"pl_PL","og_type":"article","og_title":"PI\u0141Y TARCZOWE DO CI\u0118CIA MATERIA\u0141\u00d3W NIE \u017bELAZNYCH - BRYK - LEAVE A PRECISE MARK","og_description":"Pi\u0142y tarczowe z z\u0119bami z w\u0119glika spiekanego stosowane do ciecia aluminium, profili aluminiowych oraz innych materia\u0142\u00f3w nie \u017celaznych.    D B b d  Z \u03b2 Kod   250 3,2 2,6 30 2\/10\/60+2\/9\/46,2+2\/7\/42 80 -6 RD6041013   250 3,2 2,6 32 2\/11\/63 80 -6 RD6041002   300 3,4 2,6 30 2\/10\/60+2\/9\/46,2+2\/7\/42 96 -6 RD6041014   300 3,4 2,6 32 2\/11\/63 96 -6 RD6041005   350 3,6 2,8 30 2\/10\/60+2\/9\/46,2+2\/7\/42 96 -6 RD6041016   350 3,6 2,8 32 2\/11\/63 96 -6 RD6041007   400 4,0 3,0 30 2\/10\/60+2\/9\/46,2+2\/7\/42 96 -6 RD6041018   400 4,0 3,0 32 2\/11\/63 96 -6 RD6041009   400 4,0 3,0 30 2\/10\/60+2\/9\/46,2+2\/7\/42 120 -6 RD6041019   400 4,0 3,0 32 2\/11\/63 120 -6 RD6041010   450 4,0 3,0 30 2\/10\/60+2\/9\/46,2+2\/7\/42 108 -6 RD6041020   450 4,0 3,0 32 2\/11\/63 108 -6 RD6041012","og_url":"https:\/\/bryk.com.pl\/?product=1154","og_site_name":"BRYK - LEAVE A PRECISE MARK","article_publisher":"https:\/\/www.facebook.com\/ppuhbryk\/","article_modified_time":"2019-12-10T09:37:52+00:00","og_image":[{"width":2500,"height":2500,"url":"https:\/\/bryk.com.pl\/wp-content\/uploads\/2018\/03\/PILY_TARCZOWE_DO_CIECIA_MATERIALOW_NIE_ZELAZNYCH.jpg","type":"image\/jpeg"}],"twitter_card":"summary_large_image","schema":{"@context":"https:\/\/schema.org","@graph":[{"@type":"WebPage","@id":"https:\/\/bryk.com.pl\/?product=1154","url":"https:\/\/bryk.com.pl\/?product=1154","name":"PI\u0141Y TARCZOWE DO CI\u0118CIA MATERIA\u0141\u00d3W NIE \u017bELAZNYCH - BRYK - LEAVE A PRECISE MARK","isPartOf":{"@id":"https:\/\/bryk.com.pl\/#website"},"primaryImageOfPage":{"@id":"https:\/\/bryk.com.pl\/?product=1154#primaryimage"},"image":{"@id":"https:\/\/bryk.com.pl\/?product=1154#primaryimage"},"thumbnailUrl":"https:\/\/bryk.com.pl\/wp-content\/uploads\/2018\/03\/PILY_TARCZOWE_DO_CIECIA_MATERIALOW_NIE_ZELAZNYCH.jpg","datePublished":"2018-03-30T18:05:32+00:00","dateModified":"2019-12-10T09:37:52+00:00","breadcrumb":{"@id":"https:\/\/bryk.com.pl\/?product=1154#breadcrumb"},"inLanguage":"pl-PL","potentialAction":[{"@type":"ReadAction","target":["https:\/\/bryk.com.pl\/?product=1154"]}]},{"@type":"ImageObject","inLanguage":"pl-PL","@id":"https:\/\/bryk.com.pl\/?product=1154#primaryimage","url":"https:\/\/bryk.com.pl\/wp-content\/uploads\/2018\/03\/PILY_TARCZOWE_DO_CIECIA_MATERIALOW_NIE_ZELAZNYCH.jpg","contentUrl":"https:\/\/bryk.com.pl\/wp-content\/uploads\/2018\/03\/PILY_TARCZOWE_DO_CIECIA_MATERIALOW_NIE_ZELAZNYCH.jpg","width":2500,"height":2500,"caption":"PILY_TARCZOWE_DO_CIECIA_MATERIALOW_NIE_ZELAZNYCH"},{"@type":"BreadcrumbList","@id":"https:\/\/bryk.com.pl\/?product=1154#breadcrumb","itemListElement":[{"@type":"ListItem","position":1,"name":"Strona g\u0142\u00f3wna","item":"https:\/\/bryk.com.pl\/"},{"@type":"ListItem","position":2,"name":"Products","item":"https:\/\/bryk.com.pl\/sklep\/"},{"@type":"ListItem","position":3,"name":"PI\u0141Y TARCZOWE DO CI\u0118CIA MATERIA\u0141\u00d3W NIE \u017bELAZNYCH"}]},{"@type":"WebSite","@id":"https:\/\/bryk.com.pl\/#website","url":"https:\/\/bryk.com.pl\/","name":"BRYK - LEAVE A PRECISE MARK","description":"Polski producent narz\u0119dzi","potentialAction":[{"@type":"SearchAction","target":{"@type":"EntryPoint","urlTemplate":"https:\/\/bryk.com.pl\/?s={search_term_string}"},"query-input":{"@type":"PropertyValueSpecification","valueRequired":true,"valueName":"search_term_string"}}],"inLanguage":"pl-PL"}]}},"_links":{"self":[{"href":"https:\/\/bryk.com.pl\/index.php?rest_route=\/wp\/v2\/product\/1154","targetHints":{"allow":["GET"]}}],"collection":[{"href":"https:\/\/bryk.com.pl\/index.php?rest_route=\/wp\/v2\/product"}],"about":[{"href":"https:\/\/bryk.com.pl\/index.php?rest_route=\/wp\/v2\/types\/product"}],"wp:featuredmedia":[{"embeddable":true,"href":"https:\/\/bryk.com.pl\/index.php?rest_route=\/wp\/v2\/media\/2443"}],"wp:attachment":[{"href":"https:\/\/bryk.com.pl\/index.php?rest_route=%2Fwp%2Fv2%2Fmedia&parent=1154"}],"wp:term":[{"taxonomy":"product_brand","embeddable":true,"href":"https:\/\/bryk.com.pl\/index.php?rest_route=%2Fwp%2Fv2%2Fproduct_brand&post=1154"},{"taxonomy":"product_cat","embeddable":true,"href":"https:\/\/bryk.com.pl\/index.php?rest_route=%2Fwp%2Fv2%2Fproduct_cat&post=1154"},{"taxonomy":"product_tag","embeddable":true,"href":"https:\/\/bryk.com.pl\/index.php?rest_route=%2Fwp%2Fv2%2Fproduct_tag&post=1154"}],"curies":[{"name":"wp","href":"https:\/\/api.w.org\/{rel}","templated":true}]}}