{"id":1156,"date":"2018-03-30T20:21:02","date_gmt":"2018-03-30T18:21:02","guid":{"rendered":"http:\/\/bryk.com.pl\/?post_type=product&#038;p=1156"},"modified":"2019-12-10T10:37:29","modified_gmt":"2019-12-10T09:37:29","slug":"1156","status":"publish","type":"product","link":"https:\/\/bryk.com.pl?product=1156","title":{"rendered":"Frezy trzpieniowe z ostrzem centralnym D11"},"content":{"rendered":"","protected":false},"excerpt":{"rendered":"<p>Frezy z ostrzem centralnym mo\u017cemy wykorzysta\u0107 w wielu operacjach obr\u00f3bczych. Poprzez umieszczenie p\u0142ytki PKD do osi freza, narz\u0119dzia daj\u0105 mo\u017cliwo\u015b\u0107 wwiercania si\u0119. Operacje frezowania rowk\u00f3w czy gratowanie element\u00f3w aluminiowych to tylko niekt\u00f3re z ca\u0142ej palety zastosowa\u0144.<\/p>\n<table class=\"table table-striped table-bordered\">\n<tbody>\n<tr>\n<td>d1<\/td>\n<td>d2<\/td>\n<td>L<\/td>\n<td>a p<\/td>\n<td>L1<\/td>\n<td colspan=\"2\">z<\/td>\n<td>Nr. Katalogowy<\/td>\n<\/tr>\n<tr>\n<td>4<\/td>\n<td>6<\/td>\n<td>82<\/td>\n<td>8<\/td>\n<td>55<\/td>\n<td colspan=\"2\">1<\/td>\n<td>D11.0400<\/td>\n<\/tr>\n<tr>\n<td>5<\/td>\n<td>6<\/td>\n<td>82<\/td>\n<td>10<\/td>\n<td>55<\/td>\n<td colspan=\"2\">1<\/td>\n<td>D11.0500<\/td>\n<\/tr>\n<tr>\n<td>6<\/td>\n<td>6<\/td>\n<td>82<\/td>\n<td>12<\/td>\n<td>55<\/td>\n<td colspan=\"2\">2<\/td>\n<td>D11.0600<\/td>\n<\/tr>\n<tr>\n<td>6<\/td>\n<td>6<\/td>\n<td>82<\/td>\n<td>15<\/td>\n<td>55<\/td>\n<td colspan=\"2\">2<\/td>\n<td>D11.0601<\/td>\n<\/tr>\n<tr>\n<td>8<\/td>\n<td>8<\/td>\n<td>82<\/td>\n<td>12<\/td>\n<td>55<\/td>\n<td colspan=\"2\">2<\/td>\n<td>D11.0800<\/td>\n<\/tr>\n<tr>\n<td>8<\/td>\n<td>8<\/td>\n<td>82<\/td>\n<td>15<\/td>\n<td>55<\/td>\n<td colspan=\"2\">2<\/td>\n<td>D11.0801<\/td>\n<\/tr>\n<tr>\n<td>10<\/td>\n<td>10<\/td>\n<td>82<\/td>\n<td>12<\/td>\n<td>55<\/td>\n<td colspan=\"2\">2<\/td>\n<td>D11.1000<\/td>\n<\/tr>\n<tr>\n<td>10<\/td>\n<td>10<\/td>\n<td>82<\/td>\n<td>17<\/td>\n<td>55<\/td>\n<td colspan=\"2\">2<\/td>\n<td>D11.1001<\/td>\n<\/tr>\n<tr>\n<td>10<\/td>\n<td>10<\/td>\n<td>82<\/td>\n<td>23<\/td>\n<td>55<\/td>\n<td colspan=\"2\">2<\/td>\n<td>D11.1002<\/td>\n<\/tr>\n<tr>\n<td>12<\/td>\n<td>12<\/td>\n<td>82<\/td>\n<td>15<\/td>\n<td>55<\/td>\n<td colspan=\"2\">2<\/td>\n<td>D11.1200<\/td>\n<\/tr>\n<tr>\n<td>12<\/td>\n<td>12<\/td>\n<td>82<\/td>\n<td>18<\/td>\n<td>55<\/td>\n<td colspan=\"2\">2<\/td>\n<td>D11.1201<\/td>\n<\/tr>\n<tr>\n<td>12<\/td>\n<td>12<\/td>\n<td>82<\/td>\n<td>25<\/td>\n<td>45<\/td>\n<td colspan=\"2\">2<\/td>\n<td>D11.1202<\/td>\n<\/tr>\n<tr>\n<td>12<\/td>\n<td>12<\/td>\n<td>100<\/td>\n<td>15<\/td>\n<td>65<\/td>\n<td colspan=\"2\">2<\/td>\n<td>D11.1203<\/td>\n<\/tr>\n<tr>\n<td>12<\/td>\n<td>12<\/td>\n<td>100<\/td>\n<td>18<\/td>\n<td>65<\/td>\n<td colspan=\"2\">2<\/td>\n<td>D11.1204<\/td>\n<\/tr>\n<tr>\n<td>12<\/td>\n<td>12<\/td>\n<td>100<\/td>\n<td>25<\/td>\n<td>65<\/td>\n<td colspan=\"2\">2<\/td>\n<td>D11.1205<\/td>\n<\/tr>\n<tr>\n<td>14<\/td>\n<td>14<\/td>\n<td>82<\/td>\n<td>15<\/td>\n<td>55<\/td>\n<td colspan=\"2\">2<\/td>\n<td>D11.1400<\/td>\n<\/tr>\n<tr>\n<td>14<\/td>\n<td>14<\/td>\n<td>82<\/td>\n<td>20<\/td>\n<td>55<\/td>\n<td colspan=\"2\">2<\/td>\n<td>D11.1401<\/td>\n<\/tr>\n<tr>\n<td>14<\/td>\n<td>14<\/td>\n<td>82<\/td>\n<td>25<\/td>\n<td>45<\/td>\n<td colspan=\"2\">2<\/td>\n<td>D11.1402<\/td>\n<\/tr>\n<tr>\n<td>14<\/td>\n<td>14<\/td>\n<td>100<\/td>\n<td>15<\/td>\n<td>65<\/td>\n<td colspan=\"2\">2<\/td>\n<td>D11.1403<\/td>\n<\/tr>\n<tr>\n<td>14<\/td>\n<td>14<\/td>\n<td>100<\/td>\n<td>20<\/td>\n<td>65<\/td>\n<td colspan=\"2\">2<\/td>\n<td>D11.1404<\/td>\n<\/tr>\n<tr>\n<td>14<\/td>\n<td>14<\/td>\n<td>100<\/td>\n<td>25<\/td>\n<td>65<\/td>\n<td colspan=\"2\">2<\/td>\n<td>D11.1405<\/td>\n<\/tr>\n<tr>\n<td>14<\/td>\n<td>14<\/td>\n<td>100<\/td>\n<td>15<\/td>\n<td>65<\/td>\n<td colspan=\"2\">3<\/td>\n<td>D11.1406<\/td>\n<\/tr>\n<tr>\n<td>14<\/td>\n<td>14<\/td>\n<td>100<\/td>\n<td>20<\/td>\n<td>65<\/td>\n<td colspan=\"2\">3<\/td>\n<td>D11.1407<\/td>\n<\/tr>\n<tr>\n<td>14<\/td>\n<td>14<\/td>\n<td>100<\/td>\n<td>25<\/td>\n<td>65<\/td>\n<td colspan=\"2\">3<\/td>\n<td>D11.1408<\/td>\n<\/tr>\n<tr>\n<td>16<\/td>\n<td>16<\/td>\n<td>100<\/td>\n<td>25<\/td>\n<td>65<\/td>\n<td colspan=\"2\">2<\/td>\n<td>D11.1600<\/td>\n<\/tr>\n<tr>\n<td>16<\/td>\n<td>16<\/td>\n<td>100<\/td>\n<td>25<\/td>\n<td>65<\/td>\n<td colspan=\"2\">3<\/td>\n<td>D11.1601<\/td>\n<\/tr>\n<tr>\n<td>18<\/td>\n<td>18<\/td>\n<td>100<\/td>\n<td>25<\/td>\n<td>65<\/td>\n<td colspan=\"2\">2<\/td>\n<td>D11.1800<\/td>\n<\/tr>\n<tr>\n<td>18<\/td>\n<td>18<\/td>\n<td>100<\/td>\n<td>25<\/td>\n<td>65<\/td>\n<td colspan=\"2\">3<\/td>\n<td>D11.1801<\/td>\n<\/tr>\n<tr>\n<td>20<\/td>\n<td>20<\/td>\n<td>100<\/td>\n<td>25<\/td>\n<td>65<\/td>\n<td colspan=\"2\">2<\/td>\n<td>D11.2000<\/td>\n<\/tr>\n<tr>\n<td>20<\/td>\n<td>20<\/td>\n<td>100<\/td>\n<td>25<\/td>\n<td>65<\/td>\n<td colspan=\"2\">3<\/td>\n<td>D11.2001<\/td>\n<\/tr>\n<\/tbody>\n<\/table>\n","protected":false},"featured_media":2527,"template":"","meta":[],"product_brand":[],"product_cat":[71],"product_tag":[],"class_list":{"0":"post-1156","1":"product","2":"type-product","3":"status-publish","4":"has-post-thumbnail","6":"product_cat-narzedzia-diamentowe-att","8":"first","9":"instock","10":"shipping-taxable","11":"product-type-simple"},"yoast_head":"<!-- This site is optimized with the Yoast SEO plugin v24.5 - https:\/\/yoast.com\/wordpress\/plugins\/seo\/ -->\n<title>Frezy trzpieniowe z ostrzem centralnym D11 - BRYK - LEAVE A PRECISE MARK<\/title>\n<meta name=\"robots\" content=\"index, follow, max-snippet:-1, max-image-preview:large, max-video-preview:-1\" \/>\n<link rel=\"canonical\" href=\"https:\/\/bryk.com.pl\/?product=1156\" \/>\n<meta property=\"og:locale\" content=\"pl_PL\" \/>\n<meta property=\"og:type\" content=\"article\" \/>\n<meta property=\"og:title\" content=\"Frezy trzpieniowe z ostrzem centralnym D11 - BRYK - LEAVE A PRECISE MARK\" \/>\n<meta property=\"og:description\" content=\"Frezy z ostrzem centralnym mo\u017cemy wykorzysta\u0107 w wielu operacjach obr\u00f3bczych. Poprzez umieszczenie p\u0142ytki PKD do osi freza, narz\u0119dzia daj\u0105 mo\u017cliwo\u015b\u0107 wwiercania si\u0119. Operacje frezowania rowk\u00f3w czy gratowanie element\u00f3w aluminiowych to tylko niekt\u00f3re z ca\u0142ej palety zastosowa\u0144.    d1 d2 L a p L1 z Nr. Katalogowy   4 6 82 8 55 1 D11.0400   5 6 82 10 55 1 D11.0500   6 6 82 12 55 2 D11.0600   6 6 82 15 55 2 D11.0601   8 8 82 12 55 2 D11.0800   8 8 82 15 55 2 D11.0801   10 10 82 12 55 2 D11.1000   10 10 82 17 55 2 D11.1001   10 10 82 23 55 2 D11.1002   12 12 82 15 55 2 D11.1200   12 12 82 18 55 2 D11.1201   12 12 82 25 45 2 D11.1202   12 12 100 15 65 2 D11.1203   12 12 100 18 65 2 D11.1204   12 12 100 25 65 2 D11.1205   14 14 82 15 55 2 D11.1400   14 14 82 20 55 2 D11.1401   14 14 82 25 45 2 D11.1402   14 14 100 15 65 2 D11.1403   14 14 100 20 65 2 D11.1404   14 14 100 25 65 2 D11.1405   14 14 100 15 65 3 D11.1406   14 14 100 20 65 3 D11.1407   14 14 100 25 65 3 D11.1408   16 16 100 25 65 2 D11.1600   16 16 100 25 65 3 D11.1601   18 18 100 25 65 2 D11.1800   18 18 100 25 65 3 D11.1801   20 20 100 25 65 2 D11.2000   20 20 100 25 65 3 D11.2001\" \/>\n<meta property=\"og:url\" content=\"https:\/\/bryk.com.pl\/?product=1156\" \/>\n<meta property=\"og:site_name\" content=\"BRYK - LEAVE A PRECISE MARK\" \/>\n<meta property=\"article:publisher\" content=\"https:\/\/www.facebook.com\/ppuhbryk\/\" \/>\n<meta property=\"article:modified_time\" content=\"2019-12-10T09:37:29+00:00\" \/>\n<meta property=\"og:image\" content=\"https:\/\/bryk.com.pl\/wp-content\/uploads\/2018\/03\/Frezy-trzpieniowe-z-ostrzem-centralnym-D11.jpg\" \/>\n\t<meta property=\"og:image:width\" content=\"3000\" \/>\n\t<meta property=\"og:image:height\" content=\"3000\" \/>\n\t<meta property=\"og:image:type\" content=\"image\/jpeg\" \/>\n<meta name=\"twitter:card\" content=\"summary_large_image\" \/>\n<script type=\"application\/ld+json\" class=\"yoast-schema-graph\">{\"@context\":\"https:\/\/schema.org\",\"@graph\":[{\"@type\":\"WebPage\",\"@id\":\"https:\/\/bryk.com.pl\/?product=1156\",\"url\":\"https:\/\/bryk.com.pl\/?product=1156\",\"name\":\"Frezy trzpieniowe z ostrzem centralnym D11 - BRYK - LEAVE A PRECISE MARK\",\"isPartOf\":{\"@id\":\"https:\/\/bryk.com.pl\/#website\"},\"primaryImageOfPage\":{\"@id\":\"https:\/\/bryk.com.pl\/?product=1156#primaryimage\"},\"image\":{\"@id\":\"https:\/\/bryk.com.pl\/?product=1156#primaryimage\"},\"thumbnailUrl\":\"https:\/\/bryk.com.pl\/wp-content\/uploads\/2018\/03\/Frezy-trzpieniowe-z-ostrzem-centralnym-D11.jpg\",\"datePublished\":\"2018-03-30T18:21:02+00:00\",\"dateModified\":\"2019-12-10T09:37:29+00:00\",\"breadcrumb\":{\"@id\":\"https:\/\/bryk.com.pl\/?product=1156#breadcrumb\"},\"inLanguage\":\"pl-PL\",\"potentialAction\":[{\"@type\":\"ReadAction\",\"target\":[\"https:\/\/bryk.com.pl\/?product=1156\"]}]},{\"@type\":\"ImageObject\",\"inLanguage\":\"pl-PL\",\"@id\":\"https:\/\/bryk.com.pl\/?product=1156#primaryimage\",\"url\":\"https:\/\/bryk.com.pl\/wp-content\/uploads\/2018\/03\/Frezy-trzpieniowe-z-ostrzem-centralnym-D11.jpg\",\"contentUrl\":\"https:\/\/bryk.com.pl\/wp-content\/uploads\/2018\/03\/Frezy-trzpieniowe-z-ostrzem-centralnym-D11.jpg\",\"width\":3000,\"height\":3000,\"caption\":\"Frezy trzpieniowe z ostrzem centralnym D11\"},{\"@type\":\"BreadcrumbList\",\"@id\":\"https:\/\/bryk.com.pl\/?product=1156#breadcrumb\",\"itemListElement\":[{\"@type\":\"ListItem\",\"position\":1,\"name\":\"Strona g\u0142\u00f3wna\",\"item\":\"https:\/\/bryk.com.pl\/\"},{\"@type\":\"ListItem\",\"position\":2,\"name\":\"Products\",\"item\":\"https:\/\/bryk.com.pl\/sklep\/\"},{\"@type\":\"ListItem\",\"position\":3,\"name\":\"Frezy trzpieniowe z ostrzem centralnym D11\"}]},{\"@type\":\"WebSite\",\"@id\":\"https:\/\/bryk.com.pl\/#website\",\"url\":\"https:\/\/bryk.com.pl\/\",\"name\":\"BRYK - LEAVE A PRECISE MARK\",\"description\":\"Polski producent narz\u0119dzi\",\"potentialAction\":[{\"@type\":\"SearchAction\",\"target\":{\"@type\":\"EntryPoint\",\"urlTemplate\":\"https:\/\/bryk.com.pl\/?s={search_term_string}\"},\"query-input\":{\"@type\":\"PropertyValueSpecification\",\"valueRequired\":true,\"valueName\":\"search_term_string\"}}],\"inLanguage\":\"pl-PL\"}]}<\/script>\n<!-- \/ Yoast SEO plugin. -->","yoast_head_json":{"title":"Frezy trzpieniowe z ostrzem centralnym D11 - BRYK - LEAVE A PRECISE MARK","robots":{"index":"index","follow":"follow","max-snippet":"max-snippet:-1","max-image-preview":"max-image-preview:large","max-video-preview":"max-video-preview:-1"},"canonical":"https:\/\/bryk.com.pl\/?product=1156","og_locale":"pl_PL","og_type":"article","og_title":"Frezy trzpieniowe z ostrzem centralnym D11 - BRYK - LEAVE A PRECISE MARK","og_description":"Frezy z ostrzem centralnym mo\u017cemy wykorzysta\u0107 w wielu operacjach obr\u00f3bczych. Poprzez umieszczenie p\u0142ytki PKD do osi freza, narz\u0119dzia daj\u0105 mo\u017cliwo\u015b\u0107 wwiercania si\u0119. Operacje frezowania rowk\u00f3w czy gratowanie element\u00f3w aluminiowych to tylko niekt\u00f3re z ca\u0142ej palety zastosowa\u0144.    d1 d2 L a p L1 z Nr. Katalogowy   4 6 82 8 55 1 D11.0400   5 6 82 10 55 1 D11.0500   6 6 82 12 55 2 D11.0600   6 6 82 15 55 2 D11.0601   8 8 82 12 55 2 D11.0800   8 8 82 15 55 2 D11.0801   10 10 82 12 55 2 D11.1000   10 10 82 17 55 2 D11.1001   10 10 82 23 55 2 D11.1002   12 12 82 15 55 2 D11.1200   12 12 82 18 55 2 D11.1201   12 12 82 25 45 2 D11.1202   12 12 100 15 65 2 D11.1203   12 12 100 18 65 2 D11.1204   12 12 100 25 65 2 D11.1205   14 14 82 15 55 2 D11.1400   14 14 82 20 55 2 D11.1401   14 14 82 25 45 2 D11.1402   14 14 100 15 65 2 D11.1403   14 14 100 20 65 2 D11.1404   14 14 100 25 65 2 D11.1405   14 14 100 15 65 3 D11.1406   14 14 100 20 65 3 D11.1407   14 14 100 25 65 3 D11.1408   16 16 100 25 65 2 D11.1600   16 16 100 25 65 3 D11.1601   18 18 100 25 65 2 D11.1800   18 18 100 25 65 3 D11.1801   20 20 100 25 65 2 D11.2000   20 20 100 25 65 3 D11.2001","og_url":"https:\/\/bryk.com.pl\/?product=1156","og_site_name":"BRYK - LEAVE A PRECISE MARK","article_publisher":"https:\/\/www.facebook.com\/ppuhbryk\/","article_modified_time":"2019-12-10T09:37:29+00:00","og_image":[{"width":3000,"height":3000,"url":"https:\/\/bryk.com.pl\/wp-content\/uploads\/2018\/03\/Frezy-trzpieniowe-z-ostrzem-centralnym-D11.jpg","type":"image\/jpeg"}],"twitter_card":"summary_large_image","schema":{"@context":"https:\/\/schema.org","@graph":[{"@type":"WebPage","@id":"https:\/\/bryk.com.pl\/?product=1156","url":"https:\/\/bryk.com.pl\/?product=1156","name":"Frezy trzpieniowe z ostrzem centralnym D11 - BRYK - LEAVE A PRECISE MARK","isPartOf":{"@id":"https:\/\/bryk.com.pl\/#website"},"primaryImageOfPage":{"@id":"https:\/\/bryk.com.pl\/?product=1156#primaryimage"},"image":{"@id":"https:\/\/bryk.com.pl\/?product=1156#primaryimage"},"thumbnailUrl":"https:\/\/bryk.com.pl\/wp-content\/uploads\/2018\/03\/Frezy-trzpieniowe-z-ostrzem-centralnym-D11.jpg","datePublished":"2018-03-30T18:21:02+00:00","dateModified":"2019-12-10T09:37:29+00:00","breadcrumb":{"@id":"https:\/\/bryk.com.pl\/?product=1156#breadcrumb"},"inLanguage":"pl-PL","potentialAction":[{"@type":"ReadAction","target":["https:\/\/bryk.com.pl\/?product=1156"]}]},{"@type":"ImageObject","inLanguage":"pl-PL","@id":"https:\/\/bryk.com.pl\/?product=1156#primaryimage","url":"https:\/\/bryk.com.pl\/wp-content\/uploads\/2018\/03\/Frezy-trzpieniowe-z-ostrzem-centralnym-D11.jpg","contentUrl":"https:\/\/bryk.com.pl\/wp-content\/uploads\/2018\/03\/Frezy-trzpieniowe-z-ostrzem-centralnym-D11.jpg","width":3000,"height":3000,"caption":"Frezy trzpieniowe z ostrzem centralnym D11"},{"@type":"BreadcrumbList","@id":"https:\/\/bryk.com.pl\/?product=1156#breadcrumb","itemListElement":[{"@type":"ListItem","position":1,"name":"Strona g\u0142\u00f3wna","item":"https:\/\/bryk.com.pl\/"},{"@type":"ListItem","position":2,"name":"Products","item":"https:\/\/bryk.com.pl\/sklep\/"},{"@type":"ListItem","position":3,"name":"Frezy trzpieniowe z ostrzem centralnym D11"}]},{"@type":"WebSite","@id":"https:\/\/bryk.com.pl\/#website","url":"https:\/\/bryk.com.pl\/","name":"BRYK - LEAVE A PRECISE MARK","description":"Polski producent narz\u0119dzi","potentialAction":[{"@type":"SearchAction","target":{"@type":"EntryPoint","urlTemplate":"https:\/\/bryk.com.pl\/?s={search_term_string}"},"query-input":{"@type":"PropertyValueSpecification","valueRequired":true,"valueName":"search_term_string"}}],"inLanguage":"pl-PL"}]}},"_links":{"self":[{"href":"https:\/\/bryk.com.pl\/index.php?rest_route=\/wp\/v2\/product\/1156","targetHints":{"allow":["GET"]}}],"collection":[{"href":"https:\/\/bryk.com.pl\/index.php?rest_route=\/wp\/v2\/product"}],"about":[{"href":"https:\/\/bryk.com.pl\/index.php?rest_route=\/wp\/v2\/types\/product"}],"wp:featuredmedia":[{"embeddable":true,"href":"https:\/\/bryk.com.pl\/index.php?rest_route=\/wp\/v2\/media\/2527"}],"wp:attachment":[{"href":"https:\/\/bryk.com.pl\/index.php?rest_route=%2Fwp%2Fv2%2Fmedia&parent=1156"}],"wp:term":[{"taxonomy":"product_brand","embeddable":true,"href":"https:\/\/bryk.com.pl\/index.php?rest_route=%2Fwp%2Fv2%2Fproduct_brand&post=1156"},{"taxonomy":"product_cat","embeddable":true,"href":"https:\/\/bryk.com.pl\/index.php?rest_route=%2Fwp%2Fv2%2Fproduct_cat&post=1156"},{"taxonomy":"product_tag","embeddable":true,"href":"https:\/\/bryk.com.pl\/index.php?rest_route=%2Fwp%2Fv2%2Fproduct_tag&post=1156"}],"curies":[{"name":"wp","href":"https:\/\/api.w.org\/{rel}","templated":true}]}}