{"id":1158,"date":"2018-03-30T20:21:26","date_gmt":"2018-03-30T18:21:26","guid":{"rendered":"http:\/\/bryk.com.pl\/?post_type=product&#038;p=1158"},"modified":"2019-12-10T10:37:21","modified_gmt":"2019-12-10T09:37:21","slug":"1158","status":"publish","type":"product","link":"https:\/\/bryk.com.pl?product=1158","title":{"rendered":"G\u0142owice monolityczne D20"},"content":{"rendered":"","protected":false},"excerpt":{"rendered":"<p>Diamentowe g\u0142owice monolityczne, nierzadko jako narz\u0119dzia wielozadaniowe, w swej konstrukcji ukierunkowane s\u0105 na skomplikowane zadania obr\u00f3bcze. Dzi\u0119ki monolitycznej budowie istnieje mo\u017cliwo\u015b\u0107 idealnego wywa\u017cenia narz\u0119dzia. Poprzez solidn\u0105 i masywn\u0105 konstrukcj\u0119 korpusu, do minimum zredukowana zosta\u0142a problematyka drga\u0144. W tej grupie narz\u0119dzi znajdziemy r\u00f3wnie\u017c g\u0142owice planuj\u0105ce, kt\u00f3re znakomicie odnajd\u0105 si\u0119 w obr\u00f3bce powierzchni.<\/p>\n","protected":false},"featured_media":2772,"template":"","meta":[],"product_brand":[],"product_cat":[71],"product_tag":[],"class_list":{"0":"post-1158","1":"product","2":"type-product","3":"status-publish","4":"has-post-thumbnail","6":"product_cat-narzedzia-diamentowe-att","8":"first","9":"instock","10":"shipping-taxable","11":"product-type-simple"},"yoast_head":"<!-- This site is optimized with the Yoast SEO plugin v24.5 - https:\/\/yoast.com\/wordpress\/plugins\/seo\/ -->\n<title>G\u0142owice monolityczne D20 - BRYK - LEAVE A PRECISE MARK<\/title>\n<meta name=\"robots\" content=\"index, follow, max-snippet:-1, max-image-preview:large, max-video-preview:-1\" \/>\n<link rel=\"canonical\" href=\"https:\/\/bryk.com.pl\/?product=1158\" \/>\n<meta property=\"og:locale\" content=\"pl_PL\" \/>\n<meta property=\"og:type\" content=\"article\" \/>\n<meta property=\"og:title\" content=\"G\u0142owice monolityczne D20 - BRYK - LEAVE A PRECISE MARK\" \/>\n<meta property=\"og:description\" content=\"Diamentowe g\u0142owice monolityczne, nierzadko jako narz\u0119dzia wielozadaniowe, w swej konstrukcji ukierunkowane s\u0105 na skomplikowane zadania obr\u00f3bcze. Dzi\u0119ki monolitycznej budowie istnieje mo\u017cliwo\u015b\u0107 idealnego wywa\u017cenia narz\u0119dzia. Poprzez solidn\u0105 i masywn\u0105 konstrukcj\u0119 korpusu, do minimum zredukowana zosta\u0142a problematyka drga\u0144. W tej grupie narz\u0119dzi znajdziemy r\u00f3wnie\u017c g\u0142owice planuj\u0105ce, kt\u00f3re znakomicie odnajd\u0105 si\u0119 w obr\u00f3bce powierzchni.\" \/>\n<meta property=\"og:url\" content=\"https:\/\/bryk.com.pl\/?product=1158\" \/>\n<meta property=\"og:site_name\" content=\"BRYK - LEAVE A PRECISE MARK\" \/>\n<meta property=\"article:publisher\" content=\"https:\/\/www.facebook.com\/ppuhbryk\/\" \/>\n<meta property=\"article:modified_time\" content=\"2019-12-10T09:37:21+00:00\" \/>\n<meta property=\"og:image\" content=\"https:\/\/bryk.com.pl\/wp-content\/uploads\/2018\/03\/D20_GOTOWE_NOWE.jpg\" \/>\n\t<meta property=\"og:image:width\" content=\"2500\" \/>\n\t<meta property=\"og:image:height\" content=\"2500\" \/>\n\t<meta property=\"og:image:type\" content=\"image\/jpeg\" \/>\n<meta name=\"twitter:card\" content=\"summary_large_image\" \/>\n<script type=\"application\/ld+json\" class=\"yoast-schema-graph\">{\"@context\":\"https:\/\/schema.org\",\"@graph\":[{\"@type\":\"WebPage\",\"@id\":\"https:\/\/bryk.com.pl\/?product=1158\",\"url\":\"https:\/\/bryk.com.pl\/?product=1158\",\"name\":\"G\u0142owice monolityczne D20 - BRYK - LEAVE A PRECISE MARK\",\"isPartOf\":{\"@id\":\"https:\/\/bryk.com.pl\/#website\"},\"primaryImageOfPage\":{\"@id\":\"https:\/\/bryk.com.pl\/?product=1158#primaryimage\"},\"image\":{\"@id\":\"https:\/\/bryk.com.pl\/?product=1158#primaryimage\"},\"thumbnailUrl\":\"https:\/\/bryk.com.pl\/wp-content\/uploads\/2018\/03\/D20_GOTOWE_NOWE.jpg\",\"datePublished\":\"2018-03-30T18:21:26+00:00\",\"dateModified\":\"2019-12-10T09:37:21+00:00\",\"breadcrumb\":{\"@id\":\"https:\/\/bryk.com.pl\/?product=1158#breadcrumb\"},\"inLanguage\":\"pl-PL\",\"potentialAction\":[{\"@type\":\"ReadAction\",\"target\":[\"https:\/\/bryk.com.pl\/?product=1158\"]}]},{\"@type\":\"ImageObject\",\"inLanguage\":\"pl-PL\",\"@id\":\"https:\/\/bryk.com.pl\/?product=1158#primaryimage\",\"url\":\"https:\/\/bryk.com.pl\/wp-content\/uploads\/2018\/03\/D20_GOTOWE_NOWE.jpg\",\"contentUrl\":\"https:\/\/bryk.com.pl\/wp-content\/uploads\/2018\/03\/D20_GOTOWE_NOWE.jpg\",\"width\":2500,\"height\":2500,\"caption\":\"_D20_GOTOWE_NOWE\"},{\"@type\":\"BreadcrumbList\",\"@id\":\"https:\/\/bryk.com.pl\/?product=1158#breadcrumb\",\"itemListElement\":[{\"@type\":\"ListItem\",\"position\":1,\"name\":\"Strona g\u0142\u00f3wna\",\"item\":\"https:\/\/bryk.com.pl\/\"},{\"@type\":\"ListItem\",\"position\":2,\"name\":\"Products\",\"item\":\"https:\/\/bryk.com.pl\/sklep\/\"},{\"@type\":\"ListItem\",\"position\":3,\"name\":\"G\u0142owice monolityczne D20\"}]},{\"@type\":\"WebSite\",\"@id\":\"https:\/\/bryk.com.pl\/#website\",\"url\":\"https:\/\/bryk.com.pl\/\",\"name\":\"BRYK - LEAVE A PRECISE MARK\",\"description\":\"Polski producent narz\u0119dzi\",\"potentialAction\":[{\"@type\":\"SearchAction\",\"target\":{\"@type\":\"EntryPoint\",\"urlTemplate\":\"https:\/\/bryk.com.pl\/?s={search_term_string}\"},\"query-input\":{\"@type\":\"PropertyValueSpecification\",\"valueRequired\":true,\"valueName\":\"search_term_string\"}}],\"inLanguage\":\"pl-PL\"}]}<\/script>\n<!-- \/ Yoast SEO plugin. -->","yoast_head_json":{"title":"G\u0142owice monolityczne D20 - BRYK - LEAVE A PRECISE MARK","robots":{"index":"index","follow":"follow","max-snippet":"max-snippet:-1","max-image-preview":"max-image-preview:large","max-video-preview":"max-video-preview:-1"},"canonical":"https:\/\/bryk.com.pl\/?product=1158","og_locale":"pl_PL","og_type":"article","og_title":"G\u0142owice monolityczne D20 - BRYK - LEAVE A PRECISE MARK","og_description":"Diamentowe g\u0142owice monolityczne, nierzadko jako narz\u0119dzia wielozadaniowe, w swej konstrukcji ukierunkowane s\u0105 na skomplikowane zadania obr\u00f3bcze. Dzi\u0119ki monolitycznej budowie istnieje mo\u017cliwo\u015b\u0107 idealnego wywa\u017cenia narz\u0119dzia. Poprzez solidn\u0105 i masywn\u0105 konstrukcj\u0119 korpusu, do minimum zredukowana zosta\u0142a problematyka drga\u0144. W tej grupie narz\u0119dzi znajdziemy r\u00f3wnie\u017c g\u0142owice planuj\u0105ce, kt\u00f3re znakomicie odnajd\u0105 si\u0119 w obr\u00f3bce powierzchni.","og_url":"https:\/\/bryk.com.pl\/?product=1158","og_site_name":"BRYK - LEAVE A PRECISE MARK","article_publisher":"https:\/\/www.facebook.com\/ppuhbryk\/","article_modified_time":"2019-12-10T09:37:21+00:00","og_image":[{"width":2500,"height":2500,"url":"https:\/\/bryk.com.pl\/wp-content\/uploads\/2018\/03\/D20_GOTOWE_NOWE.jpg","type":"image\/jpeg"}],"twitter_card":"summary_large_image","schema":{"@context":"https:\/\/schema.org","@graph":[{"@type":"WebPage","@id":"https:\/\/bryk.com.pl\/?product=1158","url":"https:\/\/bryk.com.pl\/?product=1158","name":"G\u0142owice monolityczne D20 - BRYK - LEAVE A PRECISE MARK","isPartOf":{"@id":"https:\/\/bryk.com.pl\/#website"},"primaryImageOfPage":{"@id":"https:\/\/bryk.com.pl\/?product=1158#primaryimage"},"image":{"@id":"https:\/\/bryk.com.pl\/?product=1158#primaryimage"},"thumbnailUrl":"https:\/\/bryk.com.pl\/wp-content\/uploads\/2018\/03\/D20_GOTOWE_NOWE.jpg","datePublished":"2018-03-30T18:21:26+00:00","dateModified":"2019-12-10T09:37:21+00:00","breadcrumb":{"@id":"https:\/\/bryk.com.pl\/?product=1158#breadcrumb"},"inLanguage":"pl-PL","potentialAction":[{"@type":"ReadAction","target":["https:\/\/bryk.com.pl\/?product=1158"]}]},{"@type":"ImageObject","inLanguage":"pl-PL","@id":"https:\/\/bryk.com.pl\/?product=1158#primaryimage","url":"https:\/\/bryk.com.pl\/wp-content\/uploads\/2018\/03\/D20_GOTOWE_NOWE.jpg","contentUrl":"https:\/\/bryk.com.pl\/wp-content\/uploads\/2018\/03\/D20_GOTOWE_NOWE.jpg","width":2500,"height":2500,"caption":"_D20_GOTOWE_NOWE"},{"@type":"BreadcrumbList","@id":"https:\/\/bryk.com.pl\/?product=1158#breadcrumb","itemListElement":[{"@type":"ListItem","position":1,"name":"Strona g\u0142\u00f3wna","item":"https:\/\/bryk.com.pl\/"},{"@type":"ListItem","position":2,"name":"Products","item":"https:\/\/bryk.com.pl\/sklep\/"},{"@type":"ListItem","position":3,"name":"G\u0142owice monolityczne D20"}]},{"@type":"WebSite","@id":"https:\/\/bryk.com.pl\/#website","url":"https:\/\/bryk.com.pl\/","name":"BRYK - LEAVE A PRECISE MARK","description":"Polski producent narz\u0119dzi","potentialAction":[{"@type":"SearchAction","target":{"@type":"EntryPoint","urlTemplate":"https:\/\/bryk.com.pl\/?s={search_term_string}"},"query-input":{"@type":"PropertyValueSpecification","valueRequired":true,"valueName":"search_term_string"}}],"inLanguage":"pl-PL"}]}},"_links":{"self":[{"href":"https:\/\/bryk.com.pl\/index.php?rest_route=\/wp\/v2\/product\/1158","targetHints":{"allow":["GET"]}}],"collection":[{"href":"https:\/\/bryk.com.pl\/index.php?rest_route=\/wp\/v2\/product"}],"about":[{"href":"https:\/\/bryk.com.pl\/index.php?rest_route=\/wp\/v2\/types\/product"}],"wp:featuredmedia":[{"embeddable":true,"href":"https:\/\/bryk.com.pl\/index.php?rest_route=\/wp\/v2\/media\/2772"}],"wp:attachment":[{"href":"https:\/\/bryk.com.pl\/index.php?rest_route=%2Fwp%2Fv2%2Fmedia&parent=1158"}],"wp:term":[{"taxonomy":"product_brand","embeddable":true,"href":"https:\/\/bryk.com.pl\/index.php?rest_route=%2Fwp%2Fv2%2Fproduct_brand&post=1158"},{"taxonomy":"product_cat","embeddable":true,"href":"https:\/\/bryk.com.pl\/index.php?rest_route=%2Fwp%2Fv2%2Fproduct_cat&post=1158"},{"taxonomy":"product_tag","embeddable":true,"href":"https:\/\/bryk.com.pl\/index.php?rest_route=%2Fwp%2Fv2%2Fproduct_tag&post=1158"}],"curies":[{"name":"wp","href":"https:\/\/api.w.org\/{rel}","templated":true}]}}