{"id":1159,"date":"2018-03-30T20:21:27","date_gmt":"2018-03-30T18:21:27","guid":{"rendered":"http:\/\/bryk.com.pl\/?post_type=product&#038;p=1159"},"modified":"2019-12-10T10:36:55","modified_gmt":"2019-12-10T09:36:55","slug":"1159","status":"publish","type":"product","link":"https:\/\/bryk.com.pl?product=1159","title":{"rendered":"Frezy spiralne D14"},"content":{"rendered":"","protected":false},"excerpt":{"rendered":"<p>Grup\u0119 frez\u00f3w ze spiralnym u\u0142o\u017ceniem p\u0142ytek PKD cechuje wysoka wydajno\u015b\u0107 frezowania. Doskonale sprawdzaj\u0105 si\u0119 w obr\u00f3bce zgrubnej nawet przy zadaniu agresywnych parametr\u00f3w skrawania.<\/p>\n<table class=\"table table-striped table-bordered\">\n<tbody>\n<tr>\n<td>d1<\/td>\n<td>d2<\/td>\n<td>L<\/td>\n<td>a p<\/td>\n<td>L1<\/td>\n<td>z<\/td>\n<td>Nr. Katalogowy<\/td>\n<\/tr>\n<tr>\n<td>16<\/td>\n<td>16<\/td>\n<td>100<\/td>\n<td>30<\/td>\n<td>50<\/td>\n<td>3<\/td>\n<td>D14.1600<\/td>\n<\/tr>\n<tr>\n<td>16<\/td>\n<td>16<\/td>\n<td>110<\/td>\n<td>40<\/td>\n<td>50<\/td>\n<td>3<\/td>\n<td>D14.1601<\/td>\n<\/tr>\n<tr>\n<td>20<\/td>\n<td>20<\/td>\n<td>100<\/td>\n<td>30<\/td>\n<td>50<\/td>\n<td>3<\/td>\n<td>D14.2000<\/td>\n<\/tr>\n<tr>\n<td>20<\/td>\n<td>20<\/td>\n<td>110<\/td>\n<td>40<\/td>\n<td>50<\/td>\n<td>3<\/td>\n<td>D14.2001<\/td>\n<\/tr>\n<tr>\n<td>25<\/td>\n<td>25<\/td>\n<td>100<\/td>\n<td>30<\/td>\n<td>50<\/td>\n<td>3<\/td>\n<td>D14.2500<\/td>\n<\/tr>\n<tr>\n<td>25<\/td>\n<td>25<\/td>\n<td>110<\/td>\n<td>40<\/td>\n<td>50<\/td>\n<td>3<\/td>\n<td>D14.2501<\/td>\n<\/tr>\n<\/tbody>\n<\/table>\n","protected":false},"featured_media":2533,"template":"","meta":[],"product_brand":[],"product_cat":[71],"product_tag":[],"class_list":{"0":"post-1159","1":"product","2":"type-product","3":"status-publish","4":"has-post-thumbnail","6":"product_cat-narzedzia-diamentowe-att","8":"first","9":"instock","10":"shipping-taxable","11":"product-type-simple"},"yoast_head":"<!-- This site is optimized with the Yoast SEO plugin v24.5 - https:\/\/yoast.com\/wordpress\/plugins\/seo\/ -->\n<title>Frezy spiralne D14 - BRYK - LEAVE A PRECISE MARK<\/title>\n<meta name=\"robots\" content=\"index, follow, max-snippet:-1, max-image-preview:large, max-video-preview:-1\" \/>\n<link rel=\"canonical\" href=\"https:\/\/bryk.com.pl\/?product=1159\" \/>\n<meta property=\"og:locale\" content=\"pl_PL\" \/>\n<meta property=\"og:type\" content=\"article\" \/>\n<meta property=\"og:title\" content=\"Frezy spiralne D14 - BRYK - LEAVE A PRECISE MARK\" \/>\n<meta property=\"og:description\" content=\"Grup\u0119 frez\u00f3w ze spiralnym u\u0142o\u017ceniem p\u0142ytek PKD cechuje wysoka wydajno\u015b\u0107 frezowania. Doskonale sprawdzaj\u0105 si\u0119 w obr\u00f3bce zgrubnej nawet przy zadaniu agresywnych parametr\u00f3w skrawania.    d1 d2 L a p L1 z Nr. Katalogowy   16 16 100 30 50 3 D14.1600   16 16 110 40 50 3 D14.1601   20 20 100 30 50 3 D14.2000   20 20 110 40 50 3 D14.2001   25 25 100 30 50 3 D14.2500   25 25 110 40 50 3 D14.2501\" \/>\n<meta property=\"og:url\" content=\"https:\/\/bryk.com.pl\/?product=1159\" \/>\n<meta property=\"og:site_name\" content=\"BRYK - LEAVE A PRECISE MARK\" \/>\n<meta property=\"article:publisher\" content=\"https:\/\/www.facebook.com\/ppuhbryk\/\" \/>\n<meta property=\"article:modified_time\" content=\"2019-12-10T09:36:55+00:00\" \/>\n<meta property=\"og:image\" content=\"https:\/\/bryk.com.pl\/wp-content\/uploads\/2018\/03\/Frezy-spiralne-D14.jpg\" \/>\n\t<meta property=\"og:image:width\" content=\"3000\" \/>\n\t<meta property=\"og:image:height\" content=\"3000\" \/>\n\t<meta property=\"og:image:type\" content=\"image\/jpeg\" \/>\n<meta name=\"twitter:card\" content=\"summary_large_image\" \/>\n<script type=\"application\/ld+json\" class=\"yoast-schema-graph\">{\"@context\":\"https:\/\/schema.org\",\"@graph\":[{\"@type\":\"WebPage\",\"@id\":\"https:\/\/bryk.com.pl\/?product=1159\",\"url\":\"https:\/\/bryk.com.pl\/?product=1159\",\"name\":\"Frezy spiralne D14 - BRYK - LEAVE A PRECISE MARK\",\"isPartOf\":{\"@id\":\"https:\/\/bryk.com.pl\/#website\"},\"primaryImageOfPage\":{\"@id\":\"https:\/\/bryk.com.pl\/?product=1159#primaryimage\"},\"image\":{\"@id\":\"https:\/\/bryk.com.pl\/?product=1159#primaryimage\"},\"thumbnailUrl\":\"https:\/\/bryk.com.pl\/wp-content\/uploads\/2018\/03\/Frezy-spiralne-D14.jpg\",\"datePublished\":\"2018-03-30T18:21:27+00:00\",\"dateModified\":\"2019-12-10T09:36:55+00:00\",\"breadcrumb\":{\"@id\":\"https:\/\/bryk.com.pl\/?product=1159#breadcrumb\"},\"inLanguage\":\"pl-PL\",\"potentialAction\":[{\"@type\":\"ReadAction\",\"target\":[\"https:\/\/bryk.com.pl\/?product=1159\"]}]},{\"@type\":\"ImageObject\",\"inLanguage\":\"pl-PL\",\"@id\":\"https:\/\/bryk.com.pl\/?product=1159#primaryimage\",\"url\":\"https:\/\/bryk.com.pl\/wp-content\/uploads\/2018\/03\/Frezy-spiralne-D14.jpg\",\"contentUrl\":\"https:\/\/bryk.com.pl\/wp-content\/uploads\/2018\/03\/Frezy-spiralne-D14.jpg\",\"width\":3000,\"height\":3000,\"caption\":\"Frezy spiralne D14\"},{\"@type\":\"BreadcrumbList\",\"@id\":\"https:\/\/bryk.com.pl\/?product=1159#breadcrumb\",\"itemListElement\":[{\"@type\":\"ListItem\",\"position\":1,\"name\":\"Strona g\u0142\u00f3wna\",\"item\":\"https:\/\/bryk.com.pl\/\"},{\"@type\":\"ListItem\",\"position\":2,\"name\":\"Products\",\"item\":\"https:\/\/bryk.com.pl\/sklep\/\"},{\"@type\":\"ListItem\",\"position\":3,\"name\":\"Frezy spiralne D14\"}]},{\"@type\":\"WebSite\",\"@id\":\"https:\/\/bryk.com.pl\/#website\",\"url\":\"https:\/\/bryk.com.pl\/\",\"name\":\"BRYK - LEAVE A PRECISE MARK\",\"description\":\"Polski producent narz\u0119dzi\",\"potentialAction\":[{\"@type\":\"SearchAction\",\"target\":{\"@type\":\"EntryPoint\",\"urlTemplate\":\"https:\/\/bryk.com.pl\/?s={search_term_string}\"},\"query-input\":{\"@type\":\"PropertyValueSpecification\",\"valueRequired\":true,\"valueName\":\"search_term_string\"}}],\"inLanguage\":\"pl-PL\"}]}<\/script>\n<!-- \/ Yoast SEO plugin. -->","yoast_head_json":{"title":"Frezy spiralne D14 - BRYK - LEAVE A PRECISE MARK","robots":{"index":"index","follow":"follow","max-snippet":"max-snippet:-1","max-image-preview":"max-image-preview:large","max-video-preview":"max-video-preview:-1"},"canonical":"https:\/\/bryk.com.pl\/?product=1159","og_locale":"pl_PL","og_type":"article","og_title":"Frezy spiralne D14 - BRYK - LEAVE A PRECISE MARK","og_description":"Grup\u0119 frez\u00f3w ze spiralnym u\u0142o\u017ceniem p\u0142ytek PKD cechuje wysoka wydajno\u015b\u0107 frezowania. Doskonale sprawdzaj\u0105 si\u0119 w obr\u00f3bce zgrubnej nawet przy zadaniu agresywnych parametr\u00f3w skrawania.    d1 d2 L a p L1 z Nr. Katalogowy   16 16 100 30 50 3 D14.1600   16 16 110 40 50 3 D14.1601   20 20 100 30 50 3 D14.2000   20 20 110 40 50 3 D14.2001   25 25 100 30 50 3 D14.2500   25 25 110 40 50 3 D14.2501","og_url":"https:\/\/bryk.com.pl\/?product=1159","og_site_name":"BRYK - LEAVE A PRECISE MARK","article_publisher":"https:\/\/www.facebook.com\/ppuhbryk\/","article_modified_time":"2019-12-10T09:36:55+00:00","og_image":[{"width":3000,"height":3000,"url":"https:\/\/bryk.com.pl\/wp-content\/uploads\/2018\/03\/Frezy-spiralne-D14.jpg","type":"image\/jpeg"}],"twitter_card":"summary_large_image","schema":{"@context":"https:\/\/schema.org","@graph":[{"@type":"WebPage","@id":"https:\/\/bryk.com.pl\/?product=1159","url":"https:\/\/bryk.com.pl\/?product=1159","name":"Frezy spiralne D14 - BRYK - LEAVE A PRECISE MARK","isPartOf":{"@id":"https:\/\/bryk.com.pl\/#website"},"primaryImageOfPage":{"@id":"https:\/\/bryk.com.pl\/?product=1159#primaryimage"},"image":{"@id":"https:\/\/bryk.com.pl\/?product=1159#primaryimage"},"thumbnailUrl":"https:\/\/bryk.com.pl\/wp-content\/uploads\/2018\/03\/Frezy-spiralne-D14.jpg","datePublished":"2018-03-30T18:21:27+00:00","dateModified":"2019-12-10T09:36:55+00:00","breadcrumb":{"@id":"https:\/\/bryk.com.pl\/?product=1159#breadcrumb"},"inLanguage":"pl-PL","potentialAction":[{"@type":"ReadAction","target":["https:\/\/bryk.com.pl\/?product=1159"]}]},{"@type":"ImageObject","inLanguage":"pl-PL","@id":"https:\/\/bryk.com.pl\/?product=1159#primaryimage","url":"https:\/\/bryk.com.pl\/wp-content\/uploads\/2018\/03\/Frezy-spiralne-D14.jpg","contentUrl":"https:\/\/bryk.com.pl\/wp-content\/uploads\/2018\/03\/Frezy-spiralne-D14.jpg","width":3000,"height":3000,"caption":"Frezy spiralne D14"},{"@type":"BreadcrumbList","@id":"https:\/\/bryk.com.pl\/?product=1159#breadcrumb","itemListElement":[{"@type":"ListItem","position":1,"name":"Strona g\u0142\u00f3wna","item":"https:\/\/bryk.com.pl\/"},{"@type":"ListItem","position":2,"name":"Products","item":"https:\/\/bryk.com.pl\/sklep\/"},{"@type":"ListItem","position":3,"name":"Frezy spiralne D14"}]},{"@type":"WebSite","@id":"https:\/\/bryk.com.pl\/#website","url":"https:\/\/bryk.com.pl\/","name":"BRYK - LEAVE A PRECISE MARK","description":"Polski producent narz\u0119dzi","potentialAction":[{"@type":"SearchAction","target":{"@type":"EntryPoint","urlTemplate":"https:\/\/bryk.com.pl\/?s={search_term_string}"},"query-input":{"@type":"PropertyValueSpecification","valueRequired":true,"valueName":"search_term_string"}}],"inLanguage":"pl-PL"}]}},"_links":{"self":[{"href":"https:\/\/bryk.com.pl\/index.php?rest_route=\/wp\/v2\/product\/1159","targetHints":{"allow":["GET"]}}],"collection":[{"href":"https:\/\/bryk.com.pl\/index.php?rest_route=\/wp\/v2\/product"}],"about":[{"href":"https:\/\/bryk.com.pl\/index.php?rest_route=\/wp\/v2\/types\/product"}],"wp:featuredmedia":[{"embeddable":true,"href":"https:\/\/bryk.com.pl\/index.php?rest_route=\/wp\/v2\/media\/2533"}],"wp:attachment":[{"href":"https:\/\/bryk.com.pl\/index.php?rest_route=%2Fwp%2Fv2%2Fmedia&parent=1159"}],"wp:term":[{"taxonomy":"product_brand","embeddable":true,"href":"https:\/\/bryk.com.pl\/index.php?rest_route=%2Fwp%2Fv2%2Fproduct_brand&post=1159"},{"taxonomy":"product_cat","embeddable":true,"href":"https:\/\/bryk.com.pl\/index.php?rest_route=%2Fwp%2Fv2%2Fproduct_cat&post=1159"},{"taxonomy":"product_tag","embeddable":true,"href":"https:\/\/bryk.com.pl\/index.php?rest_route=%2Fwp%2Fv2%2Fproduct_tag&post=1159"}],"curies":[{"name":"wp","href":"https:\/\/api.w.org\/{rel}","templated":true}]}}