{"id":1163,"date":"2018-03-30T20:23:23","date_gmt":"2018-03-30T18:23:23","guid":{"rendered":"http:\/\/bryk.com.pl\/?post_type=product&#038;p=1163"},"modified":"2019-12-10T10:36:07","modified_gmt":"2019-12-10T09:36:07","slug":"1163","status":"publish","type":"product","link":"https:\/\/bryk.com.pl?product=1163","title":{"rendered":"G\u0142owice na p\u0142ytki wymienne D31"},"content":{"rendered":"","protected":false},"excerpt":{"rendered":"<p>W ofercie firmy BRYK dost\u0119pne s\u0105 narz\u0119dzia PKD na p\u0142ytki wymienne. Frezy trzpieniowe oferowane s\u0105 w dw\u00f3ch \u015brednicach, fi32 z4 i fi40 z6 a g\u0142owice nasadzane w zakresie \u015brednic od fi50 do fi250. Wszystkie narz\u0119dzia maj\u0105 mo\u017cliwo\u015b\u0107 regulacji wysoko\u015bci osadzenia p\u0142ytki w korpusie. W zale\u017cno\u015bci od rodzaju obr\u00f3bki, wyst\u0119puje kilka rodzaj\u00f3w p\u0142ytek. Maksymalne ap p\u0142ytki to 11mm.<\/p>\n<p>W zale\u017cno\u015bci od sposobu mocowania, narz\u0119dzia dost\u0119pne s\u0105 w dw\u00f3ch wariantach:<\/p>\n<p><strong>&#8211; Frezy trzpieniowe<\/strong><\/p>\n<table width=\"861\">\n<tbody>\n<tr>\n<td width=\"172\"><b>\u015arednica <\/b><b>\u00d8<\/b><\/td>\n<td width=\"172\"><b>D\u0142ugo\u015b\u0107 L<\/b><\/td>\n<td width=\"172\"><b>Ilo\u015b\u0107 ostrzy z<\/b><\/td>\n<td width=\"172\"><b>ap<\/b><b> max<\/b><\/td>\n<td width=\"172\"><b>n<\/b><b> max<\/b><\/td>\n<\/tr>\n<tr>\n<td width=\"172\"><b>\u00d832<\/b><\/td>\n<td width=\"172\"><b>125<\/b><\/td>\n<td width=\"172\"><b>4<\/b><\/td>\n<td width=\"172\"><b>11<\/b><\/td>\n<td width=\"172\"><b>25000<\/b><\/td>\n<\/tr>\n<tr>\n<td width=\"172\"><b>\u00d840<\/b><\/td>\n<td width=\"172\"><b>130<\/b><\/td>\n<td width=\"172\"><b>6<\/b><\/td>\n<td width=\"172\"><b>11<\/b><\/td>\n<td width=\"172\"><b>25000<\/b><\/td>\n<\/tr>\n<\/tbody>\n<\/table>\n<p><strong>&#8211; G\u0142owice nasadzane<\/strong><\/p>\n<table width=\"866\">\n<tbody>\n<tr>\n<td width=\"144\"><b>\u015arednica <\/b><b>\u00d8<\/b><\/td>\n<td width=\"144\"><b>\u015arednica<\/b><b> D<\/b><\/td>\n<td width=\"152\"><b>Wysoko\u015b\u0107 L<\/b><\/td>\n<td width=\"170\"><b>Ilo\u015b\u0107 ostrzy z<\/b><\/td>\n<td width=\"111\"><b>ap<\/b><b> max<\/b><\/td>\n<td width=\"144\"><b>n<\/b><b> max<\/b><\/td>\n<\/tr>\n<tr>\n<td width=\"144\"><b>\u00d850<\/b><\/td>\n<td width=\"144\"><b>22<\/b><\/td>\n<td width=\"152\"><b>40<\/b><\/td>\n<td width=\"170\"><b>8<\/b><\/td>\n<td width=\"111\"><b>11<\/b><\/td>\n<td width=\"144\"><b>35100<\/b><\/td>\n<\/tr>\n<tr>\n<td width=\"144\"><b>\u00d863<\/b><\/td>\n<td width=\"144\"><b>22<\/b><\/td>\n<td width=\"152\"><b>40<\/b><\/td>\n<td width=\"170\"><b>10<\/b><\/td>\n<td width=\"111\"><b>11<\/b><\/td>\n<td width=\"144\"><b>30200<\/b><\/td>\n<\/tr>\n<tr>\n<td width=\"144\"><b>\u00d880<\/b><\/td>\n<td width=\"144\"><b>27<\/b><\/td>\n<td width=\"152\"><b>50<\/b><\/td>\n<td width=\"170\"><b>12<\/b><\/td>\n<td width=\"111\"><b>11<\/b><\/td>\n<td width=\"144\"><b>27500<\/b><\/td>\n<\/tr>\n<tr>\n<td width=\"144\"><b>\u00d8100<\/b><\/td>\n<td width=\"144\"><b>32<\/b><\/td>\n<td width=\"152\"><b>50<\/b><\/td>\n<td width=\"170\"><b>16<\/b><\/td>\n<td width=\"111\"><b>11<\/b><\/td>\n<td width=\"144\"><b>23800<\/b><\/td>\n<\/tr>\n<tr>\n<td width=\"144\"><b>\u00d8125<\/b><\/td>\n<td width=\"144\"><b>40<\/b><\/td>\n<td width=\"152\"><b>63<\/b><\/td>\n<td width=\"170\"><b>20<\/b><\/td>\n<td width=\"111\"><b>11<\/b><\/td>\n<td width=\"144\"><b>19100<\/b><\/td>\n<\/tr>\n<tr>\n<td width=\"144\"><b>\u00d8160<\/b><\/td>\n<td width=\"144\"><b>40<\/b><\/td>\n<td width=\"152\"><b>63<\/b><\/td>\n<td width=\"170\"><b>24<\/b><\/td>\n<td width=\"111\"><b>11<\/b><\/td>\n<td width=\"144\"><b>14900<\/b><\/td>\n<\/tr>\n<tr>\n<td width=\"144\"><b>\u00d8200<\/b><\/td>\n<td width=\"144\"><b>60<\/b><\/td>\n<td width=\"152\"><b>63<\/b><\/td>\n<td width=\"170\"><b>30<\/b><\/td>\n<td width=\"111\"><b>11<\/b><\/td>\n<td width=\"144\"><b>11900<\/b><\/td>\n<\/tr>\n<tr>\n<td width=\"144\"><b>\u00d8250<\/b><\/td>\n<td width=\"144\"><b>60<\/b><\/td>\n<td width=\"152\"><b>63<\/b><\/td>\n<td width=\"170\"><b>36<\/b><\/td>\n<td width=\"111\"><b>11<\/b><\/td>\n<td width=\"144\"><b>9550<\/b><\/td>\n<\/tr>\n<\/tbody>\n<\/table>\n","protected":false},"featured_media":2549,"template":"","meta":[],"product_brand":[],"product_cat":[71],"product_tag":[],"class_list":{"0":"post-1163","1":"product","2":"type-product","3":"status-publish","4":"has-post-thumbnail","6":"product_cat-narzedzia-diamentowe-att","8":"first","9":"instock","10":"shipping-taxable","11":"product-type-simple"},"yoast_head":"<!-- This site is optimized with the Yoast SEO plugin v24.5 - https:\/\/yoast.com\/wordpress\/plugins\/seo\/ -->\n<title>G\u0142owice na p\u0142ytki wymienne D31 - BRYK - LEAVE A PRECISE MARK<\/title>\n<meta name=\"robots\" content=\"index, follow, max-snippet:-1, max-image-preview:large, max-video-preview:-1\" \/>\n<link rel=\"canonical\" href=\"https:\/\/bryk.com.pl\/?product=1163\" \/>\n<meta property=\"og:locale\" content=\"pl_PL\" \/>\n<meta property=\"og:type\" content=\"article\" \/>\n<meta property=\"og:title\" content=\"G\u0142owice na p\u0142ytki wymienne D31 - BRYK - LEAVE A PRECISE MARK\" \/>\n<meta property=\"og:description\" content=\"W ofercie firmy BRYK dost\u0119pne s\u0105 narz\u0119dzia PKD na p\u0142ytki wymienne. Frezy trzpieniowe oferowane s\u0105 w dw\u00f3ch \u015brednicach, fi32 z4 i fi40 z6 a g\u0142owice nasadzane w zakresie \u015brednic od fi50 do fi250. Wszystkie narz\u0119dzia maj\u0105 mo\u017cliwo\u015b\u0107 regulacji wysoko\u015bci osadzenia p\u0142ytki w korpusie. W zale\u017cno\u015bci od rodzaju obr\u00f3bki, wyst\u0119puje kilka rodzaj\u00f3w p\u0142ytek. Maksymalne ap p\u0142ytki to 11mm.  W zale\u017cno\u015bci od sposobu mocowania, narz\u0119dzia dost\u0119pne s\u0105 w dw\u00f3ch wariantach:  - Frezy trzpieniowe    \u015arednica \u00d8 D\u0142ugo\u015b\u0107 L Ilo\u015b\u0107 ostrzy z ap max n max   \u00d832 125 4 11 25000   \u00d840 130 6 11 25000    - G\u0142owice nasadzane    \u015arednica \u00d8 \u015arednica D Wysoko\u015b\u0107 L Ilo\u015b\u0107 ostrzy z ap max n max   \u00d850 22 40 8 11 35100   \u00d863 22 40 10 11 30200   \u00d880 27 50 12 11 27500   \u00d8100 32 50 16 11 23800   \u00d8125 40 63 20 11 19100   \u00d8160 40 63 24 11 14900   \u00d8200 60 63 30 11 11900   \u00d8250 60 63 36 11 9550\" \/>\n<meta property=\"og:url\" content=\"https:\/\/bryk.com.pl\/?product=1163\" \/>\n<meta property=\"og:site_name\" content=\"BRYK - LEAVE A PRECISE MARK\" \/>\n<meta property=\"article:publisher\" content=\"https:\/\/www.facebook.com\/ppuhbryk\/\" \/>\n<meta property=\"article:modified_time\" content=\"2019-12-10T09:36:07+00:00\" \/>\n<meta property=\"og:image\" content=\"https:\/\/bryk.com.pl\/wp-content\/uploads\/2018\/03\/Glowice_na_plytki_wymienne_D31.jpg\" \/>\n\t<meta property=\"og:image:width\" content=\"3000\" \/>\n\t<meta property=\"og:image:height\" content=\"3000\" \/>\n\t<meta property=\"og:image:type\" content=\"image\/jpeg\" \/>\n<meta name=\"twitter:card\" content=\"summary_large_image\" \/>\n<script type=\"application\/ld+json\" class=\"yoast-schema-graph\">{\"@context\":\"https:\/\/schema.org\",\"@graph\":[{\"@type\":\"WebPage\",\"@id\":\"https:\/\/bryk.com.pl\/?product=1163\",\"url\":\"https:\/\/bryk.com.pl\/?product=1163\",\"name\":\"G\u0142owice na p\u0142ytki wymienne D31 - BRYK - LEAVE A PRECISE MARK\",\"isPartOf\":{\"@id\":\"https:\/\/bryk.com.pl\/#website\"},\"primaryImageOfPage\":{\"@id\":\"https:\/\/bryk.com.pl\/?product=1163#primaryimage\"},\"image\":{\"@id\":\"https:\/\/bryk.com.pl\/?product=1163#primaryimage\"},\"thumbnailUrl\":\"https:\/\/bryk.com.pl\/wp-content\/uploads\/2018\/03\/Glowice_na_plytki_wymienne_D31.jpg\",\"datePublished\":\"2018-03-30T18:23:23+00:00\",\"dateModified\":\"2019-12-10T09:36:07+00:00\",\"breadcrumb\":{\"@id\":\"https:\/\/bryk.com.pl\/?product=1163#breadcrumb\"},\"inLanguage\":\"pl-PL\",\"potentialAction\":[{\"@type\":\"ReadAction\",\"target\":[\"https:\/\/bryk.com.pl\/?product=1163\"]}]},{\"@type\":\"ImageObject\",\"inLanguage\":\"pl-PL\",\"@id\":\"https:\/\/bryk.com.pl\/?product=1163#primaryimage\",\"url\":\"https:\/\/bryk.com.pl\/wp-content\/uploads\/2018\/03\/Glowice_na_plytki_wymienne_D31.jpg\",\"contentUrl\":\"https:\/\/bryk.com.pl\/wp-content\/uploads\/2018\/03\/Glowice_na_plytki_wymienne_D31.jpg\",\"width\":3000,\"height\":3000,\"caption\":\"Glowice_na_plytki_wymienne_D31\"},{\"@type\":\"BreadcrumbList\",\"@id\":\"https:\/\/bryk.com.pl\/?product=1163#breadcrumb\",\"itemListElement\":[{\"@type\":\"ListItem\",\"position\":1,\"name\":\"Strona g\u0142\u00f3wna\",\"item\":\"https:\/\/bryk.com.pl\/\"},{\"@type\":\"ListItem\",\"position\":2,\"name\":\"Products\",\"item\":\"https:\/\/bryk.com.pl\/sklep\/\"},{\"@type\":\"ListItem\",\"position\":3,\"name\":\"G\u0142owice na p\u0142ytki wymienne D31\"}]},{\"@type\":\"WebSite\",\"@id\":\"https:\/\/bryk.com.pl\/#website\",\"url\":\"https:\/\/bryk.com.pl\/\",\"name\":\"BRYK - LEAVE A PRECISE MARK\",\"description\":\"Polski producent narz\u0119dzi\",\"potentialAction\":[{\"@type\":\"SearchAction\",\"target\":{\"@type\":\"EntryPoint\",\"urlTemplate\":\"https:\/\/bryk.com.pl\/?s={search_term_string}\"},\"query-input\":{\"@type\":\"PropertyValueSpecification\",\"valueRequired\":true,\"valueName\":\"search_term_string\"}}],\"inLanguage\":\"pl-PL\"}]}<\/script>\n<!-- \/ Yoast SEO plugin. -->","yoast_head_json":{"title":"G\u0142owice na p\u0142ytki wymienne D31 - BRYK - LEAVE A PRECISE MARK","robots":{"index":"index","follow":"follow","max-snippet":"max-snippet:-1","max-image-preview":"max-image-preview:large","max-video-preview":"max-video-preview:-1"},"canonical":"https:\/\/bryk.com.pl\/?product=1163","og_locale":"pl_PL","og_type":"article","og_title":"G\u0142owice na p\u0142ytki wymienne D31 - BRYK - LEAVE A PRECISE MARK","og_description":"W ofercie firmy BRYK dost\u0119pne s\u0105 narz\u0119dzia PKD na p\u0142ytki wymienne. Frezy trzpieniowe oferowane s\u0105 w dw\u00f3ch \u015brednicach, fi32 z4 i fi40 z6 a g\u0142owice nasadzane w zakresie \u015brednic od fi50 do fi250. Wszystkie narz\u0119dzia maj\u0105 mo\u017cliwo\u015b\u0107 regulacji wysoko\u015bci osadzenia p\u0142ytki w korpusie. W zale\u017cno\u015bci od rodzaju obr\u00f3bki, wyst\u0119puje kilka rodzaj\u00f3w p\u0142ytek. Maksymalne ap p\u0142ytki to 11mm.  W zale\u017cno\u015bci od sposobu mocowania, narz\u0119dzia dost\u0119pne s\u0105 w dw\u00f3ch wariantach:  - Frezy trzpieniowe    \u015arednica \u00d8 D\u0142ugo\u015b\u0107 L Ilo\u015b\u0107 ostrzy z ap max n max   \u00d832 125 4 11 25000   \u00d840 130 6 11 25000    - G\u0142owice nasadzane    \u015arednica \u00d8 \u015arednica D Wysoko\u015b\u0107 L Ilo\u015b\u0107 ostrzy z ap max n max   \u00d850 22 40 8 11 35100   \u00d863 22 40 10 11 30200   \u00d880 27 50 12 11 27500   \u00d8100 32 50 16 11 23800   \u00d8125 40 63 20 11 19100   \u00d8160 40 63 24 11 14900   \u00d8200 60 63 30 11 11900   \u00d8250 60 63 36 11 9550","og_url":"https:\/\/bryk.com.pl\/?product=1163","og_site_name":"BRYK - LEAVE A PRECISE MARK","article_publisher":"https:\/\/www.facebook.com\/ppuhbryk\/","article_modified_time":"2019-12-10T09:36:07+00:00","og_image":[{"width":3000,"height":3000,"url":"https:\/\/bryk.com.pl\/wp-content\/uploads\/2018\/03\/Glowice_na_plytki_wymienne_D31.jpg","type":"image\/jpeg"}],"twitter_card":"summary_large_image","schema":{"@context":"https:\/\/schema.org","@graph":[{"@type":"WebPage","@id":"https:\/\/bryk.com.pl\/?product=1163","url":"https:\/\/bryk.com.pl\/?product=1163","name":"G\u0142owice na p\u0142ytki wymienne D31 - BRYK - LEAVE A PRECISE MARK","isPartOf":{"@id":"https:\/\/bryk.com.pl\/#website"},"primaryImageOfPage":{"@id":"https:\/\/bryk.com.pl\/?product=1163#primaryimage"},"image":{"@id":"https:\/\/bryk.com.pl\/?product=1163#primaryimage"},"thumbnailUrl":"https:\/\/bryk.com.pl\/wp-content\/uploads\/2018\/03\/Glowice_na_plytki_wymienne_D31.jpg","datePublished":"2018-03-30T18:23:23+00:00","dateModified":"2019-12-10T09:36:07+00:00","breadcrumb":{"@id":"https:\/\/bryk.com.pl\/?product=1163#breadcrumb"},"inLanguage":"pl-PL","potentialAction":[{"@type":"ReadAction","target":["https:\/\/bryk.com.pl\/?product=1163"]}]},{"@type":"ImageObject","inLanguage":"pl-PL","@id":"https:\/\/bryk.com.pl\/?product=1163#primaryimage","url":"https:\/\/bryk.com.pl\/wp-content\/uploads\/2018\/03\/Glowice_na_plytki_wymienne_D31.jpg","contentUrl":"https:\/\/bryk.com.pl\/wp-content\/uploads\/2018\/03\/Glowice_na_plytki_wymienne_D31.jpg","width":3000,"height":3000,"caption":"Glowice_na_plytki_wymienne_D31"},{"@type":"BreadcrumbList","@id":"https:\/\/bryk.com.pl\/?product=1163#breadcrumb","itemListElement":[{"@type":"ListItem","position":1,"name":"Strona g\u0142\u00f3wna","item":"https:\/\/bryk.com.pl\/"},{"@type":"ListItem","position":2,"name":"Products","item":"https:\/\/bryk.com.pl\/sklep\/"},{"@type":"ListItem","position":3,"name":"G\u0142owice na p\u0142ytki wymienne D31"}]},{"@type":"WebSite","@id":"https:\/\/bryk.com.pl\/#website","url":"https:\/\/bryk.com.pl\/","name":"BRYK - LEAVE A PRECISE MARK","description":"Polski producent narz\u0119dzi","potentialAction":[{"@type":"SearchAction","target":{"@type":"EntryPoint","urlTemplate":"https:\/\/bryk.com.pl\/?s={search_term_string}"},"query-input":{"@type":"PropertyValueSpecification","valueRequired":true,"valueName":"search_term_string"}}],"inLanguage":"pl-PL"}]}},"_links":{"self":[{"href":"https:\/\/bryk.com.pl\/index.php?rest_route=\/wp\/v2\/product\/1163","targetHints":{"allow":["GET"]}}],"collection":[{"href":"https:\/\/bryk.com.pl\/index.php?rest_route=\/wp\/v2\/product"}],"about":[{"href":"https:\/\/bryk.com.pl\/index.php?rest_route=\/wp\/v2\/types\/product"}],"wp:featuredmedia":[{"embeddable":true,"href":"https:\/\/bryk.com.pl\/index.php?rest_route=\/wp\/v2\/media\/2549"}],"wp:attachment":[{"href":"https:\/\/bryk.com.pl\/index.php?rest_route=%2Fwp%2Fv2%2Fmedia&parent=1163"}],"wp:term":[{"taxonomy":"product_brand","embeddable":true,"href":"https:\/\/bryk.com.pl\/index.php?rest_route=%2Fwp%2Fv2%2Fproduct_brand&post=1163"},{"taxonomy":"product_cat","embeddable":true,"href":"https:\/\/bryk.com.pl\/index.php?rest_route=%2Fwp%2Fv2%2Fproduct_cat&post=1163"},{"taxonomy":"product_tag","embeddable":true,"href":"https:\/\/bryk.com.pl\/index.php?rest_route=%2Fwp%2Fv2%2Fproduct_tag&post=1163"}],"curies":[{"name":"wp","href":"https:\/\/api.w.org\/{rel}","templated":true}]}}