{"id":1164,"date":"2018-03-30T20:23:23","date_gmt":"2018-03-30T18:23:23","guid":{"rendered":"http:\/\/bryk.com.pl\/?post_type=product&#038;p=1164"},"modified":"2019-12-10T10:36:19","modified_gmt":"2019-12-10T09:36:19","slug":"1164","status":"publish","type":"product","link":"https:\/\/bryk.com.pl?product=1164","title":{"rendered":"Wiert\u0142a diamentowe D40"},"content":{"rendered":"","protected":false},"excerpt":{"rendered":"<p>Wiert\u0142a wyka\u0144czaj\u0105ce to podstawowa grupa wierte\u0142 w naszej firmie. Poprzez u\u017cycie niewielkiej ilo\u015bci diamentu, stanowi\u0105cego fragment ca\u0142ego ostrza skrawaj\u0105cego, kt\u00f3rego wi\u0119ksz\u0105 cz\u0119\u015b\u0107 stanowi materia\u0142 korpusu czyli VHM, otrzymujemy atrakcyjne cenowo narz\u0119dzie. Wyst\u0119puj\u0105, w zale\u017cno\u015bci od zastosowania, z rowkiem wi\u00f3rowym kr\u0119tym lub prostym.<\/p>\n<table class=\"tableizer-table\">\n<tbody>\n<tr>\n<td>d1<\/td>\n<td>d2<\/td>\n<td>ap<\/td>\n<td>L<\/td>\n<td>Nr katalogowy<\/td>\n<\/tr>\n<tr>\n<td>4<\/td>\n<td>4<\/td>\n<td>20<\/td>\n<td>75<\/td>\n<td>D40.0400<\/td>\n<\/tr>\n<tr>\n<td>4,5<\/td>\n<td>5<\/td>\n<td>25<\/td>\n<td>75<\/td>\n<td>D40.0401<\/td>\n<\/tr>\n<tr>\n<td>5<\/td>\n<td>5<\/td>\n<td>25<\/td>\n<td>75<\/td>\n<td>D40.0500<\/td>\n<\/tr>\n<tr>\n<td>5,5<\/td>\n<td>6<\/td>\n<td>30<\/td>\n<td>75<\/td>\n<td>D40.0501<\/td>\n<\/tr>\n<tr>\n<td>6<\/td>\n<td>6<\/td>\n<td>30<\/td>\n<td>80<\/td>\n<td>D40.0600<\/td>\n<\/tr>\n<tr>\n<td>6,5<\/td>\n<td>7<\/td>\n<td>35<\/td>\n<td>80<\/td>\n<td>D40.0601<\/td>\n<\/tr>\n<tr>\n<td>7<\/td>\n<td>7<\/td>\n<td>35<\/td>\n<td>85<\/td>\n<td>D40.0700<\/td>\n<\/tr>\n<tr>\n<td>7,5<\/td>\n<td>8<\/td>\n<td>38<\/td>\n<td>85<\/td>\n<td>D40.0701<\/td>\n<\/tr>\n<tr>\n<td>8<\/td>\n<td>8<\/td>\n<td>38<\/td>\n<td>85<\/td>\n<td>D40.0800<\/td>\n<\/tr>\n<tr>\n<td>8,5<\/td>\n<td>9<\/td>\n<td>43<\/td>\n<td>85<\/td>\n<td>D40.0801<\/td>\n<\/tr>\n<tr>\n<td>9<\/td>\n<td>9<\/td>\n<td>43<\/td>\n<td>90<\/td>\n<td>D40.0900<\/td>\n<\/tr>\n<tr>\n<td>9,5<\/td>\n<td>10<\/td>\n<td>48<\/td>\n<td>90<\/td>\n<td>D40.0901<\/td>\n<\/tr>\n<tr>\n<td>10<\/td>\n<td>10<\/td>\n<td>48<\/td>\n<td>90<\/td>\n<td>D40.1000<\/td>\n<\/tr>\n<tr>\n<td>10,5<\/td>\n<td>11<\/td>\n<td>52<\/td>\n<td>90<\/td>\n<td>D40.1001<\/td>\n<\/tr>\n<tr>\n<td>11<\/td>\n<td>11<\/td>\n<td>52<\/td>\n<td>95<\/td>\n<td>D40.1100<\/td>\n<\/tr>\n<tr>\n<td>1 1,5<\/td>\n<td>12<\/td>\n<td>56<\/td>\n<td>95<\/td>\n<td>D40.1101<\/td>\n<\/tr>\n<tr>\n<td>12<\/td>\n<td>12<\/td>\n<td>56<\/td>\n<td>95<\/td>\n<td>D40.1200<\/td>\n<\/tr>\n<tr>\n<td>14<\/td>\n<td>14<\/td>\n<td>64<\/td>\n<td>100<\/td>\n<td>D40.1400<\/td>\n<\/tr>\n<tr>\n<td>16<\/td>\n<td>16<\/td>\n<td>68<\/td>\n<td>100<\/td>\n<td>D40.1600<\/td>\n<\/tr>\n<\/tbody>\n<\/table>\n","protected":false},"featured_media":2541,"template":"","meta":[],"product_brand":[],"product_cat":[71],"product_tag":[],"class_list":{"0":"post-1164","1":"product","2":"type-product","3":"status-publish","4":"has-post-thumbnail","6":"product_cat-narzedzia-diamentowe-att","8":"first","9":"instock","10":"shipping-taxable","11":"product-type-simple"},"yoast_head":"<!-- This site is optimized with the Yoast SEO plugin v24.5 - https:\/\/yoast.com\/wordpress\/plugins\/seo\/ -->\n<title>Wiert\u0142a diamentowe D40 - BRYK - LEAVE A PRECISE MARK<\/title>\n<meta name=\"robots\" content=\"index, follow, max-snippet:-1, max-image-preview:large, max-video-preview:-1\" \/>\n<link rel=\"canonical\" href=\"https:\/\/bryk.com.pl\/?product=1164\" \/>\n<meta property=\"og:locale\" content=\"pl_PL\" \/>\n<meta property=\"og:type\" content=\"article\" \/>\n<meta property=\"og:title\" content=\"Wiert\u0142a diamentowe D40 - BRYK - LEAVE A PRECISE MARK\" \/>\n<meta property=\"og:description\" content=\"Wiert\u0142a wyka\u0144czaj\u0105ce to podstawowa grupa wierte\u0142 w naszej firmie. Poprzez u\u017cycie niewielkiej ilo\u015bci diamentu, stanowi\u0105cego fragment ca\u0142ego ostrza skrawaj\u0105cego, kt\u00f3rego wi\u0119ksz\u0105 cz\u0119\u015b\u0107 stanowi materia\u0142 korpusu czyli VHM, otrzymujemy atrakcyjne cenowo narz\u0119dzie. Wyst\u0119puj\u0105, w zale\u017cno\u015bci od zastosowania, z rowkiem wi\u00f3rowym kr\u0119tym lub prostym.    d1 d2 ap L Nr katalogowy   4 4 20 75 D40.0400   4,5 5 25 75 D40.0401   5 5 25 75 D40.0500   5,5 6 30 75 D40.0501   6 6 30 80 D40.0600   6,5 7 35 80 D40.0601   7 7 35 85 D40.0700   7,5 8 38 85 D40.0701   8 8 38 85 D40.0800   8,5 9 43 85 D40.0801   9 9 43 90 D40.0900   9,5 10 48 90 D40.0901   10 10 48 90 D40.1000   10,5 11 52 90 D40.1001   11 11 52 95 D40.1100   1 1,5 12 56 95 D40.1101   12 12 56 95 D40.1200   14 14 64 100 D40.1400   16 16 68 100 D40.1600\" \/>\n<meta property=\"og:url\" content=\"https:\/\/bryk.com.pl\/?product=1164\" \/>\n<meta property=\"og:site_name\" content=\"BRYK - LEAVE A PRECISE MARK\" \/>\n<meta property=\"article:publisher\" content=\"https:\/\/www.facebook.com\/ppuhbryk\/\" \/>\n<meta property=\"article:modified_time\" content=\"2019-12-10T09:36:19+00:00\" \/>\n<meta property=\"og:image\" content=\"https:\/\/bryk.com.pl\/wp-content\/uploads\/2018\/03\/Wiert\u0142a-diamentowe-D40.jpg\" \/>\n\t<meta property=\"og:image:width\" content=\"3000\" \/>\n\t<meta property=\"og:image:height\" content=\"3000\" \/>\n\t<meta property=\"og:image:type\" content=\"image\/jpeg\" \/>\n<meta name=\"twitter:card\" content=\"summary_large_image\" \/>\n<script type=\"application\/ld+json\" class=\"yoast-schema-graph\">{\"@context\":\"https:\/\/schema.org\",\"@graph\":[{\"@type\":\"WebPage\",\"@id\":\"https:\/\/bryk.com.pl\/?product=1164\",\"url\":\"https:\/\/bryk.com.pl\/?product=1164\",\"name\":\"Wiert\u0142a diamentowe D40 - BRYK - LEAVE A PRECISE MARK\",\"isPartOf\":{\"@id\":\"https:\/\/bryk.com.pl\/#website\"},\"primaryImageOfPage\":{\"@id\":\"https:\/\/bryk.com.pl\/?product=1164#primaryimage\"},\"image\":{\"@id\":\"https:\/\/bryk.com.pl\/?product=1164#primaryimage\"},\"thumbnailUrl\":\"https:\/\/bryk.com.pl\/wp-content\/uploads\/2018\/03\/Wiert\u0142a-diamentowe-D40.jpg\",\"datePublished\":\"2018-03-30T18:23:23+00:00\",\"dateModified\":\"2019-12-10T09:36:19+00:00\",\"breadcrumb\":{\"@id\":\"https:\/\/bryk.com.pl\/?product=1164#breadcrumb\"},\"inLanguage\":\"pl-PL\",\"potentialAction\":[{\"@type\":\"ReadAction\",\"target\":[\"https:\/\/bryk.com.pl\/?product=1164\"]}]},{\"@type\":\"ImageObject\",\"inLanguage\":\"pl-PL\",\"@id\":\"https:\/\/bryk.com.pl\/?product=1164#primaryimage\",\"url\":\"https:\/\/bryk.com.pl\/wp-content\/uploads\/2018\/03\/Wiert\u0142a-diamentowe-D40.jpg\",\"contentUrl\":\"https:\/\/bryk.com.pl\/wp-content\/uploads\/2018\/03\/Wiert\u0142a-diamentowe-D40.jpg\",\"width\":3000,\"height\":3000,\"caption\":\"Wiert\u0142a diamentowe D40\"},{\"@type\":\"BreadcrumbList\",\"@id\":\"https:\/\/bryk.com.pl\/?product=1164#breadcrumb\",\"itemListElement\":[{\"@type\":\"ListItem\",\"position\":1,\"name\":\"Strona g\u0142\u00f3wna\",\"item\":\"https:\/\/bryk.com.pl\/\"},{\"@type\":\"ListItem\",\"position\":2,\"name\":\"Products\",\"item\":\"https:\/\/bryk.com.pl\/sklep\/\"},{\"@type\":\"ListItem\",\"position\":3,\"name\":\"Wiert\u0142a diamentowe D40\"}]},{\"@type\":\"WebSite\",\"@id\":\"https:\/\/bryk.com.pl\/#website\",\"url\":\"https:\/\/bryk.com.pl\/\",\"name\":\"BRYK - LEAVE A PRECISE MARK\",\"description\":\"Polski producent narz\u0119dzi\",\"potentialAction\":[{\"@type\":\"SearchAction\",\"target\":{\"@type\":\"EntryPoint\",\"urlTemplate\":\"https:\/\/bryk.com.pl\/?s={search_term_string}\"},\"query-input\":{\"@type\":\"PropertyValueSpecification\",\"valueRequired\":true,\"valueName\":\"search_term_string\"}}],\"inLanguage\":\"pl-PL\"}]}<\/script>\n<!-- \/ Yoast SEO plugin. -->","yoast_head_json":{"title":"Wiert\u0142a diamentowe D40 - BRYK - LEAVE A PRECISE MARK","robots":{"index":"index","follow":"follow","max-snippet":"max-snippet:-1","max-image-preview":"max-image-preview:large","max-video-preview":"max-video-preview:-1"},"canonical":"https:\/\/bryk.com.pl\/?product=1164","og_locale":"pl_PL","og_type":"article","og_title":"Wiert\u0142a diamentowe D40 - BRYK - LEAVE A PRECISE MARK","og_description":"Wiert\u0142a wyka\u0144czaj\u0105ce to podstawowa grupa wierte\u0142 w naszej firmie. Poprzez u\u017cycie niewielkiej ilo\u015bci diamentu, stanowi\u0105cego fragment ca\u0142ego ostrza skrawaj\u0105cego, kt\u00f3rego wi\u0119ksz\u0105 cz\u0119\u015b\u0107 stanowi materia\u0142 korpusu czyli VHM, otrzymujemy atrakcyjne cenowo narz\u0119dzie. Wyst\u0119puj\u0105, w zale\u017cno\u015bci od zastosowania, z rowkiem wi\u00f3rowym kr\u0119tym lub prostym.    d1 d2 ap L Nr katalogowy   4 4 20 75 D40.0400   4,5 5 25 75 D40.0401   5 5 25 75 D40.0500   5,5 6 30 75 D40.0501   6 6 30 80 D40.0600   6,5 7 35 80 D40.0601   7 7 35 85 D40.0700   7,5 8 38 85 D40.0701   8 8 38 85 D40.0800   8,5 9 43 85 D40.0801   9 9 43 90 D40.0900   9,5 10 48 90 D40.0901   10 10 48 90 D40.1000   10,5 11 52 90 D40.1001   11 11 52 95 D40.1100   1 1,5 12 56 95 D40.1101   12 12 56 95 D40.1200   14 14 64 100 D40.1400   16 16 68 100 D40.1600","og_url":"https:\/\/bryk.com.pl\/?product=1164","og_site_name":"BRYK - LEAVE A PRECISE MARK","article_publisher":"https:\/\/www.facebook.com\/ppuhbryk\/","article_modified_time":"2019-12-10T09:36:19+00:00","og_image":[{"width":3000,"height":3000,"url":"https:\/\/bryk.com.pl\/wp-content\/uploads\/2018\/03\/Wiert\u0142a-diamentowe-D40.jpg","type":"image\/jpeg"}],"twitter_card":"summary_large_image","schema":{"@context":"https:\/\/schema.org","@graph":[{"@type":"WebPage","@id":"https:\/\/bryk.com.pl\/?product=1164","url":"https:\/\/bryk.com.pl\/?product=1164","name":"Wiert\u0142a diamentowe D40 - BRYK - LEAVE A PRECISE MARK","isPartOf":{"@id":"https:\/\/bryk.com.pl\/#website"},"primaryImageOfPage":{"@id":"https:\/\/bryk.com.pl\/?product=1164#primaryimage"},"image":{"@id":"https:\/\/bryk.com.pl\/?product=1164#primaryimage"},"thumbnailUrl":"https:\/\/bryk.com.pl\/wp-content\/uploads\/2018\/03\/Wiert\u0142a-diamentowe-D40.jpg","datePublished":"2018-03-30T18:23:23+00:00","dateModified":"2019-12-10T09:36:19+00:00","breadcrumb":{"@id":"https:\/\/bryk.com.pl\/?product=1164#breadcrumb"},"inLanguage":"pl-PL","potentialAction":[{"@type":"ReadAction","target":["https:\/\/bryk.com.pl\/?product=1164"]}]},{"@type":"ImageObject","inLanguage":"pl-PL","@id":"https:\/\/bryk.com.pl\/?product=1164#primaryimage","url":"https:\/\/bryk.com.pl\/wp-content\/uploads\/2018\/03\/Wiert\u0142a-diamentowe-D40.jpg","contentUrl":"https:\/\/bryk.com.pl\/wp-content\/uploads\/2018\/03\/Wiert\u0142a-diamentowe-D40.jpg","width":3000,"height":3000,"caption":"Wiert\u0142a diamentowe D40"},{"@type":"BreadcrumbList","@id":"https:\/\/bryk.com.pl\/?product=1164#breadcrumb","itemListElement":[{"@type":"ListItem","position":1,"name":"Strona g\u0142\u00f3wna","item":"https:\/\/bryk.com.pl\/"},{"@type":"ListItem","position":2,"name":"Products","item":"https:\/\/bryk.com.pl\/sklep\/"},{"@type":"ListItem","position":3,"name":"Wiert\u0142a diamentowe D40"}]},{"@type":"WebSite","@id":"https:\/\/bryk.com.pl\/#website","url":"https:\/\/bryk.com.pl\/","name":"BRYK - LEAVE A PRECISE MARK","description":"Polski producent narz\u0119dzi","potentialAction":[{"@type":"SearchAction","target":{"@type":"EntryPoint","urlTemplate":"https:\/\/bryk.com.pl\/?s={search_term_string}"},"query-input":{"@type":"PropertyValueSpecification","valueRequired":true,"valueName":"search_term_string"}}],"inLanguage":"pl-PL"}]}},"_links":{"self":[{"href":"https:\/\/bryk.com.pl\/index.php?rest_route=\/wp\/v2\/product\/1164","targetHints":{"allow":["GET"]}}],"collection":[{"href":"https:\/\/bryk.com.pl\/index.php?rest_route=\/wp\/v2\/product"}],"about":[{"href":"https:\/\/bryk.com.pl\/index.php?rest_route=\/wp\/v2\/types\/product"}],"wp:featuredmedia":[{"embeddable":true,"href":"https:\/\/bryk.com.pl\/index.php?rest_route=\/wp\/v2\/media\/2541"}],"wp:attachment":[{"href":"https:\/\/bryk.com.pl\/index.php?rest_route=%2Fwp%2Fv2%2Fmedia&parent=1164"}],"wp:term":[{"taxonomy":"product_brand","embeddable":true,"href":"https:\/\/bryk.com.pl\/index.php?rest_route=%2Fwp%2Fv2%2Fproduct_brand&post=1164"},{"taxonomy":"product_cat","embeddable":true,"href":"https:\/\/bryk.com.pl\/index.php?rest_route=%2Fwp%2Fv2%2Fproduct_cat&post=1164"},{"taxonomy":"product_tag","embeddable":true,"href":"https:\/\/bryk.com.pl\/index.php?rest_route=%2Fwp%2Fv2%2Fproduct_tag&post=1164"}],"curies":[{"name":"wp","href":"https:\/\/api.w.org\/{rel}","templated":true}]}}