{"id":1165,"date":"2018-03-30T20:23:24","date_gmt":"2018-03-30T18:23:24","guid":{"rendered":"http:\/\/bryk.com.pl\/?post_type=product&#038;p=1165"},"modified":"2019-12-10T10:35:49","modified_gmt":"2019-12-10T09:35:49","slug":"1165","status":"publish","type":"product","link":"https:\/\/bryk.com.pl?product=1165","title":{"rendered":"Wiert\u0142a wielozadaniowe D43"},"content":{"rendered":"","protected":false},"excerpt":{"rendered":"<p>Traktowane r\u00f3wnie\u017c jako narz\u0119dzia specjalne, wykonywane s\u0105 wed\u0142ug indywidualnych zapotrzebowa\u0144 klienta. Konstrukcje monolityczne sk\u0142adaj\u0105ce si\u0119 z dw\u00f3ch lub wi\u0119kszej ilo\u015bci stopni skrawania, daj\u0105 mo\u017cliwo\u015b\u0107, przy jednym wej\u015bciu w detal, precyzyjnej realizacji kolejno wiercenia, nast\u0119pnie np. pog\u0142\u0119biania, profilowania b\u0105d\u017a fazowania. Dzi\u0119ki wiert\u0142om wielozadaniowym znacz\u0105co skracamy czas produkcji eliminuj\u0105c potrzeb\u0119 przek\u0142adania, wymiany kolejnego narz\u0119dzia<br \/>\nw magazynku maszyny. Narz\u0119dzia tworzone s\u0105 na podstawie dostarczonych rysunk\u00f3w technicznych obrabianego detalu.<\/p>\n","protected":false},"featured_media":2543,"template":"","meta":[],"product_brand":[],"product_cat":[71],"product_tag":[],"class_list":{"0":"post-1165","1":"product","2":"type-product","3":"status-publish","4":"has-post-thumbnail","6":"product_cat-narzedzia-diamentowe-att","8":"first","9":"instock","10":"shipping-taxable","11":"product-type-simple"},"yoast_head":"<!-- This site is optimized with the Yoast SEO plugin v24.5 - https:\/\/yoast.com\/wordpress\/plugins\/seo\/ -->\n<title>Wiert\u0142a wielozadaniowe D43 - BRYK - LEAVE A PRECISE MARK<\/title>\n<meta name=\"robots\" content=\"index, follow, max-snippet:-1, max-image-preview:large, max-video-preview:-1\" \/>\n<link rel=\"canonical\" href=\"https:\/\/bryk.com.pl\/?product=1165\" \/>\n<meta property=\"og:locale\" content=\"pl_PL\" \/>\n<meta property=\"og:type\" content=\"article\" \/>\n<meta property=\"og:title\" content=\"Wiert\u0142a wielozadaniowe D43 - BRYK - LEAVE A PRECISE MARK\" \/>\n<meta property=\"og:description\" content=\"Traktowane r\u00f3wnie\u017c jako narz\u0119dzia specjalne, wykonywane s\u0105 wed\u0142ug indywidualnych zapotrzebowa\u0144 klienta. Konstrukcje monolityczne sk\u0142adaj\u0105ce si\u0119 z dw\u00f3ch lub wi\u0119kszej ilo\u015bci stopni skrawania, daj\u0105 mo\u017cliwo\u015b\u0107, przy jednym wej\u015bciu w detal, precyzyjnej realizacji kolejno wiercenia, nast\u0119pnie np. pog\u0142\u0119biania, profilowania b\u0105d\u017a fazowania. Dzi\u0119ki wiert\u0142om wielozadaniowym znacz\u0105co skracamy czas produkcji eliminuj\u0105c potrzeb\u0119 przek\u0142adania, wymiany kolejnego narz\u0119dzia w magazynku maszyny. Narz\u0119dzia tworzone s\u0105 na podstawie dostarczonych rysunk\u00f3w technicznych obrabianego detalu.\" \/>\n<meta property=\"og:url\" content=\"https:\/\/bryk.com.pl\/?product=1165\" \/>\n<meta property=\"og:site_name\" content=\"BRYK - LEAVE A PRECISE MARK\" \/>\n<meta property=\"article:publisher\" content=\"https:\/\/www.facebook.com\/ppuhbryk\/\" \/>\n<meta property=\"article:modified_time\" content=\"2019-12-10T09:35:49+00:00\" \/>\n<meta property=\"og:image\" content=\"https:\/\/bryk.com.pl\/wp-content\/uploads\/2018\/03\/Wiert\u0142a-wielozadaniowe-D43.jpg\" \/>\n\t<meta property=\"og:image:width\" content=\"3000\" \/>\n\t<meta property=\"og:image:height\" content=\"3000\" \/>\n\t<meta property=\"og:image:type\" content=\"image\/jpeg\" \/>\n<meta name=\"twitter:card\" content=\"summary_large_image\" \/>\n<script type=\"application\/ld+json\" class=\"yoast-schema-graph\">{\"@context\":\"https:\/\/schema.org\",\"@graph\":[{\"@type\":\"WebPage\",\"@id\":\"https:\/\/bryk.com.pl\/?product=1165\",\"url\":\"https:\/\/bryk.com.pl\/?product=1165\",\"name\":\"Wiert\u0142a wielozadaniowe D43 - BRYK - LEAVE A PRECISE MARK\",\"isPartOf\":{\"@id\":\"https:\/\/bryk.com.pl\/#website\"},\"primaryImageOfPage\":{\"@id\":\"https:\/\/bryk.com.pl\/?product=1165#primaryimage\"},\"image\":{\"@id\":\"https:\/\/bryk.com.pl\/?product=1165#primaryimage\"},\"thumbnailUrl\":\"https:\/\/bryk.com.pl\/wp-content\/uploads\/2018\/03\/Wiert\u0142a-wielozadaniowe-D43.jpg\",\"datePublished\":\"2018-03-30T18:23:24+00:00\",\"dateModified\":\"2019-12-10T09:35:49+00:00\",\"breadcrumb\":{\"@id\":\"https:\/\/bryk.com.pl\/?product=1165#breadcrumb\"},\"inLanguage\":\"pl-PL\",\"potentialAction\":[{\"@type\":\"ReadAction\",\"target\":[\"https:\/\/bryk.com.pl\/?product=1165\"]}]},{\"@type\":\"ImageObject\",\"inLanguage\":\"pl-PL\",\"@id\":\"https:\/\/bryk.com.pl\/?product=1165#primaryimage\",\"url\":\"https:\/\/bryk.com.pl\/wp-content\/uploads\/2018\/03\/Wiert\u0142a-wielozadaniowe-D43.jpg\",\"contentUrl\":\"https:\/\/bryk.com.pl\/wp-content\/uploads\/2018\/03\/Wiert\u0142a-wielozadaniowe-D43.jpg\",\"width\":3000,\"height\":3000,\"caption\":\"Wiert\u0142a wielozadaniowe D43\"},{\"@type\":\"BreadcrumbList\",\"@id\":\"https:\/\/bryk.com.pl\/?product=1165#breadcrumb\",\"itemListElement\":[{\"@type\":\"ListItem\",\"position\":1,\"name\":\"Strona g\u0142\u00f3wna\",\"item\":\"https:\/\/bryk.com.pl\/\"},{\"@type\":\"ListItem\",\"position\":2,\"name\":\"Products\",\"item\":\"https:\/\/bryk.com.pl\/sklep\/\"},{\"@type\":\"ListItem\",\"position\":3,\"name\":\"Wiert\u0142a wielozadaniowe D43\"}]},{\"@type\":\"WebSite\",\"@id\":\"https:\/\/bryk.com.pl\/#website\",\"url\":\"https:\/\/bryk.com.pl\/\",\"name\":\"BRYK - LEAVE A PRECISE MARK\",\"description\":\"Polski producent narz\u0119dzi\",\"potentialAction\":[{\"@type\":\"SearchAction\",\"target\":{\"@type\":\"EntryPoint\",\"urlTemplate\":\"https:\/\/bryk.com.pl\/?s={search_term_string}\"},\"query-input\":{\"@type\":\"PropertyValueSpecification\",\"valueRequired\":true,\"valueName\":\"search_term_string\"}}],\"inLanguage\":\"pl-PL\"}]}<\/script>\n<!-- \/ Yoast SEO plugin. -->","yoast_head_json":{"title":"Wiert\u0142a wielozadaniowe D43 - BRYK - LEAVE A PRECISE MARK","robots":{"index":"index","follow":"follow","max-snippet":"max-snippet:-1","max-image-preview":"max-image-preview:large","max-video-preview":"max-video-preview:-1"},"canonical":"https:\/\/bryk.com.pl\/?product=1165","og_locale":"pl_PL","og_type":"article","og_title":"Wiert\u0142a wielozadaniowe D43 - BRYK - LEAVE A PRECISE MARK","og_description":"Traktowane r\u00f3wnie\u017c jako narz\u0119dzia specjalne, wykonywane s\u0105 wed\u0142ug indywidualnych zapotrzebowa\u0144 klienta. Konstrukcje monolityczne sk\u0142adaj\u0105ce si\u0119 z dw\u00f3ch lub wi\u0119kszej ilo\u015bci stopni skrawania, daj\u0105 mo\u017cliwo\u015b\u0107, przy jednym wej\u015bciu w detal, precyzyjnej realizacji kolejno wiercenia, nast\u0119pnie np. pog\u0142\u0119biania, profilowania b\u0105d\u017a fazowania. Dzi\u0119ki wiert\u0142om wielozadaniowym znacz\u0105co skracamy czas produkcji eliminuj\u0105c potrzeb\u0119 przek\u0142adania, wymiany kolejnego narz\u0119dzia w magazynku maszyny. Narz\u0119dzia tworzone s\u0105 na podstawie dostarczonych rysunk\u00f3w technicznych obrabianego detalu.","og_url":"https:\/\/bryk.com.pl\/?product=1165","og_site_name":"BRYK - LEAVE A PRECISE MARK","article_publisher":"https:\/\/www.facebook.com\/ppuhbryk\/","article_modified_time":"2019-12-10T09:35:49+00:00","og_image":[{"width":3000,"height":3000,"url":"https:\/\/bryk.com.pl\/wp-content\/uploads\/2018\/03\/Wiert\u0142a-wielozadaniowe-D43.jpg","type":"image\/jpeg"}],"twitter_card":"summary_large_image","schema":{"@context":"https:\/\/schema.org","@graph":[{"@type":"WebPage","@id":"https:\/\/bryk.com.pl\/?product=1165","url":"https:\/\/bryk.com.pl\/?product=1165","name":"Wiert\u0142a wielozadaniowe D43 - BRYK - LEAVE A PRECISE MARK","isPartOf":{"@id":"https:\/\/bryk.com.pl\/#website"},"primaryImageOfPage":{"@id":"https:\/\/bryk.com.pl\/?product=1165#primaryimage"},"image":{"@id":"https:\/\/bryk.com.pl\/?product=1165#primaryimage"},"thumbnailUrl":"https:\/\/bryk.com.pl\/wp-content\/uploads\/2018\/03\/Wiert\u0142a-wielozadaniowe-D43.jpg","datePublished":"2018-03-30T18:23:24+00:00","dateModified":"2019-12-10T09:35:49+00:00","breadcrumb":{"@id":"https:\/\/bryk.com.pl\/?product=1165#breadcrumb"},"inLanguage":"pl-PL","potentialAction":[{"@type":"ReadAction","target":["https:\/\/bryk.com.pl\/?product=1165"]}]},{"@type":"ImageObject","inLanguage":"pl-PL","@id":"https:\/\/bryk.com.pl\/?product=1165#primaryimage","url":"https:\/\/bryk.com.pl\/wp-content\/uploads\/2018\/03\/Wiert\u0142a-wielozadaniowe-D43.jpg","contentUrl":"https:\/\/bryk.com.pl\/wp-content\/uploads\/2018\/03\/Wiert\u0142a-wielozadaniowe-D43.jpg","width":3000,"height":3000,"caption":"Wiert\u0142a wielozadaniowe D43"},{"@type":"BreadcrumbList","@id":"https:\/\/bryk.com.pl\/?product=1165#breadcrumb","itemListElement":[{"@type":"ListItem","position":1,"name":"Strona g\u0142\u00f3wna","item":"https:\/\/bryk.com.pl\/"},{"@type":"ListItem","position":2,"name":"Products","item":"https:\/\/bryk.com.pl\/sklep\/"},{"@type":"ListItem","position":3,"name":"Wiert\u0142a wielozadaniowe D43"}]},{"@type":"WebSite","@id":"https:\/\/bryk.com.pl\/#website","url":"https:\/\/bryk.com.pl\/","name":"BRYK - LEAVE A PRECISE MARK","description":"Polski producent narz\u0119dzi","potentialAction":[{"@type":"SearchAction","target":{"@type":"EntryPoint","urlTemplate":"https:\/\/bryk.com.pl\/?s={search_term_string}"},"query-input":{"@type":"PropertyValueSpecification","valueRequired":true,"valueName":"search_term_string"}}],"inLanguage":"pl-PL"}]}},"_links":{"self":[{"href":"https:\/\/bryk.com.pl\/index.php?rest_route=\/wp\/v2\/product\/1165","targetHints":{"allow":["GET"]}}],"collection":[{"href":"https:\/\/bryk.com.pl\/index.php?rest_route=\/wp\/v2\/product"}],"about":[{"href":"https:\/\/bryk.com.pl\/index.php?rest_route=\/wp\/v2\/types\/product"}],"wp:featuredmedia":[{"embeddable":true,"href":"https:\/\/bryk.com.pl\/index.php?rest_route=\/wp\/v2\/media\/2543"}],"wp:attachment":[{"href":"https:\/\/bryk.com.pl\/index.php?rest_route=%2Fwp%2Fv2%2Fmedia&parent=1165"}],"wp:term":[{"taxonomy":"product_brand","embeddable":true,"href":"https:\/\/bryk.com.pl\/index.php?rest_route=%2Fwp%2Fv2%2Fproduct_brand&post=1165"},{"taxonomy":"product_cat","embeddable":true,"href":"https:\/\/bryk.com.pl\/index.php?rest_route=%2Fwp%2Fv2%2Fproduct_cat&post=1165"},{"taxonomy":"product_tag","embeddable":true,"href":"https:\/\/bryk.com.pl\/index.php?rest_route=%2Fwp%2Fv2%2Fproduct_tag&post=1165"}],"curies":[{"name":"wp","href":"https:\/\/api.w.org\/{rel}","templated":true}]}}