{"id":1167,"date":"2018-03-30T20:25:02","date_gmt":"2018-03-30T18:25:02","guid":{"rendered":"http:\/\/bryk.com.pl\/?post_type=product&#038;p=1167"},"modified":"2019-12-10T10:35:31","modified_gmt":"2019-12-10T09:35:31","slug":"1167","status":"publish","type":"product","link":"https:\/\/bryk.com.pl?product=1167","title":{"rendered":"No\u017ce rowkuj\u0105ce D51"},"content":{"rendered":"","protected":false},"excerpt":{"rendered":"<p>Po\u015br\u00f3d wszystkich narz\u0119dzi naszej firmy odnale\u017a\u0107 mo\u017cna niezwykle precyzyjne no\u017ce rowkuj\u0105ce. Zakres szeroko\u015bci cz\u0119\u015bci skrawaj\u0105cej to od 2 do 8 milimetr\u00f3w. Wysoka dok\u0142adno\u015b\u0107 skrawania mo\u017ce by\u0107 uzyskana m.in. dzi\u0119ki wykonaniu w ca\u0142o\u015bci korpusu narz\u0119dzia z VHM, kt\u00f3ry zapewni wysok\u0105 sztywno\u015b\u0107 konstrukcji. Podstawowe zastosowanie no\u017cy z grupy to rowkowanie t\u0142ok\u00f3w aluminiowych, oraz w wielu innych operacjach rowkowania w metalach nie\u017celaznych i ich stopach. No\u017ce wykonywane s\u0105 na specjalne zam\u00f3wienie.<\/p>\n","protected":false},"featured_media":2547,"template":"","meta":[],"product_brand":[],"product_cat":[71],"product_tag":[],"class_list":{"0":"post-1167","1":"product","2":"type-product","3":"status-publish","4":"has-post-thumbnail","6":"product_cat-narzedzia-diamentowe-att","8":"first","9":"instock","10":"shipping-taxable","11":"product-type-simple"},"yoast_head":"<!-- This site is optimized with the Yoast SEO plugin v24.5 - https:\/\/yoast.com\/wordpress\/plugins\/seo\/ -->\n<title>No\u017ce rowkuj\u0105ce D51 - BRYK - LEAVE A PRECISE MARK<\/title>\n<meta name=\"robots\" content=\"index, follow, max-snippet:-1, max-image-preview:large, max-video-preview:-1\" \/>\n<link rel=\"canonical\" href=\"https:\/\/bryk.com.pl\/?product=1167\" \/>\n<meta property=\"og:locale\" content=\"pl_PL\" \/>\n<meta property=\"og:type\" content=\"article\" \/>\n<meta property=\"og:title\" content=\"No\u017ce rowkuj\u0105ce D51 - BRYK - LEAVE A PRECISE MARK\" \/>\n<meta property=\"og:description\" content=\"Po\u015br\u00f3d wszystkich narz\u0119dzi naszej firmy odnale\u017a\u0107 mo\u017cna niezwykle precyzyjne no\u017ce rowkuj\u0105ce. Zakres szeroko\u015bci cz\u0119\u015bci skrawaj\u0105cej to od 2 do 8 milimetr\u00f3w. Wysoka dok\u0142adno\u015b\u0107 skrawania mo\u017ce by\u0107 uzyskana m.in. dzi\u0119ki wykonaniu w ca\u0142o\u015bci korpusu narz\u0119dzia z VHM, kt\u00f3ry zapewni wysok\u0105 sztywno\u015b\u0107 konstrukcji. Podstawowe zastosowanie no\u017cy z grupy to rowkowanie t\u0142ok\u00f3w aluminiowych, oraz w wielu innych operacjach rowkowania w metalach nie\u017celaznych i ich stopach. No\u017ce wykonywane s\u0105 na specjalne zam\u00f3wienie.\" \/>\n<meta property=\"og:url\" content=\"https:\/\/bryk.com.pl\/?product=1167\" \/>\n<meta property=\"og:site_name\" content=\"BRYK - LEAVE A PRECISE MARK\" \/>\n<meta property=\"article:publisher\" content=\"https:\/\/www.facebook.com\/ppuhbryk\/\" \/>\n<meta property=\"article:modified_time\" content=\"2019-12-10T09:35:31+00:00\" \/>\n<meta property=\"og:image\" content=\"https:\/\/bryk.com.pl\/wp-content\/uploads\/2018\/03\/No\u017ce-rowkuj\u0105ce-D51-_WYMIANA_.jpg\" \/>\n\t<meta property=\"og:image:width\" content=\"427\" \/>\n\t<meta property=\"og:image:height\" content=\"569\" \/>\n\t<meta property=\"og:image:type\" content=\"image\/jpeg\" \/>\n<meta name=\"twitter:card\" content=\"summary_large_image\" \/>\n<script type=\"application\/ld+json\" class=\"yoast-schema-graph\">{\"@context\":\"https:\/\/schema.org\",\"@graph\":[{\"@type\":\"WebPage\",\"@id\":\"https:\/\/bryk.com.pl\/?product=1167\",\"url\":\"https:\/\/bryk.com.pl\/?product=1167\",\"name\":\"No\u017ce rowkuj\u0105ce D51 - BRYK - LEAVE A PRECISE MARK\",\"isPartOf\":{\"@id\":\"https:\/\/bryk.com.pl\/#website\"},\"primaryImageOfPage\":{\"@id\":\"https:\/\/bryk.com.pl\/?product=1167#primaryimage\"},\"image\":{\"@id\":\"https:\/\/bryk.com.pl\/?product=1167#primaryimage\"},\"thumbnailUrl\":\"https:\/\/bryk.com.pl\/wp-content\/uploads\/2018\/03\/No\u017ce-rowkuj\u0105ce-D51-_WYMIANA_.jpg\",\"datePublished\":\"2018-03-30T18:25:02+00:00\",\"dateModified\":\"2019-12-10T09:35:31+00:00\",\"breadcrumb\":{\"@id\":\"https:\/\/bryk.com.pl\/?product=1167#breadcrumb\"},\"inLanguage\":\"pl-PL\",\"potentialAction\":[{\"@type\":\"ReadAction\",\"target\":[\"https:\/\/bryk.com.pl\/?product=1167\"]}]},{\"@type\":\"ImageObject\",\"inLanguage\":\"pl-PL\",\"@id\":\"https:\/\/bryk.com.pl\/?product=1167#primaryimage\",\"url\":\"https:\/\/bryk.com.pl\/wp-content\/uploads\/2018\/03\/No\u017ce-rowkuj\u0105ce-D51-_WYMIANA_.jpg\",\"contentUrl\":\"https:\/\/bryk.com.pl\/wp-content\/uploads\/2018\/03\/No\u017ce-rowkuj\u0105ce-D51-_WYMIANA_.jpg\",\"width\":427,\"height\":569,\"caption\":\"No\u017ce rowkuj\u0105ce D51 _WYMIANA_\"},{\"@type\":\"BreadcrumbList\",\"@id\":\"https:\/\/bryk.com.pl\/?product=1167#breadcrumb\",\"itemListElement\":[{\"@type\":\"ListItem\",\"position\":1,\"name\":\"Strona g\u0142\u00f3wna\",\"item\":\"https:\/\/bryk.com.pl\/\"},{\"@type\":\"ListItem\",\"position\":2,\"name\":\"Products\",\"item\":\"https:\/\/bryk.com.pl\/sklep\/\"},{\"@type\":\"ListItem\",\"position\":3,\"name\":\"No\u017ce rowkuj\u0105ce D51\"}]},{\"@type\":\"WebSite\",\"@id\":\"https:\/\/bryk.com.pl\/#website\",\"url\":\"https:\/\/bryk.com.pl\/\",\"name\":\"BRYK - LEAVE A PRECISE MARK\",\"description\":\"Polski producent narz\u0119dzi\",\"potentialAction\":[{\"@type\":\"SearchAction\",\"target\":{\"@type\":\"EntryPoint\",\"urlTemplate\":\"https:\/\/bryk.com.pl\/?s={search_term_string}\"},\"query-input\":{\"@type\":\"PropertyValueSpecification\",\"valueRequired\":true,\"valueName\":\"search_term_string\"}}],\"inLanguage\":\"pl-PL\"}]}<\/script>\n<!-- \/ Yoast SEO plugin. -->","yoast_head_json":{"title":"No\u017ce rowkuj\u0105ce D51 - BRYK - LEAVE A PRECISE MARK","robots":{"index":"index","follow":"follow","max-snippet":"max-snippet:-1","max-image-preview":"max-image-preview:large","max-video-preview":"max-video-preview:-1"},"canonical":"https:\/\/bryk.com.pl\/?product=1167","og_locale":"pl_PL","og_type":"article","og_title":"No\u017ce rowkuj\u0105ce D51 - BRYK - LEAVE A PRECISE MARK","og_description":"Po\u015br\u00f3d wszystkich narz\u0119dzi naszej firmy odnale\u017a\u0107 mo\u017cna niezwykle precyzyjne no\u017ce rowkuj\u0105ce. Zakres szeroko\u015bci cz\u0119\u015bci skrawaj\u0105cej to od 2 do 8 milimetr\u00f3w. Wysoka dok\u0142adno\u015b\u0107 skrawania mo\u017ce by\u0107 uzyskana m.in. dzi\u0119ki wykonaniu w ca\u0142o\u015bci korpusu narz\u0119dzia z VHM, kt\u00f3ry zapewni wysok\u0105 sztywno\u015b\u0107 konstrukcji. Podstawowe zastosowanie no\u017cy z grupy to rowkowanie t\u0142ok\u00f3w aluminiowych, oraz w wielu innych operacjach rowkowania w metalach nie\u017celaznych i ich stopach. No\u017ce wykonywane s\u0105 na specjalne zam\u00f3wienie.","og_url":"https:\/\/bryk.com.pl\/?product=1167","og_site_name":"BRYK - LEAVE A PRECISE MARK","article_publisher":"https:\/\/www.facebook.com\/ppuhbryk\/","article_modified_time":"2019-12-10T09:35:31+00:00","og_image":[{"width":427,"height":569,"url":"https:\/\/bryk.com.pl\/wp-content\/uploads\/2018\/03\/No\u017ce-rowkuj\u0105ce-D51-_WYMIANA_.jpg","type":"image\/jpeg"}],"twitter_card":"summary_large_image","schema":{"@context":"https:\/\/schema.org","@graph":[{"@type":"WebPage","@id":"https:\/\/bryk.com.pl\/?product=1167","url":"https:\/\/bryk.com.pl\/?product=1167","name":"No\u017ce rowkuj\u0105ce D51 - BRYK - LEAVE A PRECISE MARK","isPartOf":{"@id":"https:\/\/bryk.com.pl\/#website"},"primaryImageOfPage":{"@id":"https:\/\/bryk.com.pl\/?product=1167#primaryimage"},"image":{"@id":"https:\/\/bryk.com.pl\/?product=1167#primaryimage"},"thumbnailUrl":"https:\/\/bryk.com.pl\/wp-content\/uploads\/2018\/03\/No\u017ce-rowkuj\u0105ce-D51-_WYMIANA_.jpg","datePublished":"2018-03-30T18:25:02+00:00","dateModified":"2019-12-10T09:35:31+00:00","breadcrumb":{"@id":"https:\/\/bryk.com.pl\/?product=1167#breadcrumb"},"inLanguage":"pl-PL","potentialAction":[{"@type":"ReadAction","target":["https:\/\/bryk.com.pl\/?product=1167"]}]},{"@type":"ImageObject","inLanguage":"pl-PL","@id":"https:\/\/bryk.com.pl\/?product=1167#primaryimage","url":"https:\/\/bryk.com.pl\/wp-content\/uploads\/2018\/03\/No\u017ce-rowkuj\u0105ce-D51-_WYMIANA_.jpg","contentUrl":"https:\/\/bryk.com.pl\/wp-content\/uploads\/2018\/03\/No\u017ce-rowkuj\u0105ce-D51-_WYMIANA_.jpg","width":427,"height":569,"caption":"No\u017ce rowkuj\u0105ce D51 _WYMIANA_"},{"@type":"BreadcrumbList","@id":"https:\/\/bryk.com.pl\/?product=1167#breadcrumb","itemListElement":[{"@type":"ListItem","position":1,"name":"Strona g\u0142\u00f3wna","item":"https:\/\/bryk.com.pl\/"},{"@type":"ListItem","position":2,"name":"Products","item":"https:\/\/bryk.com.pl\/sklep\/"},{"@type":"ListItem","position":3,"name":"No\u017ce rowkuj\u0105ce D51"}]},{"@type":"WebSite","@id":"https:\/\/bryk.com.pl\/#website","url":"https:\/\/bryk.com.pl\/","name":"BRYK - LEAVE A PRECISE MARK","description":"Polski producent narz\u0119dzi","potentialAction":[{"@type":"SearchAction","target":{"@type":"EntryPoint","urlTemplate":"https:\/\/bryk.com.pl\/?s={search_term_string}"},"query-input":{"@type":"PropertyValueSpecification","valueRequired":true,"valueName":"search_term_string"}}],"inLanguage":"pl-PL"}]}},"_links":{"self":[{"href":"https:\/\/bryk.com.pl\/index.php?rest_route=\/wp\/v2\/product\/1167","targetHints":{"allow":["GET"]}}],"collection":[{"href":"https:\/\/bryk.com.pl\/index.php?rest_route=\/wp\/v2\/product"}],"about":[{"href":"https:\/\/bryk.com.pl\/index.php?rest_route=\/wp\/v2\/types\/product"}],"wp:featuredmedia":[{"embeddable":true,"href":"https:\/\/bryk.com.pl\/index.php?rest_route=\/wp\/v2\/media\/2547"}],"wp:attachment":[{"href":"https:\/\/bryk.com.pl\/index.php?rest_route=%2Fwp%2Fv2%2Fmedia&parent=1167"}],"wp:term":[{"taxonomy":"product_brand","embeddable":true,"href":"https:\/\/bryk.com.pl\/index.php?rest_route=%2Fwp%2Fv2%2Fproduct_brand&post=1167"},{"taxonomy":"product_cat","embeddable":true,"href":"https:\/\/bryk.com.pl\/index.php?rest_route=%2Fwp%2Fv2%2Fproduct_cat&post=1167"},{"taxonomy":"product_tag","embeddable":true,"href":"https:\/\/bryk.com.pl\/index.php?rest_route=%2Fwp%2Fv2%2Fproduct_tag&post=1167"}],"curies":[{"name":"wp","href":"https:\/\/api.w.org\/{rel}","templated":true}]}}