{"id":1178,"date":"2018-03-30T20:40:37","date_gmt":"2018-03-30T18:40:37","guid":{"rendered":"http:\/\/bryk.com.pl\/?post_type=product&#038;p=1178"},"modified":"2019-12-10T10:31:36","modified_gmt":"2019-12-10T09:31:36","slug":"1178","status":"publish","type":"product","link":"https:\/\/bryk.com.pl?product=1178","title":{"rendered":"Oprawki maszynowe do narz\u0119dzi rotacyjnych"},"content":{"rendered":"","protected":false},"excerpt":{"rendered":"<p>W ofercie firmy BRYK dost\u0119pna jest r\u00f3wnie\u017c ca\u0142a paleta oprawek dedykowanych do narz\u0119dzi rotacyjnych. Oprawki oferowane s\u0105 w zale\u017cno\u015bci od rodzaju mocowania w maszynie, czyli kolejno HSK (DIN 69893), SK (DIN69871), SK (DIN2080) oraz MAS BT. Ka\u017cda z powy\u017cszych grup dost\u0119pna jest ze wzgl\u0119du na spos\u00f3b mocowania narz\u0119dzia w oprawce. Narz\u0119dzia mocowane w oprawce typu ER, Weldon, Hydro oraz Thermo. W zale\u017cno\u015bci od potrzeb klienta, istnieje mo\u017cliwo\u015b\u0107 wykonania pe\u0142nej us\u0142ugi polegaj\u0105cej na produkcji narz\u0119dzia, doborze oprawki, nast\u0119pnie osadzeniu narz\u0119dzia w oprawce, wywa\u017ceniu i przekazaniu do klienta kompletnego zestawu z protoko\u0142em pomiarowym.<\/p>\n","protected":false},"featured_media":1251,"template":"","meta":[],"product_brand":[],"product_cat":[196],"product_tag":[],"class_list":{"0":"post-1178","1":"product","2":"type-product","3":"status-publish","4":"has-post-thumbnail","6":"product_cat-oprawki-maszynowe-do-narzedzi-rotacyjnych","8":"first","9":"instock","10":"shipping-taxable","11":"product-type-simple"},"yoast_head":"<!-- This site is optimized with the Yoast SEO plugin v24.5 - https:\/\/yoast.com\/wordpress\/plugins\/seo\/ -->\n<title>Oprawki maszynowe do narz\u0119dzi rotacyjnych - BRYK - LEAVE A PRECISE MARK<\/title>\n<meta name=\"robots\" content=\"index, follow, max-snippet:-1, max-image-preview:large, max-video-preview:-1\" \/>\n<link rel=\"canonical\" href=\"https:\/\/bryk.com.pl\/?product=1178\" \/>\n<meta property=\"og:locale\" content=\"pl_PL\" \/>\n<meta property=\"og:type\" content=\"article\" \/>\n<meta property=\"og:title\" content=\"Oprawki maszynowe do narz\u0119dzi rotacyjnych - BRYK - LEAVE A PRECISE MARK\" \/>\n<meta property=\"og:description\" content=\"W ofercie firmy BRYK dost\u0119pna jest r\u00f3wnie\u017c ca\u0142a paleta oprawek dedykowanych do narz\u0119dzi rotacyjnych. Oprawki oferowane s\u0105 w zale\u017cno\u015bci od rodzaju mocowania w maszynie, czyli kolejno HSK (DIN 69893), SK (DIN69871), SK (DIN2080) oraz MAS BT. Ka\u017cda z powy\u017cszych grup dost\u0119pna jest ze wzgl\u0119du na spos\u00f3b mocowania narz\u0119dzia w oprawce. Narz\u0119dzia mocowane w oprawce typu ER, Weldon, Hydro oraz Thermo. W zale\u017cno\u015bci od potrzeb klienta, istnieje mo\u017cliwo\u015b\u0107 wykonania pe\u0142nej us\u0142ugi polegaj\u0105cej na produkcji narz\u0119dzia, doborze oprawki, nast\u0119pnie osadzeniu narz\u0119dzia w oprawce, wywa\u017ceniu i przekazaniu do klienta kompletnego zestawu z protoko\u0142em pomiarowym.\" \/>\n<meta property=\"og:url\" content=\"https:\/\/bryk.com.pl\/?product=1178\" \/>\n<meta property=\"og:site_name\" content=\"BRYK - LEAVE A PRECISE MARK\" \/>\n<meta property=\"article:publisher\" content=\"https:\/\/www.facebook.com\/ppuhbryk\/\" \/>\n<meta property=\"article:modified_time\" content=\"2019-12-10T09:31:36+00:00\" \/>\n<meta property=\"og:image\" content=\"https:\/\/bryk.com.pl\/wp-content\/uploads\/2018\/03\/14.jpg\" \/>\n\t<meta property=\"og:image:width\" content=\"346\" \/>\n\t<meta property=\"og:image:height\" content=\"517\" \/>\n\t<meta property=\"og:image:type\" content=\"image\/jpeg\" \/>\n<meta name=\"twitter:card\" content=\"summary_large_image\" \/>\n<script type=\"application\/ld+json\" class=\"yoast-schema-graph\">{\"@context\":\"https:\/\/schema.org\",\"@graph\":[{\"@type\":\"WebPage\",\"@id\":\"https:\/\/bryk.com.pl\/?product=1178\",\"url\":\"https:\/\/bryk.com.pl\/?product=1178\",\"name\":\"Oprawki maszynowe do narz\u0119dzi rotacyjnych - BRYK - LEAVE A PRECISE MARK\",\"isPartOf\":{\"@id\":\"https:\/\/bryk.com.pl\/#website\"},\"primaryImageOfPage\":{\"@id\":\"https:\/\/bryk.com.pl\/?product=1178#primaryimage\"},\"image\":{\"@id\":\"https:\/\/bryk.com.pl\/?product=1178#primaryimage\"},\"thumbnailUrl\":\"https:\/\/bryk.com.pl\/wp-content\/uploads\/2018\/03\/14.jpg\",\"datePublished\":\"2018-03-30T18:40:37+00:00\",\"dateModified\":\"2019-12-10T09:31:36+00:00\",\"breadcrumb\":{\"@id\":\"https:\/\/bryk.com.pl\/?product=1178#breadcrumb\"},\"inLanguage\":\"pl-PL\",\"potentialAction\":[{\"@type\":\"ReadAction\",\"target\":[\"https:\/\/bryk.com.pl\/?product=1178\"]}]},{\"@type\":\"ImageObject\",\"inLanguage\":\"pl-PL\",\"@id\":\"https:\/\/bryk.com.pl\/?product=1178#primaryimage\",\"url\":\"https:\/\/bryk.com.pl\/wp-content\/uploads\/2018\/03\/14.jpg\",\"contentUrl\":\"https:\/\/bryk.com.pl\/wp-content\/uploads\/2018\/03\/14.jpg\",\"width\":346,\"height\":517,\"caption\":\"14\"},{\"@type\":\"BreadcrumbList\",\"@id\":\"https:\/\/bryk.com.pl\/?product=1178#breadcrumb\",\"itemListElement\":[{\"@type\":\"ListItem\",\"position\":1,\"name\":\"Strona g\u0142\u00f3wna\",\"item\":\"https:\/\/bryk.com.pl\/\"},{\"@type\":\"ListItem\",\"position\":2,\"name\":\"Products\",\"item\":\"https:\/\/bryk.com.pl\/sklep\/\"},{\"@type\":\"ListItem\",\"position\":3,\"name\":\"Oprawki maszynowe do narz\u0119dzi rotacyjnych\"}]},{\"@type\":\"WebSite\",\"@id\":\"https:\/\/bryk.com.pl\/#website\",\"url\":\"https:\/\/bryk.com.pl\/\",\"name\":\"BRYK - LEAVE A PRECISE MARK\",\"description\":\"Polski producent narz\u0119dzi\",\"potentialAction\":[{\"@type\":\"SearchAction\",\"target\":{\"@type\":\"EntryPoint\",\"urlTemplate\":\"https:\/\/bryk.com.pl\/?s={search_term_string}\"},\"query-input\":{\"@type\":\"PropertyValueSpecification\",\"valueRequired\":true,\"valueName\":\"search_term_string\"}}],\"inLanguage\":\"pl-PL\"}]}<\/script>\n<!-- \/ Yoast SEO plugin. -->","yoast_head_json":{"title":"Oprawki maszynowe do narz\u0119dzi rotacyjnych - BRYK - LEAVE A PRECISE MARK","robots":{"index":"index","follow":"follow","max-snippet":"max-snippet:-1","max-image-preview":"max-image-preview:large","max-video-preview":"max-video-preview:-1"},"canonical":"https:\/\/bryk.com.pl\/?product=1178","og_locale":"pl_PL","og_type":"article","og_title":"Oprawki maszynowe do narz\u0119dzi rotacyjnych - BRYK - LEAVE A PRECISE MARK","og_description":"W ofercie firmy BRYK dost\u0119pna jest r\u00f3wnie\u017c ca\u0142a paleta oprawek dedykowanych do narz\u0119dzi rotacyjnych. Oprawki oferowane s\u0105 w zale\u017cno\u015bci od rodzaju mocowania w maszynie, czyli kolejno HSK (DIN 69893), SK (DIN69871), SK (DIN2080) oraz MAS BT. Ka\u017cda z powy\u017cszych grup dost\u0119pna jest ze wzgl\u0119du na spos\u00f3b mocowania narz\u0119dzia w oprawce. Narz\u0119dzia mocowane w oprawce typu ER, Weldon, Hydro oraz Thermo. W zale\u017cno\u015bci od potrzeb klienta, istnieje mo\u017cliwo\u015b\u0107 wykonania pe\u0142nej us\u0142ugi polegaj\u0105cej na produkcji narz\u0119dzia, doborze oprawki, nast\u0119pnie osadzeniu narz\u0119dzia w oprawce, wywa\u017ceniu i przekazaniu do klienta kompletnego zestawu z protoko\u0142em pomiarowym.","og_url":"https:\/\/bryk.com.pl\/?product=1178","og_site_name":"BRYK - LEAVE A PRECISE MARK","article_publisher":"https:\/\/www.facebook.com\/ppuhbryk\/","article_modified_time":"2019-12-10T09:31:36+00:00","og_image":[{"width":346,"height":517,"url":"https:\/\/bryk.com.pl\/wp-content\/uploads\/2018\/03\/14.jpg","type":"image\/jpeg"}],"twitter_card":"summary_large_image","schema":{"@context":"https:\/\/schema.org","@graph":[{"@type":"WebPage","@id":"https:\/\/bryk.com.pl\/?product=1178","url":"https:\/\/bryk.com.pl\/?product=1178","name":"Oprawki maszynowe do narz\u0119dzi rotacyjnych - BRYK - LEAVE A PRECISE MARK","isPartOf":{"@id":"https:\/\/bryk.com.pl\/#website"},"primaryImageOfPage":{"@id":"https:\/\/bryk.com.pl\/?product=1178#primaryimage"},"image":{"@id":"https:\/\/bryk.com.pl\/?product=1178#primaryimage"},"thumbnailUrl":"https:\/\/bryk.com.pl\/wp-content\/uploads\/2018\/03\/14.jpg","datePublished":"2018-03-30T18:40:37+00:00","dateModified":"2019-12-10T09:31:36+00:00","breadcrumb":{"@id":"https:\/\/bryk.com.pl\/?product=1178#breadcrumb"},"inLanguage":"pl-PL","potentialAction":[{"@type":"ReadAction","target":["https:\/\/bryk.com.pl\/?product=1178"]}]},{"@type":"ImageObject","inLanguage":"pl-PL","@id":"https:\/\/bryk.com.pl\/?product=1178#primaryimage","url":"https:\/\/bryk.com.pl\/wp-content\/uploads\/2018\/03\/14.jpg","contentUrl":"https:\/\/bryk.com.pl\/wp-content\/uploads\/2018\/03\/14.jpg","width":346,"height":517,"caption":"14"},{"@type":"BreadcrumbList","@id":"https:\/\/bryk.com.pl\/?product=1178#breadcrumb","itemListElement":[{"@type":"ListItem","position":1,"name":"Strona g\u0142\u00f3wna","item":"https:\/\/bryk.com.pl\/"},{"@type":"ListItem","position":2,"name":"Products","item":"https:\/\/bryk.com.pl\/sklep\/"},{"@type":"ListItem","position":3,"name":"Oprawki maszynowe do narz\u0119dzi rotacyjnych"}]},{"@type":"WebSite","@id":"https:\/\/bryk.com.pl\/#website","url":"https:\/\/bryk.com.pl\/","name":"BRYK - LEAVE A PRECISE MARK","description":"Polski producent narz\u0119dzi","potentialAction":[{"@type":"SearchAction","target":{"@type":"EntryPoint","urlTemplate":"https:\/\/bryk.com.pl\/?s={search_term_string}"},"query-input":{"@type":"PropertyValueSpecification","valueRequired":true,"valueName":"search_term_string"}}],"inLanguage":"pl-PL"}]}},"_links":{"self":[{"href":"https:\/\/bryk.com.pl\/index.php?rest_route=\/wp\/v2\/product\/1178","targetHints":{"allow":["GET"]}}],"collection":[{"href":"https:\/\/bryk.com.pl\/index.php?rest_route=\/wp\/v2\/product"}],"about":[{"href":"https:\/\/bryk.com.pl\/index.php?rest_route=\/wp\/v2\/types\/product"}],"wp:featuredmedia":[{"embeddable":true,"href":"https:\/\/bryk.com.pl\/index.php?rest_route=\/wp\/v2\/media\/1251"}],"wp:attachment":[{"href":"https:\/\/bryk.com.pl\/index.php?rest_route=%2Fwp%2Fv2%2Fmedia&parent=1178"}],"wp:term":[{"taxonomy":"product_brand","embeddable":true,"href":"https:\/\/bryk.com.pl\/index.php?rest_route=%2Fwp%2Fv2%2Fproduct_brand&post=1178"},{"taxonomy":"product_cat","embeddable":true,"href":"https:\/\/bryk.com.pl\/index.php?rest_route=%2Fwp%2Fv2%2Fproduct_cat&post=1178"},{"taxonomy":"product_tag","embeddable":true,"href":"https:\/\/bryk.com.pl\/index.php?rest_route=%2Fwp%2Fv2%2Fproduct_tag&post=1178"}],"curies":[{"name":"wp","href":"https:\/\/api.w.org\/{rel}","templated":true}]}}