{"id":1224,"date":"2018-03-31T17:59:02","date_gmt":"2018-03-31T15:59:02","guid":{"rendered":"http:\/\/bryk.com.pl\/?post_type=product&#038;p=1224"},"modified":"2019-12-10T10:30:54","modified_gmt":"2019-12-10T09:30:54","slug":"1224","status":"publish","type":"product","link":"https:\/\/bryk.com.pl?product=1224","title":{"rendered":"Fazowniki"},"content":{"rendered":"","protected":false},"excerpt":{"rendered":"<p>Narz\u0119dzia dedykowane do operacji fazowania b\u0105d\u017a zat\u0119pienia kraw\u0119dzi. Fazowniki standardowo dost\u0119pne s\u0105 w trzech wymiarach k\u0105ta wierzcho\u0142kowego, 60\u02da, 90\u02da i 120\u02da. Podane wymiary, d\u0142ugo\u015bci fazownik\u00f3w mog\u0105 by\u0107 modyfikowane.<\/p>\n<table class=\"table table-bordered extracted-data\">\n<tbody>\n<tr>\n<td>d2<\/td>\n<td>L<\/td>\n<td>L1<\/td>\n<td><\/td>\n<td>z<\/td>\n<td>NR KAT.<\/td>\n<\/tr>\n<tr>\n<td>6<\/td>\n<td>55<\/td>\n<td>18<\/td>\n<td>60 \u030a<\/td>\n<td>4<\/td>\n<td>WN4010600000<\/td>\n<\/tr>\n<tr>\n<td>6<\/td>\n<td>55<\/td>\n<td>18<\/td>\n<td>90 \u030a<\/td>\n<td>4<\/td>\n<td>WN4010600100<\/td>\n<\/tr>\n<tr>\n<td>6<\/td>\n<td>55<\/td>\n<td>18<\/td>\n<td>120 \u030a<\/td>\n<td>4<\/td>\n<td>WN4010600200<\/td>\n<\/tr>\n<tr>\n<td>8<\/td>\n<td>65<\/td>\n<td>23<\/td>\n<td>60 \u030a<\/td>\n<td>4<\/td>\n<td>WN4010800000<\/td>\n<\/tr>\n<tr>\n<td>8<\/td>\n<td>65<\/td>\n<td>23<\/td>\n<td>90 \u030a<\/td>\n<td>4<\/td>\n<td>WN4010800100<\/td>\n<\/tr>\n<tr>\n<td>8<\/td>\n<td>65<\/td>\n<td>23<\/td>\n<td>120 \u030a<\/td>\n<td>4<\/td>\n<td>WN4010800200<\/td>\n<\/tr>\n<tr>\n<td>10<\/td>\n<td>65<\/td>\n<td>20<\/td>\n<td>60 \u030a<\/td>\n<td>4<\/td>\n<td>WN4011000000<\/td>\n<\/tr>\n<tr>\n<td>10<\/td>\n<td>65<\/td>\n<td>20<\/td>\n<td>90 \u030a<\/td>\n<td>4<\/td>\n<td>WN4011000100<\/td>\n<\/tr>\n<tr>\n<td>10<\/td>\n<td>65<\/td>\n<td>20<\/td>\n<td>120 \u030a<\/td>\n<td>4<\/td>\n<td>WN4011000200<\/td>\n<\/tr>\n<tr>\n<td>12<\/td>\n<td>82<\/td>\n<td>25<\/td>\n<td>60 \u030a<\/td>\n<td>4<\/td>\n<td>WN4011200000<\/td>\n<\/tr>\n<tr>\n<td>12<\/td>\n<td>82<\/td>\n<td>25<\/td>\n<td>90 \u030a<\/td>\n<td>4<\/td>\n<td>WN4011200100<\/td>\n<\/tr>\n<tr>\n<td>12<\/td>\n<td>82<\/td>\n<td>25<\/td>\n<td>120 \u030a<\/td>\n<td>4<\/td>\n<td>WN4011200200<\/td>\n<\/tr>\n<tr>\n<td>16<\/td>\n<td>82<\/td>\n<td>25<\/td>\n<td>60 \u030a<\/td>\n<td>4<\/td>\n<td>WN4011600000<\/td>\n<\/tr>\n<tr>\n<td>16<\/td>\n<td>82<\/td>\n<td>25<\/td>\n<td>90 \u030a<\/td>\n<td>4<\/td>\n<td>WN4011600100<\/td>\n<\/tr>\n<tr>\n<td>16<\/td>\n<td>82<\/td>\n<td>25<\/td>\n<td>120 \u030a<\/td>\n<td>4<\/td>\n<td>WN4011600200<\/td>\n<\/tr>\n<\/tbody>\n<\/table>\n<p><img decoding=\"async\" class=\"alignnone size-full wp-image-1636\" src=\"http:\/\/bryk.com.pl\/wp-content\/uploads\/2018\/03\/8_1-2.jpg\" alt=\"\" width=\"295\" height=\"94\" \/><\/p>\n","protected":false},"featured_media":2573,"template":"","meta":[],"product_brand":[],"product_cat":[92],"product_tag":[],"class_list":{"0":"post-1224","1":"product","2":"type-product","3":"status-publish","4":"has-post-thumbnail","6":"product_cat-narzedzia-do-aluminium-i-materialow-niezelaznych","8":"first","9":"instock","10":"shipping-taxable","11":"product-type-simple"},"yoast_head":"<!-- This site is optimized with the Yoast SEO plugin v24.5 - https:\/\/yoast.com\/wordpress\/plugins\/seo\/ -->\n<title>Fazowniki - BRYK - LEAVE A PRECISE MARK<\/title>\n<meta name=\"robots\" content=\"index, follow, max-snippet:-1, max-image-preview:large, max-video-preview:-1\" \/>\n<link rel=\"canonical\" href=\"https:\/\/bryk.com.pl\/?product=1224\" \/>\n<meta property=\"og:locale\" content=\"pl_PL\" \/>\n<meta property=\"og:type\" content=\"article\" \/>\n<meta property=\"og:title\" content=\"Fazowniki - BRYK - LEAVE A PRECISE MARK\" \/>\n<meta property=\"og:description\" content=\"Narz\u0119dzia dedykowane do operacji fazowania b\u0105d\u017a zat\u0119pienia kraw\u0119dzi. Fazowniki standardowo dost\u0119pne s\u0105 w trzech wymiarach k\u0105ta wierzcho\u0142kowego, 60\u02da, 90\u02da i 120\u02da. Podane wymiary, d\u0142ugo\u015bci fazownik\u00f3w mog\u0105 by\u0107 modyfikowane.    d2 L L1  z NR KAT.   6 55 18 60 \u030a 4 WN4010600000   6 55 18 90 \u030a 4 WN4010600100   6 55 18 120 \u030a 4 WN4010600200   8 65 23 60 \u030a 4 WN4010800000   8 65 23 90 \u030a 4 WN4010800100   8 65 23 120 \u030a 4 WN4010800200   10 65 20 60 \u030a 4 WN4011000000   10 65 20 90 \u030a 4 WN4011000100   10 65 20 120 \u030a 4 WN4011000200   12 82 25 60 \u030a 4 WN4011200000   12 82 25 90 \u030a 4 WN4011200100   12 82 25 120 \u030a 4 WN4011200200   16 82 25 60 \u030a 4 WN4011600000   16 82 25 90 \u030a 4 WN4011600100   16 82 25 120 \u030a 4 WN4011600200\" \/>\n<meta property=\"og:url\" content=\"https:\/\/bryk.com.pl\/?product=1224\" \/>\n<meta property=\"og:site_name\" content=\"BRYK - LEAVE A PRECISE MARK\" \/>\n<meta property=\"article:publisher\" content=\"https:\/\/www.facebook.com\/ppuhbryk\/\" \/>\n<meta property=\"article:modified_time\" content=\"2019-12-10T09:30:54+00:00\" \/>\n<meta property=\"og:image\" content=\"https:\/\/bryk.com.pl\/wp-content\/uploads\/2018\/03\/Fazowniki.jpg\" \/>\n\t<meta property=\"og:image:width\" content=\"2500\" \/>\n\t<meta property=\"og:image:height\" content=\"2500\" \/>\n\t<meta property=\"og:image:type\" content=\"image\/jpeg\" \/>\n<meta name=\"twitter:card\" content=\"summary_large_image\" \/>\n<script type=\"application\/ld+json\" class=\"yoast-schema-graph\">{\"@context\":\"https:\/\/schema.org\",\"@graph\":[{\"@type\":\"WebPage\",\"@id\":\"https:\/\/bryk.com.pl\/?product=1224\",\"url\":\"https:\/\/bryk.com.pl\/?product=1224\",\"name\":\"Fazowniki - BRYK - LEAVE A PRECISE MARK\",\"isPartOf\":{\"@id\":\"https:\/\/bryk.com.pl\/#website\"},\"primaryImageOfPage\":{\"@id\":\"https:\/\/bryk.com.pl\/?product=1224#primaryimage\"},\"image\":{\"@id\":\"https:\/\/bryk.com.pl\/?product=1224#primaryimage\"},\"thumbnailUrl\":\"https:\/\/bryk.com.pl\/wp-content\/uploads\/2018\/03\/Fazowniki.jpg\",\"datePublished\":\"2018-03-31T15:59:02+00:00\",\"dateModified\":\"2019-12-10T09:30:54+00:00\",\"breadcrumb\":{\"@id\":\"https:\/\/bryk.com.pl\/?product=1224#breadcrumb\"},\"inLanguage\":\"pl-PL\",\"potentialAction\":[{\"@type\":\"ReadAction\",\"target\":[\"https:\/\/bryk.com.pl\/?product=1224\"]}]},{\"@type\":\"ImageObject\",\"inLanguage\":\"pl-PL\",\"@id\":\"https:\/\/bryk.com.pl\/?product=1224#primaryimage\",\"url\":\"https:\/\/bryk.com.pl\/wp-content\/uploads\/2018\/03\/Fazowniki.jpg\",\"contentUrl\":\"https:\/\/bryk.com.pl\/wp-content\/uploads\/2018\/03\/Fazowniki.jpg\",\"width\":2500,\"height\":2500,\"caption\":\"Fazowniki\"},{\"@type\":\"BreadcrumbList\",\"@id\":\"https:\/\/bryk.com.pl\/?product=1224#breadcrumb\",\"itemListElement\":[{\"@type\":\"ListItem\",\"position\":1,\"name\":\"Strona g\u0142\u00f3wna\",\"item\":\"https:\/\/bryk.com.pl\/\"},{\"@type\":\"ListItem\",\"position\":2,\"name\":\"Products\",\"item\":\"https:\/\/bryk.com.pl\/sklep\/\"},{\"@type\":\"ListItem\",\"position\":3,\"name\":\"Fazowniki\"}]},{\"@type\":\"WebSite\",\"@id\":\"https:\/\/bryk.com.pl\/#website\",\"url\":\"https:\/\/bryk.com.pl\/\",\"name\":\"BRYK - LEAVE A PRECISE MARK\",\"description\":\"Polski producent narz\u0119dzi\",\"potentialAction\":[{\"@type\":\"SearchAction\",\"target\":{\"@type\":\"EntryPoint\",\"urlTemplate\":\"https:\/\/bryk.com.pl\/?s={search_term_string}\"},\"query-input\":{\"@type\":\"PropertyValueSpecification\",\"valueRequired\":true,\"valueName\":\"search_term_string\"}}],\"inLanguage\":\"pl-PL\"}]}<\/script>\n<!-- \/ Yoast SEO plugin. -->","yoast_head_json":{"title":"Fazowniki - BRYK - LEAVE A PRECISE MARK","robots":{"index":"index","follow":"follow","max-snippet":"max-snippet:-1","max-image-preview":"max-image-preview:large","max-video-preview":"max-video-preview:-1"},"canonical":"https:\/\/bryk.com.pl\/?product=1224","og_locale":"pl_PL","og_type":"article","og_title":"Fazowniki - BRYK - LEAVE A PRECISE MARK","og_description":"Narz\u0119dzia dedykowane do operacji fazowania b\u0105d\u017a zat\u0119pienia kraw\u0119dzi. Fazowniki standardowo dost\u0119pne s\u0105 w trzech wymiarach k\u0105ta wierzcho\u0142kowego, 60\u02da, 90\u02da i 120\u02da. Podane wymiary, d\u0142ugo\u015bci fazownik\u00f3w mog\u0105 by\u0107 modyfikowane.    d2 L L1  z NR KAT.   6 55 18 60 \u030a 4 WN4010600000   6 55 18 90 \u030a 4 WN4010600100   6 55 18 120 \u030a 4 WN4010600200   8 65 23 60 \u030a 4 WN4010800000   8 65 23 90 \u030a 4 WN4010800100   8 65 23 120 \u030a 4 WN4010800200   10 65 20 60 \u030a 4 WN4011000000   10 65 20 90 \u030a 4 WN4011000100   10 65 20 120 \u030a 4 WN4011000200   12 82 25 60 \u030a 4 WN4011200000   12 82 25 90 \u030a 4 WN4011200100   12 82 25 120 \u030a 4 WN4011200200   16 82 25 60 \u030a 4 WN4011600000   16 82 25 90 \u030a 4 WN4011600100   16 82 25 120 \u030a 4 WN4011600200","og_url":"https:\/\/bryk.com.pl\/?product=1224","og_site_name":"BRYK - LEAVE A PRECISE MARK","article_publisher":"https:\/\/www.facebook.com\/ppuhbryk\/","article_modified_time":"2019-12-10T09:30:54+00:00","og_image":[{"width":2500,"height":2500,"url":"https:\/\/bryk.com.pl\/wp-content\/uploads\/2018\/03\/Fazowniki.jpg","type":"image\/jpeg"}],"twitter_card":"summary_large_image","schema":{"@context":"https:\/\/schema.org","@graph":[{"@type":"WebPage","@id":"https:\/\/bryk.com.pl\/?product=1224","url":"https:\/\/bryk.com.pl\/?product=1224","name":"Fazowniki - BRYK - LEAVE A PRECISE MARK","isPartOf":{"@id":"https:\/\/bryk.com.pl\/#website"},"primaryImageOfPage":{"@id":"https:\/\/bryk.com.pl\/?product=1224#primaryimage"},"image":{"@id":"https:\/\/bryk.com.pl\/?product=1224#primaryimage"},"thumbnailUrl":"https:\/\/bryk.com.pl\/wp-content\/uploads\/2018\/03\/Fazowniki.jpg","datePublished":"2018-03-31T15:59:02+00:00","dateModified":"2019-12-10T09:30:54+00:00","breadcrumb":{"@id":"https:\/\/bryk.com.pl\/?product=1224#breadcrumb"},"inLanguage":"pl-PL","potentialAction":[{"@type":"ReadAction","target":["https:\/\/bryk.com.pl\/?product=1224"]}]},{"@type":"ImageObject","inLanguage":"pl-PL","@id":"https:\/\/bryk.com.pl\/?product=1224#primaryimage","url":"https:\/\/bryk.com.pl\/wp-content\/uploads\/2018\/03\/Fazowniki.jpg","contentUrl":"https:\/\/bryk.com.pl\/wp-content\/uploads\/2018\/03\/Fazowniki.jpg","width":2500,"height":2500,"caption":"Fazowniki"},{"@type":"BreadcrumbList","@id":"https:\/\/bryk.com.pl\/?product=1224#breadcrumb","itemListElement":[{"@type":"ListItem","position":1,"name":"Strona g\u0142\u00f3wna","item":"https:\/\/bryk.com.pl\/"},{"@type":"ListItem","position":2,"name":"Products","item":"https:\/\/bryk.com.pl\/sklep\/"},{"@type":"ListItem","position":3,"name":"Fazowniki"}]},{"@type":"WebSite","@id":"https:\/\/bryk.com.pl\/#website","url":"https:\/\/bryk.com.pl\/","name":"BRYK - LEAVE A PRECISE MARK","description":"Polski producent narz\u0119dzi","potentialAction":[{"@type":"SearchAction","target":{"@type":"EntryPoint","urlTemplate":"https:\/\/bryk.com.pl\/?s={search_term_string}"},"query-input":{"@type":"PropertyValueSpecification","valueRequired":true,"valueName":"search_term_string"}}],"inLanguage":"pl-PL"}]}},"_links":{"self":[{"href":"https:\/\/bryk.com.pl\/index.php?rest_route=\/wp\/v2\/product\/1224","targetHints":{"allow":["GET"]}}],"collection":[{"href":"https:\/\/bryk.com.pl\/index.php?rest_route=\/wp\/v2\/product"}],"about":[{"href":"https:\/\/bryk.com.pl\/index.php?rest_route=\/wp\/v2\/types\/product"}],"wp:featuredmedia":[{"embeddable":true,"href":"https:\/\/bryk.com.pl\/index.php?rest_route=\/wp\/v2\/media\/2573"}],"wp:attachment":[{"href":"https:\/\/bryk.com.pl\/index.php?rest_route=%2Fwp%2Fv2%2Fmedia&parent=1224"}],"wp:term":[{"taxonomy":"product_brand","embeddable":true,"href":"https:\/\/bryk.com.pl\/index.php?rest_route=%2Fwp%2Fv2%2Fproduct_brand&post=1224"},{"taxonomy":"product_cat","embeddable":true,"href":"https:\/\/bryk.com.pl\/index.php?rest_route=%2Fwp%2Fv2%2Fproduct_cat&post=1224"},{"taxonomy":"product_tag","embeddable":true,"href":"https:\/\/bryk.com.pl\/index.php?rest_route=%2Fwp%2Fv2%2Fproduct_tag&post=1224"}],"curies":[{"name":"wp","href":"https:\/\/api.w.org\/{rel}","templated":true}]}}