{"id":1229,"date":"2018-03-31T17:59:12","date_gmt":"2018-03-31T15:59:12","guid":{"rendered":"http:\/\/bryk.com.pl\/?post_type=product&#038;p=1229"},"modified":"2019-12-04T10:42:31","modified_gmt":"2019-12-04T09:42:31","slug":"1229","status":"publish","type":"product","link":"https:\/\/bryk.com.pl?product=1229","title":{"rendered":"Frezy zgrubne"},"content":{"rendered":"","protected":false},"excerpt":{"rendered":"<p>Frezy dedykowane do obr\u00f3bki zgrubnej i p\u00f3\u0142wyka\u0144czaj\u0105cej. Specjalnie zaprojektowana geometria ostrza pozwala osi\u0105gn\u0105\u0107 bardzo dobre wyniki skrawania.<\/p>\n<table class=\"table table-bordered extracted-data\">\n<tbody>\n<tr>\n<td>d1<\/td>\n<td><\/td>\n<td>d2<\/td>\n<td>L<\/td>\n<td>ap<\/td>\n<td><\/td>\n<td>L1<\/td>\n<td>z<\/td>\n<td>NR KAT.<\/td>\n<\/tr>\n<tr>\n<td>8<\/td>\n<td><\/td>\n<td>8<\/td>\n<td>65<\/td>\n<td>22<\/td>\n<td><\/td>\n<td>26<\/td>\n<td>3<\/td>\n<td>WN1530800000<\/td>\n<\/tr>\n<tr>\n<td>10<\/td>\n<td><\/td>\n<td>10<\/td>\n<td>65<\/td>\n<td>22<\/td>\n<td><\/td>\n<td>30<\/td>\n<td>3<\/td>\n<td>WN1531000000<\/td>\n<\/tr>\n<tr>\n<td>12<\/td>\n<td><\/td>\n<td>12<\/td>\n<td>82<\/td>\n<td>26<\/td>\n<td><\/td>\n<td>36<\/td>\n<td>3<\/td>\n<td>WN1531200000<\/td>\n<\/tr>\n<tr>\n<td>16<\/td>\n<td><\/td>\n<td>16<\/td>\n<td>82<\/td>\n<td>36<\/td>\n<td><\/td>\n<td>40<\/td>\n<td>3<\/td>\n<td>WN1531600000<\/td>\n<\/tr>\n<tr>\n<td>20<\/td>\n<td><\/td>\n<td>20<\/td>\n<td>110<\/td>\n<td>40<\/td>\n<td><\/td>\n<td>52<\/td>\n<td>3<\/td>\n<td>WN1532000000<\/td>\n<\/tr>\n<\/tbody>\n<\/table>\n<p><img decoding=\"async\" class=\"alignnone size-full wp-image-1633\" src=\"http:\/\/bryk.com.pl\/wp-content\/uploads\/2018\/03\/5_1-1.jpg\" alt=\"\" width=\"296\" height=\"98\" \/><\/p>\n","protected":false},"featured_media":2563,"template":"","meta":[],"product_brand":[],"product_cat":[92],"product_tag":[],"class_list":{"0":"post-1229","1":"product","2":"type-product","3":"status-publish","4":"has-post-thumbnail","6":"product_cat-narzedzia-do-aluminium-i-materialow-niezelaznych","8":"first","9":"instock","10":"shipping-taxable","11":"product-type-simple"},"yoast_head":"<!-- This site is optimized with the Yoast SEO plugin v24.5 - https:\/\/yoast.com\/wordpress\/plugins\/seo\/ -->\n<title>Frezy zgrubne - BRYK - LEAVE A PRECISE MARK<\/title>\n<meta name=\"robots\" content=\"index, follow, max-snippet:-1, max-image-preview:large, max-video-preview:-1\" \/>\n<link rel=\"canonical\" href=\"https:\/\/bryk.com.pl\/?product=1229\" \/>\n<meta property=\"og:locale\" content=\"pl_PL\" \/>\n<meta property=\"og:type\" content=\"article\" \/>\n<meta property=\"og:title\" content=\"Frezy zgrubne - BRYK - LEAVE A PRECISE MARK\" \/>\n<meta property=\"og:description\" content=\"Frezy dedykowane do obr\u00f3bki zgrubnej i p\u00f3\u0142wyka\u0144czaj\u0105cej. Specjalnie zaprojektowana geometria ostrza pozwala osi\u0105gn\u0105\u0107 bardzo dobre wyniki skrawania.    d1  d2 L ap  L1 z NR KAT.   8  8 65 22  26 3 WN1530800000   10  10 65 22  30 3 WN1531000000   12  12 82 26  36 3 WN1531200000   16  16 82 36  40 3 WN1531600000   20  20 110 40  52 3 WN1532000000\" \/>\n<meta property=\"og:url\" content=\"https:\/\/bryk.com.pl\/?product=1229\" \/>\n<meta property=\"og:site_name\" content=\"BRYK - LEAVE A PRECISE MARK\" \/>\n<meta property=\"article:publisher\" content=\"https:\/\/www.facebook.com\/ppuhbryk\/\" \/>\n<meta property=\"article:modified_time\" content=\"2019-12-04T09:42:31+00:00\" \/>\n<meta property=\"og:image\" content=\"https:\/\/bryk.com.pl\/wp-content\/uploads\/2018\/03\/frezzgrubny.jpg\" \/>\n\t<meta property=\"og:image:width\" content=\"2500\" \/>\n\t<meta property=\"og:image:height\" content=\"2500\" \/>\n\t<meta property=\"og:image:type\" content=\"image\/jpeg\" \/>\n<meta name=\"twitter:card\" content=\"summary_large_image\" \/>\n<script type=\"application\/ld+json\" class=\"yoast-schema-graph\">{\"@context\":\"https:\/\/schema.org\",\"@graph\":[{\"@type\":\"WebPage\",\"@id\":\"https:\/\/bryk.com.pl\/?product=1229\",\"url\":\"https:\/\/bryk.com.pl\/?product=1229\",\"name\":\"Frezy zgrubne - BRYK - LEAVE A PRECISE MARK\",\"isPartOf\":{\"@id\":\"https:\/\/bryk.com.pl\/#website\"},\"primaryImageOfPage\":{\"@id\":\"https:\/\/bryk.com.pl\/?product=1229#primaryimage\"},\"image\":{\"@id\":\"https:\/\/bryk.com.pl\/?product=1229#primaryimage\"},\"thumbnailUrl\":\"https:\/\/bryk.com.pl\/wp-content\/uploads\/2018\/03\/frezzgrubny.jpg\",\"datePublished\":\"2018-03-31T15:59:12+00:00\",\"dateModified\":\"2019-12-04T09:42:31+00:00\",\"breadcrumb\":{\"@id\":\"https:\/\/bryk.com.pl\/?product=1229#breadcrumb\"},\"inLanguage\":\"pl-PL\",\"potentialAction\":[{\"@type\":\"ReadAction\",\"target\":[\"https:\/\/bryk.com.pl\/?product=1229\"]}]},{\"@type\":\"ImageObject\",\"inLanguage\":\"pl-PL\",\"@id\":\"https:\/\/bryk.com.pl\/?product=1229#primaryimage\",\"url\":\"https:\/\/bryk.com.pl\/wp-content\/uploads\/2018\/03\/frezzgrubny.jpg\",\"contentUrl\":\"https:\/\/bryk.com.pl\/wp-content\/uploads\/2018\/03\/frezzgrubny.jpg\",\"width\":2500,\"height\":2500,\"caption\":\"frezzgrubny\"},{\"@type\":\"BreadcrumbList\",\"@id\":\"https:\/\/bryk.com.pl\/?product=1229#breadcrumb\",\"itemListElement\":[{\"@type\":\"ListItem\",\"position\":1,\"name\":\"Strona g\u0142\u00f3wna\",\"item\":\"https:\/\/bryk.com.pl\/\"},{\"@type\":\"ListItem\",\"position\":2,\"name\":\"Products\",\"item\":\"https:\/\/bryk.com.pl\/sklep\/\"},{\"@type\":\"ListItem\",\"position\":3,\"name\":\"Frezy zgrubne\"}]},{\"@type\":\"WebSite\",\"@id\":\"https:\/\/bryk.com.pl\/#website\",\"url\":\"https:\/\/bryk.com.pl\/\",\"name\":\"BRYK - LEAVE A PRECISE MARK\",\"description\":\"Polski producent narz\u0119dzi\",\"potentialAction\":[{\"@type\":\"SearchAction\",\"target\":{\"@type\":\"EntryPoint\",\"urlTemplate\":\"https:\/\/bryk.com.pl\/?s={search_term_string}\"},\"query-input\":{\"@type\":\"PropertyValueSpecification\",\"valueRequired\":true,\"valueName\":\"search_term_string\"}}],\"inLanguage\":\"pl-PL\"}]}<\/script>\n<!-- \/ Yoast SEO plugin. -->","yoast_head_json":{"title":"Frezy zgrubne - BRYK - LEAVE A PRECISE MARK","robots":{"index":"index","follow":"follow","max-snippet":"max-snippet:-1","max-image-preview":"max-image-preview:large","max-video-preview":"max-video-preview:-1"},"canonical":"https:\/\/bryk.com.pl\/?product=1229","og_locale":"pl_PL","og_type":"article","og_title":"Frezy zgrubne - BRYK - LEAVE A PRECISE MARK","og_description":"Frezy dedykowane do obr\u00f3bki zgrubnej i p\u00f3\u0142wyka\u0144czaj\u0105cej. Specjalnie zaprojektowana geometria ostrza pozwala osi\u0105gn\u0105\u0107 bardzo dobre wyniki skrawania.    d1  d2 L ap  L1 z NR KAT.   8  8 65 22  26 3 WN1530800000   10  10 65 22  30 3 WN1531000000   12  12 82 26  36 3 WN1531200000   16  16 82 36  40 3 WN1531600000   20  20 110 40  52 3 WN1532000000","og_url":"https:\/\/bryk.com.pl\/?product=1229","og_site_name":"BRYK - LEAVE A PRECISE MARK","article_publisher":"https:\/\/www.facebook.com\/ppuhbryk\/","article_modified_time":"2019-12-04T09:42:31+00:00","og_image":[{"width":2500,"height":2500,"url":"https:\/\/bryk.com.pl\/wp-content\/uploads\/2018\/03\/frezzgrubny.jpg","type":"image\/jpeg"}],"twitter_card":"summary_large_image","schema":{"@context":"https:\/\/schema.org","@graph":[{"@type":"WebPage","@id":"https:\/\/bryk.com.pl\/?product=1229","url":"https:\/\/bryk.com.pl\/?product=1229","name":"Frezy zgrubne - BRYK - LEAVE A PRECISE MARK","isPartOf":{"@id":"https:\/\/bryk.com.pl\/#website"},"primaryImageOfPage":{"@id":"https:\/\/bryk.com.pl\/?product=1229#primaryimage"},"image":{"@id":"https:\/\/bryk.com.pl\/?product=1229#primaryimage"},"thumbnailUrl":"https:\/\/bryk.com.pl\/wp-content\/uploads\/2018\/03\/frezzgrubny.jpg","datePublished":"2018-03-31T15:59:12+00:00","dateModified":"2019-12-04T09:42:31+00:00","breadcrumb":{"@id":"https:\/\/bryk.com.pl\/?product=1229#breadcrumb"},"inLanguage":"pl-PL","potentialAction":[{"@type":"ReadAction","target":["https:\/\/bryk.com.pl\/?product=1229"]}]},{"@type":"ImageObject","inLanguage":"pl-PL","@id":"https:\/\/bryk.com.pl\/?product=1229#primaryimage","url":"https:\/\/bryk.com.pl\/wp-content\/uploads\/2018\/03\/frezzgrubny.jpg","contentUrl":"https:\/\/bryk.com.pl\/wp-content\/uploads\/2018\/03\/frezzgrubny.jpg","width":2500,"height":2500,"caption":"frezzgrubny"},{"@type":"BreadcrumbList","@id":"https:\/\/bryk.com.pl\/?product=1229#breadcrumb","itemListElement":[{"@type":"ListItem","position":1,"name":"Strona g\u0142\u00f3wna","item":"https:\/\/bryk.com.pl\/"},{"@type":"ListItem","position":2,"name":"Products","item":"https:\/\/bryk.com.pl\/sklep\/"},{"@type":"ListItem","position":3,"name":"Frezy zgrubne"}]},{"@type":"WebSite","@id":"https:\/\/bryk.com.pl\/#website","url":"https:\/\/bryk.com.pl\/","name":"BRYK - LEAVE A PRECISE MARK","description":"Polski producent narz\u0119dzi","potentialAction":[{"@type":"SearchAction","target":{"@type":"EntryPoint","urlTemplate":"https:\/\/bryk.com.pl\/?s={search_term_string}"},"query-input":{"@type":"PropertyValueSpecification","valueRequired":true,"valueName":"search_term_string"}}],"inLanguage":"pl-PL"}]}},"_links":{"self":[{"href":"https:\/\/bryk.com.pl\/index.php?rest_route=\/wp\/v2\/product\/1229","targetHints":{"allow":["GET"]}}],"collection":[{"href":"https:\/\/bryk.com.pl\/index.php?rest_route=\/wp\/v2\/product"}],"about":[{"href":"https:\/\/bryk.com.pl\/index.php?rest_route=\/wp\/v2\/types\/product"}],"wp:featuredmedia":[{"embeddable":true,"href":"https:\/\/bryk.com.pl\/index.php?rest_route=\/wp\/v2\/media\/2563"}],"wp:attachment":[{"href":"https:\/\/bryk.com.pl\/index.php?rest_route=%2Fwp%2Fv2%2Fmedia&parent=1229"}],"wp:term":[{"taxonomy":"product_brand","embeddable":true,"href":"https:\/\/bryk.com.pl\/index.php?rest_route=%2Fwp%2Fv2%2Fproduct_brand&post=1229"},{"taxonomy":"product_cat","embeddable":true,"href":"https:\/\/bryk.com.pl\/index.php?rest_route=%2Fwp%2Fv2%2Fproduct_cat&post=1229"},{"taxonomy":"product_tag","embeddable":true,"href":"https:\/\/bryk.com.pl\/index.php?rest_route=%2Fwp%2Fv2%2Fproduct_tag&post=1229"}],"curies":[{"name":"wp","href":"https:\/\/api.w.org\/{rel}","templated":true}]}}