{"id":1230,"date":"2018-03-31T17:59:14","date_gmt":"2018-03-31T15:59:14","guid":{"rendered":"http:\/\/bryk.com.pl\/?post_type=product&#038;p=1230"},"modified":"2020-02-25T12:35:37","modified_gmt":"2020-02-25T11:35:37","slug":"1230","status":"publish","type":"product","link":"https:\/\/bryk.com.pl?product=1230","title":{"rendered":"Frezy wyka\u0144czaj\u0105ce"},"content":{"rendered":"","protected":false},"excerpt":{"rendered":"<p>Grupa frez\u00f3w dedykowanych do obr\u00f3bki wyka\u0144czaj\u0105cej. Odpowiednio skonstruowana i precyzyjnie wykonana geometria narz\u0119dzia sprawia, \u017ce obr\u00f3bka skrawaniem tego typu frezem jest bardzo efektywna.<\/p>\n<table class=\"table table-bordered extracted-data\">\n<tbody>\n<tr>\n<td>d1<\/td>\n<td>d2<\/td>\n<td>L<\/td>\n<td>ap<\/td>\n<td>L1<\/td>\n<td>z<\/td>\n<td>NR KAT.<\/td>\n<\/tr>\n<tr>\n<td>6<\/td>\n<td>6<\/td>\n<td>55<\/td>\n<td>13<\/td>\n<td>19<\/td>\n<td>2<\/td>\n<td>WN1030600000<\/td>\n<\/tr>\n<tr>\n<td>6<\/td>\n<td>6<\/td>\n<td>55<\/td>\n<td>13<\/td>\n<td>19<\/td>\n<td>3<\/td>\n<td>WN1030600100<\/td>\n<\/tr>\n<tr>\n<td>8<\/td>\n<td>8<\/td>\n<td>65<\/td>\n<td>22<\/td>\n<td>26<\/td>\n<td>2<\/td>\n<td>WN1030800000<\/td>\n<\/tr>\n<tr>\n<td>8<\/td>\n<td>8<\/td>\n<td>65<\/td>\n<td>22<\/td>\n<td>26<\/td>\n<td>3<\/td>\n<td>WN1030800100<\/td>\n<\/tr>\n<tr>\n<td>10<\/td>\n<td>10<\/td>\n<td>65<\/td>\n<td>22<\/td>\n<td>30<\/td>\n<td>2<\/td>\n<td>WN1031000000<\/td>\n<\/tr>\n<tr>\n<td>10<\/td>\n<td>10<\/td>\n<td>65<\/td>\n<td>22<\/td>\n<td>30<\/td>\n<td>3<\/td>\n<td>WN1031000100<\/td>\n<\/tr>\n<tr>\n<td>12<\/td>\n<td>12<\/td>\n<td>82<\/td>\n<td>26<\/td>\n<td>36<\/td>\n<td>2<\/td>\n<td>WN1031200000<\/td>\n<\/tr>\n<tr>\n<td>12<\/td>\n<td>12<\/td>\n<td>82<\/td>\n<td>26<\/td>\n<td>36<\/td>\n<td>3<\/td>\n<td>WN1031200100<\/td>\n<\/tr>\n<tr>\n<td>14<\/td>\n<td>14<\/td>\n<td>82<\/td>\n<td>26<\/td>\n<td>36<\/td>\n<td>2<\/td>\n<td>WN1031400000<\/td>\n<\/tr>\n<tr>\n<td>14<\/td>\n<td>14<\/td>\n<td>82<\/td>\n<td>26<\/td>\n<td>36<\/td>\n<td>3<\/td>\n<td>WN1031400100<\/td>\n<\/tr>\n<tr>\n<td>16<\/td>\n<td>16<\/td>\n<td>82<\/td>\n<td>36<\/td>\n<td>40<\/td>\n<td>3<\/td>\n<td>WN1031600000<\/td>\n<\/tr>\n<tr>\n<td>16<\/td>\n<td>16<\/td>\n<td>82<\/td>\n<td>36<\/td>\n<td>40<\/td>\n<td>4<\/td>\n<td>WN1031600100<\/td>\n<\/tr>\n<tr>\n<td>20<\/td>\n<td>20<\/td>\n<td>110<\/td>\n<td>40<\/td>\n<td>52<\/td>\n<td>3<\/td>\n<td>WN1032000000<\/td>\n<\/tr>\n<tr>\n<td>20<\/td>\n<td>20<\/td>\n<td>110<\/td>\n<td>40<\/td>\n<td>52<\/td>\n<td>4<\/td>\n<td>WN1032000100<\/td>\n<\/tr>\n<\/tbody>\n<\/table>\n<p><img decoding=\"async\" class=\"alignnone size-full wp-image-1632\" src=\"http:\/\/bryk.com.pl\/wp-content\/uploads\/2018\/03\/4_1-1.jpg\" alt=\"\" width=\"198\" height=\"95\" \/><\/p>\n","protected":false},"featured_media":2561,"template":"","meta":[],"product_brand":[],"product_cat":[92],"product_tag":[],"class_list":{"0":"post-1230","1":"product","2":"type-product","3":"status-publish","4":"has-post-thumbnail","6":"product_cat-narzedzia-do-aluminium-i-materialow-niezelaznych","8":"first","9":"instock","10":"shipping-taxable","11":"product-type-simple"},"yoast_head":"<!-- This site is optimized with the Yoast SEO plugin v24.5 - https:\/\/yoast.com\/wordpress\/plugins\/seo\/ -->\n<title>Frezy wyka\u0144czaj\u0105ce - BRYK - LEAVE A PRECISE MARK<\/title>\n<meta name=\"robots\" content=\"index, follow, max-snippet:-1, max-image-preview:large, max-video-preview:-1\" \/>\n<link rel=\"canonical\" href=\"https:\/\/bryk.com.pl\/?product=1230\" \/>\n<meta property=\"og:locale\" content=\"pl_PL\" \/>\n<meta property=\"og:type\" content=\"article\" \/>\n<meta property=\"og:title\" content=\"Frezy wyka\u0144czaj\u0105ce - BRYK - LEAVE A PRECISE MARK\" \/>\n<meta property=\"og:description\" content=\"Grupa frez\u00f3w dedykowanych do obr\u00f3bki wyka\u0144czaj\u0105cej. Odpowiednio skonstruowana i precyzyjnie wykonana geometria narz\u0119dzia sprawia, \u017ce obr\u00f3bka skrawaniem tego typu frezem jest bardzo efektywna.    d1 d2 L ap L1 z NR KAT.   6 6 55 13 19 2 WN1030600000   6 6 55 13 19 3 WN1030600100   8 8 65 22 26 2 WN1030800000   8 8 65 22 26 3 WN1030800100   10 10 65 22 30 2 WN1031000000   10 10 65 22 30 3 WN1031000100   12 12 82 26 36 2 WN1031200000   12 12 82 26 36 3 WN1031200100   14 14 82 26 36 2 WN1031400000   14 14 82 26 36 3 WN1031400100   16 16 82 36 40 3 WN1031600000   16 16 82 36 40 4 WN1031600100   20 20 110 40 52 3 WN1032000000   20 20 110 40 52 4 WN1032000100\" \/>\n<meta property=\"og:url\" content=\"https:\/\/bryk.com.pl\/?product=1230\" \/>\n<meta property=\"og:site_name\" content=\"BRYK - LEAVE A PRECISE MARK\" \/>\n<meta property=\"article:publisher\" content=\"https:\/\/www.facebook.com\/ppuhbryk\/\" \/>\n<meta property=\"article:modified_time\" content=\"2020-02-25T11:35:37+00:00\" \/>\n<meta property=\"og:image\" content=\"https:\/\/bryk.com.pl\/wp-content\/uploads\/2018\/03\/frezwykanczajacy.jpg\" \/>\n\t<meta property=\"og:image:width\" content=\"2500\" \/>\n\t<meta property=\"og:image:height\" content=\"2500\" \/>\n\t<meta property=\"og:image:type\" content=\"image\/jpeg\" \/>\n<meta name=\"twitter:card\" content=\"summary_large_image\" \/>\n<script type=\"application\/ld+json\" class=\"yoast-schema-graph\">{\"@context\":\"https:\/\/schema.org\",\"@graph\":[{\"@type\":\"WebPage\",\"@id\":\"https:\/\/bryk.com.pl\/?product=1230\",\"url\":\"https:\/\/bryk.com.pl\/?product=1230\",\"name\":\"Frezy wyka\u0144czaj\u0105ce - BRYK - LEAVE A PRECISE MARK\",\"isPartOf\":{\"@id\":\"https:\/\/bryk.com.pl\/#website\"},\"primaryImageOfPage\":{\"@id\":\"https:\/\/bryk.com.pl\/?product=1230#primaryimage\"},\"image\":{\"@id\":\"https:\/\/bryk.com.pl\/?product=1230#primaryimage\"},\"thumbnailUrl\":\"https:\/\/bryk.com.pl\/wp-content\/uploads\/2018\/03\/frezwykanczajacy.jpg\",\"datePublished\":\"2018-03-31T15:59:14+00:00\",\"dateModified\":\"2020-02-25T11:35:37+00:00\",\"breadcrumb\":{\"@id\":\"https:\/\/bryk.com.pl\/?product=1230#breadcrumb\"},\"inLanguage\":\"pl-PL\",\"potentialAction\":[{\"@type\":\"ReadAction\",\"target\":[\"https:\/\/bryk.com.pl\/?product=1230\"]}]},{\"@type\":\"ImageObject\",\"inLanguage\":\"pl-PL\",\"@id\":\"https:\/\/bryk.com.pl\/?product=1230#primaryimage\",\"url\":\"https:\/\/bryk.com.pl\/wp-content\/uploads\/2018\/03\/frezwykanczajacy.jpg\",\"contentUrl\":\"https:\/\/bryk.com.pl\/wp-content\/uploads\/2018\/03\/frezwykanczajacy.jpg\",\"width\":2500,\"height\":2500,\"caption\":\"frezwykanczajacy\"},{\"@type\":\"BreadcrumbList\",\"@id\":\"https:\/\/bryk.com.pl\/?product=1230#breadcrumb\",\"itemListElement\":[{\"@type\":\"ListItem\",\"position\":1,\"name\":\"Strona g\u0142\u00f3wna\",\"item\":\"https:\/\/bryk.com.pl\/\"},{\"@type\":\"ListItem\",\"position\":2,\"name\":\"Products\",\"item\":\"https:\/\/bryk.com.pl\/sklep\/\"},{\"@type\":\"ListItem\",\"position\":3,\"name\":\"Frezy wyka\u0144czaj\u0105ce\"}]},{\"@type\":\"WebSite\",\"@id\":\"https:\/\/bryk.com.pl\/#website\",\"url\":\"https:\/\/bryk.com.pl\/\",\"name\":\"BRYK - LEAVE A PRECISE MARK\",\"description\":\"Polski producent narz\u0119dzi\",\"potentialAction\":[{\"@type\":\"SearchAction\",\"target\":{\"@type\":\"EntryPoint\",\"urlTemplate\":\"https:\/\/bryk.com.pl\/?s={search_term_string}\"},\"query-input\":{\"@type\":\"PropertyValueSpecification\",\"valueRequired\":true,\"valueName\":\"search_term_string\"}}],\"inLanguage\":\"pl-PL\"}]}<\/script>\n<!-- \/ Yoast SEO plugin. -->","yoast_head_json":{"title":"Frezy wyka\u0144czaj\u0105ce - BRYK - LEAVE A PRECISE MARK","robots":{"index":"index","follow":"follow","max-snippet":"max-snippet:-1","max-image-preview":"max-image-preview:large","max-video-preview":"max-video-preview:-1"},"canonical":"https:\/\/bryk.com.pl\/?product=1230","og_locale":"pl_PL","og_type":"article","og_title":"Frezy wyka\u0144czaj\u0105ce - BRYK - LEAVE A PRECISE MARK","og_description":"Grupa frez\u00f3w dedykowanych do obr\u00f3bki wyka\u0144czaj\u0105cej. Odpowiednio skonstruowana i precyzyjnie wykonana geometria narz\u0119dzia sprawia, \u017ce obr\u00f3bka skrawaniem tego typu frezem jest bardzo efektywna.    d1 d2 L ap L1 z NR KAT.   6 6 55 13 19 2 WN1030600000   6 6 55 13 19 3 WN1030600100   8 8 65 22 26 2 WN1030800000   8 8 65 22 26 3 WN1030800100   10 10 65 22 30 2 WN1031000000   10 10 65 22 30 3 WN1031000100   12 12 82 26 36 2 WN1031200000   12 12 82 26 36 3 WN1031200100   14 14 82 26 36 2 WN1031400000   14 14 82 26 36 3 WN1031400100   16 16 82 36 40 3 WN1031600000   16 16 82 36 40 4 WN1031600100   20 20 110 40 52 3 WN1032000000   20 20 110 40 52 4 WN1032000100","og_url":"https:\/\/bryk.com.pl\/?product=1230","og_site_name":"BRYK - LEAVE A PRECISE MARK","article_publisher":"https:\/\/www.facebook.com\/ppuhbryk\/","article_modified_time":"2020-02-25T11:35:37+00:00","og_image":[{"width":2500,"height":2500,"url":"https:\/\/bryk.com.pl\/wp-content\/uploads\/2018\/03\/frezwykanczajacy.jpg","type":"image\/jpeg"}],"twitter_card":"summary_large_image","schema":{"@context":"https:\/\/schema.org","@graph":[{"@type":"WebPage","@id":"https:\/\/bryk.com.pl\/?product=1230","url":"https:\/\/bryk.com.pl\/?product=1230","name":"Frezy wyka\u0144czaj\u0105ce - BRYK - LEAVE A PRECISE MARK","isPartOf":{"@id":"https:\/\/bryk.com.pl\/#website"},"primaryImageOfPage":{"@id":"https:\/\/bryk.com.pl\/?product=1230#primaryimage"},"image":{"@id":"https:\/\/bryk.com.pl\/?product=1230#primaryimage"},"thumbnailUrl":"https:\/\/bryk.com.pl\/wp-content\/uploads\/2018\/03\/frezwykanczajacy.jpg","datePublished":"2018-03-31T15:59:14+00:00","dateModified":"2020-02-25T11:35:37+00:00","breadcrumb":{"@id":"https:\/\/bryk.com.pl\/?product=1230#breadcrumb"},"inLanguage":"pl-PL","potentialAction":[{"@type":"ReadAction","target":["https:\/\/bryk.com.pl\/?product=1230"]}]},{"@type":"ImageObject","inLanguage":"pl-PL","@id":"https:\/\/bryk.com.pl\/?product=1230#primaryimage","url":"https:\/\/bryk.com.pl\/wp-content\/uploads\/2018\/03\/frezwykanczajacy.jpg","contentUrl":"https:\/\/bryk.com.pl\/wp-content\/uploads\/2018\/03\/frezwykanczajacy.jpg","width":2500,"height":2500,"caption":"frezwykanczajacy"},{"@type":"BreadcrumbList","@id":"https:\/\/bryk.com.pl\/?product=1230#breadcrumb","itemListElement":[{"@type":"ListItem","position":1,"name":"Strona g\u0142\u00f3wna","item":"https:\/\/bryk.com.pl\/"},{"@type":"ListItem","position":2,"name":"Products","item":"https:\/\/bryk.com.pl\/sklep\/"},{"@type":"ListItem","position":3,"name":"Frezy wyka\u0144czaj\u0105ce"}]},{"@type":"WebSite","@id":"https:\/\/bryk.com.pl\/#website","url":"https:\/\/bryk.com.pl\/","name":"BRYK - LEAVE A PRECISE MARK","description":"Polski producent narz\u0119dzi","potentialAction":[{"@type":"SearchAction","target":{"@type":"EntryPoint","urlTemplate":"https:\/\/bryk.com.pl\/?s={search_term_string}"},"query-input":{"@type":"PropertyValueSpecification","valueRequired":true,"valueName":"search_term_string"}}],"inLanguage":"pl-PL"}]}},"_links":{"self":[{"href":"https:\/\/bryk.com.pl\/index.php?rest_route=\/wp\/v2\/product\/1230","targetHints":{"allow":["GET"]}}],"collection":[{"href":"https:\/\/bryk.com.pl\/index.php?rest_route=\/wp\/v2\/product"}],"about":[{"href":"https:\/\/bryk.com.pl\/index.php?rest_route=\/wp\/v2\/types\/product"}],"wp:featuredmedia":[{"embeddable":true,"href":"https:\/\/bryk.com.pl\/index.php?rest_route=\/wp\/v2\/media\/2561"}],"wp:attachment":[{"href":"https:\/\/bryk.com.pl\/index.php?rest_route=%2Fwp%2Fv2%2Fmedia&parent=1230"}],"wp:term":[{"taxonomy":"product_brand","embeddable":true,"href":"https:\/\/bryk.com.pl\/index.php?rest_route=%2Fwp%2Fv2%2Fproduct_brand&post=1230"},{"taxonomy":"product_cat","embeddable":true,"href":"https:\/\/bryk.com.pl\/index.php?rest_route=%2Fwp%2Fv2%2Fproduct_cat&post=1230"},{"taxonomy":"product_tag","embeddable":true,"href":"https:\/\/bryk.com.pl\/index.php?rest_route=%2Fwp%2Fv2%2Fproduct_tag&post=1230"}],"curies":[{"name":"wp","href":"https:\/\/api.w.org\/{rel}","templated":true}]}}