{"id":1520,"date":"2018-04-04T20:20:12","date_gmt":"2018-04-04T18:20:12","guid":{"rendered":"http:\/\/bryk.com.pl\/?post_type=product&#038;p=1520"},"modified":"2019-12-10T10:20:23","modified_gmt":"2019-12-10T09:20:23","slug":"1520","status":"publish","type":"product","link":"https:\/\/bryk.com.pl?product=1520","title":{"rendered":"Pi\u0142y Tarczowe Panelowe do rozkroju p\u0142yty wi\u00f3rowej"},"content":{"rendered":"","protected":false},"excerpt":{"rendered":"<p>Pi\u0142y tarczowe z z\u0119bami z w\u0119glika spiekanego stosowane do ciecia w pakietach p\u0142yty wi\u00f3rowej laminowanej, p\u0142yty oklejanej innymi rodzajami dekor\u00f3w, p\u0142yty MDF i innych materia\u0142\u00f3w drewnopochodnych.<\/p>\n<table class=\"table table-bordered extracted-data\">\n<tbody>\n<tr>\n<td>D<\/td>\n<td>B<\/td>\n<td>b<\/td>\n<td>d<\/td>\n<td><\/td>\n<td>Z<\/td>\n<td><\/td>\n<td>Kod<\/td>\n<\/tr>\n<tr>\n<td>430<\/td>\n<td>4,4<\/td>\n<td>3,2<\/td>\n<td>60<\/td>\n<td>1\/11\/85<\/td>\n<td>72<\/td>\n<td>Anthon<\/td>\n<td>RD6015023<\/td>\n<\/tr>\n<tr>\n<td>430<\/td>\n<td>4,4<\/td>\n<td>3,2<\/td>\n<td>75<\/td>\n<td>4\/15\/105+2\/7\/110<\/td>\n<td>96<\/td>\n<td>Giben<\/td>\n<td>RD6015024<\/td>\n<\/tr>\n<tr>\n<td>430<\/td>\n<td>4,4<\/td>\n<td>3,2<\/td>\n<td>80<\/td>\n<td>4\/19\/120+2\/8,5\/130<\/td>\n<td>72<\/td>\n<td>Selco<\/td>\n<td>RD6015025<\/td>\n<\/tr>\n<tr>\n<td>450<\/td>\n<td>4,4<\/td>\n<td>3,2<\/td>\n<td>30<\/td>\n<td><\/td>\n<td>72<\/td>\n<td>Schelling<\/td>\n<td>RD6015026<\/td>\n<\/tr>\n<tr>\n<td>450<\/td>\n<td>4,8<\/td>\n<td>3,5<\/td>\n<td>60<\/td>\n<td>2\/19\/120+2\/14\/125<\/td>\n<td>72<\/td>\n<td>Holzma<\/td>\n<td>RD6015027<\/td>\n<\/tr>\n<tr>\n<td>450<\/td>\n<td>4,8<\/td>\n<td>3,5<\/td>\n<td>80<\/td>\n<td>4\/19\/120+2\/8,4\/130<\/td>\n<td>72<\/td>\n<td>Selco<\/td>\n<td>RD6015028<\/td>\n<\/tr>\n<tr>\n<td>460<\/td>\n<td>4,4<\/td>\n<td>3,2<\/td>\n<td>30<\/td>\n<td>2\/13\/94<\/td>\n<td>72<\/td>\n<td>Schelling<\/td>\n<td>RD6015029<\/td>\n<\/tr>\n<tr>\n<td>470<\/td>\n<td>4,4<\/td>\n<td>3,2<\/td>\n<td>75<\/td>\n<td>4\/15\/105<\/td>\n<td>72<\/td>\n<td>Giben<\/td>\n<td>RD6015030<\/td>\n<\/tr>\n<tr>\n<td>470<\/td>\n<td>4,4<\/td>\n<td>3,2<\/td>\n<td>75<\/td>\n<td>4\/15\/105<\/td>\n<td>96<\/td>\n<td>Giben<\/td>\n<td>RD6015031<\/td>\n<\/tr>\n<tr>\n<td>480<\/td>\n<td>4,4<\/td>\n<td>3,2<\/td>\n<td>30<\/td>\n<td><\/td>\n<td>72<\/td>\n<td>Schelling<\/td>\n<td>RD6015032<\/td>\n<\/tr>\n<tr>\n<td>480<\/td>\n<td>4,8<\/td>\n<td>3,5<\/td>\n<td>60<\/td>\n<td>2\/11\/115+2\/19\/120<\/td>\n<td>72<\/td>\n<td>Holzma<\/td>\n<td>RD6015033<\/td>\n<\/tr>\n<tr>\n<td>480<\/td>\n<td>4,8<\/td>\n<td>3,5<\/td>\n<td>80<\/td>\n<td>4\/19\/120+2\/8,4\/130<\/td>\n<td>72<\/td>\n<td>Selco<\/td>\n<td>RD6015034<\/td>\n<\/tr>\n<tr>\n<td>500<\/td>\n<td>4,4<\/td>\n<td>3,2<\/td>\n<td>30<\/td>\n<td><\/td>\n<td>60<\/td>\n<td>Schelling<\/td>\n<td>RD6015035<\/td>\n<\/tr>\n<tr>\n<td>500<\/td>\n<td>4,8<\/td>\n<td>3,5<\/td>\n<td>60<\/td>\n<td>2\/11\/115<\/td>\n<td>72<\/td>\n<td>Holzma<\/td>\n<td>RD6015036<\/td>\n<\/tr>\n<tr>\n<td>520<\/td>\n<td>4,8<\/td>\n<td>3,5<\/td>\n<td>30<\/td>\n<td>2\/13\/94<\/td>\n<td>72<\/td>\n<td>Schelling<\/td>\n<td>RD6015037<\/td>\n<\/tr>\n<tr>\n<td>520<\/td>\n<td>4,8<\/td>\n<td>3,5<\/td>\n<td>60<\/td>\n<td>2\/11\/115+2\/19\/120<\/td>\n<td>72<\/td>\n<td>Holzma<\/td>\n<td>RD6015038<\/td>\n<\/tr>\n<tr>\n<td>550<\/td>\n<td>5,0<\/td>\n<td>3,5<\/td>\n<td>100<\/td>\n<td><\/td>\n<td>72<\/td>\n<td>Giben<\/td>\n<td>RD6015039<\/td>\n<\/tr>\n<tr>\n<td>565<\/td>\n<td>5,0<\/td>\n<td>3,5<\/td>\n<td>100<\/td>\n<td><\/td>\n<td>72<\/td>\n<td>Giben<\/td>\n<td>RD6015040<\/td>\n<\/tr>\n<tr>\n<td>600<\/td>\n<td>5,8<\/td>\n<td>40<\/td>\n<td>60<\/td>\n<td>2\/11\/115+2\/19\/120<\/td>\n<td>72<\/td>\n<td>Holzma<\/td>\n<td>RD6015041<\/td>\n<\/tr>\n<\/tbody>\n<\/table>\n<p><img fetchpriority=\"high\" decoding=\"async\" class=\"alignnone size-full wp-image-1608\" src=\"http:\/\/bryk.com.pl\/wp-content\/uploads\/2018\/04\/65_2.jpg\" alt=\"\" width=\"1250\" height=\"122\" srcset=\"https:\/\/bryk.com.pl\/wp-content\/uploads\/2018\/04\/65_2.jpg 1250w, https:\/\/bryk.com.pl\/wp-content\/uploads\/2018\/04\/65_2-800x78.jpg 800w, https:\/\/bryk.com.pl\/wp-content\/uploads\/2018\/04\/65_2-768x75.jpg 768w, https:\/\/bryk.com.pl\/wp-content\/uploads\/2018\/04\/65_2-830x81.jpg 830w, https:\/\/bryk.com.pl\/wp-content\/uploads\/2018\/04\/65_2-510x50.jpg 510w\" sizes=\"(max-width: 1250px) 100vw, 1250px\" \/><\/p>\n","protected":false},"featured_media":2435,"template":"","meta":[],"product_brand":[],"product_cat":[187],"product_tag":[],"class_list":{"0":"post-1520","1":"product","2":"type-product","3":"status-publish","4":"has-post-thumbnail","6":"product_cat-pily-tarczowe-pily-tarczowe","8":"first","9":"instock","10":"shipping-taxable","11":"product-type-simple"},"yoast_head":"<!-- This site is optimized with the Yoast SEO plugin v24.5 - https:\/\/yoast.com\/wordpress\/plugins\/seo\/ -->\n<title>Pi\u0142y Tarczowe Panelowe do rozkroju p\u0142yty wi\u00f3rowej - BRYK - LEAVE A PRECISE MARK<\/title>\n<meta name=\"robots\" content=\"index, follow, max-snippet:-1, max-image-preview:large, max-video-preview:-1\" \/>\n<link rel=\"canonical\" href=\"https:\/\/bryk.com.pl\/?product=1520\" \/>\n<meta property=\"og:locale\" content=\"pl_PL\" \/>\n<meta property=\"og:type\" content=\"article\" \/>\n<meta property=\"og:title\" content=\"Pi\u0142y Tarczowe Panelowe do rozkroju p\u0142yty wi\u00f3rowej - BRYK - LEAVE A PRECISE MARK\" \/>\n<meta property=\"og:description\" content=\"Pi\u0142y tarczowe z z\u0119bami z w\u0119glika spiekanego stosowane do ciecia w pakietach p\u0142yty wi\u00f3rowej laminowanej, p\u0142yty oklejanej innymi rodzajami dekor\u00f3w, p\u0142yty MDF i innych materia\u0142\u00f3w drewnopochodnych.    D B b d  Z  Kod   430 4,4 3,2 60 1\/11\/85 72 Anthon RD6015023   430 4,4 3,2 75 4\/15\/105+2\/7\/110 96 Giben RD6015024   430 4,4 3,2 80 4\/19\/120+2\/8,5\/130 72 Selco RD6015025   450 4,4 3,2 30  72 Schelling RD6015026   450 4,8 3,5 60 2\/19\/120+2\/14\/125 72 Holzma RD6015027   450 4,8 3,5 80 4\/19\/120+2\/8,4\/130 72 Selco RD6015028   460 4,4 3,2 30 2\/13\/94 72 Schelling RD6015029   470 4,4 3,2 75 4\/15\/105 72 Giben RD6015030   470 4,4 3,2 75 4\/15\/105 96 Giben RD6015031   480 4,4 3,2 30  72 Schelling RD6015032   480 4,8 3,5 60 2\/11\/115+2\/19\/120 72 Holzma RD6015033   480 4,8 3,5 80 4\/19\/120+2\/8,4\/130 72 Selco RD6015034   500 4,4 3,2 30  60 Schelling RD6015035   500 4,8 3,5 60 2\/11\/115 72 Holzma RD6015036   520 4,8 3,5 30 2\/13\/94 72 Schelling RD6015037   520 4,8 3,5 60 2\/11\/115+2\/19\/120 72 Holzma RD6015038   550 5,0 3,5 100  72 Giben RD6015039   565 5,0 3,5 100  72 Giben RD6015040   600 5,8 40 60 2\/11\/115+2\/19\/120 72 Holzma RD6015041\" \/>\n<meta property=\"og:url\" content=\"https:\/\/bryk.com.pl\/?product=1520\" \/>\n<meta property=\"og:site_name\" content=\"BRYK - LEAVE A PRECISE MARK\" \/>\n<meta property=\"article:publisher\" content=\"https:\/\/www.facebook.com\/ppuhbryk\/\" \/>\n<meta property=\"article:modified_time\" content=\"2019-12-10T09:20:23+00:00\" \/>\n<meta property=\"og:image\" content=\"https:\/\/bryk.com.pl\/wp-content\/uploads\/2018\/04\/Pi\u0142y_Tarczowe_Panelowe_do_rozkroju_p\u0142yty_wi\u00f3rowej_2.jpg\" \/>\n\t<meta property=\"og:image:width\" content=\"2500\" \/>\n\t<meta property=\"og:image:height\" content=\"2500\" \/>\n\t<meta property=\"og:image:type\" content=\"image\/jpeg\" \/>\n<meta name=\"twitter:card\" content=\"summary_large_image\" \/>\n<script type=\"application\/ld+json\" class=\"yoast-schema-graph\">{\"@context\":\"https:\/\/schema.org\",\"@graph\":[{\"@type\":\"WebPage\",\"@id\":\"https:\/\/bryk.com.pl\/?product=1520\",\"url\":\"https:\/\/bryk.com.pl\/?product=1520\",\"name\":\"Pi\u0142y Tarczowe Panelowe do rozkroju p\u0142yty wi\u00f3rowej - BRYK - LEAVE A PRECISE MARK\",\"isPartOf\":{\"@id\":\"https:\/\/bryk.com.pl\/#website\"},\"primaryImageOfPage\":{\"@id\":\"https:\/\/bryk.com.pl\/?product=1520#primaryimage\"},\"image\":{\"@id\":\"https:\/\/bryk.com.pl\/?product=1520#primaryimage\"},\"thumbnailUrl\":\"https:\/\/bryk.com.pl\/wp-content\/uploads\/2018\/04\/Pi\u0142y_Tarczowe_Panelowe_do_rozkroju_p\u0142yty_wi\u00f3rowej_2.jpg\",\"datePublished\":\"2018-04-04T18:20:12+00:00\",\"dateModified\":\"2019-12-10T09:20:23+00:00\",\"breadcrumb\":{\"@id\":\"https:\/\/bryk.com.pl\/?product=1520#breadcrumb\"},\"inLanguage\":\"pl-PL\",\"potentialAction\":[{\"@type\":\"ReadAction\",\"target\":[\"https:\/\/bryk.com.pl\/?product=1520\"]}]},{\"@type\":\"ImageObject\",\"inLanguage\":\"pl-PL\",\"@id\":\"https:\/\/bryk.com.pl\/?product=1520#primaryimage\",\"url\":\"https:\/\/bryk.com.pl\/wp-content\/uploads\/2018\/04\/Pi\u0142y_Tarczowe_Panelowe_do_rozkroju_p\u0142yty_wi\u00f3rowej_2.jpg\",\"contentUrl\":\"https:\/\/bryk.com.pl\/wp-content\/uploads\/2018\/04\/Pi\u0142y_Tarczowe_Panelowe_do_rozkroju_p\u0142yty_wi\u00f3rowej_2.jpg\",\"width\":2500,\"height\":2500,\"caption\":\"Pi\u0142y_Tarczowe_Panelowe_do_rozkroju_p\u0142yty_wi\u00f3rowej_2\"},{\"@type\":\"BreadcrumbList\",\"@id\":\"https:\/\/bryk.com.pl\/?product=1520#breadcrumb\",\"itemListElement\":[{\"@type\":\"ListItem\",\"position\":1,\"name\":\"Strona g\u0142\u00f3wna\",\"item\":\"https:\/\/bryk.com.pl\/\"},{\"@type\":\"ListItem\",\"position\":2,\"name\":\"Products\",\"item\":\"https:\/\/bryk.com.pl\/sklep\/\"},{\"@type\":\"ListItem\",\"position\":3,\"name\":\"Pi\u0142y Tarczowe Panelowe do rozkroju p\u0142yty wi\u00f3rowej\"}]},{\"@type\":\"WebSite\",\"@id\":\"https:\/\/bryk.com.pl\/#website\",\"url\":\"https:\/\/bryk.com.pl\/\",\"name\":\"BRYK - LEAVE A PRECISE MARK\",\"description\":\"Polski producent narz\u0119dzi\",\"potentialAction\":[{\"@type\":\"SearchAction\",\"target\":{\"@type\":\"EntryPoint\",\"urlTemplate\":\"https:\/\/bryk.com.pl\/?s={search_term_string}\"},\"query-input\":{\"@type\":\"PropertyValueSpecification\",\"valueRequired\":true,\"valueName\":\"search_term_string\"}}],\"inLanguage\":\"pl-PL\"}]}<\/script>\n<!-- \/ Yoast SEO plugin. -->","yoast_head_json":{"title":"Pi\u0142y Tarczowe Panelowe do rozkroju p\u0142yty wi\u00f3rowej - BRYK - LEAVE A PRECISE MARK","robots":{"index":"index","follow":"follow","max-snippet":"max-snippet:-1","max-image-preview":"max-image-preview:large","max-video-preview":"max-video-preview:-1"},"canonical":"https:\/\/bryk.com.pl\/?product=1520","og_locale":"pl_PL","og_type":"article","og_title":"Pi\u0142y Tarczowe Panelowe do rozkroju p\u0142yty wi\u00f3rowej - BRYK - LEAVE A PRECISE MARK","og_description":"Pi\u0142y tarczowe z z\u0119bami z w\u0119glika spiekanego stosowane do ciecia w pakietach p\u0142yty wi\u00f3rowej laminowanej, p\u0142yty oklejanej innymi rodzajami dekor\u00f3w, p\u0142yty MDF i innych materia\u0142\u00f3w drewnopochodnych.    D B b d  Z  Kod   430 4,4 3,2 60 1\/11\/85 72 Anthon RD6015023   430 4,4 3,2 75 4\/15\/105+2\/7\/110 96 Giben RD6015024   430 4,4 3,2 80 4\/19\/120+2\/8,5\/130 72 Selco RD6015025   450 4,4 3,2 30  72 Schelling RD6015026   450 4,8 3,5 60 2\/19\/120+2\/14\/125 72 Holzma RD6015027   450 4,8 3,5 80 4\/19\/120+2\/8,4\/130 72 Selco RD6015028   460 4,4 3,2 30 2\/13\/94 72 Schelling RD6015029   470 4,4 3,2 75 4\/15\/105 72 Giben RD6015030   470 4,4 3,2 75 4\/15\/105 96 Giben RD6015031   480 4,4 3,2 30  72 Schelling RD6015032   480 4,8 3,5 60 2\/11\/115+2\/19\/120 72 Holzma RD6015033   480 4,8 3,5 80 4\/19\/120+2\/8,4\/130 72 Selco RD6015034   500 4,4 3,2 30  60 Schelling RD6015035   500 4,8 3,5 60 2\/11\/115 72 Holzma RD6015036   520 4,8 3,5 30 2\/13\/94 72 Schelling RD6015037   520 4,8 3,5 60 2\/11\/115+2\/19\/120 72 Holzma RD6015038   550 5,0 3,5 100  72 Giben RD6015039   565 5,0 3,5 100  72 Giben RD6015040   600 5,8 40 60 2\/11\/115+2\/19\/120 72 Holzma RD6015041","og_url":"https:\/\/bryk.com.pl\/?product=1520","og_site_name":"BRYK - LEAVE A PRECISE MARK","article_publisher":"https:\/\/www.facebook.com\/ppuhbryk\/","article_modified_time":"2019-12-10T09:20:23+00:00","og_image":[{"width":2500,"height":2500,"url":"https:\/\/bryk.com.pl\/wp-content\/uploads\/2018\/04\/Pi\u0142y_Tarczowe_Panelowe_do_rozkroju_p\u0142yty_wi\u00f3rowej_2.jpg","type":"image\/jpeg"}],"twitter_card":"summary_large_image","schema":{"@context":"https:\/\/schema.org","@graph":[{"@type":"WebPage","@id":"https:\/\/bryk.com.pl\/?product=1520","url":"https:\/\/bryk.com.pl\/?product=1520","name":"Pi\u0142y Tarczowe Panelowe do rozkroju p\u0142yty wi\u00f3rowej - BRYK - LEAVE A PRECISE MARK","isPartOf":{"@id":"https:\/\/bryk.com.pl\/#website"},"primaryImageOfPage":{"@id":"https:\/\/bryk.com.pl\/?product=1520#primaryimage"},"image":{"@id":"https:\/\/bryk.com.pl\/?product=1520#primaryimage"},"thumbnailUrl":"https:\/\/bryk.com.pl\/wp-content\/uploads\/2018\/04\/Pi\u0142y_Tarczowe_Panelowe_do_rozkroju_p\u0142yty_wi\u00f3rowej_2.jpg","datePublished":"2018-04-04T18:20:12+00:00","dateModified":"2019-12-10T09:20:23+00:00","breadcrumb":{"@id":"https:\/\/bryk.com.pl\/?product=1520#breadcrumb"},"inLanguage":"pl-PL","potentialAction":[{"@type":"ReadAction","target":["https:\/\/bryk.com.pl\/?product=1520"]}]},{"@type":"ImageObject","inLanguage":"pl-PL","@id":"https:\/\/bryk.com.pl\/?product=1520#primaryimage","url":"https:\/\/bryk.com.pl\/wp-content\/uploads\/2018\/04\/Pi\u0142y_Tarczowe_Panelowe_do_rozkroju_p\u0142yty_wi\u00f3rowej_2.jpg","contentUrl":"https:\/\/bryk.com.pl\/wp-content\/uploads\/2018\/04\/Pi\u0142y_Tarczowe_Panelowe_do_rozkroju_p\u0142yty_wi\u00f3rowej_2.jpg","width":2500,"height":2500,"caption":"Pi\u0142y_Tarczowe_Panelowe_do_rozkroju_p\u0142yty_wi\u00f3rowej_2"},{"@type":"BreadcrumbList","@id":"https:\/\/bryk.com.pl\/?product=1520#breadcrumb","itemListElement":[{"@type":"ListItem","position":1,"name":"Strona g\u0142\u00f3wna","item":"https:\/\/bryk.com.pl\/"},{"@type":"ListItem","position":2,"name":"Products","item":"https:\/\/bryk.com.pl\/sklep\/"},{"@type":"ListItem","position":3,"name":"Pi\u0142y Tarczowe Panelowe do rozkroju p\u0142yty wi\u00f3rowej"}]},{"@type":"WebSite","@id":"https:\/\/bryk.com.pl\/#website","url":"https:\/\/bryk.com.pl\/","name":"BRYK - LEAVE A PRECISE MARK","description":"Polski producent narz\u0119dzi","potentialAction":[{"@type":"SearchAction","target":{"@type":"EntryPoint","urlTemplate":"https:\/\/bryk.com.pl\/?s={search_term_string}"},"query-input":{"@type":"PropertyValueSpecification","valueRequired":true,"valueName":"search_term_string"}}],"inLanguage":"pl-PL"}]}},"_links":{"self":[{"href":"https:\/\/bryk.com.pl\/index.php?rest_route=\/wp\/v2\/product\/1520","targetHints":{"allow":["GET"]}}],"collection":[{"href":"https:\/\/bryk.com.pl\/index.php?rest_route=\/wp\/v2\/product"}],"about":[{"href":"https:\/\/bryk.com.pl\/index.php?rest_route=\/wp\/v2\/types\/product"}],"wp:featuredmedia":[{"embeddable":true,"href":"https:\/\/bryk.com.pl\/index.php?rest_route=\/wp\/v2\/media\/2435"}],"wp:attachment":[{"href":"https:\/\/bryk.com.pl\/index.php?rest_route=%2Fwp%2Fv2%2Fmedia&parent=1520"}],"wp:term":[{"taxonomy":"product_brand","embeddable":true,"href":"https:\/\/bryk.com.pl\/index.php?rest_route=%2Fwp%2Fv2%2Fproduct_brand&post=1520"},{"taxonomy":"product_cat","embeddable":true,"href":"https:\/\/bryk.com.pl\/index.php?rest_route=%2Fwp%2Fv2%2Fproduct_cat&post=1520"},{"taxonomy":"product_tag","embeddable":true,"href":"https:\/\/bryk.com.pl\/index.php?rest_route=%2Fwp%2Fv2%2Fproduct_tag&post=1520"}],"curies":[{"name":"wp","href":"https:\/\/api.w.org\/{rel}","templated":true}]}}