{"id":2496,"date":"2018-06-01T12:41:07","date_gmt":"2018-06-01T10:41:07","guid":{"rendered":"http:\/\/bryk.com.pl\/?post_type=product&#038;p=2496"},"modified":"2019-12-10T10:12:37","modified_gmt":"2019-12-10T09:12:37","slug":"2496","status":"publish","type":"product","link":"https:\/\/bryk.com.pl?product=2496","title":{"rendered":"Wiert\u0142a"},"content":{"rendered":"","protected":false},"excerpt":{"rendered":"<p>Wiert\u0142a pe\u0142now\u0119glikowe dost\u0119pne s\u0105 w dw\u00f3ch wariantach, z wewn\u0119trznym i zewn\u0119trznym doprowadzeniem ch\u0142odziwa. Wiert\u0142a z ch\u0142odzeniem wewn\u0119trznym dost\u0119pne s\u0105 w zakresie \u015brednic od 4 mm do 32 mm. Wiert\u0142a bez kana\u0142\u00f3w ch\u0142odz\u0105cych w zakresie \u015brednic od 3 mm do 32 mm. Oferowane wiert\u0142a dost\u0119pne s\u0105 r\u00f3wnie\u017c z pow\u0142okami PVD. W ofercie dost\u0119pna jest tak\u017ce pow\u0142oka DLC.<\/p>\n","protected":false},"featured_media":2619,"template":"","meta":[],"product_brand":[],"product_cat":[193],"product_tag":[],"class_list":{"0":"post-2496","1":"product","2":"type-product","3":"status-publish","4":"has-post-thumbnail","6":"product_cat-narzedzia-do-stali-nierdzewnej","8":"first","9":"instock","10":"shipping-taxable","11":"product-type-simple"},"yoast_head":"<!-- This site is optimized with the Yoast SEO plugin v24.5 - https:\/\/yoast.com\/wordpress\/plugins\/seo\/ -->\n<title>Wiert\u0142a - BRYK - LEAVE A PRECISE MARK<\/title>\n<meta name=\"robots\" content=\"index, follow, max-snippet:-1, max-image-preview:large, max-video-preview:-1\" \/>\n<link rel=\"canonical\" href=\"https:\/\/bryk.com.pl\/?product=2496\" \/>\n<meta property=\"og:locale\" content=\"pl_PL\" \/>\n<meta property=\"og:type\" content=\"article\" \/>\n<meta property=\"og:title\" content=\"Wiert\u0142a - BRYK - LEAVE A PRECISE MARK\" \/>\n<meta property=\"og:description\" content=\"Wiert\u0142a pe\u0142now\u0119glikowe dost\u0119pne s\u0105 w dw\u00f3ch wariantach, z wewn\u0119trznym i zewn\u0119trznym doprowadzeniem ch\u0142odziwa. Wiert\u0142a z ch\u0142odzeniem wewn\u0119trznym dost\u0119pne s\u0105 w zakresie \u015brednic od 4 mm do 32 mm. Wiert\u0142a bez kana\u0142\u00f3w ch\u0142odz\u0105cych w zakresie \u015brednic od 3 mm do 32 mm. Oferowane wiert\u0142a dost\u0119pne s\u0105 r\u00f3wnie\u017c z pow\u0142okami PVD. W ofercie dost\u0119pna jest tak\u017ce pow\u0142oka DLC.\" \/>\n<meta property=\"og:url\" content=\"https:\/\/bryk.com.pl\/?product=2496\" \/>\n<meta property=\"og:site_name\" content=\"BRYK - LEAVE A PRECISE MARK\" \/>\n<meta property=\"article:publisher\" content=\"https:\/\/www.facebook.com\/ppuhbryk\/\" \/>\n<meta property=\"article:modified_time\" content=\"2019-12-10T09:12:37+00:00\" \/>\n<meta property=\"og:image\" content=\"https:\/\/bryk.com.pl\/wp-content\/uploads\/2018\/06\/PMKS_wiertlo-1.jpg\" \/>\n\t<meta property=\"og:image:width\" content=\"2500\" \/>\n\t<meta property=\"og:image:height\" content=\"2500\" \/>\n\t<meta property=\"og:image:type\" content=\"image\/jpeg\" \/>\n<meta name=\"twitter:card\" content=\"summary_large_image\" \/>\n<script type=\"application\/ld+json\" class=\"yoast-schema-graph\">{\"@context\":\"https:\/\/schema.org\",\"@graph\":[{\"@type\":\"WebPage\",\"@id\":\"https:\/\/bryk.com.pl\/?product=2496\",\"url\":\"https:\/\/bryk.com.pl\/?product=2496\",\"name\":\"Wiert\u0142a - BRYK - LEAVE A PRECISE MARK\",\"isPartOf\":{\"@id\":\"https:\/\/bryk.com.pl\/#website\"},\"primaryImageOfPage\":{\"@id\":\"https:\/\/bryk.com.pl\/?product=2496#primaryimage\"},\"image\":{\"@id\":\"https:\/\/bryk.com.pl\/?product=2496#primaryimage\"},\"thumbnailUrl\":\"https:\/\/bryk.com.pl\/wp-content\/uploads\/2018\/06\/PMKS_wiertlo-1.jpg\",\"datePublished\":\"2018-06-01T10:41:07+00:00\",\"dateModified\":\"2019-12-10T09:12:37+00:00\",\"breadcrumb\":{\"@id\":\"https:\/\/bryk.com.pl\/?product=2496#breadcrumb\"},\"inLanguage\":\"pl-PL\",\"potentialAction\":[{\"@type\":\"ReadAction\",\"target\":[\"https:\/\/bryk.com.pl\/?product=2496\"]}]},{\"@type\":\"ImageObject\",\"inLanguage\":\"pl-PL\",\"@id\":\"https:\/\/bryk.com.pl\/?product=2496#primaryimage\",\"url\":\"https:\/\/bryk.com.pl\/wp-content\/uploads\/2018\/06\/PMKS_wiertlo-1.jpg\",\"contentUrl\":\"https:\/\/bryk.com.pl\/wp-content\/uploads\/2018\/06\/PMKS_wiertlo-1.jpg\",\"width\":2500,\"height\":2500,\"caption\":\"PMKS_wiertlo\"},{\"@type\":\"BreadcrumbList\",\"@id\":\"https:\/\/bryk.com.pl\/?product=2496#breadcrumb\",\"itemListElement\":[{\"@type\":\"ListItem\",\"position\":1,\"name\":\"Strona g\u0142\u00f3wna\",\"item\":\"https:\/\/bryk.com.pl\/\"},{\"@type\":\"ListItem\",\"position\":2,\"name\":\"Products\",\"item\":\"https:\/\/bryk.com.pl\/sklep\/\"},{\"@type\":\"ListItem\",\"position\":3,\"name\":\"Wiert\u0142a\"}]},{\"@type\":\"WebSite\",\"@id\":\"https:\/\/bryk.com.pl\/#website\",\"url\":\"https:\/\/bryk.com.pl\/\",\"name\":\"BRYK - LEAVE A PRECISE MARK\",\"description\":\"Polski producent narz\u0119dzi\",\"potentialAction\":[{\"@type\":\"SearchAction\",\"target\":{\"@type\":\"EntryPoint\",\"urlTemplate\":\"https:\/\/bryk.com.pl\/?s={search_term_string}\"},\"query-input\":{\"@type\":\"PropertyValueSpecification\",\"valueRequired\":true,\"valueName\":\"search_term_string\"}}],\"inLanguage\":\"pl-PL\"}]}<\/script>\n<!-- \/ Yoast SEO plugin. -->","yoast_head_json":{"title":"Wiert\u0142a - BRYK - LEAVE A PRECISE MARK","robots":{"index":"index","follow":"follow","max-snippet":"max-snippet:-1","max-image-preview":"max-image-preview:large","max-video-preview":"max-video-preview:-1"},"canonical":"https:\/\/bryk.com.pl\/?product=2496","og_locale":"pl_PL","og_type":"article","og_title":"Wiert\u0142a - BRYK - LEAVE A PRECISE MARK","og_description":"Wiert\u0142a pe\u0142now\u0119glikowe dost\u0119pne s\u0105 w dw\u00f3ch wariantach, z wewn\u0119trznym i zewn\u0119trznym doprowadzeniem ch\u0142odziwa. Wiert\u0142a z ch\u0142odzeniem wewn\u0119trznym dost\u0119pne s\u0105 w zakresie \u015brednic od 4 mm do 32 mm. Wiert\u0142a bez kana\u0142\u00f3w ch\u0142odz\u0105cych w zakresie \u015brednic od 3 mm do 32 mm. Oferowane wiert\u0142a dost\u0119pne s\u0105 r\u00f3wnie\u017c z pow\u0142okami PVD. W ofercie dost\u0119pna jest tak\u017ce pow\u0142oka DLC.","og_url":"https:\/\/bryk.com.pl\/?product=2496","og_site_name":"BRYK - LEAVE A PRECISE MARK","article_publisher":"https:\/\/www.facebook.com\/ppuhbryk\/","article_modified_time":"2019-12-10T09:12:37+00:00","og_image":[{"width":2500,"height":2500,"url":"https:\/\/bryk.com.pl\/wp-content\/uploads\/2018\/06\/PMKS_wiertlo-1.jpg","type":"image\/jpeg"}],"twitter_card":"summary_large_image","schema":{"@context":"https:\/\/schema.org","@graph":[{"@type":"WebPage","@id":"https:\/\/bryk.com.pl\/?product=2496","url":"https:\/\/bryk.com.pl\/?product=2496","name":"Wiert\u0142a - BRYK - LEAVE A PRECISE MARK","isPartOf":{"@id":"https:\/\/bryk.com.pl\/#website"},"primaryImageOfPage":{"@id":"https:\/\/bryk.com.pl\/?product=2496#primaryimage"},"image":{"@id":"https:\/\/bryk.com.pl\/?product=2496#primaryimage"},"thumbnailUrl":"https:\/\/bryk.com.pl\/wp-content\/uploads\/2018\/06\/PMKS_wiertlo-1.jpg","datePublished":"2018-06-01T10:41:07+00:00","dateModified":"2019-12-10T09:12:37+00:00","breadcrumb":{"@id":"https:\/\/bryk.com.pl\/?product=2496#breadcrumb"},"inLanguage":"pl-PL","potentialAction":[{"@type":"ReadAction","target":["https:\/\/bryk.com.pl\/?product=2496"]}]},{"@type":"ImageObject","inLanguage":"pl-PL","@id":"https:\/\/bryk.com.pl\/?product=2496#primaryimage","url":"https:\/\/bryk.com.pl\/wp-content\/uploads\/2018\/06\/PMKS_wiertlo-1.jpg","contentUrl":"https:\/\/bryk.com.pl\/wp-content\/uploads\/2018\/06\/PMKS_wiertlo-1.jpg","width":2500,"height":2500,"caption":"PMKS_wiertlo"},{"@type":"BreadcrumbList","@id":"https:\/\/bryk.com.pl\/?product=2496#breadcrumb","itemListElement":[{"@type":"ListItem","position":1,"name":"Strona g\u0142\u00f3wna","item":"https:\/\/bryk.com.pl\/"},{"@type":"ListItem","position":2,"name":"Products","item":"https:\/\/bryk.com.pl\/sklep\/"},{"@type":"ListItem","position":3,"name":"Wiert\u0142a"}]},{"@type":"WebSite","@id":"https:\/\/bryk.com.pl\/#website","url":"https:\/\/bryk.com.pl\/","name":"BRYK - LEAVE A PRECISE MARK","description":"Polski producent narz\u0119dzi","potentialAction":[{"@type":"SearchAction","target":{"@type":"EntryPoint","urlTemplate":"https:\/\/bryk.com.pl\/?s={search_term_string}"},"query-input":{"@type":"PropertyValueSpecification","valueRequired":true,"valueName":"search_term_string"}}],"inLanguage":"pl-PL"}]}},"_links":{"self":[{"href":"https:\/\/bryk.com.pl\/index.php?rest_route=\/wp\/v2\/product\/2496","targetHints":{"allow":["GET"]}}],"collection":[{"href":"https:\/\/bryk.com.pl\/index.php?rest_route=\/wp\/v2\/product"}],"about":[{"href":"https:\/\/bryk.com.pl\/index.php?rest_route=\/wp\/v2\/types\/product"}],"wp:featuredmedia":[{"embeddable":true,"href":"https:\/\/bryk.com.pl\/index.php?rest_route=\/wp\/v2\/media\/2619"}],"wp:attachment":[{"href":"https:\/\/bryk.com.pl\/index.php?rest_route=%2Fwp%2Fv2%2Fmedia&parent=2496"}],"wp:term":[{"taxonomy":"product_brand","embeddable":true,"href":"https:\/\/bryk.com.pl\/index.php?rest_route=%2Fwp%2Fv2%2Fproduct_brand&post=2496"},{"taxonomy":"product_cat","embeddable":true,"href":"https:\/\/bryk.com.pl\/index.php?rest_route=%2Fwp%2Fv2%2Fproduct_cat&post=2496"},{"taxonomy":"product_tag","embeddable":true,"href":"https:\/\/bryk.com.pl\/index.php?rest_route=%2Fwp%2Fv2%2Fproduct_tag&post=2496"}],"curies":[{"name":"wp","href":"https:\/\/api.w.org\/{rel}","templated":true}]}}