{"id":2500,"date":"2018-06-01T12:44:50","date_gmt":"2018-06-01T10:44:50","guid":{"rendered":"http:\/\/bryk.com.pl\/?post_type=product&#038;p=2500"},"modified":"2019-12-10T10:11:29","modified_gmt":"2019-12-10T09:11:29","slug":"2500","status":"publish","type":"product","link":"https:\/\/bryk.com.pl?product=2500","title":{"rendered":"Frezy kulowe"},"content":{"rendered":"","protected":false},"excerpt":{"rendered":"<p>Pe\u0142now\u0119glikowe frezy z kulistym zako\u0144czeniem cz\u0119\u015bci roboczej cechuje du\u017ca precyzja zadanego promienia. Standardowe d\u0142ugo\u015bci cz\u0119\u015bci roboczych jak i d\u0142ugo\u015bci ca\u0142kowite narz\u0119dzi mog\u0105 by\u0107 modyfikowane wed\u0142ug indywidualnych potrzeb klienta.<\/p>\n","protected":false},"featured_media":2633,"template":"","meta":[],"product_brand":[],"product_cat":[194],"product_tag":[],"class_list":{"0":"post-2500","1":"product","2":"type-product","3":"status-publish","4":"has-post-thumbnail","6":"product_cat-narzedzia-do-zeliwa","8":"first","9":"instock","10":"shipping-taxable","11":"product-type-simple"},"yoast_head":"<!-- This site is optimized with the Yoast SEO plugin v24.5 - https:\/\/yoast.com\/wordpress\/plugins\/seo\/ -->\n<title>Frezy kulowe - BRYK - LEAVE A PRECISE MARK<\/title>\n<meta name=\"robots\" content=\"index, follow, max-snippet:-1, max-image-preview:large, max-video-preview:-1\" \/>\n<link rel=\"canonical\" href=\"https:\/\/bryk.com.pl\/?product=2500\" \/>\n<meta property=\"og:locale\" content=\"pl_PL\" \/>\n<meta property=\"og:type\" content=\"article\" \/>\n<meta property=\"og:title\" content=\"Frezy kulowe - BRYK - LEAVE A PRECISE MARK\" \/>\n<meta property=\"og:description\" content=\"Pe\u0142now\u0119glikowe frezy z kulistym zako\u0144czeniem cz\u0119\u015bci roboczej cechuje du\u017ca precyzja zadanego promienia. Standardowe d\u0142ugo\u015bci cz\u0119\u015bci roboczych jak i d\u0142ugo\u015bci ca\u0142kowite narz\u0119dzi mog\u0105 by\u0107 modyfikowane wed\u0142ug indywidualnych potrzeb klienta.\" \/>\n<meta property=\"og:url\" content=\"https:\/\/bryk.com.pl\/?product=2500\" \/>\n<meta property=\"og:site_name\" content=\"BRYK - LEAVE A PRECISE MARK\" \/>\n<meta property=\"article:publisher\" content=\"https:\/\/www.facebook.com\/ppuhbryk\/\" \/>\n<meta property=\"article:modified_time\" content=\"2019-12-10T09:11:29+00:00\" \/>\n<meta property=\"og:image\" content=\"https:\/\/bryk.com.pl\/wp-content\/uploads\/2018\/06\/PMK_frez_kulowy-1.jpg\" \/>\n\t<meta property=\"og:image:width\" content=\"2500\" \/>\n\t<meta property=\"og:image:height\" content=\"2500\" \/>\n\t<meta property=\"og:image:type\" content=\"image\/jpeg\" \/>\n<meta name=\"twitter:card\" content=\"summary_large_image\" \/>\n<script type=\"application\/ld+json\" class=\"yoast-schema-graph\">{\"@context\":\"https:\/\/schema.org\",\"@graph\":[{\"@type\":\"WebPage\",\"@id\":\"https:\/\/bryk.com.pl\/?product=2500\",\"url\":\"https:\/\/bryk.com.pl\/?product=2500\",\"name\":\"Frezy kulowe - BRYK - LEAVE A PRECISE MARK\",\"isPartOf\":{\"@id\":\"https:\/\/bryk.com.pl\/#website\"},\"primaryImageOfPage\":{\"@id\":\"https:\/\/bryk.com.pl\/?product=2500#primaryimage\"},\"image\":{\"@id\":\"https:\/\/bryk.com.pl\/?product=2500#primaryimage\"},\"thumbnailUrl\":\"https:\/\/bryk.com.pl\/wp-content\/uploads\/2018\/06\/PMK_frez_kulowy-1.jpg\",\"datePublished\":\"2018-06-01T10:44:50+00:00\",\"dateModified\":\"2019-12-10T09:11:29+00:00\",\"breadcrumb\":{\"@id\":\"https:\/\/bryk.com.pl\/?product=2500#breadcrumb\"},\"inLanguage\":\"pl-PL\",\"potentialAction\":[{\"@type\":\"ReadAction\",\"target\":[\"https:\/\/bryk.com.pl\/?product=2500\"]}]},{\"@type\":\"ImageObject\",\"inLanguage\":\"pl-PL\",\"@id\":\"https:\/\/bryk.com.pl\/?product=2500#primaryimage\",\"url\":\"https:\/\/bryk.com.pl\/wp-content\/uploads\/2018\/06\/PMK_frez_kulowy-1.jpg\",\"contentUrl\":\"https:\/\/bryk.com.pl\/wp-content\/uploads\/2018\/06\/PMK_frez_kulowy-1.jpg\",\"width\":2500,\"height\":2500,\"caption\":\"PMK_frez_kulowy\"},{\"@type\":\"BreadcrumbList\",\"@id\":\"https:\/\/bryk.com.pl\/?product=2500#breadcrumb\",\"itemListElement\":[{\"@type\":\"ListItem\",\"position\":1,\"name\":\"Strona g\u0142\u00f3wna\",\"item\":\"https:\/\/bryk.com.pl\/\"},{\"@type\":\"ListItem\",\"position\":2,\"name\":\"Products\",\"item\":\"https:\/\/bryk.com.pl\/sklep\/\"},{\"@type\":\"ListItem\",\"position\":3,\"name\":\"Frezy kulowe\"}]},{\"@type\":\"WebSite\",\"@id\":\"https:\/\/bryk.com.pl\/#website\",\"url\":\"https:\/\/bryk.com.pl\/\",\"name\":\"BRYK - LEAVE A PRECISE MARK\",\"description\":\"Polski producent narz\u0119dzi\",\"potentialAction\":[{\"@type\":\"SearchAction\",\"target\":{\"@type\":\"EntryPoint\",\"urlTemplate\":\"https:\/\/bryk.com.pl\/?s={search_term_string}\"},\"query-input\":{\"@type\":\"PropertyValueSpecification\",\"valueRequired\":true,\"valueName\":\"search_term_string\"}}],\"inLanguage\":\"pl-PL\"}]}<\/script>\n<!-- \/ Yoast SEO plugin. -->","yoast_head_json":{"title":"Frezy kulowe - BRYK - LEAVE A PRECISE MARK","robots":{"index":"index","follow":"follow","max-snippet":"max-snippet:-1","max-image-preview":"max-image-preview:large","max-video-preview":"max-video-preview:-1"},"canonical":"https:\/\/bryk.com.pl\/?product=2500","og_locale":"pl_PL","og_type":"article","og_title":"Frezy kulowe - BRYK - LEAVE A PRECISE MARK","og_description":"Pe\u0142now\u0119glikowe frezy z kulistym zako\u0144czeniem cz\u0119\u015bci roboczej cechuje du\u017ca precyzja zadanego promienia. Standardowe d\u0142ugo\u015bci cz\u0119\u015bci roboczych jak i d\u0142ugo\u015bci ca\u0142kowite narz\u0119dzi mog\u0105 by\u0107 modyfikowane wed\u0142ug indywidualnych potrzeb klienta.","og_url":"https:\/\/bryk.com.pl\/?product=2500","og_site_name":"BRYK - LEAVE A PRECISE MARK","article_publisher":"https:\/\/www.facebook.com\/ppuhbryk\/","article_modified_time":"2019-12-10T09:11:29+00:00","og_image":[{"width":2500,"height":2500,"url":"https:\/\/bryk.com.pl\/wp-content\/uploads\/2018\/06\/PMK_frez_kulowy-1.jpg","type":"image\/jpeg"}],"twitter_card":"summary_large_image","schema":{"@context":"https:\/\/schema.org","@graph":[{"@type":"WebPage","@id":"https:\/\/bryk.com.pl\/?product=2500","url":"https:\/\/bryk.com.pl\/?product=2500","name":"Frezy kulowe - BRYK - LEAVE A PRECISE MARK","isPartOf":{"@id":"https:\/\/bryk.com.pl\/#website"},"primaryImageOfPage":{"@id":"https:\/\/bryk.com.pl\/?product=2500#primaryimage"},"image":{"@id":"https:\/\/bryk.com.pl\/?product=2500#primaryimage"},"thumbnailUrl":"https:\/\/bryk.com.pl\/wp-content\/uploads\/2018\/06\/PMK_frez_kulowy-1.jpg","datePublished":"2018-06-01T10:44:50+00:00","dateModified":"2019-12-10T09:11:29+00:00","breadcrumb":{"@id":"https:\/\/bryk.com.pl\/?product=2500#breadcrumb"},"inLanguage":"pl-PL","potentialAction":[{"@type":"ReadAction","target":["https:\/\/bryk.com.pl\/?product=2500"]}]},{"@type":"ImageObject","inLanguage":"pl-PL","@id":"https:\/\/bryk.com.pl\/?product=2500#primaryimage","url":"https:\/\/bryk.com.pl\/wp-content\/uploads\/2018\/06\/PMK_frez_kulowy-1.jpg","contentUrl":"https:\/\/bryk.com.pl\/wp-content\/uploads\/2018\/06\/PMK_frez_kulowy-1.jpg","width":2500,"height":2500,"caption":"PMK_frez_kulowy"},{"@type":"BreadcrumbList","@id":"https:\/\/bryk.com.pl\/?product=2500#breadcrumb","itemListElement":[{"@type":"ListItem","position":1,"name":"Strona g\u0142\u00f3wna","item":"https:\/\/bryk.com.pl\/"},{"@type":"ListItem","position":2,"name":"Products","item":"https:\/\/bryk.com.pl\/sklep\/"},{"@type":"ListItem","position":3,"name":"Frezy kulowe"}]},{"@type":"WebSite","@id":"https:\/\/bryk.com.pl\/#website","url":"https:\/\/bryk.com.pl\/","name":"BRYK - LEAVE A PRECISE MARK","description":"Polski producent narz\u0119dzi","potentialAction":[{"@type":"SearchAction","target":{"@type":"EntryPoint","urlTemplate":"https:\/\/bryk.com.pl\/?s={search_term_string}"},"query-input":{"@type":"PropertyValueSpecification","valueRequired":true,"valueName":"search_term_string"}}],"inLanguage":"pl-PL"}]}},"_links":{"self":[{"href":"https:\/\/bryk.com.pl\/index.php?rest_route=\/wp\/v2\/product\/2500","targetHints":{"allow":["GET"]}}],"collection":[{"href":"https:\/\/bryk.com.pl\/index.php?rest_route=\/wp\/v2\/product"}],"about":[{"href":"https:\/\/bryk.com.pl\/index.php?rest_route=\/wp\/v2\/types\/product"}],"wp:featuredmedia":[{"embeddable":true,"href":"https:\/\/bryk.com.pl\/index.php?rest_route=\/wp\/v2\/media\/2633"}],"wp:attachment":[{"href":"https:\/\/bryk.com.pl\/index.php?rest_route=%2Fwp%2Fv2%2Fmedia&parent=2500"}],"wp:term":[{"taxonomy":"product_brand","embeddable":true,"href":"https:\/\/bryk.com.pl\/index.php?rest_route=%2Fwp%2Fv2%2Fproduct_brand&post=2500"},{"taxonomy":"product_cat","embeddable":true,"href":"https:\/\/bryk.com.pl\/index.php?rest_route=%2Fwp%2Fv2%2Fproduct_cat&post=2500"},{"taxonomy":"product_tag","embeddable":true,"href":"https:\/\/bryk.com.pl\/index.php?rest_route=%2Fwp%2Fv2%2Fproduct_tag&post=2500"}],"curies":[{"name":"wp","href":"https:\/\/api.w.org\/{rel}","templated":true}]}}