{"id":2502,"date":"2018-06-01T12:45:51","date_gmt":"2018-06-01T10:45:51","guid":{"rendered":"http:\/\/bryk.com.pl\/?post_type=product&#038;p=2502"},"modified":"2019-12-10T10:11:08","modified_gmt":"2019-12-10T09:11:08","slug":"2502","status":"publish","type":"product","link":"https:\/\/bryk.com.pl?product=2502","title":{"rendered":"Frezy zgrubne z \u0142amaczem wi\u00f3ra"},"content":{"rendered":"","protected":false},"excerpt":{"rendered":"<p>Linia frez\u00f3w zgrubnych z idealnie zaprojektowanymi \u0142amaczami wi\u00f3ra cechuje du\u017ca wydajno\u015b\u0107 przy agresywnych parametrach skrawania. Wszystkie frezy w\u0119glikowe dost\u0119pne s\u0105 z wysokowydajnymi pow\u0142okami PVC i PA-PVC oraz pow\u0142ok\u0105 DLC.<\/p>\n","protected":false},"featured_media":2615,"template":"","meta":[],"product_brand":[],"product_cat":[193],"product_tag":[],"class_list":{"0":"post-2502","1":"product","2":"type-product","3":"status-publish","4":"has-post-thumbnail","6":"product_cat-narzedzia-do-stali-nierdzewnej","8":"first","9":"instock","10":"shipping-taxable","11":"product-type-simple"},"yoast_head":"<!-- This site is optimized with the Yoast SEO plugin v24.5 - https:\/\/yoast.com\/wordpress\/plugins\/seo\/ -->\n<title>Frezy zgrubne z \u0142amaczem wi\u00f3ra - BRYK - LEAVE A PRECISE MARK<\/title>\n<meta name=\"robots\" content=\"index, follow, max-snippet:-1, max-image-preview:large, max-video-preview:-1\" \/>\n<link rel=\"canonical\" href=\"https:\/\/bryk.com.pl\/?product=2502\" \/>\n<meta property=\"og:locale\" content=\"pl_PL\" \/>\n<meta property=\"og:type\" content=\"article\" \/>\n<meta property=\"og:title\" content=\"Frezy zgrubne z \u0142amaczem wi\u00f3ra - BRYK - LEAVE A PRECISE MARK\" \/>\n<meta property=\"og:description\" content=\"Linia frez\u00f3w zgrubnych z idealnie zaprojektowanymi \u0142amaczami wi\u00f3ra cechuje du\u017ca wydajno\u015b\u0107 przy agresywnych parametrach skrawania. Wszystkie frezy w\u0119glikowe dost\u0119pne s\u0105 z wysokowydajnymi pow\u0142okami PVC i PA-PVC oraz pow\u0142ok\u0105 DLC.\" \/>\n<meta property=\"og:url\" content=\"https:\/\/bryk.com.pl\/?product=2502\" \/>\n<meta property=\"og:site_name\" content=\"BRYK - LEAVE A PRECISE MARK\" \/>\n<meta property=\"article:publisher\" content=\"https:\/\/www.facebook.com\/ppuhbryk\/\" \/>\n<meta property=\"article:modified_time\" content=\"2019-12-10T09:11:08+00:00\" \/>\n<meta property=\"og:image\" content=\"https:\/\/bryk.com.pl\/wp-content\/uploads\/2018\/06\/PMKS_frez_zgrubny_z_lamaczem_piora-1.jpg\" \/>\n\t<meta property=\"og:image:width\" content=\"2500\" \/>\n\t<meta property=\"og:image:height\" content=\"2500\" \/>\n\t<meta property=\"og:image:type\" content=\"image\/jpeg\" \/>\n<meta name=\"twitter:card\" content=\"summary_large_image\" \/>\n<script type=\"application\/ld+json\" class=\"yoast-schema-graph\">{\"@context\":\"https:\/\/schema.org\",\"@graph\":[{\"@type\":\"WebPage\",\"@id\":\"https:\/\/bryk.com.pl\/?product=2502\",\"url\":\"https:\/\/bryk.com.pl\/?product=2502\",\"name\":\"Frezy zgrubne z \u0142amaczem wi\u00f3ra - BRYK - LEAVE A PRECISE MARK\",\"isPartOf\":{\"@id\":\"https:\/\/bryk.com.pl\/#website\"},\"primaryImageOfPage\":{\"@id\":\"https:\/\/bryk.com.pl\/?product=2502#primaryimage\"},\"image\":{\"@id\":\"https:\/\/bryk.com.pl\/?product=2502#primaryimage\"},\"thumbnailUrl\":\"https:\/\/bryk.com.pl\/wp-content\/uploads\/2018\/06\/PMKS_frez_zgrubny_z_lamaczem_piora-1.jpg\",\"datePublished\":\"2018-06-01T10:45:51+00:00\",\"dateModified\":\"2019-12-10T09:11:08+00:00\",\"breadcrumb\":{\"@id\":\"https:\/\/bryk.com.pl\/?product=2502#breadcrumb\"},\"inLanguage\":\"pl-PL\",\"potentialAction\":[{\"@type\":\"ReadAction\",\"target\":[\"https:\/\/bryk.com.pl\/?product=2502\"]}]},{\"@type\":\"ImageObject\",\"inLanguage\":\"pl-PL\",\"@id\":\"https:\/\/bryk.com.pl\/?product=2502#primaryimage\",\"url\":\"https:\/\/bryk.com.pl\/wp-content\/uploads\/2018\/06\/PMKS_frez_zgrubny_z_lamaczem_piora-1.jpg\",\"contentUrl\":\"https:\/\/bryk.com.pl\/wp-content\/uploads\/2018\/06\/PMKS_frez_zgrubny_z_lamaczem_piora-1.jpg\",\"width\":2500,\"height\":2500,\"caption\":\"PMKS_frez_zgrubny_z_lamaczem_piora\"},{\"@type\":\"BreadcrumbList\",\"@id\":\"https:\/\/bryk.com.pl\/?product=2502#breadcrumb\",\"itemListElement\":[{\"@type\":\"ListItem\",\"position\":1,\"name\":\"Strona g\u0142\u00f3wna\",\"item\":\"https:\/\/bryk.com.pl\/\"},{\"@type\":\"ListItem\",\"position\":2,\"name\":\"Products\",\"item\":\"https:\/\/bryk.com.pl\/sklep\/\"},{\"@type\":\"ListItem\",\"position\":3,\"name\":\"Frezy zgrubne z \u0142amaczem wi\u00f3ra\"}]},{\"@type\":\"WebSite\",\"@id\":\"https:\/\/bryk.com.pl\/#website\",\"url\":\"https:\/\/bryk.com.pl\/\",\"name\":\"BRYK - LEAVE A PRECISE MARK\",\"description\":\"Polski producent narz\u0119dzi\",\"potentialAction\":[{\"@type\":\"SearchAction\",\"target\":{\"@type\":\"EntryPoint\",\"urlTemplate\":\"https:\/\/bryk.com.pl\/?s={search_term_string}\"},\"query-input\":{\"@type\":\"PropertyValueSpecification\",\"valueRequired\":true,\"valueName\":\"search_term_string\"}}],\"inLanguage\":\"pl-PL\"}]}<\/script>\n<!-- \/ Yoast SEO plugin. -->","yoast_head_json":{"title":"Frezy zgrubne z \u0142amaczem wi\u00f3ra - BRYK - LEAVE A PRECISE MARK","robots":{"index":"index","follow":"follow","max-snippet":"max-snippet:-1","max-image-preview":"max-image-preview:large","max-video-preview":"max-video-preview:-1"},"canonical":"https:\/\/bryk.com.pl\/?product=2502","og_locale":"pl_PL","og_type":"article","og_title":"Frezy zgrubne z \u0142amaczem wi\u00f3ra - BRYK - LEAVE A PRECISE MARK","og_description":"Linia frez\u00f3w zgrubnych z idealnie zaprojektowanymi \u0142amaczami wi\u00f3ra cechuje du\u017ca wydajno\u015b\u0107 przy agresywnych parametrach skrawania. Wszystkie frezy w\u0119glikowe dost\u0119pne s\u0105 z wysokowydajnymi pow\u0142okami PVC i PA-PVC oraz pow\u0142ok\u0105 DLC.","og_url":"https:\/\/bryk.com.pl\/?product=2502","og_site_name":"BRYK - LEAVE A PRECISE MARK","article_publisher":"https:\/\/www.facebook.com\/ppuhbryk\/","article_modified_time":"2019-12-10T09:11:08+00:00","og_image":[{"width":2500,"height":2500,"url":"https:\/\/bryk.com.pl\/wp-content\/uploads\/2018\/06\/PMKS_frez_zgrubny_z_lamaczem_piora-1.jpg","type":"image\/jpeg"}],"twitter_card":"summary_large_image","schema":{"@context":"https:\/\/schema.org","@graph":[{"@type":"WebPage","@id":"https:\/\/bryk.com.pl\/?product=2502","url":"https:\/\/bryk.com.pl\/?product=2502","name":"Frezy zgrubne z \u0142amaczem wi\u00f3ra - BRYK - LEAVE A PRECISE MARK","isPartOf":{"@id":"https:\/\/bryk.com.pl\/#website"},"primaryImageOfPage":{"@id":"https:\/\/bryk.com.pl\/?product=2502#primaryimage"},"image":{"@id":"https:\/\/bryk.com.pl\/?product=2502#primaryimage"},"thumbnailUrl":"https:\/\/bryk.com.pl\/wp-content\/uploads\/2018\/06\/PMKS_frez_zgrubny_z_lamaczem_piora-1.jpg","datePublished":"2018-06-01T10:45:51+00:00","dateModified":"2019-12-10T09:11:08+00:00","breadcrumb":{"@id":"https:\/\/bryk.com.pl\/?product=2502#breadcrumb"},"inLanguage":"pl-PL","potentialAction":[{"@type":"ReadAction","target":["https:\/\/bryk.com.pl\/?product=2502"]}]},{"@type":"ImageObject","inLanguage":"pl-PL","@id":"https:\/\/bryk.com.pl\/?product=2502#primaryimage","url":"https:\/\/bryk.com.pl\/wp-content\/uploads\/2018\/06\/PMKS_frez_zgrubny_z_lamaczem_piora-1.jpg","contentUrl":"https:\/\/bryk.com.pl\/wp-content\/uploads\/2018\/06\/PMKS_frez_zgrubny_z_lamaczem_piora-1.jpg","width":2500,"height":2500,"caption":"PMKS_frez_zgrubny_z_lamaczem_piora"},{"@type":"BreadcrumbList","@id":"https:\/\/bryk.com.pl\/?product=2502#breadcrumb","itemListElement":[{"@type":"ListItem","position":1,"name":"Strona g\u0142\u00f3wna","item":"https:\/\/bryk.com.pl\/"},{"@type":"ListItem","position":2,"name":"Products","item":"https:\/\/bryk.com.pl\/sklep\/"},{"@type":"ListItem","position":3,"name":"Frezy zgrubne z \u0142amaczem wi\u00f3ra"}]},{"@type":"WebSite","@id":"https:\/\/bryk.com.pl\/#website","url":"https:\/\/bryk.com.pl\/","name":"BRYK - LEAVE A PRECISE MARK","description":"Polski producent narz\u0119dzi","potentialAction":[{"@type":"SearchAction","target":{"@type":"EntryPoint","urlTemplate":"https:\/\/bryk.com.pl\/?s={search_term_string}"},"query-input":{"@type":"PropertyValueSpecification","valueRequired":true,"valueName":"search_term_string"}}],"inLanguage":"pl-PL"}]}},"_links":{"self":[{"href":"https:\/\/bryk.com.pl\/index.php?rest_route=\/wp\/v2\/product\/2502","targetHints":{"allow":["GET"]}}],"collection":[{"href":"https:\/\/bryk.com.pl\/index.php?rest_route=\/wp\/v2\/product"}],"about":[{"href":"https:\/\/bryk.com.pl\/index.php?rest_route=\/wp\/v2\/types\/product"}],"wp:featuredmedia":[{"embeddable":true,"href":"https:\/\/bryk.com.pl\/index.php?rest_route=\/wp\/v2\/media\/2615"}],"wp:attachment":[{"href":"https:\/\/bryk.com.pl\/index.php?rest_route=%2Fwp%2Fv2%2Fmedia&parent=2502"}],"wp:term":[{"taxonomy":"product_brand","embeddable":true,"href":"https:\/\/bryk.com.pl\/index.php?rest_route=%2Fwp%2Fv2%2Fproduct_brand&post=2502"},{"taxonomy":"product_cat","embeddable":true,"href":"https:\/\/bryk.com.pl\/index.php?rest_route=%2Fwp%2Fv2%2Fproduct_cat&post=2502"},{"taxonomy":"product_tag","embeddable":true,"href":"https:\/\/bryk.com.pl\/index.php?rest_route=%2Fwp%2Fv2%2Fproduct_tag&post=2502"}],"curies":[{"name":"wp","href":"https:\/\/api.w.org\/{rel}","templated":true}]}}