{"id":804,"date":"2018-02-20T19:45:59","date_gmt":"2018-02-20T18:45:59","guid":{"rendered":"http:\/\/bryk.com.pl\/?post_type=product&#038;p=804"},"modified":"2019-12-04T11:42:06","modified_gmt":"2019-12-04T10:42:06","slug":"804","status":"publish","type":"product","link":"https:\/\/bryk.com.pl?product=804","title":{"rendered":"G\u0141OWICA FORMATUJ\u0104CA \u201dFORMATEHFINISCH\u201d"},"content":{"rendered":"","protected":false},"excerpt":{"rendered":"<p>Stosowana w procesach dwustronnego formatowania p\u0142yty wi\u00f3rowej laminowanej, p\u0142yty oklejanej innymi rodzajami dekor\u00f3w, p\u0142yty MDF i innych materia\u0142\u00f3w drewnopochodnych.<br \/>\nSpecjalna konstrukcja z\u0119b\u00f3w zapewnia ekstremalnie wysoka jako\u015b\u0107 ciecia a wyj\u0105tkowy uk\u0142ad z\u0119b\u00f3w, daj\u0105cy mo\u017cliwo\u015b\u0107 regulacji, zapewnia niezwykle d\u0142uga \u017cywotno\u015b\u0107.<br \/>\nStosowane g\u0142\u00f3wnie do du\u017cych pr\u0119dko\u015bci posuwu.<\/p>\n<table>\n<tbody>\n<tr>\n<th>D<\/th>\n<th>L<\/th>\n<th>d<\/th>\n<th>d1<\/th>\n<th>d2<\/th>\n<th>Z<\/th>\n<th>Kod<\/th>\n<\/tr>\n<tr>\n<td>250<\/td>\n<td>12<\/td>\n<td>60<\/td>\n<td>100<\/td>\n<td><\/td>\n<td>48<\/td>\n<td>GF2504860101 P\/L<\/td>\n<\/tr>\n<tr>\n<td>250<\/td>\n<td>12<\/td>\n<td>60<\/td>\n<td><\/td>\n<td>130<\/td>\n<td>48<\/td>\n<td>GF2504860201 P\/L<\/td>\n<\/tr>\n<tr>\n<td>250<\/td>\n<td>12<\/td>\n<td>80<\/td>\n<td>100<\/td>\n<td><\/td>\n<td>48<\/td>\n<td>GF2504880101 P\/L<\/td>\n<\/tr>\n<tr>\n<td>250<\/td>\n<td>12<\/td>\n<td>80<\/td>\n<td><\/td>\n<td>130<\/td>\n<td>48<\/td>\n<td>GF2504880201 P\/L<\/td>\n<\/tr>\n<tr>\n<td>250<\/td>\n<td>12<\/td>\n<td>80<\/td>\n<td>100<\/td>\n<td>150<\/td>\n<td>48<\/td>\n<td>GF2504880301 P\/L<\/td>\n<\/tr>\n<tr>\n<td>250<\/td>\n<td>12<\/td>\n<td>100<\/td>\n<td>130<\/td>\n<td><\/td>\n<td>48<\/td>\n<td>GF2504800101 P\/L<\/td>\n<\/tr>\n<\/tbody>\n<\/table>\n<p><img fetchpriority=\"high\" decoding=\"async\" class=\"alignnone size-full wp-image-1556\" src=\"http:\/\/bryk.com.pl\/wp-content\/uploads\/2018\/02\/8_1-5.jpg\" alt=\"\" width=\"1250\" height=\"123\" srcset=\"https:\/\/bryk.com.pl\/wp-content\/uploads\/2018\/02\/8_1-5.jpg 1250w, https:\/\/bryk.com.pl\/wp-content\/uploads\/2018\/02\/8_1-5-800x79.jpg 800w, https:\/\/bryk.com.pl\/wp-content\/uploads\/2018\/02\/8_1-5-768x76.jpg 768w, https:\/\/bryk.com.pl\/wp-content\/uploads\/2018\/02\/8_1-5-830x82.jpg 830w, https:\/\/bryk.com.pl\/wp-content\/uploads\/2018\/02\/8_1-5-510x50.jpg 510w\" sizes=\"(max-width: 1250px) 100vw, 1250px\" \/><\/p>\n","protected":false},"featured_media":2343,"template":"","meta":[],"product_brand":[],"product_cat":[69],"product_tag":[],"class_list":{"0":"post-804","1":"product","2":"type-product","3":"status-publish","4":"has-post-thumbnail","6":"product_cat-glowice-formatujace","8":"first","9":"outofstock","10":"featured","11":"shipping-taxable","12":"product-type-simple"},"yoast_head":"<!-- This site is optimized with the Yoast SEO plugin v24.5 - https:\/\/yoast.com\/wordpress\/plugins\/seo\/ -->\n<title>G\u0141OWICA FORMATUJ\u0104CA \u201dFORMATEHFINISCH\u201d - BRYK - LEAVE A PRECISE MARK<\/title>\n<meta name=\"robots\" content=\"index, follow, max-snippet:-1, max-image-preview:large, max-video-preview:-1\" \/>\n<link rel=\"canonical\" href=\"https:\/\/bryk.com.pl\/?product=804\" \/>\n<meta property=\"og:locale\" content=\"pl_PL\" \/>\n<meta property=\"og:type\" content=\"article\" \/>\n<meta property=\"og:title\" content=\"G\u0141OWICA FORMATUJ\u0104CA \u201dFORMATEHFINISCH\u201d - BRYK - LEAVE A PRECISE MARK\" \/>\n<meta property=\"og:description\" content=\"Stosowana w procesach dwustronnego formatowania p\u0142yty wi\u00f3rowej laminowanej, p\u0142yty oklejanej innymi rodzajami dekor\u00f3w, p\u0142yty MDF i innych materia\u0142\u00f3w drewnopochodnych. Specjalna konstrukcja z\u0119b\u00f3w zapewnia ekstremalnie wysoka jako\u015b\u0107 ciecia a wyj\u0105tkowy uk\u0142ad z\u0119b\u00f3w, daj\u0105cy mo\u017cliwo\u015b\u0107 regulacji, zapewnia niezwykle d\u0142uga \u017cywotno\u015b\u0107. Stosowane g\u0142\u00f3wnie do du\u017cych pr\u0119dko\u015bci posuwu.    D L d d1 d2 Z Kod   250 12 60 100  48 GF2504860101 P\/L   250 12 60  130 48 GF2504860201 P\/L   250 12 80 100  48 GF2504880101 P\/L   250 12 80  130 48 GF2504880201 P\/L   250 12 80 100 150 48 GF2504880301 P\/L   250 12 100 130  48 GF2504800101 P\/L\" \/>\n<meta property=\"og:url\" content=\"https:\/\/bryk.com.pl\/?product=804\" \/>\n<meta property=\"og:site_name\" content=\"BRYK - LEAVE A PRECISE MARK\" \/>\n<meta property=\"article:publisher\" content=\"https:\/\/www.facebook.com\/ppuhbryk\/\" \/>\n<meta property=\"article:modified_time\" content=\"2019-12-04T10:42:06+00:00\" \/>\n<meta property=\"og:image\" content=\"https:\/\/bryk.com.pl\/wp-content\/uploads\/2018\/02\/GlowicaFormatujacaFORMATEHFINISCH.jpg\" \/>\n\t<meta property=\"og:image:width\" content=\"2500\" \/>\n\t<meta property=\"og:image:height\" content=\"2500\" \/>\n\t<meta property=\"og:image:type\" content=\"image\/jpeg\" \/>\n<meta name=\"twitter:card\" content=\"summary_large_image\" \/>\n<script type=\"application\/ld+json\" class=\"yoast-schema-graph\">{\"@context\":\"https:\/\/schema.org\",\"@graph\":[{\"@type\":\"WebPage\",\"@id\":\"https:\/\/bryk.com.pl\/?product=804\",\"url\":\"https:\/\/bryk.com.pl\/?product=804\",\"name\":\"G\u0141OWICA FORMATUJ\u0104CA \u201dFORMATEHFINISCH\u201d - BRYK - LEAVE A PRECISE MARK\",\"isPartOf\":{\"@id\":\"https:\/\/bryk.com.pl\/#website\"},\"primaryImageOfPage\":{\"@id\":\"https:\/\/bryk.com.pl\/?product=804#primaryimage\"},\"image\":{\"@id\":\"https:\/\/bryk.com.pl\/?product=804#primaryimage\"},\"thumbnailUrl\":\"https:\/\/bryk.com.pl\/wp-content\/uploads\/2018\/02\/GlowicaFormatujacaFORMATEHFINISCH.jpg\",\"datePublished\":\"2018-02-20T18:45:59+00:00\",\"dateModified\":\"2019-12-04T10:42:06+00:00\",\"breadcrumb\":{\"@id\":\"https:\/\/bryk.com.pl\/?product=804#breadcrumb\"},\"inLanguage\":\"pl-PL\",\"potentialAction\":[{\"@type\":\"ReadAction\",\"target\":[\"https:\/\/bryk.com.pl\/?product=804\"]}]},{\"@type\":\"ImageObject\",\"inLanguage\":\"pl-PL\",\"@id\":\"https:\/\/bryk.com.pl\/?product=804#primaryimage\",\"url\":\"https:\/\/bryk.com.pl\/wp-content\/uploads\/2018\/02\/GlowicaFormatujacaFORMATEHFINISCH.jpg\",\"contentUrl\":\"https:\/\/bryk.com.pl\/wp-content\/uploads\/2018\/02\/GlowicaFormatujacaFORMATEHFINISCH.jpg\",\"width\":2500,\"height\":2500,\"caption\":\"GlowicaFormatujacaFORMATEHFINISCH\"},{\"@type\":\"BreadcrumbList\",\"@id\":\"https:\/\/bryk.com.pl\/?product=804#breadcrumb\",\"itemListElement\":[{\"@type\":\"ListItem\",\"position\":1,\"name\":\"Strona g\u0142\u00f3wna\",\"item\":\"https:\/\/bryk.com.pl\/\"},{\"@type\":\"ListItem\",\"position\":2,\"name\":\"Products\",\"item\":\"https:\/\/bryk.com.pl\/sklep\/\"},{\"@type\":\"ListItem\",\"position\":3,\"name\":\"G\u0141OWICA FORMATUJ\u0104CA \u201dFORMATEHFINISCH\u201d\"}]},{\"@type\":\"WebSite\",\"@id\":\"https:\/\/bryk.com.pl\/#website\",\"url\":\"https:\/\/bryk.com.pl\/\",\"name\":\"BRYK - LEAVE A PRECISE MARK\",\"description\":\"Polski producent narz\u0119dzi\",\"potentialAction\":[{\"@type\":\"SearchAction\",\"target\":{\"@type\":\"EntryPoint\",\"urlTemplate\":\"https:\/\/bryk.com.pl\/?s={search_term_string}\"},\"query-input\":{\"@type\":\"PropertyValueSpecification\",\"valueRequired\":true,\"valueName\":\"search_term_string\"}}],\"inLanguage\":\"pl-PL\"}]}<\/script>\n<!-- \/ Yoast SEO plugin. -->","yoast_head_json":{"title":"G\u0141OWICA FORMATUJ\u0104CA \u201dFORMATEHFINISCH\u201d - BRYK - LEAVE A PRECISE MARK","robots":{"index":"index","follow":"follow","max-snippet":"max-snippet:-1","max-image-preview":"max-image-preview:large","max-video-preview":"max-video-preview:-1"},"canonical":"https:\/\/bryk.com.pl\/?product=804","og_locale":"pl_PL","og_type":"article","og_title":"G\u0141OWICA FORMATUJ\u0104CA \u201dFORMATEHFINISCH\u201d - BRYK - LEAVE A PRECISE MARK","og_description":"Stosowana w procesach dwustronnego formatowania p\u0142yty wi\u00f3rowej laminowanej, p\u0142yty oklejanej innymi rodzajami dekor\u00f3w, p\u0142yty MDF i innych materia\u0142\u00f3w drewnopochodnych. Specjalna konstrukcja z\u0119b\u00f3w zapewnia ekstremalnie wysoka jako\u015b\u0107 ciecia a wyj\u0105tkowy uk\u0142ad z\u0119b\u00f3w, daj\u0105cy mo\u017cliwo\u015b\u0107 regulacji, zapewnia niezwykle d\u0142uga \u017cywotno\u015b\u0107. Stosowane g\u0142\u00f3wnie do du\u017cych pr\u0119dko\u015bci posuwu.    D L d d1 d2 Z Kod   250 12 60 100  48 GF2504860101 P\/L   250 12 60  130 48 GF2504860201 P\/L   250 12 80 100  48 GF2504880101 P\/L   250 12 80  130 48 GF2504880201 P\/L   250 12 80 100 150 48 GF2504880301 P\/L   250 12 100 130  48 GF2504800101 P\/L","og_url":"https:\/\/bryk.com.pl\/?product=804","og_site_name":"BRYK - LEAVE A PRECISE MARK","article_publisher":"https:\/\/www.facebook.com\/ppuhbryk\/","article_modified_time":"2019-12-04T10:42:06+00:00","og_image":[{"width":2500,"height":2500,"url":"https:\/\/bryk.com.pl\/wp-content\/uploads\/2018\/02\/GlowicaFormatujacaFORMATEHFINISCH.jpg","type":"image\/jpeg"}],"twitter_card":"summary_large_image","schema":{"@context":"https:\/\/schema.org","@graph":[{"@type":"WebPage","@id":"https:\/\/bryk.com.pl\/?product=804","url":"https:\/\/bryk.com.pl\/?product=804","name":"G\u0141OWICA FORMATUJ\u0104CA \u201dFORMATEHFINISCH\u201d - BRYK - LEAVE A PRECISE MARK","isPartOf":{"@id":"https:\/\/bryk.com.pl\/#website"},"primaryImageOfPage":{"@id":"https:\/\/bryk.com.pl\/?product=804#primaryimage"},"image":{"@id":"https:\/\/bryk.com.pl\/?product=804#primaryimage"},"thumbnailUrl":"https:\/\/bryk.com.pl\/wp-content\/uploads\/2018\/02\/GlowicaFormatujacaFORMATEHFINISCH.jpg","datePublished":"2018-02-20T18:45:59+00:00","dateModified":"2019-12-04T10:42:06+00:00","breadcrumb":{"@id":"https:\/\/bryk.com.pl\/?product=804#breadcrumb"},"inLanguage":"pl-PL","potentialAction":[{"@type":"ReadAction","target":["https:\/\/bryk.com.pl\/?product=804"]}]},{"@type":"ImageObject","inLanguage":"pl-PL","@id":"https:\/\/bryk.com.pl\/?product=804#primaryimage","url":"https:\/\/bryk.com.pl\/wp-content\/uploads\/2018\/02\/GlowicaFormatujacaFORMATEHFINISCH.jpg","contentUrl":"https:\/\/bryk.com.pl\/wp-content\/uploads\/2018\/02\/GlowicaFormatujacaFORMATEHFINISCH.jpg","width":2500,"height":2500,"caption":"GlowicaFormatujacaFORMATEHFINISCH"},{"@type":"BreadcrumbList","@id":"https:\/\/bryk.com.pl\/?product=804#breadcrumb","itemListElement":[{"@type":"ListItem","position":1,"name":"Strona g\u0142\u00f3wna","item":"https:\/\/bryk.com.pl\/"},{"@type":"ListItem","position":2,"name":"Products","item":"https:\/\/bryk.com.pl\/sklep\/"},{"@type":"ListItem","position":3,"name":"G\u0141OWICA FORMATUJ\u0104CA \u201dFORMATEHFINISCH\u201d"}]},{"@type":"WebSite","@id":"https:\/\/bryk.com.pl\/#website","url":"https:\/\/bryk.com.pl\/","name":"BRYK - LEAVE A PRECISE MARK","description":"Polski producent narz\u0119dzi","potentialAction":[{"@type":"SearchAction","target":{"@type":"EntryPoint","urlTemplate":"https:\/\/bryk.com.pl\/?s={search_term_string}"},"query-input":{"@type":"PropertyValueSpecification","valueRequired":true,"valueName":"search_term_string"}}],"inLanguage":"pl-PL"}]}},"_links":{"self":[{"href":"https:\/\/bryk.com.pl\/index.php?rest_route=\/wp\/v2\/product\/804","targetHints":{"allow":["GET"]}}],"collection":[{"href":"https:\/\/bryk.com.pl\/index.php?rest_route=\/wp\/v2\/product"}],"about":[{"href":"https:\/\/bryk.com.pl\/index.php?rest_route=\/wp\/v2\/types\/product"}],"wp:featuredmedia":[{"embeddable":true,"href":"https:\/\/bryk.com.pl\/index.php?rest_route=\/wp\/v2\/media\/2343"}],"wp:attachment":[{"href":"https:\/\/bryk.com.pl\/index.php?rest_route=%2Fwp%2Fv2%2Fmedia&parent=804"}],"wp:term":[{"taxonomy":"product_brand","embeddable":true,"href":"https:\/\/bryk.com.pl\/index.php?rest_route=%2Fwp%2Fv2%2Fproduct_brand&post=804"},{"taxonomy":"product_cat","embeddable":true,"href":"https:\/\/bryk.com.pl\/index.php?rest_route=%2Fwp%2Fv2%2Fproduct_cat&post=804"},{"taxonomy":"product_tag","embeddable":true,"href":"https:\/\/bryk.com.pl\/index.php?rest_route=%2Fwp%2Fv2%2Fproduct_tag&post=804"}],"curies":[{"name":"wp","href":"https:\/\/api.w.org\/{rel}","templated":true}]}}