{"id":805,"date":"2018-02-20T19:47:34","date_gmt":"2018-02-20T18:47:34","guid":{"rendered":"http:\/\/bryk.com.pl\/?post_type=product&#038;p=805"},"modified":"2019-12-04T11:43:37","modified_gmt":"2019-12-04T10:43:37","slug":"805","status":"publish","type":"product","link":"https:\/\/bryk.com.pl?product=805","title":{"rendered":"G\u0142owica Formatuj\u0105ca \u201eFORMAT ST03\u201d"},"content":{"rendered":"","protected":false},"excerpt":{"rendered":"<p>Stosowana w procesach dwustronnego formatowania p\u0142yty wi\u00f3rowej laminowanej, p\u0142yty oklejanej innymi rodzajami dekor\u00f3w, p\u0142yty MDF i innych materia\u0142\u00f3w drewnopochodnych.<br \/>\nZoptymalizowana konstrukcja i uk\u0142ad z\u0119b\u00f3w, zapewnia wysoka jako\u015b\u0107 ciecia oraz wyj\u0105tkowo d\u0142uga \u017cywotno\u015b\u0107.<br \/>\nStosowane do du\u017cych pr\u0119dko\u015bci posuwu.<\/p>\n<table class=\"table table-bordered extracted-data\">\n<tbody>\n<tr>\n<td>D<\/td>\n<td>L<\/td>\n<td>d<\/td>\n<td>d1<\/td>\n<td>d2<\/td>\n<td>Z<\/td>\n<td>Kod<\/td>\n<\/tr>\n<tr>\n<td>250<\/td>\n<td>11<\/td>\n<td>60<\/td>\n<td>100<\/td>\n<td><\/td>\n<td>48<\/td>\n<td>GF2504860103 P\/L<\/td>\n<\/tr>\n<tr>\n<td>250<\/td>\n<td>11<\/td>\n<td>60<\/td>\n<td><\/td>\n<td>130<\/td>\n<td>48<\/td>\n<td>GF2504860203 P\/L<\/td>\n<\/tr>\n<tr>\n<td>250<\/td>\n<td>11<\/td>\n<td>80<\/td>\n<td>100<\/td>\n<td><\/td>\n<td>48<\/td>\n<td>GF2504880103 P\/L<\/td>\n<\/tr>\n<tr>\n<td>250<\/td>\n<td>11<\/td>\n<td>80<\/td>\n<td><\/td>\n<td>150<\/td>\n<td>48<\/td>\n<td>GF2504880203 P\/L<\/td>\n<\/tr>\n<tr>\n<td>250<\/td>\n<td>11<\/td>\n<td>80<\/td>\n<td>100<\/td>\n<td>150<\/td>\n<td>48<\/td>\n<td>GF2504880303 P\/L<\/td>\n<\/tr>\n<tr>\n<td>250<\/td>\n<td>11<\/td>\n<td>100<\/td>\n<td>130<\/td>\n<td><\/td>\n<td>48<\/td>\n<td>GF2504800103 P\/L<\/td>\n<\/tr>\n<tr>\n<td>250<\/td>\n<td>11<\/td>\n<td>60<\/td>\n<td><\/td>\n<td>130<\/td>\n<td>60<\/td>\n<td>GF2506060203 P\/L<\/td>\n<\/tr>\n<\/tbody>\n<\/table>\n<p><img fetchpriority=\"high\" decoding=\"async\" class=\"alignnone size-full wp-image-1557\" src=\"http:\/\/bryk.com.pl\/wp-content\/uploads\/2018\/02\/9_1-3.jpg\" alt=\"\" width=\"1250\" height=\"116\" srcset=\"https:\/\/bryk.com.pl\/wp-content\/uploads\/2018\/02\/9_1-3.jpg 1250w, https:\/\/bryk.com.pl\/wp-content\/uploads\/2018\/02\/9_1-3-800x74.jpg 800w, https:\/\/bryk.com.pl\/wp-content\/uploads\/2018\/02\/9_1-3-768x71.jpg 768w, https:\/\/bryk.com.pl\/wp-content\/uploads\/2018\/02\/9_1-3-830x77.jpg 830w, https:\/\/bryk.com.pl\/wp-content\/uploads\/2018\/02\/9_1-3-510x47.jpg 510w\" sizes=\"(max-width: 1250px) 100vw, 1250px\" \/><\/p>\n","protected":false},"featured_media":2345,"template":"","meta":[],"product_brand":[],"product_cat":[69],"product_tag":[],"class_list":{"0":"post-805","1":"product","2":"type-product","3":"status-publish","4":"has-post-thumbnail","6":"product_cat-glowice-formatujace","8":"first","9":"instock","10":"featured","11":"shipping-taxable","12":"purchasable","13":"product-type-simple"},"yoast_head":"<!-- This site is optimized with the Yoast SEO plugin v24.5 - https:\/\/yoast.com\/wordpress\/plugins\/seo\/ -->\n<title>G\u0142owica Formatuj\u0105ca \u201eFORMAT ST03\u201d - BRYK - LEAVE A PRECISE MARK<\/title>\n<meta name=\"robots\" content=\"index, follow, max-snippet:-1, max-image-preview:large, max-video-preview:-1\" \/>\n<link rel=\"canonical\" href=\"https:\/\/bryk.com.pl\/?product=805\" \/>\n<meta property=\"og:locale\" content=\"pl_PL\" \/>\n<meta property=\"og:type\" content=\"article\" \/>\n<meta property=\"og:title\" content=\"G\u0142owica Formatuj\u0105ca \u201eFORMAT ST03\u201d - BRYK - LEAVE A PRECISE MARK\" \/>\n<meta property=\"og:description\" content=\"Stosowana w procesach dwustronnego formatowania p\u0142yty wi\u00f3rowej laminowanej, p\u0142yty oklejanej innymi rodzajami dekor\u00f3w, p\u0142yty MDF i innych materia\u0142\u00f3w drewnopochodnych. Zoptymalizowana konstrukcja i uk\u0142ad z\u0119b\u00f3w, zapewnia wysoka jako\u015b\u0107 ciecia oraz wyj\u0105tkowo d\u0142uga \u017cywotno\u015b\u0107. Stosowane do du\u017cych pr\u0119dko\u015bci posuwu.    D L d d1 d2 Z Kod   250 11 60 100  48 GF2504860103 P\/L   250 11 60  130 48 GF2504860203 P\/L   250 11 80 100  48 GF2504880103 P\/L   250 11 80  150 48 GF2504880203 P\/L   250 11 80 100 150 48 GF2504880303 P\/L   250 11 100 130  48 GF2504800103 P\/L   250 11 60  130 60 GF2506060203 P\/L\" \/>\n<meta property=\"og:url\" content=\"https:\/\/bryk.com.pl\/?product=805\" \/>\n<meta property=\"og:site_name\" content=\"BRYK - LEAVE A PRECISE MARK\" \/>\n<meta property=\"article:publisher\" content=\"https:\/\/www.facebook.com\/ppuhbryk\/\" \/>\n<meta property=\"article:modified_time\" content=\"2019-12-04T10:43:37+00:00\" \/>\n<meta property=\"og:image\" content=\"https:\/\/bryk.com.pl\/wp-content\/uploads\/2018\/02\/GlowicaFormatujacaFormatST03.jpg\" \/>\n\t<meta property=\"og:image:width\" content=\"1446\" \/>\n\t<meta property=\"og:image:height\" content=\"2116\" \/>\n\t<meta property=\"og:image:type\" content=\"image\/jpeg\" \/>\n<meta name=\"twitter:card\" content=\"summary_large_image\" \/>\n<script type=\"application\/ld+json\" class=\"yoast-schema-graph\">{\"@context\":\"https:\/\/schema.org\",\"@graph\":[{\"@type\":\"WebPage\",\"@id\":\"https:\/\/bryk.com.pl\/?product=805\",\"url\":\"https:\/\/bryk.com.pl\/?product=805\",\"name\":\"G\u0142owica Formatuj\u0105ca \u201eFORMAT ST03\u201d - BRYK - LEAVE A PRECISE MARK\",\"isPartOf\":{\"@id\":\"https:\/\/bryk.com.pl\/#website\"},\"primaryImageOfPage\":{\"@id\":\"https:\/\/bryk.com.pl\/?product=805#primaryimage\"},\"image\":{\"@id\":\"https:\/\/bryk.com.pl\/?product=805#primaryimage\"},\"thumbnailUrl\":\"https:\/\/bryk.com.pl\/wp-content\/uploads\/2018\/02\/GlowicaFormatujacaFormatST03.jpg\",\"datePublished\":\"2018-02-20T18:47:34+00:00\",\"dateModified\":\"2019-12-04T10:43:37+00:00\",\"breadcrumb\":{\"@id\":\"https:\/\/bryk.com.pl\/?product=805#breadcrumb\"},\"inLanguage\":\"pl-PL\",\"potentialAction\":[{\"@type\":\"ReadAction\",\"target\":[\"https:\/\/bryk.com.pl\/?product=805\"]}]},{\"@type\":\"ImageObject\",\"inLanguage\":\"pl-PL\",\"@id\":\"https:\/\/bryk.com.pl\/?product=805#primaryimage\",\"url\":\"https:\/\/bryk.com.pl\/wp-content\/uploads\/2018\/02\/GlowicaFormatujacaFormatST03.jpg\",\"contentUrl\":\"https:\/\/bryk.com.pl\/wp-content\/uploads\/2018\/02\/GlowicaFormatujacaFormatST03.jpg\",\"width\":1446,\"height\":2116,\"caption\":\"GlowicaFormatujacaFormatST03\"},{\"@type\":\"BreadcrumbList\",\"@id\":\"https:\/\/bryk.com.pl\/?product=805#breadcrumb\",\"itemListElement\":[{\"@type\":\"ListItem\",\"position\":1,\"name\":\"Strona g\u0142\u00f3wna\",\"item\":\"https:\/\/bryk.com.pl\/\"},{\"@type\":\"ListItem\",\"position\":2,\"name\":\"Products\",\"item\":\"https:\/\/bryk.com.pl\/sklep\/\"},{\"@type\":\"ListItem\",\"position\":3,\"name\":\"G\u0142owica Formatuj\u0105ca \u201eFORMAT ST03\u201d\"}]},{\"@type\":\"WebSite\",\"@id\":\"https:\/\/bryk.com.pl\/#website\",\"url\":\"https:\/\/bryk.com.pl\/\",\"name\":\"BRYK - LEAVE A PRECISE MARK\",\"description\":\"Polski producent narz\u0119dzi\",\"potentialAction\":[{\"@type\":\"SearchAction\",\"target\":{\"@type\":\"EntryPoint\",\"urlTemplate\":\"https:\/\/bryk.com.pl\/?s={search_term_string}\"},\"query-input\":{\"@type\":\"PropertyValueSpecification\",\"valueRequired\":true,\"valueName\":\"search_term_string\"}}],\"inLanguage\":\"pl-PL\"}]}<\/script>\n<!-- \/ Yoast SEO plugin. -->","yoast_head_json":{"title":"G\u0142owica Formatuj\u0105ca \u201eFORMAT ST03\u201d - BRYK - LEAVE A PRECISE MARK","robots":{"index":"index","follow":"follow","max-snippet":"max-snippet:-1","max-image-preview":"max-image-preview:large","max-video-preview":"max-video-preview:-1"},"canonical":"https:\/\/bryk.com.pl\/?product=805","og_locale":"pl_PL","og_type":"article","og_title":"G\u0142owica Formatuj\u0105ca \u201eFORMAT ST03\u201d - BRYK - LEAVE A PRECISE MARK","og_description":"Stosowana w procesach dwustronnego formatowania p\u0142yty wi\u00f3rowej laminowanej, p\u0142yty oklejanej innymi rodzajami dekor\u00f3w, p\u0142yty MDF i innych materia\u0142\u00f3w drewnopochodnych. Zoptymalizowana konstrukcja i uk\u0142ad z\u0119b\u00f3w, zapewnia wysoka jako\u015b\u0107 ciecia oraz wyj\u0105tkowo d\u0142uga \u017cywotno\u015b\u0107. Stosowane do du\u017cych pr\u0119dko\u015bci posuwu.    D L d d1 d2 Z Kod   250 11 60 100  48 GF2504860103 P\/L   250 11 60  130 48 GF2504860203 P\/L   250 11 80 100  48 GF2504880103 P\/L   250 11 80  150 48 GF2504880203 P\/L   250 11 80 100 150 48 GF2504880303 P\/L   250 11 100 130  48 GF2504800103 P\/L   250 11 60  130 60 GF2506060203 P\/L","og_url":"https:\/\/bryk.com.pl\/?product=805","og_site_name":"BRYK - LEAVE A PRECISE MARK","article_publisher":"https:\/\/www.facebook.com\/ppuhbryk\/","article_modified_time":"2019-12-04T10:43:37+00:00","og_image":[{"width":1446,"height":2116,"url":"https:\/\/bryk.com.pl\/wp-content\/uploads\/2018\/02\/GlowicaFormatujacaFormatST03.jpg","type":"image\/jpeg"}],"twitter_card":"summary_large_image","schema":{"@context":"https:\/\/schema.org","@graph":[{"@type":"WebPage","@id":"https:\/\/bryk.com.pl\/?product=805","url":"https:\/\/bryk.com.pl\/?product=805","name":"G\u0142owica Formatuj\u0105ca \u201eFORMAT ST03\u201d - BRYK - LEAVE A PRECISE MARK","isPartOf":{"@id":"https:\/\/bryk.com.pl\/#website"},"primaryImageOfPage":{"@id":"https:\/\/bryk.com.pl\/?product=805#primaryimage"},"image":{"@id":"https:\/\/bryk.com.pl\/?product=805#primaryimage"},"thumbnailUrl":"https:\/\/bryk.com.pl\/wp-content\/uploads\/2018\/02\/GlowicaFormatujacaFormatST03.jpg","datePublished":"2018-02-20T18:47:34+00:00","dateModified":"2019-12-04T10:43:37+00:00","breadcrumb":{"@id":"https:\/\/bryk.com.pl\/?product=805#breadcrumb"},"inLanguage":"pl-PL","potentialAction":[{"@type":"ReadAction","target":["https:\/\/bryk.com.pl\/?product=805"]}]},{"@type":"ImageObject","inLanguage":"pl-PL","@id":"https:\/\/bryk.com.pl\/?product=805#primaryimage","url":"https:\/\/bryk.com.pl\/wp-content\/uploads\/2018\/02\/GlowicaFormatujacaFormatST03.jpg","contentUrl":"https:\/\/bryk.com.pl\/wp-content\/uploads\/2018\/02\/GlowicaFormatujacaFormatST03.jpg","width":1446,"height":2116,"caption":"GlowicaFormatujacaFormatST03"},{"@type":"BreadcrumbList","@id":"https:\/\/bryk.com.pl\/?product=805#breadcrumb","itemListElement":[{"@type":"ListItem","position":1,"name":"Strona g\u0142\u00f3wna","item":"https:\/\/bryk.com.pl\/"},{"@type":"ListItem","position":2,"name":"Products","item":"https:\/\/bryk.com.pl\/sklep\/"},{"@type":"ListItem","position":3,"name":"G\u0142owica Formatuj\u0105ca \u201eFORMAT ST03\u201d"}]},{"@type":"WebSite","@id":"https:\/\/bryk.com.pl\/#website","url":"https:\/\/bryk.com.pl\/","name":"BRYK - LEAVE A PRECISE MARK","description":"Polski producent narz\u0119dzi","potentialAction":[{"@type":"SearchAction","target":{"@type":"EntryPoint","urlTemplate":"https:\/\/bryk.com.pl\/?s={search_term_string}"},"query-input":{"@type":"PropertyValueSpecification","valueRequired":true,"valueName":"search_term_string"}}],"inLanguage":"pl-PL"}]}},"_links":{"self":[{"href":"https:\/\/bryk.com.pl\/index.php?rest_route=\/wp\/v2\/product\/805","targetHints":{"allow":["GET"]}}],"collection":[{"href":"https:\/\/bryk.com.pl\/index.php?rest_route=\/wp\/v2\/product"}],"about":[{"href":"https:\/\/bryk.com.pl\/index.php?rest_route=\/wp\/v2\/types\/product"}],"wp:featuredmedia":[{"embeddable":true,"href":"https:\/\/bryk.com.pl\/index.php?rest_route=\/wp\/v2\/media\/2345"}],"wp:attachment":[{"href":"https:\/\/bryk.com.pl\/index.php?rest_route=%2Fwp%2Fv2%2Fmedia&parent=805"}],"wp:term":[{"taxonomy":"product_brand","embeddable":true,"href":"https:\/\/bryk.com.pl\/index.php?rest_route=%2Fwp%2Fv2%2Fproduct_brand&post=805"},{"taxonomy":"product_cat","embeddable":true,"href":"https:\/\/bryk.com.pl\/index.php?rest_route=%2Fwp%2Fv2%2Fproduct_cat&post=805"},{"taxonomy":"product_tag","embeddable":true,"href":"https:\/\/bryk.com.pl\/index.php?rest_route=%2Fwp%2Fv2%2Fproduct_tag&post=805"}],"curies":[{"name":"wp","href":"https:\/\/api.w.org\/{rel}","templated":true}]}}