{"id":806,"date":"2018-02-20T19:49:01","date_gmt":"2018-02-20T18:49:01","guid":{"rendered":"http:\/\/bryk.com.pl\/?post_type=product&#038;p=806"},"modified":"2019-12-04T11:45:19","modified_gmt":"2019-12-04T10:45:19","slug":"806","status":"publish","type":"product","link":"https:\/\/bryk.com.pl?product=806","title":{"rendered":"G\u0142owice Formatuj\u0105ce SPECJALNE"},"content":{"rendered":"","protected":false},"excerpt":{"rendered":"<p>Stosowane w procesach dwustronnego formatowania p\u0142yty wi\u00f3rowej laminowanej, p\u0142yty oklejanej innymi rodzajami dekor\u00f3w, p\u0142yty MDF i innych materia\u0142\u00f3w drewnopochodnych.<br \/>\nKonstrukcja g\u0142owic formatuj\u0105cych i geometria z\u0119b\u00f3w odpowiednio zaprojektowana do specjalnych wymaga\u0144 i warunk\u00f3w pracy.<br \/>\nStosowane w szerokich zakresach pr\u0119dko\u015bci posuwu.<\/p>\n<table class=\"table table-bordered extracted-data\">\n<tbody>\n<tr>\n<td>D<\/td>\n<td>L<\/td>\n<td>d<\/td>\n<td>d1<\/td>\n<td>d2<\/td>\n<td>Z<\/td>\n<td>Kod<\/td>\n<\/tr>\n<tr>\n<td>180<\/td>\n<td>9<\/td>\n<td>80<\/td>\n<td>100<\/td>\n<td><\/td>\n<td>32<\/td>\n<td>GFP180328001 P\/L<\/td>\n<\/tr>\n<tr>\n<td>220<\/td>\n<td>12<\/td>\n<td>100<\/td>\n<td>160<\/td>\n<td><\/td>\n<td>28<\/td>\n<td>GFR220280001 P\/L<\/td>\n<\/tr>\n<tr>\n<td>220<\/td>\n<td>12<\/td>\n<td>60<\/td>\n<td><\/td>\n<td>130<\/td>\n<td>28<\/td>\n<td>GFR220286001 P\/L<\/td>\n<\/tr>\n<tr>\n<td>220<\/td>\n<td>11<\/td>\n<td>60<\/td>\n<td><\/td>\n<td>130<\/td>\n<td>48<\/td>\n<td>GF2204860203 P\/L<\/td>\n<\/tr>\n<tr>\n<td>220<\/td>\n<td>22<\/td>\n<td>60<\/td>\n<td><\/td>\n<td>130<\/td>\n<td>48<\/td>\n<td>GFP220486001 P\/L<\/td>\n<\/tr>\n<tr>\n<td>250<\/td>\n<td>11<\/td>\n<td>80<\/td>\n<td><\/td>\n<td>150<\/td>\n<td>36<\/td>\n<td>GF2503680203 P\/L<\/td>\n<\/tr>\n<tr>\n<td>250<\/td>\n<td>52<\/td>\n<td>60<\/td>\n<td><\/td>\n<td>130<\/td>\n<td>48<\/td>\n<td>GFP250486009 P\/L<\/td>\n<\/tr>\n<\/tbody>\n<\/table>\n<p><img fetchpriority=\"high\" decoding=\"async\" class=\"alignnone size-full wp-image-1558\" src=\"http:\/\/bryk.com.pl\/wp-content\/uploads\/2018\/02\/10_1-3.jpg\" alt=\"\" width=\"1250\" height=\"115\" srcset=\"https:\/\/bryk.com.pl\/wp-content\/uploads\/2018\/02\/10_1-3.jpg 1250w, https:\/\/bryk.com.pl\/wp-content\/uploads\/2018\/02\/10_1-3-800x74.jpg 800w, https:\/\/bryk.com.pl\/wp-content\/uploads\/2018\/02\/10_1-3-768x71.jpg 768w, https:\/\/bryk.com.pl\/wp-content\/uploads\/2018\/02\/10_1-3-830x76.jpg 830w, https:\/\/bryk.com.pl\/wp-content\/uploads\/2018\/02\/10_1-3-510x47.jpg 510w\" sizes=\"(max-width: 1250px) 100vw, 1250px\" \/><\/p>\n","protected":false},"featured_media":2347,"template":"","meta":[],"product_brand":[],"product_cat":[69],"product_tag":[],"class_list":{"0":"post-806","1":"product","2":"type-product","3":"status-publish","4":"has-post-thumbnail","6":"product_cat-glowice-formatujace","8":"first","9":"outofstock","10":"featured","11":"shipping-taxable","12":"purchasable","13":"product-type-simple"},"yoast_head":"<!-- This site is optimized with the Yoast SEO plugin v24.5 - https:\/\/yoast.com\/wordpress\/plugins\/seo\/ -->\n<title>G\u0142owice Formatuj\u0105ce SPECJALNE - BRYK - LEAVE A PRECISE MARK<\/title>\n<meta name=\"robots\" content=\"index, follow, max-snippet:-1, max-image-preview:large, max-video-preview:-1\" \/>\n<link rel=\"canonical\" href=\"https:\/\/bryk.com.pl\/?product=806\" \/>\n<meta property=\"og:locale\" content=\"pl_PL\" \/>\n<meta property=\"og:type\" content=\"article\" \/>\n<meta property=\"og:title\" content=\"G\u0142owice Formatuj\u0105ce SPECJALNE - BRYK - LEAVE A PRECISE MARK\" \/>\n<meta property=\"og:description\" content=\"Stosowane w procesach dwustronnego formatowania p\u0142yty wi\u00f3rowej laminowanej, p\u0142yty oklejanej innymi rodzajami dekor\u00f3w, p\u0142yty MDF i innych materia\u0142\u00f3w drewnopochodnych. Konstrukcja g\u0142owic formatuj\u0105cych i geometria z\u0119b\u00f3w odpowiednio zaprojektowana do specjalnych wymaga\u0144 i warunk\u00f3w pracy. Stosowane w szerokich zakresach pr\u0119dko\u015bci posuwu.    D L d d1 d2 Z Kod   180 9 80 100  32 GFP180328001 P\/L   220 12 100 160  28 GFR220280001 P\/L   220 12 60  130 28 GFR220286001 P\/L   220 11 60  130 48 GF2204860203 P\/L   220 22 60  130 48 GFP220486001 P\/L   250 11 80  150 36 GF2503680203 P\/L   250 52 60  130 48 GFP250486009 P\/L\" \/>\n<meta property=\"og:url\" content=\"https:\/\/bryk.com.pl\/?product=806\" \/>\n<meta property=\"og:site_name\" content=\"BRYK - LEAVE A PRECISE MARK\" \/>\n<meta property=\"article:publisher\" content=\"https:\/\/www.facebook.com\/ppuhbryk\/\" \/>\n<meta property=\"article:modified_time\" content=\"2019-12-04T10:45:19+00:00\" \/>\n<meta property=\"og:image\" content=\"https:\/\/bryk.com.pl\/wp-content\/uploads\/2018\/02\/GlowicaFormatujacaSPECJALNE.jpg\" \/>\n\t<meta property=\"og:image:width\" content=\"2500\" \/>\n\t<meta property=\"og:image:height\" content=\"2500\" \/>\n\t<meta property=\"og:image:type\" content=\"image\/jpeg\" \/>\n<meta name=\"twitter:card\" content=\"summary_large_image\" \/>\n<script type=\"application\/ld+json\" class=\"yoast-schema-graph\">{\"@context\":\"https:\/\/schema.org\",\"@graph\":[{\"@type\":\"WebPage\",\"@id\":\"https:\/\/bryk.com.pl\/?product=806\",\"url\":\"https:\/\/bryk.com.pl\/?product=806\",\"name\":\"G\u0142owice Formatuj\u0105ce SPECJALNE - BRYK - LEAVE A PRECISE MARK\",\"isPartOf\":{\"@id\":\"https:\/\/bryk.com.pl\/#website\"},\"primaryImageOfPage\":{\"@id\":\"https:\/\/bryk.com.pl\/?product=806#primaryimage\"},\"image\":{\"@id\":\"https:\/\/bryk.com.pl\/?product=806#primaryimage\"},\"thumbnailUrl\":\"https:\/\/bryk.com.pl\/wp-content\/uploads\/2018\/02\/GlowicaFormatujacaSPECJALNE.jpg\",\"datePublished\":\"2018-02-20T18:49:01+00:00\",\"dateModified\":\"2019-12-04T10:45:19+00:00\",\"breadcrumb\":{\"@id\":\"https:\/\/bryk.com.pl\/?product=806#breadcrumb\"},\"inLanguage\":\"pl-PL\",\"potentialAction\":[{\"@type\":\"ReadAction\",\"target\":[\"https:\/\/bryk.com.pl\/?product=806\"]}]},{\"@type\":\"ImageObject\",\"inLanguage\":\"pl-PL\",\"@id\":\"https:\/\/bryk.com.pl\/?product=806#primaryimage\",\"url\":\"https:\/\/bryk.com.pl\/wp-content\/uploads\/2018\/02\/GlowicaFormatujacaSPECJALNE.jpg\",\"contentUrl\":\"https:\/\/bryk.com.pl\/wp-content\/uploads\/2018\/02\/GlowicaFormatujacaSPECJALNE.jpg\",\"width\":2500,\"height\":2500,\"caption\":\"GlowicaFormatujacaSPECJALNE\"},{\"@type\":\"BreadcrumbList\",\"@id\":\"https:\/\/bryk.com.pl\/?product=806#breadcrumb\",\"itemListElement\":[{\"@type\":\"ListItem\",\"position\":1,\"name\":\"Strona g\u0142\u00f3wna\",\"item\":\"https:\/\/bryk.com.pl\/\"},{\"@type\":\"ListItem\",\"position\":2,\"name\":\"Products\",\"item\":\"https:\/\/bryk.com.pl\/sklep\/\"},{\"@type\":\"ListItem\",\"position\":3,\"name\":\"G\u0142owice Formatuj\u0105ce SPECJALNE\"}]},{\"@type\":\"WebSite\",\"@id\":\"https:\/\/bryk.com.pl\/#website\",\"url\":\"https:\/\/bryk.com.pl\/\",\"name\":\"BRYK - LEAVE A PRECISE MARK\",\"description\":\"Polski producent narz\u0119dzi\",\"potentialAction\":[{\"@type\":\"SearchAction\",\"target\":{\"@type\":\"EntryPoint\",\"urlTemplate\":\"https:\/\/bryk.com.pl\/?s={search_term_string}\"},\"query-input\":{\"@type\":\"PropertyValueSpecification\",\"valueRequired\":true,\"valueName\":\"search_term_string\"}}],\"inLanguage\":\"pl-PL\"}]}<\/script>\n<!-- \/ Yoast SEO plugin. -->","yoast_head_json":{"title":"G\u0142owice Formatuj\u0105ce SPECJALNE - BRYK - LEAVE A PRECISE MARK","robots":{"index":"index","follow":"follow","max-snippet":"max-snippet:-1","max-image-preview":"max-image-preview:large","max-video-preview":"max-video-preview:-1"},"canonical":"https:\/\/bryk.com.pl\/?product=806","og_locale":"pl_PL","og_type":"article","og_title":"G\u0142owice Formatuj\u0105ce SPECJALNE - BRYK - LEAVE A PRECISE MARK","og_description":"Stosowane w procesach dwustronnego formatowania p\u0142yty wi\u00f3rowej laminowanej, p\u0142yty oklejanej innymi rodzajami dekor\u00f3w, p\u0142yty MDF i innych materia\u0142\u00f3w drewnopochodnych. Konstrukcja g\u0142owic formatuj\u0105cych i geometria z\u0119b\u00f3w odpowiednio zaprojektowana do specjalnych wymaga\u0144 i warunk\u00f3w pracy. Stosowane w szerokich zakresach pr\u0119dko\u015bci posuwu.    D L d d1 d2 Z Kod   180 9 80 100  32 GFP180328001 P\/L   220 12 100 160  28 GFR220280001 P\/L   220 12 60  130 28 GFR220286001 P\/L   220 11 60  130 48 GF2204860203 P\/L   220 22 60  130 48 GFP220486001 P\/L   250 11 80  150 36 GF2503680203 P\/L   250 52 60  130 48 GFP250486009 P\/L","og_url":"https:\/\/bryk.com.pl\/?product=806","og_site_name":"BRYK - LEAVE A PRECISE MARK","article_publisher":"https:\/\/www.facebook.com\/ppuhbryk\/","article_modified_time":"2019-12-04T10:45:19+00:00","og_image":[{"width":2500,"height":2500,"url":"https:\/\/bryk.com.pl\/wp-content\/uploads\/2018\/02\/GlowicaFormatujacaSPECJALNE.jpg","type":"image\/jpeg"}],"twitter_card":"summary_large_image","schema":{"@context":"https:\/\/schema.org","@graph":[{"@type":"WebPage","@id":"https:\/\/bryk.com.pl\/?product=806","url":"https:\/\/bryk.com.pl\/?product=806","name":"G\u0142owice Formatuj\u0105ce SPECJALNE - BRYK - LEAVE A PRECISE MARK","isPartOf":{"@id":"https:\/\/bryk.com.pl\/#website"},"primaryImageOfPage":{"@id":"https:\/\/bryk.com.pl\/?product=806#primaryimage"},"image":{"@id":"https:\/\/bryk.com.pl\/?product=806#primaryimage"},"thumbnailUrl":"https:\/\/bryk.com.pl\/wp-content\/uploads\/2018\/02\/GlowicaFormatujacaSPECJALNE.jpg","datePublished":"2018-02-20T18:49:01+00:00","dateModified":"2019-12-04T10:45:19+00:00","breadcrumb":{"@id":"https:\/\/bryk.com.pl\/?product=806#breadcrumb"},"inLanguage":"pl-PL","potentialAction":[{"@type":"ReadAction","target":["https:\/\/bryk.com.pl\/?product=806"]}]},{"@type":"ImageObject","inLanguage":"pl-PL","@id":"https:\/\/bryk.com.pl\/?product=806#primaryimage","url":"https:\/\/bryk.com.pl\/wp-content\/uploads\/2018\/02\/GlowicaFormatujacaSPECJALNE.jpg","contentUrl":"https:\/\/bryk.com.pl\/wp-content\/uploads\/2018\/02\/GlowicaFormatujacaSPECJALNE.jpg","width":2500,"height":2500,"caption":"GlowicaFormatujacaSPECJALNE"},{"@type":"BreadcrumbList","@id":"https:\/\/bryk.com.pl\/?product=806#breadcrumb","itemListElement":[{"@type":"ListItem","position":1,"name":"Strona g\u0142\u00f3wna","item":"https:\/\/bryk.com.pl\/"},{"@type":"ListItem","position":2,"name":"Products","item":"https:\/\/bryk.com.pl\/sklep\/"},{"@type":"ListItem","position":3,"name":"G\u0142owice Formatuj\u0105ce SPECJALNE"}]},{"@type":"WebSite","@id":"https:\/\/bryk.com.pl\/#website","url":"https:\/\/bryk.com.pl\/","name":"BRYK - LEAVE A PRECISE MARK","description":"Polski producent narz\u0119dzi","potentialAction":[{"@type":"SearchAction","target":{"@type":"EntryPoint","urlTemplate":"https:\/\/bryk.com.pl\/?s={search_term_string}"},"query-input":{"@type":"PropertyValueSpecification","valueRequired":true,"valueName":"search_term_string"}}],"inLanguage":"pl-PL"}]}},"_links":{"self":[{"href":"https:\/\/bryk.com.pl\/index.php?rest_route=\/wp\/v2\/product\/806","targetHints":{"allow":["GET"]}}],"collection":[{"href":"https:\/\/bryk.com.pl\/index.php?rest_route=\/wp\/v2\/product"}],"about":[{"href":"https:\/\/bryk.com.pl\/index.php?rest_route=\/wp\/v2\/types\/product"}],"wp:featuredmedia":[{"embeddable":true,"href":"https:\/\/bryk.com.pl\/index.php?rest_route=\/wp\/v2\/media\/2347"}],"wp:attachment":[{"href":"https:\/\/bryk.com.pl\/index.php?rest_route=%2Fwp%2Fv2%2Fmedia&parent=806"}],"wp:term":[{"taxonomy":"product_brand","embeddable":true,"href":"https:\/\/bryk.com.pl\/index.php?rest_route=%2Fwp%2Fv2%2Fproduct_brand&post=806"},{"taxonomy":"product_cat","embeddable":true,"href":"https:\/\/bryk.com.pl\/index.php?rest_route=%2Fwp%2Fv2%2Fproduct_cat&post=806"},{"taxonomy":"product_tag","embeddable":true,"href":"https:\/\/bryk.com.pl\/index.php?rest_route=%2Fwp%2Fv2%2Fproduct_tag&post=806"}],"curies":[{"name":"wp","href":"https:\/\/api.w.org\/{rel}","templated":true}]}}